{"id":599714,"date":"2025-10-22T09:11:38","date_gmt":"2025-10-22T07:11:38","guid":{"rendered":"https:\/\/selleetools.com\/?post_type=product&#038;p=599714"},"modified":"2025-12-28T10:00:15","modified_gmt":"2025-12-28T09:00:15","slug":"purederm-heating-moisture-hand-mask-shea-butter-30-g-rozgrzewajaco-nawilzajaca-maseczka-do-dloni","status":"publish","type":"product","link":"https:\/\/admincentral.selleetools.com\/pl\/product\/purederm-heating-moisture-hand-mask-shea-butter-30-g-rozgrzewajaco-nawilzajaca-maseczka-do-dloni\/","title":{"rendered":"PUREDERM Heating Moisture Hand Mask ,,Shea Butter&#8221;, 30 g &#8211; Rozgrzewaj\u0105co \u2013 nawil\u017caj\u0105ca maseczka do d\u0142oni"},"content":{"rendered":"<p>PUREDERM &#8211; Heating Moisture Hand Mask \u201eShea Butter\u201d (30g)<br \/>\nRozgrzewaj\u0105co-nawil\u017caj\u0105ca maseczka do d\u0142oni, kt\u00f3ra zapewnia intensywn\u0105 piel\u0119gnacj\u0119 i relaksacj\u0119. Dzi\u0119ki formule wzbogaconej mas\u0142em shea, maska oferuje g\u0142\u0119bokie nawil\u017cenie oraz efekt ciep\u0142a, kt\u00f3ry sprzyja regeneracji sk\u00f3ry d\u0142oni. Wygodna maseczka do d\u0142oni, kt\u00f3ra \u0142\u0105czy dzia\u0142anie nawil\u017caj\u0105ce z rozgrzewaj\u0105cym efektem. Formu\u0142a wzbogacona o mas\u0142o shea od\u017cywia sk\u00f3r\u0119, czyni\u0105c j\u0105 mi\u0119kk\u0105 i elastyczn\u0105, podczas gdy dzia\u0142anie ciep\u0142a wspomaga popraw\u0119 kr\u0105\u017cenia i relaksacj\u0119. Maska generuje delikatne ciep\u0142o, kt\u00f3re wspiera kr\u0105\u017cenie krwi i odpr\u0119\u017cenie zm\u0119czonych d\u0142oni. Mas\u0142o shea intensywnie nawil\u017ca sk\u00f3r\u0119, eliminuj\u0105c uczucie sucho\u015bci i szorstko\u015bci. Od\u017cywcze sk\u0142adniki wspomagaj\u0105 regeneracj\u0119 oraz poprawiaj\u0105 kondycj\u0119 sk\u00f3ry d\u0142oni.<\/p>\n<p>Korzy\u015bci dla sk\u00f3ry:<br \/>\nMi\u0119kko\u015b\u0107 i g\u0142adko\u015b\u0107: Sk\u00f3ra d\u0142oni staje si\u0119 jedwabi\u015bcie g\u0142adka i mi\u0119kka dzi\u0119ki intensywnemu nawil\u017ceniu.<br \/>\nRelaksacja: Ciep\u0142o maski sprzyja relaksowi, \u0142agodz\u0105c napi\u0119cie i zm\u0119czenie d\u0142oni.<br \/>\nPoprawa kondycji: Regularne stosowanie maski mo\u017ce przyczyni\u0107 si\u0119 do poprawy og\u00f3lnej kondycji sk\u00f3ry d\u0142oni, czyni\u0105c j\u0105 bardziej elastyczn\u0105 i zdrow\u0105.<\/p>\n<p>Spos\u00f3b u\u017cycia: Umyj i osusz d\u0142onie przed na\u0142o\u017ceniem maski. Otw\u00f3rz opakowanie i za\u0142\u00f3\u017c maski na d\u0142onie, upewniaj\u0105c si\u0119, \u017ce s\u0105 dobrze dopasowane. Pozostaw mask\u0119 na 20-30 minut, aby sk\u0142adniki aktywne mog\u0142y dzia\u0142a\u0107 i ciep\u0142o mia\u0142o czas na rozgrzanie sk\u00f3ry. Po up\u0142ywie czasu zdejmij maski i delikatnie wmasuj pozosta\u0142\u0105 esencj\u0119 w sk\u00f3r\u0119 d\u0142oni, a\u017c do ca\u0142kowitego wch\u0142oni\u0119cia.<\/p>\n","protected":false},"excerpt":{"rendered":"<p>PUREDERM &#8211; Heating Moisture Hand Mask \u201eShea Butter\u201d (30g) Rozgrzewaj\u0105co-nawil\u017caj\u0105ca maseczka do d\u0142oni, kt\u00f3ra zapewnia intensywn\u0105 piel\u0119gnacj\u0119 i relaksacj\u0119. Dzi\u0119ki formule wzbogaconej mas\u0142em shea, maska oferuje g\u0142\u0119bokie nawil\u017cenie oraz efekt ciep\u0142a, kt\u00f3ry sprzyja regeneracji sk\u00f3ry d\u0142oni. Wygodna maseczka do d\u0142oni, kt\u00f3ra \u0142\u0105czy dzia\u0142anie nawil\u017caj\u0105ce z rozgrzewaj\u0105cym efektem. Formu\u0142a wzbogacona o mas\u0142o shea od\u017cywia sk\u00f3r\u0119, czyni\u0105c &#8230; <a title=\"PUREDERM Heating Moisture Hand Mask ,,Shea Butter&#8221;, 30 g &#8211; Rozgrzewaj\u0105co \u2013 nawil\u017caj\u0105ca maseczka do d\u0142oni\" class=\"read-more\" href=\"https:\/\/admincentral.selleetools.com\/pl\/product\/purederm-heating-moisture-hand-mask-shea-butter-30-g-rozgrzewajaco-nawilzajaca-maseczka-do-dloni\/\">Read more<span class=\"screen-reader-text\">PUREDERM Heating Moisture Hand Mask ,,Shea Butter&#8221;, 30 g &#8211; Rozgrzewaj\u0105co \u2013 nawil\u017caj\u0105ca maseczka do d\u0142oni<\/span><\/a><\/p>\n","protected":false},"featured_media":599712,"comment_status":"open","ping_status":"closed","template":"","meta":{"_links_to":"","_links_to_target":""},"yoast_head":"<!-- This site is optimized with the Yoast SEO plugin v19.4 - https:\/\/yoast.com\/wordpress\/plugins\/seo\/ -->\n<title>PUREDERM Heating Moisture Hand Mask ,,Shea Butter&#039;&#039;, 30 g - Rozgrzewaj\u0105co \u2013 nawil\u017caj\u0105ca maseczka do d\u0142oni - Selleetools.com<\/title>\n<meta name=\"robots\" content=\"index, follow, max-snippet:-1, max-image-preview:large, max-video-preview:-1\" \/>\n<link rel=\"canonical\" href=\"https:\/\/selleetools.com\/pl\/product\/purederm-heating-moisture-hand-mask-shea-butter-30-g-rozgrzewajaco-nawilzajaca-maseczka-do-dloni\/\" \/>\n<meta property=\"og:locale\" content=\"pl_PL\" \/>\n<meta property=\"og:type\" content=\"article\" \/>\n<meta property=\"og:title\" content=\"PUREDERM Heating Moisture Hand Mask ,,Shea Butter&#039;&#039;, 30 g - Rozgrzewaj\u0105co \u2013 nawil\u017caj\u0105ca maseczka do d\u0142oni - Selleetools.com\" \/>\n<meta property=\"og:description\" content=\"PUREDERM &#8211; Heating Moisture Hand Mask \u201eShea Butter\u201d (30g) Rozgrzewaj\u0105co-nawil\u017caj\u0105ca maseczka do d\u0142oni, kt\u00f3ra zapewnia intensywn\u0105 piel\u0119gnacj\u0119 i relaksacj\u0119. Dzi\u0119ki formule wzbogaconej mas\u0142em shea, maska oferuje g\u0142\u0119bokie nawil\u017cenie oraz efekt ciep\u0142a, kt\u00f3ry sprzyja regeneracji sk\u00f3ry d\u0142oni. Wygodna maseczka do d\u0142oni, kt\u00f3ra \u0142\u0105czy dzia\u0142anie nawil\u017caj\u0105ce z rozgrzewaj\u0105cym efektem. Formu\u0142a wzbogacona o mas\u0142o shea od\u017cywia sk\u00f3r\u0119, czyni\u0105c ... Read morePUREDERM Heating Moisture Hand Mask ,,Shea Butter&#8221;, 30 g &#8211; Rozgrzewaj\u0105co \u2013 nawil\u017caj\u0105ca maseczka do d\u0142oni\" \/>\n<meta property=\"og:url\" content=\"https:\/\/selleetools.com\/pl\/product\/purederm-heating-moisture-hand-mask-shea-butter-30-g-rozgrzewajaco-nawilzajaca-maseczka-do-dloni\/\" \/>\n<meta property=\"og:site_name\" content=\"Selleetools.com\" \/>\n<meta property=\"article:modified_time\" content=\"2025-12-28T09:00:15+00:00\" \/>\n<meta property=\"og:image\" content=\"https:\/\/selleetools.com\/wp-content\/uploads\/2025\/10\/a85515b3c4d80aa212d0bf239b3addee.png\" \/>\n\t<meta property=\"og:image:width\" content=\"580\" \/>\n\t<meta property=\"og:image:height\" content=\"580\" \/>\n\t<meta property=\"og:image:type\" content=\"image\/png\" \/>\n<meta name=\"twitter:card\" content=\"summary_large_image\" \/>\n<meta name=\"twitter:label1\" content=\"Est. reading time\" \/>\n\t<meta name=\"twitter:data1\" content=\"1 minuta\" \/>\n<!-- \/ Yoast SEO plugin. -->","yoast_head_json":{"title":"PUREDERM Heating Moisture Hand Mask ,,Shea Butter'', 30 g - Rozgrzewaj\u0105co \u2013 nawil\u017caj\u0105ca maseczka do d\u0142oni - Selleetools.com","robots":{"index":"index","follow":"follow","max-snippet":"max-snippet:-1","max-image-preview":"max-image-preview:large","max-video-preview":"max-video-preview:-1"},"canonical":"https:\/\/selleetools.com\/pl\/product\/purederm-heating-moisture-hand-mask-shea-butter-30-g-rozgrzewajaco-nawilzajaca-maseczka-do-dloni\/","og_locale":"pl_PL","og_type":"article","og_title":"PUREDERM Heating Moisture Hand Mask ,,Shea Butter'', 30 g - Rozgrzewaj\u0105co \u2013 nawil\u017caj\u0105ca maseczka do d\u0142oni - Selleetools.com","og_description":"PUREDERM &#8211; Heating Moisture Hand Mask \u201eShea Butter\u201d (30g) Rozgrzewaj\u0105co-nawil\u017caj\u0105ca maseczka do d\u0142oni, kt\u00f3ra zapewnia intensywn\u0105 piel\u0119gnacj\u0119 i relaksacj\u0119. Dzi\u0119ki formule wzbogaconej mas\u0142em shea, maska oferuje g\u0142\u0119bokie nawil\u017cenie oraz efekt ciep\u0142a, kt\u00f3ry sprzyja regeneracji sk\u00f3ry d\u0142oni. Wygodna maseczka do d\u0142oni, kt\u00f3ra \u0142\u0105czy dzia\u0142anie nawil\u017caj\u0105ce z rozgrzewaj\u0105cym efektem. Formu\u0142a wzbogacona o mas\u0142o shea od\u017cywia sk\u00f3r\u0119, czyni\u0105c ... Read morePUREDERM Heating Moisture Hand Mask ,,Shea Butter&#8221;, 30 g &#8211; Rozgrzewaj\u0105co \u2013 nawil\u017caj\u0105ca maseczka do d\u0142oni","og_url":"https:\/\/selleetools.com\/pl\/product\/purederm-heating-moisture-hand-mask-shea-butter-30-g-rozgrzewajaco-nawilzajaca-maseczka-do-dloni\/","og_site_name":"Selleetools.com","article_modified_time":"2025-12-28T09:00:15+00:00","og_image":[{"width":580,"height":580,"url":"https:\/\/selleetools.com\/wp-content\/uploads\/2025\/10\/a85515b3c4d80aa212d0bf239b3addee.png","type":"image\/png"}],"twitter_card":"summary_large_image","twitter_misc":{"Est. reading time":"1 minuta"},"schema":{"@context":"https:\/\/schema.org","@graph":[{"@type":"Organization","@id":"https:\/\/selleetools.com\/#organization","name":"Selleetools","url":"https:\/\/selleetools.com\/","sameAs":[],"logo":{"@type":"ImageObject","inLanguage":"pl-PL","@id":"https:\/\/selleetools.com\/#\/schema\/logo\/image\/","url":"https:\/\/selleetools.com\/wp-content\/uploads\/2021\/10\/logo-dark.png","contentUrl":"https:\/\/selleetools.com\/wp-content\/uploads\/2021\/10\/logo-dark.png","width":320,"height":76,"caption":"Selleetools"},"image":{"@id":"https:\/\/selleetools.com\/#\/schema\/logo\/image\/"}},{"@type":"WebSite","@id":"https:\/\/selleetools.com\/#website","url":"https:\/\/selleetools.com\/","name":"Selleetools.com","description":"","publisher":{"@id":"https:\/\/selleetools.com\/#organization"},"potentialAction":[{"@type":"SearchAction","target":{"@type":"EntryPoint","urlTemplate":"https:\/\/selleetools.com\/?s={search_term_string}"},"query-input":"required name=search_term_string"}],"inLanguage":"pl-PL"},{"@type":"WebPage","@id":"https:\/\/selleetools.com\/pl\/product\/purederm-heating-moisture-hand-mask-shea-butter-30-g-rozgrzewajaco-nawilzajaca-maseczka-do-dloni\/","url":"https:\/\/selleetools.com\/pl\/product\/purederm-heating-moisture-hand-mask-shea-butter-30-g-rozgrzewajaco-nawilzajaca-maseczka-do-dloni\/","name":"PUREDERM Heating Moisture Hand Mask ,,Shea Butter'', 30 g - Rozgrzewaj\u0105co \u2013 nawil\u017caj\u0105ca maseczka do d\u0142oni - Selleetools.com","isPartOf":{"@id":"https:\/\/selleetools.com\/#website"},"datePublished":"2025-10-22T07:11:38+00:00","dateModified":"2025-12-28T09:00:15+00:00","breadcrumb":{"@id":"https:\/\/selleetools.com\/pl\/product\/purederm-heating-moisture-hand-mask-shea-butter-30-g-rozgrzewajaco-nawilzajaca-maseczka-do-dloni\/#breadcrumb"},"inLanguage":"pl-PL","potentialAction":[{"@type":"ReadAction","target":["https:\/\/selleetools.com\/pl\/product\/purederm-heating-moisture-hand-mask-shea-butter-30-g-rozgrzewajaco-nawilzajaca-maseczka-do-dloni\/"]}]},{"@type":"BreadcrumbList","@id":"https:\/\/selleetools.com\/pl\/product\/purederm-heating-moisture-hand-mask-shea-butter-30-g-rozgrzewajaco-nawilzajaca-maseczka-do-dloni\/#breadcrumb","itemListElement":[{"@type":"ListItem","position":1,"name":"Home","item":"https:\/\/selleetools.com\/pl\/"},{"@type":"ListItem","position":2,"name":"Katalog","item":"https:\/\/selleetools.com\/pl\/katalog\/"},{"@type":"ListItem","position":3,"name":"PUREDERM Heating Moisture Hand Mask ,,Shea Butter&#8221;, 30 g &#8211; Rozgrzewaj\u0105co \u2013 nawil\u017caj\u0105ca maseczka do d\u0142oni"}]}]}},"_links":{"self":[{"href":"https:\/\/admincentral.selleetools.com\/pl\/wp-json\/wp\/v2\/product\/599714"}],"collection":[{"href":"https:\/\/admincentral.selleetools.com\/pl\/wp-json\/wp\/v2\/product"}],"about":[{"href":"https:\/\/admincentral.selleetools.com\/pl\/wp-json\/wp\/v2\/types\/product"}],"replies":[{"embeddable":true,"href":"https:\/\/admincentral.selleetools.com\/pl\/wp-json\/wp\/v2\/comments?post=599714"}],"wp:featuredmedia":[{"embeddable":true,"href":"https:\/\/admincentral.selleetools.com\/pl\/wp-json\/wp\/v2\/media\/599712"}],"wp:attachment":[{"href":"https:\/\/admincentral.selleetools.com\/pl\/wp-json\/wp\/v2\/media?parent=599714"}],"curies":[{"name":"wp","href":"https:\/\/api.w.org\/{rel}","templated":true}]}}