{"id":599727,"date":"2025-10-22T09:11:49","date_gmt":"2025-10-22T07:11:49","guid":{"rendered":"https:\/\/selleetools.com\/?post_type=product&#038;p=599727"},"modified":"2025-12-26T16:55:06","modified_gmt":"2025-12-26T15:55:06","slug":"marymay-vegan-blackberry-complex-multi-sun-balm-spf50-pa-10-g-balsam-ochronny-w-w-formie-sztyftu","status":"publish","type":"product","link":"https:\/\/admincentral.selleetools.com\/pl\/product\/marymay-vegan-blackberry-complex-multi-sun-balm-spf50-pa-10-g-balsam-ochronny-w-w-formie-sztyftu\/","title":{"rendered":"Mary&#038;May Vegan Blackberry Complex Multi Sun balm SPF50+ PA++++ 10 g &#8211; Balsam ochronny w w formie sztyftu"},"content":{"rendered":"<p style=\"text-align: justify; caret-color: rgb(0, 0, 0); color: rgb(0, 0, 0);\"><font style=\"font-size: 12px;\">Mary&amp;May Vegan Blackberry Complex Multi Sun Balm to wega\u0144ski balsam przeciws\u0142oneczny o wysokiej ochronie SPF50+ PA++++, kt\u00f3ry nie tylko chroni sk\u00f3r\u0119 przed szkodliwym dzia\u0142aniem promieni UV, ale r\u00f3wnie\u017c piel\u0119gnuje j\u0105 dzi\u0119ki zawarto\u015bci kompleksu z je\u017cyn i innych aktywnych sk\u0142adnik\u00f3w. Wzbogacony o ekstrakt z je\u017cyn, niacynamid oraz kwas hialuronowy, balsam nawil\u017ca, rozja\u015bnia i regeneruje sk\u00f3r\u0119, jednocze\u015bnie zapewniaj\u0105c jej ochron\u0119 przed s\u0142o\u0144cem.<\/font><\/p>\n<h4 style=\"text-align: justify; caret-color: rgb(0, 0, 0); color: rgb(0, 0, 0);\"><font style=\"font-size: 12px;\">Korzy\u015bci dla sk\u00f3ry<\/font><\/h4>\n<ul style=\"caret-color: rgb(0, 0, 0); color: rgb(0, 0, 0);\">\n<li style=\"text-align: justify;\"><font style=\"font-size: 12px;\"><strong>Ochrona przed promieniowaniem UV<\/strong>: SPF50+ PA++++ zapewnia bardzo wysok\u0105 ochron\u0119 przed promieniowaniem UVA i UVB.<\/font><\/li>\n<li style=\"text-align: justify;\"><font style=\"font-size: 12px;\"><strong>Nawil\u017cenie i od\u017cywienie<\/strong>: Kwas hialuronowy g\u0142\u0119boko nawil\u017ca sk\u00f3r\u0119, a ekstrakt z je\u017cyn dostarcza jej niezb\u0119dnych witamin i przeciwutleniaczy.<\/font><\/li>\n<li style=\"text-align: justify;\"><font style=\"font-size: 12px;\"><strong>Rozja\u015bnienie i poprawa kolorytu<\/strong>: Niacynamid pomaga wyr\u00f3wna\u0107 koloryt sk\u00f3ry, redukuj\u0105c przebarwienia i nadaj\u0105c jej zdrowy blask.<\/font><\/li>\n<li style=\"text-align: justify;\"><font style=\"font-size: 12px;\"><strong>Regeneracja i \u0142agodzenie<\/strong>: Naturalne ekstrakty wspieraj\u0105 regeneracj\u0119 sk\u00f3ry, dzia\u0142aj\u0105c koj\u0105co i przeciwzapalnie.<\/font><\/li>\n<\/ul>\n<h4 style=\"text-align: justify; caret-color: rgb(0, 0, 0); color: rgb(0, 0, 0);\"><font style=\"font-size: 12px;\">Spos\u00f3b u\u017cycia<\/font><\/h4>\n<p style=\"text-align: justify; caret-color: rgb(0, 0, 0); color: rgb(0, 0, 0);\"><font style=\"font-size: 12px;\">Aplikuj balsam na oczyszczon\u0105 sk\u00f3r\u0119 twarzy jako ostatni krok w porannej rutynie piel\u0119gnacyjnej, przed na\u0142o\u017ceniem makija\u017cu. Niewielk\u0105 ilo\u015b\u0107 produktu na\u0142\u00f3\u017c r\u00f3wnomiernie na twarz i szyj\u0119, delikatnie wklepuj\u0105c do ca\u0142kowitego wch\u0142oni\u0119cia. Powtarzaj aplikacj\u0119 co 2-3 godziny podczas d\u0142u\u017cszego przebywania na s\u0142o\u0144cu.<\/font><\/p>\n","protected":false},"excerpt":{"rendered":"<p>Mary&amp;May Vegan Blackberry Complex Multi Sun Balm to wega\u0144ski balsam przeciws\u0142oneczny o wysokiej ochronie SPF50+ PA++++, kt\u00f3ry nie tylko chroni sk\u00f3r\u0119 przed szkodliwym dzia\u0142aniem promieni UV, ale r\u00f3wnie\u017c piel\u0119gnuje j\u0105 dzi\u0119ki zawarto\u015bci kompleksu z je\u017cyn i innych aktywnych sk\u0142adnik\u00f3w. Wzbogacony o ekstrakt z je\u017cyn, niacynamid oraz kwas hialuronowy, balsam nawil\u017ca, rozja\u015bnia i regeneruje sk\u00f3r\u0119, jednocze\u015bnie &#8230; <a title=\"Mary&#038;May Vegan Blackberry Complex Multi Sun balm SPF50+ PA++++ 10 g &#8211; Balsam ochronny w w formie sztyftu\" class=\"read-more\" href=\"https:\/\/admincentral.selleetools.com\/pl\/product\/marymay-vegan-blackberry-complex-multi-sun-balm-spf50-pa-10-g-balsam-ochronny-w-w-formie-sztyftu\/\">Read more<span class=\"screen-reader-text\">Mary&#038;May Vegan Blackberry Complex Multi Sun balm SPF50+ PA++++ 10 g &#8211; Balsam ochronny w w formie sztyftu<\/span><\/a><\/p>\n","protected":false},"featured_media":599721,"comment_status":"open","ping_status":"closed","template":"","meta":{"_links_to":"","_links_to_target":""},"yoast_head":"<!-- This site is optimized with the Yoast SEO plugin v19.4 - https:\/\/yoast.com\/wordpress\/plugins\/seo\/ -->\n<title>Mary&amp;May Vegan Blackberry Complex Multi Sun balm SPF50+ PA++++ 10 g - Balsam ochronny w w formie sztyftu - Selleetools.com<\/title>\n<meta name=\"robots\" content=\"index, follow, max-snippet:-1, max-image-preview:large, max-video-preview:-1\" \/>\n<link rel=\"canonical\" href=\"https:\/\/selleetools.com\/pl\/product\/marymay-vegan-blackberry-complex-multi-sun-balm-spf50-pa-10-g-balsam-ochronny-w-w-formie-sztyftu\/\" \/>\n<meta property=\"og:locale\" content=\"pl_PL\" \/>\n<meta property=\"og:type\" content=\"article\" \/>\n<meta property=\"og:title\" content=\"Mary&amp;May Vegan Blackberry Complex Multi Sun balm SPF50+ PA++++ 10 g - Balsam ochronny w w formie sztyftu - Selleetools.com\" \/>\n<meta property=\"og:description\" content=\"Mary&amp;May Vegan Blackberry Complex Multi Sun Balm to wega\u0144ski balsam przeciws\u0142oneczny o wysokiej ochronie SPF50+ PA++++, kt\u00f3ry nie tylko chroni sk\u00f3r\u0119 przed szkodliwym dzia\u0142aniem promieni UV, ale r\u00f3wnie\u017c piel\u0119gnuje j\u0105 dzi\u0119ki zawarto\u015bci kompleksu z je\u017cyn i innych aktywnych sk\u0142adnik\u00f3w. Wzbogacony o ekstrakt z je\u017cyn, niacynamid oraz kwas hialuronowy, balsam nawil\u017ca, rozja\u015bnia i regeneruje sk\u00f3r\u0119, jednocze\u015bnie ... Read moreMary&#038;May Vegan Blackberry Complex Multi Sun balm SPF50+ PA++++ 10 g &#8211; Balsam ochronny w w formie sztyftu\" \/>\n<meta property=\"og:url\" content=\"https:\/\/selleetools.com\/pl\/product\/marymay-vegan-blackberry-complex-multi-sun-balm-spf50-pa-10-g-balsam-ochronny-w-w-formie-sztyftu\/\" \/>\n<meta property=\"og:site_name\" content=\"Selleetools.com\" \/>\n<meta property=\"article:modified_time\" content=\"2025-12-26T15:55:06+00:00\" \/>\n<meta property=\"og:image\" content=\"https:\/\/selleetools.com\/wp-content\/uploads\/2025\/10\/e0d3e44a152debe9ca2fff4bfc089d9c.jpg\" \/>\n\t<meta property=\"og:image:width\" content=\"1280\" \/>\n\t<meta property=\"og:image:height\" content=\"1280\" \/>\n\t<meta property=\"og:image:type\" content=\"image\/jpeg\" \/>\n<meta name=\"twitter:card\" content=\"summary_large_image\" \/>\n<meta name=\"twitter:label1\" content=\"Est. reading time\" \/>\n\t<meta name=\"twitter:data1\" content=\"1 minuta\" \/>\n<!-- \/ Yoast SEO plugin. -->","yoast_head_json":{"title":"Mary&May Vegan Blackberry Complex Multi Sun balm SPF50+ PA++++ 10 g - Balsam ochronny w w formie sztyftu - Selleetools.com","robots":{"index":"index","follow":"follow","max-snippet":"max-snippet:-1","max-image-preview":"max-image-preview:large","max-video-preview":"max-video-preview:-1"},"canonical":"https:\/\/selleetools.com\/pl\/product\/marymay-vegan-blackberry-complex-multi-sun-balm-spf50-pa-10-g-balsam-ochronny-w-w-formie-sztyftu\/","og_locale":"pl_PL","og_type":"article","og_title":"Mary&May Vegan Blackberry Complex Multi Sun balm SPF50+ PA++++ 10 g - Balsam ochronny w w formie sztyftu - Selleetools.com","og_description":"Mary&amp;May Vegan Blackberry Complex Multi Sun Balm to wega\u0144ski balsam przeciws\u0142oneczny o wysokiej ochronie SPF50+ PA++++, kt\u00f3ry nie tylko chroni sk\u00f3r\u0119 przed szkodliwym dzia\u0142aniem promieni UV, ale r\u00f3wnie\u017c piel\u0119gnuje j\u0105 dzi\u0119ki zawarto\u015bci kompleksu z je\u017cyn i innych aktywnych sk\u0142adnik\u00f3w. Wzbogacony o ekstrakt z je\u017cyn, niacynamid oraz kwas hialuronowy, balsam nawil\u017ca, rozja\u015bnia i regeneruje sk\u00f3r\u0119, jednocze\u015bnie ... Read moreMary&#038;May Vegan Blackberry Complex Multi Sun balm SPF50+ PA++++ 10 g &#8211; Balsam ochronny w w formie sztyftu","og_url":"https:\/\/selleetools.com\/pl\/product\/marymay-vegan-blackberry-complex-multi-sun-balm-spf50-pa-10-g-balsam-ochronny-w-w-formie-sztyftu\/","og_site_name":"Selleetools.com","article_modified_time":"2025-12-26T15:55:06+00:00","og_image":[{"width":1280,"height":1280,"url":"https:\/\/selleetools.com\/wp-content\/uploads\/2025\/10\/e0d3e44a152debe9ca2fff4bfc089d9c.jpg","type":"image\/jpeg"}],"twitter_card":"summary_large_image","twitter_misc":{"Est. reading time":"1 minuta"},"schema":{"@context":"https:\/\/schema.org","@graph":[{"@type":"Organization","@id":"https:\/\/selleetools.com\/#organization","name":"Selleetools","url":"https:\/\/selleetools.com\/","sameAs":[],"logo":{"@type":"ImageObject","inLanguage":"pl-PL","@id":"https:\/\/selleetools.com\/#\/schema\/logo\/image\/","url":"https:\/\/selleetools.com\/wp-content\/uploads\/2021\/10\/logo-dark.png","contentUrl":"https:\/\/selleetools.com\/wp-content\/uploads\/2021\/10\/logo-dark.png","width":320,"height":76,"caption":"Selleetools"},"image":{"@id":"https:\/\/selleetools.com\/#\/schema\/logo\/image\/"}},{"@type":"WebSite","@id":"https:\/\/selleetools.com\/#website","url":"https:\/\/selleetools.com\/","name":"Selleetools.com","description":"","publisher":{"@id":"https:\/\/selleetools.com\/#organization"},"potentialAction":[{"@type":"SearchAction","target":{"@type":"EntryPoint","urlTemplate":"https:\/\/selleetools.com\/?s={search_term_string}"},"query-input":"required name=search_term_string"}],"inLanguage":"pl-PL"},{"@type":"WebPage","@id":"https:\/\/selleetools.com\/pl\/product\/marymay-vegan-blackberry-complex-multi-sun-balm-spf50-pa-10-g-balsam-ochronny-w-w-formie-sztyftu\/","url":"https:\/\/selleetools.com\/pl\/product\/marymay-vegan-blackberry-complex-multi-sun-balm-spf50-pa-10-g-balsam-ochronny-w-w-formie-sztyftu\/","name":"Mary&May Vegan Blackberry Complex Multi Sun balm SPF50+ PA++++ 10 g - Balsam ochronny w w formie sztyftu - Selleetools.com","isPartOf":{"@id":"https:\/\/selleetools.com\/#website"},"datePublished":"2025-10-22T07:11:49+00:00","dateModified":"2025-12-26T15:55:06+00:00","breadcrumb":{"@id":"https:\/\/selleetools.com\/pl\/product\/marymay-vegan-blackberry-complex-multi-sun-balm-spf50-pa-10-g-balsam-ochronny-w-w-formie-sztyftu\/#breadcrumb"},"inLanguage":"pl-PL","potentialAction":[{"@type":"ReadAction","target":["https:\/\/selleetools.com\/pl\/product\/marymay-vegan-blackberry-complex-multi-sun-balm-spf50-pa-10-g-balsam-ochronny-w-w-formie-sztyftu\/"]}]},{"@type":"BreadcrumbList","@id":"https:\/\/selleetools.com\/pl\/product\/marymay-vegan-blackberry-complex-multi-sun-balm-spf50-pa-10-g-balsam-ochronny-w-w-formie-sztyftu\/#breadcrumb","itemListElement":[{"@type":"ListItem","position":1,"name":"Home","item":"https:\/\/selleetools.com\/pl\/"},{"@type":"ListItem","position":2,"name":"Katalog","item":"https:\/\/selleetools.com\/pl\/katalog\/"},{"@type":"ListItem","position":3,"name":"Mary&#038;May Vegan Blackberry Complex Multi Sun balm SPF50+ PA++++ 10 g &#8211; Balsam ochronny w w formie sztyftu"}]}]}},"_links":{"self":[{"href":"https:\/\/admincentral.selleetools.com\/pl\/wp-json\/wp\/v2\/product\/599727"}],"collection":[{"href":"https:\/\/admincentral.selleetools.com\/pl\/wp-json\/wp\/v2\/product"}],"about":[{"href":"https:\/\/admincentral.selleetools.com\/pl\/wp-json\/wp\/v2\/types\/product"}],"replies":[{"embeddable":true,"href":"https:\/\/admincentral.selleetools.com\/pl\/wp-json\/wp\/v2\/comments?post=599727"}],"wp:featuredmedia":[{"embeddable":true,"href":"https:\/\/admincentral.selleetools.com\/pl\/wp-json\/wp\/v2\/media\/599721"}],"wp:attachment":[{"href":"https:\/\/admincentral.selleetools.com\/pl\/wp-json\/wp\/v2\/media?parent=599727"}],"curies":[{"name":"wp","href":"https:\/\/api.w.org\/{rel}","templated":true}]}}