{"id":599837,"date":"2025-10-22T09:14:17","date_gmt":"2025-10-22T07:14:17","guid":{"rendered":"https:\/\/selleetools.com\/?post_type=product&#038;p=599837"},"modified":"2025-10-23T19:53:18","modified_gmt":"2025-10-23T17:53:18","slug":"beauty-of-joseon-matte-sun-stick-mugwort-camelia-18-g-krem-ochronny-w-formie-sztyftu","status":"publish","type":"product","link":"https:\/\/admincentral.selleetools.com\/pl\/product\/beauty-of-joseon-matte-sun-stick-mugwort-camelia-18-g-krem-ochronny-w-formie-sztyftu\/","title":{"rendered":"Beauty of Joseon Matte Sun Stick Mugwort + Camelia, 18 g &#8211; krem ochronny w formie sztyftu"},"content":{"rendered":"<p>Beauty of Joseon Matte Sun Stick to wyj\u0105tkowy filtr przeciws\u0142oneczny, kt\u00f3ry \u0142\u0105czy w sobie wysok\u0105 ochron\u0119 SPF50+ PA++++ z formu\u0142\u0105, kt\u00f3ra dba o nawil\u017cenie sk\u00f3ry, zapewniaj\u0105c jednocze\u015bnie matowe wyko\u0144czenie. Dzi\u0119ki zawarto\u015bci ekstrakt\u00f3w z bylicy (mugwort) i kamelii, ten produkt nie tylko chroni sk\u00f3r\u0119 przed szkodliwym promieniowaniem UV, ale tak\u017ce \u0142agodzi podra\u017cnienia i nawil\u017ca. Lekka konsystencja sun sticka sprawia, \u017ce jest \u0142atwy do aplikacji i idealny do codziennego stosowania.<\/p>\n<p>Korzy\u015bci dla sk\u00f3ry:<br \/>\nWysoka ochrona przeciws\u0142oneczna \u2013 SPF50+ PA++++ skutecznie chroni sk\u00f3r\u0119 przed szkodliwymi promieniami UVA i UVB.<br \/>\nMatowe wyko\u0144czenie \u2013 formu\u0142a pozwala na uzyskanie matowego efektu, idealnego dla sk\u00f3ry t\u0142ustej i mieszanej, zapobiegaj\u0105c \u015bwieceniu si\u0119 sk\u00f3ry.<br \/>\nNawil\u017cenie i \u0142agodzenie \u2013 ekstrakt z bylicy (mugwort) oraz kamelia dzia\u0142aj\u0105 koj\u0105co, nawil\u017caj\u0105c sk\u00f3r\u0119 i \u0142agodz\u0105c podra\u017cnienia.<br \/>\nZawarto\u015b\u0107 sk\u0142adnik\u00f3w ro\u015blinnych \u2013 produkt wzbogacony o ekstrakty z kurkumy, moringi, awokado, oraz innych ro\u015blinnych sk\u0142adnik\u00f3w, kt\u00f3re piel\u0119gnuj\u0105 sk\u00f3r\u0119, poprawiaj\u0105 jej elastyczno\u015b\u0107 i wygl\u0105d.<br \/>\nWygodna aplikacja \u2013 forma sztyftu zapewnia precyzyjne na\u0142o\u017cenie ochrony na sk\u00f3r\u0119, nie zostawiaj\u0105c t\u0142ustego filmu.<\/p>\n<p>Spos\u00f3b u\u017cycia: Na\u0142\u00f3\u017c r\u00f3wnomiernie na twarz i szyj\u0119 na ostatnim etapie porannej rutyny piel\u0119gnacyjnej. Produkt idealnie sprawdza si\u0119 r\u00f3wnie\u017c jako codzienna ochrona przed s\u0142o\u0144cem, zar\u00f3wno w ci\u0105gu dnia, jak i w podr\u00f3\u017cy.<\/p>\n","protected":false},"excerpt":{"rendered":"<p>Beauty of Joseon Matte Sun Stick to wyj\u0105tkowy filtr przeciws\u0142oneczny, kt\u00f3ry \u0142\u0105czy w sobie wysok\u0105 ochron\u0119 SPF50+ PA++++ z formu\u0142\u0105, kt\u00f3ra dba o nawil\u017cenie sk\u00f3ry, zapewniaj\u0105c jednocze\u015bnie matowe wyko\u0144czenie. Dzi\u0119ki zawarto\u015bci ekstrakt\u00f3w z bylicy (mugwort) i kamelii, ten produkt nie tylko chroni sk\u00f3r\u0119 przed szkodliwym promieniowaniem UV, ale tak\u017ce \u0142agodzi podra\u017cnienia i nawil\u017ca. Lekka konsystencja &#8230; <a title=\"Beauty of Joseon Matte Sun Stick Mugwort + Camelia, 18 g &#8211; krem ochronny w formie sztyftu\" class=\"read-more\" href=\"https:\/\/admincentral.selleetools.com\/pl\/product\/beauty-of-joseon-matte-sun-stick-mugwort-camelia-18-g-krem-ochronny-w-formie-sztyftu\/\">Read more<span class=\"screen-reader-text\">Beauty of Joseon Matte Sun Stick Mugwort + Camelia, 18 g &#8211; krem ochronny w formie sztyftu<\/span><\/a><\/p>\n","protected":false},"featured_media":599835,"comment_status":"open","ping_status":"closed","template":"","meta":{"_links_to":"","_links_to_target":""},"yoast_head":"<!-- This site is optimized with the Yoast SEO plugin v19.4 - https:\/\/yoast.com\/wordpress\/plugins\/seo\/ -->\n<title>Beauty of Joseon Matte Sun Stick Mugwort + Camelia, 18 g - krem ochronny w formie sztyftu - Selleetools.com<\/title>\n<meta name=\"robots\" content=\"index, follow, max-snippet:-1, max-image-preview:large, max-video-preview:-1\" \/>\n<link rel=\"canonical\" href=\"https:\/\/selleetools.com\/pl\/product\/beauty-of-joseon-matte-sun-stick-mugwort-camelia-18-g-krem-ochronny-w-formie-sztyftu\/\" \/>\n<meta property=\"og:locale\" content=\"pl_PL\" \/>\n<meta property=\"og:type\" content=\"article\" \/>\n<meta property=\"og:title\" content=\"Beauty of Joseon Matte Sun Stick Mugwort + Camelia, 18 g - krem ochronny w formie sztyftu - Selleetools.com\" \/>\n<meta property=\"og:description\" content=\"Beauty of Joseon Matte Sun Stick to wyj\u0105tkowy filtr przeciws\u0142oneczny, kt\u00f3ry \u0142\u0105czy w sobie wysok\u0105 ochron\u0119 SPF50+ PA++++ z formu\u0142\u0105, kt\u00f3ra dba o nawil\u017cenie sk\u00f3ry, zapewniaj\u0105c jednocze\u015bnie matowe wyko\u0144czenie. Dzi\u0119ki zawarto\u015bci ekstrakt\u00f3w z bylicy (mugwort) i kamelii, ten produkt nie tylko chroni sk\u00f3r\u0119 przed szkodliwym promieniowaniem UV, ale tak\u017ce \u0142agodzi podra\u017cnienia i nawil\u017ca. Lekka konsystencja ... Read moreBeauty of Joseon Matte Sun Stick Mugwort + Camelia, 18 g &#8211; krem ochronny w formie sztyftu\" \/>\n<meta property=\"og:url\" content=\"https:\/\/selleetools.com\/pl\/product\/beauty-of-joseon-matte-sun-stick-mugwort-camelia-18-g-krem-ochronny-w-formie-sztyftu\/\" \/>\n<meta property=\"og:site_name\" content=\"Selleetools.com\" \/>\n<meta property=\"article:modified_time\" content=\"2025-10-23T17:53:18+00:00\" \/>\n<meta property=\"og:image\" content=\"https:\/\/selleetools.com\/wp-content\/uploads\/2025\/10\/60561a3ead57079bdb4e0dd2f0d9ef92.jpg\" \/>\n\t<meta property=\"og:image:width\" content=\"570\" \/>\n\t<meta property=\"og:image:height\" content=\"570\" \/>\n\t<meta property=\"og:image:type\" content=\"image\/jpeg\" \/>\n<meta name=\"twitter:card\" content=\"summary_large_image\" \/>\n<meta name=\"twitter:label1\" content=\"Est. reading time\" \/>\n\t<meta name=\"twitter:data1\" content=\"1 minuta\" \/>\n<!-- \/ Yoast SEO plugin. -->","yoast_head_json":{"title":"Beauty of Joseon Matte Sun Stick Mugwort + Camelia, 18 g - krem ochronny w formie sztyftu - Selleetools.com","robots":{"index":"index","follow":"follow","max-snippet":"max-snippet:-1","max-image-preview":"max-image-preview:large","max-video-preview":"max-video-preview:-1"},"canonical":"https:\/\/selleetools.com\/pl\/product\/beauty-of-joseon-matte-sun-stick-mugwort-camelia-18-g-krem-ochronny-w-formie-sztyftu\/","og_locale":"pl_PL","og_type":"article","og_title":"Beauty of Joseon Matte Sun Stick Mugwort + Camelia, 18 g - krem ochronny w formie sztyftu - Selleetools.com","og_description":"Beauty of Joseon Matte Sun Stick to wyj\u0105tkowy filtr przeciws\u0142oneczny, kt\u00f3ry \u0142\u0105czy w sobie wysok\u0105 ochron\u0119 SPF50+ PA++++ z formu\u0142\u0105, kt\u00f3ra dba o nawil\u017cenie sk\u00f3ry, zapewniaj\u0105c jednocze\u015bnie matowe wyko\u0144czenie. Dzi\u0119ki zawarto\u015bci ekstrakt\u00f3w z bylicy (mugwort) i kamelii, ten produkt nie tylko chroni sk\u00f3r\u0119 przed szkodliwym promieniowaniem UV, ale tak\u017ce \u0142agodzi podra\u017cnienia i nawil\u017ca. Lekka konsystencja ... Read moreBeauty of Joseon Matte Sun Stick Mugwort + Camelia, 18 g &#8211; krem ochronny w formie sztyftu","og_url":"https:\/\/selleetools.com\/pl\/product\/beauty-of-joseon-matte-sun-stick-mugwort-camelia-18-g-krem-ochronny-w-formie-sztyftu\/","og_site_name":"Selleetools.com","article_modified_time":"2025-10-23T17:53:18+00:00","og_image":[{"width":570,"height":570,"url":"https:\/\/selleetools.com\/wp-content\/uploads\/2025\/10\/60561a3ead57079bdb4e0dd2f0d9ef92.jpg","type":"image\/jpeg"}],"twitter_card":"summary_large_image","twitter_misc":{"Est. reading time":"1 minuta"},"schema":{"@context":"https:\/\/schema.org","@graph":[{"@type":"Organization","@id":"https:\/\/selleetools.com\/#organization","name":"Selleetools","url":"https:\/\/selleetools.com\/","sameAs":[],"logo":{"@type":"ImageObject","inLanguage":"pl-PL","@id":"https:\/\/selleetools.com\/#\/schema\/logo\/image\/","url":"https:\/\/selleetools.com\/wp-content\/uploads\/2021\/10\/logo-dark.png","contentUrl":"https:\/\/selleetools.com\/wp-content\/uploads\/2021\/10\/logo-dark.png","width":320,"height":76,"caption":"Selleetools"},"image":{"@id":"https:\/\/selleetools.com\/#\/schema\/logo\/image\/"}},{"@type":"WebSite","@id":"https:\/\/selleetools.com\/#website","url":"https:\/\/selleetools.com\/","name":"Selleetools.com","description":"","publisher":{"@id":"https:\/\/selleetools.com\/#organization"},"potentialAction":[{"@type":"SearchAction","target":{"@type":"EntryPoint","urlTemplate":"https:\/\/selleetools.com\/?s={search_term_string}"},"query-input":"required name=search_term_string"}],"inLanguage":"pl-PL"},{"@type":"WebPage","@id":"https:\/\/selleetools.com\/pl\/product\/beauty-of-joseon-matte-sun-stick-mugwort-camelia-18-g-krem-ochronny-w-formie-sztyftu\/","url":"https:\/\/selleetools.com\/pl\/product\/beauty-of-joseon-matte-sun-stick-mugwort-camelia-18-g-krem-ochronny-w-formie-sztyftu\/","name":"Beauty of Joseon Matte Sun Stick Mugwort + Camelia, 18 g - krem ochronny w formie sztyftu - Selleetools.com","isPartOf":{"@id":"https:\/\/selleetools.com\/#website"},"datePublished":"2025-10-22T07:14:17+00:00","dateModified":"2025-10-23T17:53:18+00:00","breadcrumb":{"@id":"https:\/\/selleetools.com\/pl\/product\/beauty-of-joseon-matte-sun-stick-mugwort-camelia-18-g-krem-ochronny-w-formie-sztyftu\/#breadcrumb"},"inLanguage":"pl-PL","potentialAction":[{"@type":"ReadAction","target":["https:\/\/selleetools.com\/pl\/product\/beauty-of-joseon-matte-sun-stick-mugwort-camelia-18-g-krem-ochronny-w-formie-sztyftu\/"]}]},{"@type":"BreadcrumbList","@id":"https:\/\/selleetools.com\/pl\/product\/beauty-of-joseon-matte-sun-stick-mugwort-camelia-18-g-krem-ochronny-w-formie-sztyftu\/#breadcrumb","itemListElement":[{"@type":"ListItem","position":1,"name":"Home","item":"https:\/\/selleetools.com\/pl\/"},{"@type":"ListItem","position":2,"name":"Katalog","item":"https:\/\/selleetools.com\/pl\/katalog\/"},{"@type":"ListItem","position":3,"name":"Beauty of Joseon Matte Sun Stick Mugwort + Camelia, 18 g &#8211; krem ochronny w formie sztyftu"}]}]}},"_links":{"self":[{"href":"https:\/\/admincentral.selleetools.com\/pl\/wp-json\/wp\/v2\/product\/599837"}],"collection":[{"href":"https:\/\/admincentral.selleetools.com\/pl\/wp-json\/wp\/v2\/product"}],"about":[{"href":"https:\/\/admincentral.selleetools.com\/pl\/wp-json\/wp\/v2\/types\/product"}],"replies":[{"embeddable":true,"href":"https:\/\/admincentral.selleetools.com\/pl\/wp-json\/wp\/v2\/comments?post=599837"}],"wp:featuredmedia":[{"embeddable":true,"href":"https:\/\/admincentral.selleetools.com\/pl\/wp-json\/wp\/v2\/media\/599835"}],"wp:attachment":[{"href":"https:\/\/admincentral.selleetools.com\/pl\/wp-json\/wp\/v2\/media?parent=599837"}],"curies":[{"name":"wp","href":"https:\/\/api.w.org\/{rel}","templated":true}]}}