{"id":599886,"date":"2025-10-22T09:15:14","date_gmt":"2025-10-22T07:15:14","guid":{"rendered":"https:\/\/selleetools.com\/?post_type=product&#038;p=599886"},"modified":"2025-10-23T13:38:52","modified_gmt":"2025-10-23T11:38:52","slug":"anua-heartleaf-77-soothing-toner-500-ml-kojaco-nawilzajacy-tonik-do-twarzy-jumbo-size","status":"publish","type":"product","link":"https:\/\/admincentral.selleetools.com\/pl\/product\/anua-heartleaf-77-soothing-toner-500-ml-kojaco-nawilzajacy-tonik-do-twarzy-jumbo-size\/","title":{"rendered":"ANUA HEARTLEAF 77% SOOTHING TONER 500 ml &#8211; Koj\u0105co-nawil\u017caj\u0105cy tonik do twarzy JUMBO SIZE"},"content":{"rendered":"<p>ANUA HEARTLEAF 77% SOOTHING TONER to \u0142agodz\u0105cy tonik, kt\u00f3ry zawiera a\u017c 77% ekstraktu z sercowca, znanego ze swoich w\u0142a\u015bciwo\u015bci koj\u0105cych i nawil\u017caj\u0105cych. Tonik pomaga w uspokojeniu podra\u017cnionej sk\u00f3ry, redukuje zaczerwienienia i nawil\u017ca, pozostawiaj\u0105c sk\u00f3r\u0119 mi\u0119kk\u0105 i od\u015bwie\u017con\u0105. Jest idealny dla wszystkich typ\u00f3w cery, w szczeg\u00f3lno\u015bci dla sk\u00f3ry wra\u017cliwej i sk\u0142onnej do podra\u017cnie\u0144.<\/p>\n<p>Korzy\u015bci dla sk\u00f3ry:<br \/>\n\u0141agodzi podra\u017cnienia: Redukuje zaczerwienienia i uspokaja sk\u00f3r\u0119.<br \/>\nNawil\u017ca: Zapewnia intensywne nawil\u017cenie i od\u015bwie\u017cenie.<br \/>\nPoprawia kondycj\u0119 sk\u00f3ry: Przy regularnym stosowaniu tonik poprawia og\u00f3ln\u0105 kondycj\u0119 i wygl\u0105d sk\u00f3ry.<\/p>\n<p>Spos\u00f3b u\u017cycia:<br \/>\nPo oczyszczeniu twarzy, na\u0142\u00f3\u017c odpowiedni\u0105 ilo\u015b\u0107 toniku na wacik lub d\u0142onie i delikatnie wklep w sk\u00f3r\u0119 twarzy i szyi. Stosuj codziennie rano i wieczorem przed aplikacj\u0105 serum lub kremu nawil\u017caj\u0105cego.<\/p>\n","protected":false},"excerpt":{"rendered":"<p>ANUA HEARTLEAF 77% SOOTHING TONER to \u0142agodz\u0105cy tonik, kt\u00f3ry zawiera a\u017c 77% ekstraktu z sercowca, znanego ze swoich w\u0142a\u015bciwo\u015bci koj\u0105cych i nawil\u017caj\u0105cych. Tonik pomaga w uspokojeniu podra\u017cnionej sk\u00f3ry, redukuje zaczerwienienia i nawil\u017ca, pozostawiaj\u0105c sk\u00f3r\u0119 mi\u0119kk\u0105 i od\u015bwie\u017con\u0105. Jest idealny dla wszystkich typ\u00f3w cery, w szczeg\u00f3lno\u015bci dla sk\u00f3ry wra\u017cliwej i sk\u0142onnej do podra\u017cnie\u0144. Korzy\u015bci dla sk\u00f3ry: &#8230; <a title=\"ANUA HEARTLEAF 77% SOOTHING TONER 500 ml &#8211; Koj\u0105co-nawil\u017caj\u0105cy tonik do twarzy JUMBO SIZE\" class=\"read-more\" href=\"https:\/\/admincentral.selleetools.com\/pl\/product\/anua-heartleaf-77-soothing-toner-500-ml-kojaco-nawilzajacy-tonik-do-twarzy-jumbo-size\/\">Read more<span class=\"screen-reader-text\">ANUA HEARTLEAF 77% SOOTHING TONER 500 ml &#8211; Koj\u0105co-nawil\u017caj\u0105cy tonik do twarzy JUMBO SIZE<\/span><\/a><\/p>\n","protected":false},"featured_media":599884,"comment_status":"open","ping_status":"closed","template":"","meta":{"_links_to":"","_links_to_target":""},"yoast_head":"<!-- This site is optimized with the Yoast SEO plugin v19.4 - https:\/\/yoast.com\/wordpress\/plugins\/seo\/ -->\n<title>ANUA HEARTLEAF 77% SOOTHING TONER 500 ml - Koj\u0105co-nawil\u017caj\u0105cy tonik do twarzy JUMBO SIZE - Selleetools.com<\/title>\n<meta name=\"robots\" content=\"index, follow, max-snippet:-1, max-image-preview:large, max-video-preview:-1\" \/>\n<link rel=\"canonical\" href=\"https:\/\/selleetools.com\/pl\/product\/anua-heartleaf-77-soothing-toner-500-ml-kojaco-nawilzajacy-tonik-do-twarzy-jumbo-size\/\" \/>\n<meta property=\"og:locale\" content=\"pl_PL\" \/>\n<meta property=\"og:type\" content=\"article\" \/>\n<meta property=\"og:title\" content=\"ANUA HEARTLEAF 77% SOOTHING TONER 500 ml - Koj\u0105co-nawil\u017caj\u0105cy tonik do twarzy JUMBO SIZE - Selleetools.com\" \/>\n<meta property=\"og:description\" content=\"ANUA HEARTLEAF 77% SOOTHING TONER to \u0142agodz\u0105cy tonik, kt\u00f3ry zawiera a\u017c 77% ekstraktu z sercowca, znanego ze swoich w\u0142a\u015bciwo\u015bci koj\u0105cych i nawil\u017caj\u0105cych. Tonik pomaga w uspokojeniu podra\u017cnionej sk\u00f3ry, redukuje zaczerwienienia i nawil\u017ca, pozostawiaj\u0105c sk\u00f3r\u0119 mi\u0119kk\u0105 i od\u015bwie\u017con\u0105. Jest idealny dla wszystkich typ\u00f3w cery, w szczeg\u00f3lno\u015bci dla sk\u00f3ry wra\u017cliwej i sk\u0142onnej do podra\u017cnie\u0144. Korzy\u015bci dla sk\u00f3ry: ... Read moreANUA HEARTLEAF 77% SOOTHING TONER 500 ml &#8211; Koj\u0105co-nawil\u017caj\u0105cy tonik do twarzy JUMBO SIZE\" \/>\n<meta property=\"og:url\" content=\"https:\/\/selleetools.com\/pl\/product\/anua-heartleaf-77-soothing-toner-500-ml-kojaco-nawilzajacy-tonik-do-twarzy-jumbo-size\/\" \/>\n<meta property=\"og:site_name\" content=\"Selleetools.com\" \/>\n<meta property=\"article:modified_time\" content=\"2025-10-23T11:38:52+00:00\" \/>\n<meta property=\"og:image\" content=\"https:\/\/selleetools.com\/wp-content\/uploads\/2025\/10\/9bdd011976cf4a575cbfe02120f6563f.jpg\" \/>\n\t<meta property=\"og:image:width\" content=\"800\" \/>\n\t<meta property=\"og:image:height\" content=\"960\" \/>\n\t<meta property=\"og:image:type\" content=\"image\/jpeg\" \/>\n<meta name=\"twitter:card\" content=\"summary_large_image\" \/>\n<meta name=\"twitter:label1\" content=\"Est. reading time\" \/>\n\t<meta name=\"twitter:data1\" content=\"1 minuta\" \/>\n<!-- \/ Yoast SEO plugin. -->","yoast_head_json":{"title":"ANUA HEARTLEAF 77% SOOTHING TONER 500 ml - Koj\u0105co-nawil\u017caj\u0105cy tonik do twarzy JUMBO SIZE - Selleetools.com","robots":{"index":"index","follow":"follow","max-snippet":"max-snippet:-1","max-image-preview":"max-image-preview:large","max-video-preview":"max-video-preview:-1"},"canonical":"https:\/\/selleetools.com\/pl\/product\/anua-heartleaf-77-soothing-toner-500-ml-kojaco-nawilzajacy-tonik-do-twarzy-jumbo-size\/","og_locale":"pl_PL","og_type":"article","og_title":"ANUA HEARTLEAF 77% SOOTHING TONER 500 ml - Koj\u0105co-nawil\u017caj\u0105cy tonik do twarzy JUMBO SIZE - Selleetools.com","og_description":"ANUA HEARTLEAF 77% SOOTHING TONER to \u0142agodz\u0105cy tonik, kt\u00f3ry zawiera a\u017c 77% ekstraktu z sercowca, znanego ze swoich w\u0142a\u015bciwo\u015bci koj\u0105cych i nawil\u017caj\u0105cych. Tonik pomaga w uspokojeniu podra\u017cnionej sk\u00f3ry, redukuje zaczerwienienia i nawil\u017ca, pozostawiaj\u0105c sk\u00f3r\u0119 mi\u0119kk\u0105 i od\u015bwie\u017con\u0105. Jest idealny dla wszystkich typ\u00f3w cery, w szczeg\u00f3lno\u015bci dla sk\u00f3ry wra\u017cliwej i sk\u0142onnej do podra\u017cnie\u0144. Korzy\u015bci dla sk\u00f3ry: ... Read moreANUA HEARTLEAF 77% SOOTHING TONER 500 ml &#8211; Koj\u0105co-nawil\u017caj\u0105cy tonik do twarzy JUMBO SIZE","og_url":"https:\/\/selleetools.com\/pl\/product\/anua-heartleaf-77-soothing-toner-500-ml-kojaco-nawilzajacy-tonik-do-twarzy-jumbo-size\/","og_site_name":"Selleetools.com","article_modified_time":"2025-10-23T11:38:52+00:00","og_image":[{"width":800,"height":960,"url":"https:\/\/selleetools.com\/wp-content\/uploads\/2025\/10\/9bdd011976cf4a575cbfe02120f6563f.jpg","type":"image\/jpeg"}],"twitter_card":"summary_large_image","twitter_misc":{"Est. reading time":"1 minuta"},"schema":{"@context":"https:\/\/schema.org","@graph":[{"@type":"Organization","@id":"https:\/\/selleetools.com\/#organization","name":"Selleetools","url":"https:\/\/selleetools.com\/","sameAs":[],"logo":{"@type":"ImageObject","inLanguage":"pl-PL","@id":"https:\/\/selleetools.com\/#\/schema\/logo\/image\/","url":"https:\/\/selleetools.com\/wp-content\/uploads\/2021\/10\/logo-dark.png","contentUrl":"https:\/\/selleetools.com\/wp-content\/uploads\/2021\/10\/logo-dark.png","width":320,"height":76,"caption":"Selleetools"},"image":{"@id":"https:\/\/selleetools.com\/#\/schema\/logo\/image\/"}},{"@type":"WebSite","@id":"https:\/\/selleetools.com\/#website","url":"https:\/\/selleetools.com\/","name":"Selleetools.com","description":"","publisher":{"@id":"https:\/\/selleetools.com\/#organization"},"potentialAction":[{"@type":"SearchAction","target":{"@type":"EntryPoint","urlTemplate":"https:\/\/selleetools.com\/?s={search_term_string}"},"query-input":"required name=search_term_string"}],"inLanguage":"pl-PL"},{"@type":"WebPage","@id":"https:\/\/selleetools.com\/pl\/product\/anua-heartleaf-77-soothing-toner-500-ml-kojaco-nawilzajacy-tonik-do-twarzy-jumbo-size\/","url":"https:\/\/selleetools.com\/pl\/product\/anua-heartleaf-77-soothing-toner-500-ml-kojaco-nawilzajacy-tonik-do-twarzy-jumbo-size\/","name":"ANUA HEARTLEAF 77% SOOTHING TONER 500 ml - Koj\u0105co-nawil\u017caj\u0105cy tonik do twarzy JUMBO SIZE - Selleetools.com","isPartOf":{"@id":"https:\/\/selleetools.com\/#website"},"datePublished":"2025-10-22T07:15:14+00:00","dateModified":"2025-10-23T11:38:52+00:00","breadcrumb":{"@id":"https:\/\/selleetools.com\/pl\/product\/anua-heartleaf-77-soothing-toner-500-ml-kojaco-nawilzajacy-tonik-do-twarzy-jumbo-size\/#breadcrumb"},"inLanguage":"pl-PL","potentialAction":[{"@type":"ReadAction","target":["https:\/\/selleetools.com\/pl\/product\/anua-heartleaf-77-soothing-toner-500-ml-kojaco-nawilzajacy-tonik-do-twarzy-jumbo-size\/"]}]},{"@type":"BreadcrumbList","@id":"https:\/\/selleetools.com\/pl\/product\/anua-heartleaf-77-soothing-toner-500-ml-kojaco-nawilzajacy-tonik-do-twarzy-jumbo-size\/#breadcrumb","itemListElement":[{"@type":"ListItem","position":1,"name":"Home","item":"https:\/\/selleetools.com\/pl\/"},{"@type":"ListItem","position":2,"name":"Katalog","item":"https:\/\/selleetools.com\/pl\/katalog\/"},{"@type":"ListItem","position":3,"name":"ANUA HEARTLEAF 77% SOOTHING TONER 500 ml &#8211; Koj\u0105co-nawil\u017caj\u0105cy tonik do twarzy JUMBO SIZE"}]}]}},"_links":{"self":[{"href":"https:\/\/admincentral.selleetools.com\/pl\/wp-json\/wp\/v2\/product\/599886"}],"collection":[{"href":"https:\/\/admincentral.selleetools.com\/pl\/wp-json\/wp\/v2\/product"}],"about":[{"href":"https:\/\/admincentral.selleetools.com\/pl\/wp-json\/wp\/v2\/types\/product"}],"replies":[{"embeddable":true,"href":"https:\/\/admincentral.selleetools.com\/pl\/wp-json\/wp\/v2\/comments?post=599886"}],"wp:featuredmedia":[{"embeddable":true,"href":"https:\/\/admincentral.selleetools.com\/pl\/wp-json\/wp\/v2\/media\/599884"}],"wp:attachment":[{"href":"https:\/\/admincentral.selleetools.com\/pl\/wp-json\/wp\/v2\/media?parent=599886"}],"curies":[{"name":"wp","href":"https:\/\/api.w.org\/{rel}","templated":true}]}}