{"id":599915,"date":"2025-10-22T09:15:46","date_gmt":"2025-10-22T07:15:46","guid":{"rendered":"https:\/\/selleetools.com\/?post_type=product&#038;p=599915"},"modified":"2025-12-26T16:57:54","modified_gmt":"2025-12-26T15:57:54","slug":"pyunkang-yul-clear-spot-patch-4x18-pcs-koreanskie-plastry-na-wypryski","status":"publish","type":"product","link":"https:\/\/admincentral.selleetools.com\/pl\/product\/pyunkang-yul-clear-spot-patch-4x18-pcs-koreanskie-plastry-na-wypryski\/","title":{"rendered":"Pyunkang Yul Clear Spot Patch 4&#215;18 pcs &#8211; Korea\u0144skie plastry na wypryski"},"content":{"rendered":"<p>Pyunkang Yul Clear Spot Patch to zestaw 4 opakowa\u0144, ka\u017cde zawieraj\u0105ce 18 plastr\u00f3w, specjalnie zaprojektowanych do szybkiego i skutecznego leczenia wyprysk\u00f3w oraz zmian sk\u00f3rnych. Te hydrocolloidowe plastry dzia\u0142aj\u0105 jak bariera ochronna, kt\u00f3ra zapobiega dalszemu podra\u017cnieniu i zaka\u017ceniu miejsca wyprysku, jednocze\u015bnie wspomagaj\u0105c proces gojenia poprzez absorpcj\u0119 nadmiaru sebum i zanieczyszcze\u0144.<\/p>\n<p>Korzy\u015bci dla sk\u00f3ry:<br \/>\nPrzyspieszenie gojenia: Plastry wspieraj\u0105 proces regeneracji sk\u00f3ry, absorbuj\u0105c nadmiar sebum i zanieczyszczenia z wyprysk\u00f3w.<br \/>\nOchrona przed zanieczyszczeniami: Dzia\u0142aj\u0105 jako bariera ochronna, zapobiegaj\u0105c dalszemu podra\u017cnieniu i zaka\u017ceniu miejsca wyprysku.<br \/>\nDyskretne stosowanie: Plastry s\u0105 przezroczyste, co sprawia, \u017ce s\u0105 niemal niewidoczne na sk\u00f3rze, dzi\u0119ki czemu mo\u017cna je nosi\u0107 zar\u00f3wno w dzie\u0144, jak i w nocy.<br \/>\nProste i higieniczne u\u017cycie: \u0141atwe do aplikacji i zdejmowania, bez ryzyka pozostawienia \u015blad\u00f3w kleju na sk\u00f3rze.<\/p>\n<p>Spos\u00f3b u\u017cycia:<br \/>\nOczy\u015b\u0107 i osusz obszar sk\u00f3ry, na kt\u00f3rym pojawi\u0142 si\u0119 wyprysk.<br \/>\nDelikatnie odklej plaster od folii ochronnej.<br \/>\nNa\u0142\u00f3\u017c plaster bezpo\u015brednio na wyprysk, staraj\u0105c si\u0119 nie dotyka\u0107 klej\u0105cej strony.<br \/>\nPozostaw plaster na sk\u00f3rze na 6-8 godzin lub do momentu, gdy stanie si\u0119 bia\u0142y, co oznacza, \u017ce wch\u0142on\u0105\u0142 zanieczyszczenia.<br \/>\nUsu\u0144 plaster i, je\u015bli to konieczne, na\u0142\u00f3\u017c nowy.<\/p>\n","protected":false},"excerpt":{"rendered":"<p>Pyunkang Yul Clear Spot Patch to zestaw 4 opakowa\u0144, ka\u017cde zawieraj\u0105ce 18 plastr\u00f3w, specjalnie zaprojektowanych do szybkiego i skutecznego leczenia wyprysk\u00f3w oraz zmian sk\u00f3rnych. Te hydrocolloidowe plastry dzia\u0142aj\u0105 jak bariera ochronna, kt\u00f3ra zapobiega dalszemu podra\u017cnieniu i zaka\u017ceniu miejsca wyprysku, jednocze\u015bnie wspomagaj\u0105c proces gojenia poprzez absorpcj\u0119 nadmiaru sebum i zanieczyszcze\u0144. Korzy\u015bci dla sk\u00f3ry: Przyspieszenie gojenia: Plastry &#8230; <a title=\"Pyunkang Yul Clear Spot Patch 4&#215;18 pcs &#8211; Korea\u0144skie plastry na wypryski\" class=\"read-more\" href=\"https:\/\/admincentral.selleetools.com\/pl\/product\/pyunkang-yul-clear-spot-patch-4x18-pcs-koreanskie-plastry-na-wypryski\/\">Read more<span class=\"screen-reader-text\">Pyunkang Yul Clear Spot Patch 4&#215;18 pcs &#8211; Korea\u0144skie plastry na wypryski<\/span><\/a><\/p>\n","protected":false},"featured_media":599913,"comment_status":"open","ping_status":"closed","template":"","meta":{"_links_to":"","_links_to_target":""},"yoast_head":"<!-- This site is optimized with the Yoast SEO plugin v19.4 - https:\/\/yoast.com\/wordpress\/plugins\/seo\/ -->\n<title>Pyunkang Yul Clear Spot Patch 4x18 pcs - Korea\u0144skie plastry na wypryski - Selleetools.com<\/title>\n<meta name=\"robots\" content=\"index, follow, max-snippet:-1, max-image-preview:large, max-video-preview:-1\" \/>\n<link rel=\"canonical\" href=\"https:\/\/selleetools.com\/pl\/product\/pyunkang-yul-clear-spot-patch-4x18-pcs-koreanskie-plastry-na-wypryski\/\" \/>\n<meta property=\"og:locale\" content=\"pl_PL\" \/>\n<meta property=\"og:type\" content=\"article\" \/>\n<meta property=\"og:title\" content=\"Pyunkang Yul Clear Spot Patch 4x18 pcs - Korea\u0144skie plastry na wypryski - Selleetools.com\" \/>\n<meta property=\"og:description\" content=\"Pyunkang Yul Clear Spot Patch to zestaw 4 opakowa\u0144, ka\u017cde zawieraj\u0105ce 18 plastr\u00f3w, specjalnie zaprojektowanych do szybkiego i skutecznego leczenia wyprysk\u00f3w oraz zmian sk\u00f3rnych. Te hydrocolloidowe plastry dzia\u0142aj\u0105 jak bariera ochronna, kt\u00f3ra zapobiega dalszemu podra\u017cnieniu i zaka\u017ceniu miejsca wyprysku, jednocze\u015bnie wspomagaj\u0105c proces gojenia poprzez absorpcj\u0119 nadmiaru sebum i zanieczyszcze\u0144. Korzy\u015bci dla sk\u00f3ry: Przyspieszenie gojenia: Plastry ... Read morePyunkang Yul Clear Spot Patch 4&#215;18 pcs &#8211; Korea\u0144skie plastry na wypryski\" \/>\n<meta property=\"og:url\" content=\"https:\/\/selleetools.com\/pl\/product\/pyunkang-yul-clear-spot-patch-4x18-pcs-koreanskie-plastry-na-wypryski\/\" \/>\n<meta property=\"og:site_name\" content=\"Selleetools.com\" \/>\n<meta property=\"article:modified_time\" content=\"2025-12-26T15:57:54+00:00\" \/>\n<meta property=\"og:image\" content=\"https:\/\/selleetools.com\/wp-content\/uploads\/2025\/10\/22a2fc69ba1cdee398f6ac7e2a0e686d.jpg\" \/>\n\t<meta property=\"og:image:width\" content=\"600\" \/>\n\t<meta property=\"og:image:height\" content=\"600\" \/>\n\t<meta property=\"og:image:type\" content=\"image\/jpeg\" \/>\n<meta name=\"twitter:card\" content=\"summary_large_image\" \/>\n<meta name=\"twitter:label1\" content=\"Est. reading time\" \/>\n\t<meta name=\"twitter:data1\" content=\"1 minuta\" \/>\n<!-- \/ Yoast SEO plugin. -->","yoast_head_json":{"title":"Pyunkang Yul Clear Spot Patch 4x18 pcs - Korea\u0144skie plastry na wypryski - Selleetools.com","robots":{"index":"index","follow":"follow","max-snippet":"max-snippet:-1","max-image-preview":"max-image-preview:large","max-video-preview":"max-video-preview:-1"},"canonical":"https:\/\/selleetools.com\/pl\/product\/pyunkang-yul-clear-spot-patch-4x18-pcs-koreanskie-plastry-na-wypryski\/","og_locale":"pl_PL","og_type":"article","og_title":"Pyunkang Yul Clear Spot Patch 4x18 pcs - Korea\u0144skie plastry na wypryski - Selleetools.com","og_description":"Pyunkang Yul Clear Spot Patch to zestaw 4 opakowa\u0144, ka\u017cde zawieraj\u0105ce 18 plastr\u00f3w, specjalnie zaprojektowanych do szybkiego i skutecznego leczenia wyprysk\u00f3w oraz zmian sk\u00f3rnych. Te hydrocolloidowe plastry dzia\u0142aj\u0105 jak bariera ochronna, kt\u00f3ra zapobiega dalszemu podra\u017cnieniu i zaka\u017ceniu miejsca wyprysku, jednocze\u015bnie wspomagaj\u0105c proces gojenia poprzez absorpcj\u0119 nadmiaru sebum i zanieczyszcze\u0144. Korzy\u015bci dla sk\u00f3ry: Przyspieszenie gojenia: Plastry ... Read morePyunkang Yul Clear Spot Patch 4&#215;18 pcs &#8211; Korea\u0144skie plastry na wypryski","og_url":"https:\/\/selleetools.com\/pl\/product\/pyunkang-yul-clear-spot-patch-4x18-pcs-koreanskie-plastry-na-wypryski\/","og_site_name":"Selleetools.com","article_modified_time":"2025-12-26T15:57:54+00:00","og_image":[{"width":600,"height":600,"url":"https:\/\/selleetools.com\/wp-content\/uploads\/2025\/10\/22a2fc69ba1cdee398f6ac7e2a0e686d.jpg","type":"image\/jpeg"}],"twitter_card":"summary_large_image","twitter_misc":{"Est. reading time":"1 minuta"},"schema":{"@context":"https:\/\/schema.org","@graph":[{"@type":"Organization","@id":"https:\/\/selleetools.com\/#organization","name":"Selleetools","url":"https:\/\/selleetools.com\/","sameAs":[],"logo":{"@type":"ImageObject","inLanguage":"pl-PL","@id":"https:\/\/selleetools.com\/#\/schema\/logo\/image\/","url":"https:\/\/selleetools.com\/wp-content\/uploads\/2021\/10\/logo-dark.png","contentUrl":"https:\/\/selleetools.com\/wp-content\/uploads\/2021\/10\/logo-dark.png","width":320,"height":76,"caption":"Selleetools"},"image":{"@id":"https:\/\/selleetools.com\/#\/schema\/logo\/image\/"}},{"@type":"WebSite","@id":"https:\/\/selleetools.com\/#website","url":"https:\/\/selleetools.com\/","name":"Selleetools.com","description":"","publisher":{"@id":"https:\/\/selleetools.com\/#organization"},"potentialAction":[{"@type":"SearchAction","target":{"@type":"EntryPoint","urlTemplate":"https:\/\/selleetools.com\/?s={search_term_string}"},"query-input":"required name=search_term_string"}],"inLanguage":"pl-PL"},{"@type":"WebPage","@id":"https:\/\/selleetools.com\/pl\/product\/pyunkang-yul-clear-spot-patch-4x18-pcs-koreanskie-plastry-na-wypryski\/","url":"https:\/\/selleetools.com\/pl\/product\/pyunkang-yul-clear-spot-patch-4x18-pcs-koreanskie-plastry-na-wypryski\/","name":"Pyunkang Yul Clear Spot Patch 4x18 pcs - Korea\u0144skie plastry na wypryski - Selleetools.com","isPartOf":{"@id":"https:\/\/selleetools.com\/#website"},"datePublished":"2025-10-22T07:15:46+00:00","dateModified":"2025-12-26T15:57:54+00:00","breadcrumb":{"@id":"https:\/\/selleetools.com\/pl\/product\/pyunkang-yul-clear-spot-patch-4x18-pcs-koreanskie-plastry-na-wypryski\/#breadcrumb"},"inLanguage":"pl-PL","potentialAction":[{"@type":"ReadAction","target":["https:\/\/selleetools.com\/pl\/product\/pyunkang-yul-clear-spot-patch-4x18-pcs-koreanskie-plastry-na-wypryski\/"]}]},{"@type":"BreadcrumbList","@id":"https:\/\/selleetools.com\/pl\/product\/pyunkang-yul-clear-spot-patch-4x18-pcs-koreanskie-plastry-na-wypryski\/#breadcrumb","itemListElement":[{"@type":"ListItem","position":1,"name":"Home","item":"https:\/\/selleetools.com\/pl\/"},{"@type":"ListItem","position":2,"name":"Katalog","item":"https:\/\/selleetools.com\/pl\/katalog\/"},{"@type":"ListItem","position":3,"name":"Pyunkang Yul Clear Spot Patch 4&#215;18 pcs &#8211; Korea\u0144skie plastry na wypryski"}]}]}},"_links":{"self":[{"href":"https:\/\/admincentral.selleetools.com\/pl\/wp-json\/wp\/v2\/product\/599915"}],"collection":[{"href":"https:\/\/admincentral.selleetools.com\/pl\/wp-json\/wp\/v2\/product"}],"about":[{"href":"https:\/\/admincentral.selleetools.com\/pl\/wp-json\/wp\/v2\/types\/product"}],"replies":[{"embeddable":true,"href":"https:\/\/admincentral.selleetools.com\/pl\/wp-json\/wp\/v2\/comments?post=599915"}],"wp:featuredmedia":[{"embeddable":true,"href":"https:\/\/admincentral.selleetools.com\/pl\/wp-json\/wp\/v2\/media\/599913"}],"wp:attachment":[{"href":"https:\/\/admincentral.selleetools.com\/pl\/wp-json\/wp\/v2\/media?parent=599915"}],"curies":[{"name":"wp","href":"https:\/\/api.w.org\/{rel}","templated":true}]}}