{"id":599958,"date":"2025-10-22T09:16:27","date_gmt":"2025-10-22T07:16:27","guid":{"rendered":"https:\/\/selleetools.com\/?post_type=product&#038;p=599958"},"modified":"2025-12-26T16:58:42","modified_gmt":"2025-12-26T15:58:42","slug":"purederm-koreanskie-oczyszczajace-plastry-na-nos-6-szt","status":"publish","type":"product","link":"https:\/\/admincentral.selleetools.com\/pl\/product\/purederm-koreanskie-oczyszczajace-plastry-na-nos-6-szt\/","title":{"rendered":"PUREDERM Korea\u0144skie oczyszczaj\u0105ce plastry na nos, 6 szt."},"content":{"rendered":"<p>PUREDERM &#8211; Korea\u0144skie oczyszczaj\u0105ce plastry na nos (6 szt.)<br \/>\nKorea\u0144skie oczyszczaj\u0105ce plastry na nos to skuteczne i wygodne rozwi\u0105zanie do oczyszczania por\u00f3w i usuwania zask\u00f3rnik\u00f3w. Plastry s\u0105 specjalnie zaprojektowane, aby dok\u0142adnie usuwa\u0107 zanieczyszczenia i nadmiar sebum z powierzchni nosa, pozostawiaj\u0105c sk\u00f3r\u0119 \u015bwie\u017c\u0105 i g\u0142adk\u0105. Plastry skutecznie usuwaj\u0105 zanieczyszczenia, martwe kom\u00f3rki sk\u00f3ry oraz nadmiar sebum z por\u00f3w, co pomaga w zapobieganiu powstawaniu zask\u00f3rnik\u00f3w i pryszcz\u00f3w. Dzia\u0142aj\u0105 jak magnes na zanieczyszczenia, odblokowuj\u0105c pory i przyczyniaj\u0105c si\u0119 do poprawy kondycji sk\u00f3ry.  Pomagaj\u0105 w redukcji widoczno\u015bci zask\u00f3rnik\u00f3w, poprawiaj\u0105c wygl\u0105d sk\u00f3ry nosa.<\/p>\n<p>Korzy\u015bci dla sk\u00f3ry:<br \/>\nG\u0142adko\u015b\u0107: Po u\u017cyciu plastr\u00f3w sk\u00f3ra staje si\u0119 g\u0142adka, a pory mniej widoczne.<br \/>\n\u015awie\u017co\u015b\u0107: Sk\u00f3ra wygl\u0105da \u015bwie\u017co i czysto, dzi\u0119ki skutecznemu oczyszczeniu.<br \/>\nPrewencja: Regularne stosowanie mo\u017ce pom\u00f3c w zapobieganiu powstawaniu zask\u00f3rnik\u00f3w i pryszczy.<\/p>\n<p>Spos\u00f3b u\u017cycia: Umyj twarz i dok\u0142adnie osusz. Aby otworzy\u0107 pory, zaleca si\u0119 wcze\u015bniejsze na\u0142o\u017cenie na nos ciep\u0142ego, wilgotnego r\u0119cznika na kilka minut lub wykonanie kr\u00f3tkiego par\u00f3wki. Ostro\u017cnie odklej plaster od folii ochronnej. Na\u0142\u00f3\u017c plaster na wilgotny nos, dok\u0142adnie dopasowuj\u0105c do jego kszta\u0142tu.  Pozostaw plaster na nosie przez 10-15 minut, a\u017c ca\u0142kowicie wyschnie i stwardnieje.  Delikatnie zdejmij plaster, zaczynaj\u0105c od kraw\u0119dzi. Je\u015bli plaster trudni si\u0119 do zdj\u0119cia, nawil\u017c go lekko wod\u0105, aby u\u0142atwi\u0107 proces.  Po usuni\u0119ciu plastr\u00f3w przemyj twarz wod\u0105, aby usun\u0105\u0107 resztki kleju i nawil\u017c sk\u00f3r\u0119 odpowiednim kremem.<\/p>\n","protected":false},"excerpt":{"rendered":"<p>PUREDERM &#8211; Korea\u0144skie oczyszczaj\u0105ce plastry na nos (6 szt.) Korea\u0144skie oczyszczaj\u0105ce plastry na nos to skuteczne i wygodne rozwi\u0105zanie do oczyszczania por\u00f3w i usuwania zask\u00f3rnik\u00f3w. Plastry s\u0105 specjalnie zaprojektowane, aby dok\u0142adnie usuwa\u0107 zanieczyszczenia i nadmiar sebum z powierzchni nosa, pozostawiaj\u0105c sk\u00f3r\u0119 \u015bwie\u017c\u0105 i g\u0142adk\u0105. Plastry skutecznie usuwaj\u0105 zanieczyszczenia, martwe kom\u00f3rki sk\u00f3ry oraz nadmiar sebum z &#8230; <a title=\"PUREDERM Korea\u0144skie oczyszczaj\u0105ce plastry na nos, 6 szt.\" class=\"read-more\" href=\"https:\/\/admincentral.selleetools.com\/pl\/product\/purederm-koreanskie-oczyszczajace-plastry-na-nos-6-szt\/\">Read more<span class=\"screen-reader-text\">PUREDERM Korea\u0144skie oczyszczaj\u0105ce plastry na nos, 6 szt.<\/span><\/a><\/p>\n","protected":false},"featured_media":599956,"comment_status":"open","ping_status":"closed","template":"","meta":{"_links_to":"","_links_to_target":""},"yoast_head":"<!-- This site is optimized with the Yoast SEO plugin v19.4 - https:\/\/yoast.com\/wordpress\/plugins\/seo\/ -->\n<title>PUREDERM Korea\u0144skie oczyszczaj\u0105ce plastry na nos, 6 szt. - Selleetools.com<\/title>\n<meta name=\"robots\" content=\"index, follow, max-snippet:-1, max-image-preview:large, max-video-preview:-1\" \/>\n<link rel=\"canonical\" href=\"https:\/\/admincentral.selleetools.com\/pl\/product\/purederm-koreanskie-oczyszczajace-plastry-na-nos-6-szt\/\" \/>\n<meta property=\"og:locale\" content=\"pl_PL\" \/>\n<meta property=\"og:type\" content=\"article\" \/>\n<meta property=\"og:title\" content=\"PUREDERM Korea\u0144skie oczyszczaj\u0105ce plastry na nos, 6 szt. - Selleetools.com\" \/>\n<meta property=\"og:description\" content=\"PUREDERM &#8211; Korea\u0144skie oczyszczaj\u0105ce plastry na nos (6 szt.) Korea\u0144skie oczyszczaj\u0105ce plastry na nos to skuteczne i wygodne rozwi\u0105zanie do oczyszczania por\u00f3w i usuwania zask\u00f3rnik\u00f3w. Plastry s\u0105 specjalnie zaprojektowane, aby dok\u0142adnie usuwa\u0107 zanieczyszczenia i nadmiar sebum z powierzchni nosa, pozostawiaj\u0105c sk\u00f3r\u0119 \u015bwie\u017c\u0105 i g\u0142adk\u0105. Plastry skutecznie usuwaj\u0105 zanieczyszczenia, martwe kom\u00f3rki sk\u00f3ry oraz nadmiar sebum z ... Read morePUREDERM Korea\u0144skie oczyszczaj\u0105ce plastry na nos, 6 szt.\" \/>\n<meta property=\"og:url\" content=\"https:\/\/admincentral.selleetools.com\/pl\/product\/purederm-koreanskie-oczyszczajace-plastry-na-nos-6-szt\/\" \/>\n<meta property=\"og:site_name\" content=\"Selleetools.com\" \/>\n<meta property=\"article:modified_time\" content=\"2025-12-26T15:58:42+00:00\" \/>\n<meta property=\"og:image\" content=\"https:\/\/selleetools.com\/wp-content\/uploads\/2025\/10\/45de38615dead1b2e3e585d93bd1dbec.jpg\" \/>\n\t<meta property=\"og:image:width\" content=\"1000\" \/>\n\t<meta property=\"og:image:height\" content=\"1000\" \/>\n\t<meta property=\"og:image:type\" content=\"image\/jpeg\" \/>\n<meta name=\"twitter:card\" content=\"summary_large_image\" \/>\n<meta name=\"twitter:label1\" content=\"Est. reading time\" \/>\n\t<meta name=\"twitter:data1\" content=\"1 minuta\" \/>\n<!-- \/ Yoast SEO plugin. -->","yoast_head_json":{"title":"PUREDERM Korea\u0144skie oczyszczaj\u0105ce plastry na nos, 6 szt. - Selleetools.com","robots":{"index":"index","follow":"follow","max-snippet":"max-snippet:-1","max-image-preview":"max-image-preview:large","max-video-preview":"max-video-preview:-1"},"canonical":"https:\/\/admincentral.selleetools.com\/pl\/product\/purederm-koreanskie-oczyszczajace-plastry-na-nos-6-szt\/","og_locale":"pl_PL","og_type":"article","og_title":"PUREDERM Korea\u0144skie oczyszczaj\u0105ce plastry na nos, 6 szt. - Selleetools.com","og_description":"PUREDERM &#8211; Korea\u0144skie oczyszczaj\u0105ce plastry na nos (6 szt.) Korea\u0144skie oczyszczaj\u0105ce plastry na nos to skuteczne i wygodne rozwi\u0105zanie do oczyszczania por\u00f3w i usuwania zask\u00f3rnik\u00f3w. Plastry s\u0105 specjalnie zaprojektowane, aby dok\u0142adnie usuwa\u0107 zanieczyszczenia i nadmiar sebum z powierzchni nosa, pozostawiaj\u0105c sk\u00f3r\u0119 \u015bwie\u017c\u0105 i g\u0142adk\u0105. Plastry skutecznie usuwaj\u0105 zanieczyszczenia, martwe kom\u00f3rki sk\u00f3ry oraz nadmiar sebum z ... Read morePUREDERM Korea\u0144skie oczyszczaj\u0105ce plastry na nos, 6 szt.","og_url":"https:\/\/admincentral.selleetools.com\/pl\/product\/purederm-koreanskie-oczyszczajace-plastry-na-nos-6-szt\/","og_site_name":"Selleetools.com","article_modified_time":"2025-12-26T15:58:42+00:00","og_image":[{"width":1000,"height":1000,"url":"https:\/\/selleetools.com\/wp-content\/uploads\/2025\/10\/45de38615dead1b2e3e585d93bd1dbec.jpg","type":"image\/jpeg"}],"twitter_card":"summary_large_image","twitter_misc":{"Est. reading time":"1 minuta"},"schema":{"@context":"https:\/\/schema.org","@graph":[{"@type":"Organization","@id":"https:\/\/selleetools.com\/#organization","name":"Selleetools","url":"https:\/\/selleetools.com\/","sameAs":[],"logo":{"@type":"ImageObject","inLanguage":"pl-PL","@id":"https:\/\/selleetools.com\/#\/schema\/logo\/image\/","url":"https:\/\/selleetools.com\/wp-content\/uploads\/2021\/10\/logo-dark.png","contentUrl":"https:\/\/selleetools.com\/wp-content\/uploads\/2021\/10\/logo-dark.png","width":320,"height":76,"caption":"Selleetools"},"image":{"@id":"https:\/\/selleetools.com\/#\/schema\/logo\/image\/"}},{"@type":"WebSite","@id":"https:\/\/selleetools.com\/#website","url":"https:\/\/selleetools.com\/","name":"Selleetools.com","description":"","publisher":{"@id":"https:\/\/selleetools.com\/#organization"},"potentialAction":[{"@type":"SearchAction","target":{"@type":"EntryPoint","urlTemplate":"https:\/\/selleetools.com\/?s={search_term_string}"},"query-input":"required name=search_term_string"}],"inLanguage":"pl-PL"},{"@type":"WebPage","@id":"https:\/\/admincentral.selleetools.com\/pl\/product\/purederm-koreanskie-oczyszczajace-plastry-na-nos-6-szt\/","url":"https:\/\/admincentral.selleetools.com\/pl\/product\/purederm-koreanskie-oczyszczajace-plastry-na-nos-6-szt\/","name":"PUREDERM Korea\u0144skie oczyszczaj\u0105ce plastry na nos, 6 szt. - Selleetools.com","isPartOf":{"@id":"https:\/\/selleetools.com\/#website"},"datePublished":"2025-10-22T07:16:27+00:00","dateModified":"2025-12-26T15:58:42+00:00","breadcrumb":{"@id":"https:\/\/admincentral.selleetools.com\/pl\/product\/purederm-koreanskie-oczyszczajace-plastry-na-nos-6-szt\/#breadcrumb"},"inLanguage":"pl-PL","potentialAction":[{"@type":"ReadAction","target":["https:\/\/admincentral.selleetools.com\/pl\/product\/purederm-koreanskie-oczyszczajace-plastry-na-nos-6-szt\/"]}]},{"@type":"BreadcrumbList","@id":"https:\/\/admincentral.selleetools.com\/pl\/product\/purederm-koreanskie-oczyszczajace-plastry-na-nos-6-szt\/#breadcrumb","itemListElement":[{"@type":"ListItem","position":1,"name":"Home","item":"https:\/\/selleetools.com\/pl\/"},{"@type":"ListItem","position":2,"name":"Katalog","item":"https:\/\/selleetools.com\/pl\/katalog\/"},{"@type":"ListItem","position":3,"name":"PUREDERM Korea\u0144skie oczyszczaj\u0105ce plastry na nos, 6 szt."}]}]}},"_links":{"self":[{"href":"https:\/\/admincentral.selleetools.com\/pl\/wp-json\/wp\/v2\/product\/599958"}],"collection":[{"href":"https:\/\/admincentral.selleetools.com\/pl\/wp-json\/wp\/v2\/product"}],"about":[{"href":"https:\/\/admincentral.selleetools.com\/pl\/wp-json\/wp\/v2\/types\/product"}],"replies":[{"embeddable":true,"href":"https:\/\/admincentral.selleetools.com\/pl\/wp-json\/wp\/v2\/comments?post=599958"}],"wp:featuredmedia":[{"embeddable":true,"href":"https:\/\/admincentral.selleetools.com\/pl\/wp-json\/wp\/v2\/media\/599956"}],"wp:attachment":[{"href":"https:\/\/admincentral.selleetools.com\/pl\/wp-json\/wp\/v2\/media?parent=599958"}],"curies":[{"name":"wp","href":"https:\/\/api.w.org\/{rel}","templated":true}]}}