{"id":600031,"date":"2025-10-22T09:17:42","date_gmt":"2025-10-22T07:17:42","guid":{"rendered":"https:\/\/selleetools.com\/?post_type=product&#038;p=600031"},"modified":"2025-10-23T19:08:45","modified_gmt":"2025-10-23T17:08:45","slug":"heimish-moringa-ceramide-hyaluronic-hydrating-cream-50-ml-nawilzajacy-krem-z-moringa-i-ceramidami","status":"publish","type":"product","link":"https:\/\/admincentral.selleetools.com\/pl\/product\/heimish-moringa-ceramide-hyaluronic-hydrating-cream-50-ml-nawilzajacy-krem-z-moringa-i-ceramidami\/","title":{"rendered":"HEIMISH Moringa Ceramide Hyaluronic Hydrating Cream 50 ml &#8211; Nawil\u017caj\u0105cy krem z moring\u0105 i ceramidami"},"content":{"rendered":"<p>HEIMISH Moringa Ceramide Hyaluronic Hydrating Cream to wyj\u0105tkowy krem nawil\u017caj\u0105cy, kt\u00f3ry \u0142\u0105czy w sobie moc naturalnych sk\u0142adnik\u00f3w, takich jak moringa i ceramidy, aby zapewni\u0107 intensywne nawil\u017cenie i ochron\u0119 sk\u00f3ry. Produkt jest idealny dla os\u00f3b z such\u0105 i odwodnion\u0105 sk\u00f3r\u0105, kt\u00f3ra potrzebuje dodatkowego wsparcia w utrzymaniu odpowiedniego poziomu nawodnienia.<\/p>\n<p>Korzy\u015bci dla sk\u00f3ry:<br \/>\nIntensywne nawil\u017cenie: Dzi\u0119ki zawarto\u015bci kwasu hialuronowego, krem g\u0142\u0119boko nawil\u017ca sk\u00f3r\u0119, pozostawiaj\u0105c j\u0105 g\u0142adk\u0105 i elastyczn\u0105.<br \/>\nOchrona barierowa: Ceramidy wzmacniaj\u0105 barier\u0119 ochronn\u0105 sk\u00f3ry, zapobiegaj\u0105c utracie wody i chroni\u0105c przed szkodliwymi czynnikami zewn\u0119trznymi.<br \/>\nOd\u017cywienie: Ekstrakt z moringi dostarcza sk\u00f3rze niezb\u0119dnych sk\u0142adnik\u00f3w od\u017cywczych, poprawiaj\u0105c jej og\u00f3ln\u0105 kondycj\u0119 i wygl\u0105d.<br \/>\n\u0141agodzenie podra\u017cnie\u0144: Produkt pomaga w redukcji zaczerwienie\u0144 i podra\u017cnie\u0144, dzia\u0142aj\u0105c koj\u0105co na sk\u00f3r\u0119.<\/p>\n<p>Spos\u00f3b u\u017cycia:<br \/>\nOczy\u015b\u0107 twarz delikatnym \u015brodkiem myj\u0105cym.<br \/>\nNa\u0142\u00f3\u017c tonik, aby przygotowa\u0107 sk\u00f3r\u0119 do lepszego wch\u0142aniania kremu.<br \/>\nNa\u0142\u00f3\u017c odpowiedni\u0105 ilo\u015b\u0107 kremu na twarz i delikatnie wmasuj w sk\u00f3r\u0119, a\u017c do ca\u0142kowitego wch\u0142oni\u0119cia.<br \/>\nStosuj rano i wieczorem, aby uzyska\u0107 najlepsze rezultaty.<br \/>\nTen krem jest odpowiedni do codziennego stosowania i mo\u017ce by\u0107 u\u017cywany jako baza pod makija\u017c. Idealny dla wszystkich typ\u00f3w sk\u00f3ry, szczeg\u00f3lnie dla os\u00f3b z such\u0105 i wra\u017cliw\u0105 cer\u0105.<\/p>\n<p>HEIMISH Moringa Ceramide Hyaluronic Hydrating Cream to kompleksowy produkt, kt\u00f3ry dostarcza sk\u00f3rze intensywne nawil\u017cenie, od\u017cywienie i ochron\u0119. Dzi\u0119ki naturalnym sk\u0142adnikom, takim jak moringa i ceramidy, krem poprawia kondycj\u0119 sk\u00f3ry, sprawiaj\u0105c, \u017ce staje si\u0119 ona bardziej j\u0119drna, g\u0142adka i promienna.<\/p>\n","protected":false},"excerpt":{"rendered":"<p>HEIMISH Moringa Ceramide Hyaluronic Hydrating Cream to wyj\u0105tkowy krem nawil\u017caj\u0105cy, kt\u00f3ry \u0142\u0105czy w sobie moc naturalnych sk\u0142adnik\u00f3w, takich jak moringa i ceramidy, aby zapewni\u0107 intensywne nawil\u017cenie i ochron\u0119 sk\u00f3ry. Produkt jest idealny dla os\u00f3b z such\u0105 i odwodnion\u0105 sk\u00f3r\u0105, kt\u00f3ra potrzebuje dodatkowego wsparcia w utrzymaniu odpowiedniego poziomu nawodnienia. Korzy\u015bci dla sk\u00f3ry: Intensywne nawil\u017cenie: Dzi\u0119ki zawarto\u015bci &#8230; <a title=\"HEIMISH Moringa Ceramide Hyaluronic Hydrating Cream 50 ml &#8211; Nawil\u017caj\u0105cy krem z moring\u0105 i ceramidami\" class=\"read-more\" href=\"https:\/\/admincentral.selleetools.com\/pl\/product\/heimish-moringa-ceramide-hyaluronic-hydrating-cream-50-ml-nawilzajacy-krem-z-moringa-i-ceramidami\/\">Read more<span class=\"screen-reader-text\">HEIMISH Moringa Ceramide Hyaluronic Hydrating Cream 50 ml &#8211; Nawil\u017caj\u0105cy krem z moring\u0105 i ceramidami<\/span><\/a><\/p>\n","protected":false},"featured_media":600027,"comment_status":"open","ping_status":"closed","template":"","meta":{"_links_to":"","_links_to_target":""},"yoast_head":"<!-- This site is optimized with the Yoast SEO plugin v19.4 - https:\/\/yoast.com\/wordpress\/plugins\/seo\/ -->\n<title>HEIMISH Moringa Ceramide Hyaluronic Hydrating Cream 50 ml - Nawil\u017caj\u0105cy krem z moring\u0105 i ceramidami - Selleetools.com<\/title>\n<meta name=\"robots\" content=\"index, follow, max-snippet:-1, max-image-preview:large, max-video-preview:-1\" \/>\n<link rel=\"canonical\" href=\"https:\/\/selleetools.com\/pl\/product\/heimish-moringa-ceramide-hyaluronic-hydrating-cream-50-ml-nawilzajacy-krem-z-moringa-i-ceramidami\/\" \/>\n<meta property=\"og:locale\" content=\"pl_PL\" \/>\n<meta property=\"og:type\" content=\"article\" \/>\n<meta property=\"og:title\" content=\"HEIMISH Moringa Ceramide Hyaluronic Hydrating Cream 50 ml - Nawil\u017caj\u0105cy krem z moring\u0105 i ceramidami - Selleetools.com\" \/>\n<meta property=\"og:description\" content=\"HEIMISH Moringa Ceramide Hyaluronic Hydrating Cream to wyj\u0105tkowy krem nawil\u017caj\u0105cy, kt\u00f3ry \u0142\u0105czy w sobie moc naturalnych sk\u0142adnik\u00f3w, takich jak moringa i ceramidy, aby zapewni\u0107 intensywne nawil\u017cenie i ochron\u0119 sk\u00f3ry. Produkt jest idealny dla os\u00f3b z such\u0105 i odwodnion\u0105 sk\u00f3r\u0105, kt\u00f3ra potrzebuje dodatkowego wsparcia w utrzymaniu odpowiedniego poziomu nawodnienia. Korzy\u015bci dla sk\u00f3ry: Intensywne nawil\u017cenie: Dzi\u0119ki zawarto\u015bci ... Read moreHEIMISH Moringa Ceramide Hyaluronic Hydrating Cream 50 ml &#8211; Nawil\u017caj\u0105cy krem z moring\u0105 i ceramidami\" \/>\n<meta property=\"og:url\" content=\"https:\/\/selleetools.com\/pl\/product\/heimish-moringa-ceramide-hyaluronic-hydrating-cream-50-ml-nawilzajacy-krem-z-moringa-i-ceramidami\/\" \/>\n<meta property=\"og:site_name\" content=\"Selleetools.com\" \/>\n<meta property=\"article:modified_time\" content=\"2025-10-23T17:08:45+00:00\" \/>\n<meta property=\"og:image\" content=\"https:\/\/selleetools.com\/wp-content\/uploads\/2025\/10\/a5df02809590f0940acab64acd532096.jpg\" \/>\n\t<meta property=\"og:image:width\" content=\"1200\" \/>\n\t<meta property=\"og:image:height\" content=\"1200\" \/>\n\t<meta property=\"og:image:type\" content=\"image\/jpeg\" \/>\n<meta name=\"twitter:card\" content=\"summary_large_image\" \/>\n<meta name=\"twitter:label1\" content=\"Est. reading time\" \/>\n\t<meta name=\"twitter:data1\" content=\"1 minuta\" \/>\n<!-- \/ Yoast SEO plugin. -->","yoast_head_json":{"title":"HEIMISH Moringa Ceramide Hyaluronic Hydrating Cream 50 ml - Nawil\u017caj\u0105cy krem z moring\u0105 i ceramidami - Selleetools.com","robots":{"index":"index","follow":"follow","max-snippet":"max-snippet:-1","max-image-preview":"max-image-preview:large","max-video-preview":"max-video-preview:-1"},"canonical":"https:\/\/selleetools.com\/pl\/product\/heimish-moringa-ceramide-hyaluronic-hydrating-cream-50-ml-nawilzajacy-krem-z-moringa-i-ceramidami\/","og_locale":"pl_PL","og_type":"article","og_title":"HEIMISH Moringa Ceramide Hyaluronic Hydrating Cream 50 ml - Nawil\u017caj\u0105cy krem z moring\u0105 i ceramidami - Selleetools.com","og_description":"HEIMISH Moringa Ceramide Hyaluronic Hydrating Cream to wyj\u0105tkowy krem nawil\u017caj\u0105cy, kt\u00f3ry \u0142\u0105czy w sobie moc naturalnych sk\u0142adnik\u00f3w, takich jak moringa i ceramidy, aby zapewni\u0107 intensywne nawil\u017cenie i ochron\u0119 sk\u00f3ry. Produkt jest idealny dla os\u00f3b z such\u0105 i odwodnion\u0105 sk\u00f3r\u0105, kt\u00f3ra potrzebuje dodatkowego wsparcia w utrzymaniu odpowiedniego poziomu nawodnienia. Korzy\u015bci dla sk\u00f3ry: Intensywne nawil\u017cenie: Dzi\u0119ki zawarto\u015bci ... Read moreHEIMISH Moringa Ceramide Hyaluronic Hydrating Cream 50 ml &#8211; Nawil\u017caj\u0105cy krem z moring\u0105 i ceramidami","og_url":"https:\/\/selleetools.com\/pl\/product\/heimish-moringa-ceramide-hyaluronic-hydrating-cream-50-ml-nawilzajacy-krem-z-moringa-i-ceramidami\/","og_site_name":"Selleetools.com","article_modified_time":"2025-10-23T17:08:45+00:00","og_image":[{"width":1200,"height":1200,"url":"https:\/\/selleetools.com\/wp-content\/uploads\/2025\/10\/a5df02809590f0940acab64acd532096.jpg","type":"image\/jpeg"}],"twitter_card":"summary_large_image","twitter_misc":{"Est. reading time":"1 minuta"},"schema":{"@context":"https:\/\/schema.org","@graph":[{"@type":"Organization","@id":"https:\/\/selleetools.com\/#organization","name":"Selleetools","url":"https:\/\/selleetools.com\/","sameAs":[],"logo":{"@type":"ImageObject","inLanguage":"pl-PL","@id":"https:\/\/selleetools.com\/#\/schema\/logo\/image\/","url":"https:\/\/selleetools.com\/wp-content\/uploads\/2021\/10\/logo-dark.png","contentUrl":"https:\/\/selleetools.com\/wp-content\/uploads\/2021\/10\/logo-dark.png","width":320,"height":76,"caption":"Selleetools"},"image":{"@id":"https:\/\/selleetools.com\/#\/schema\/logo\/image\/"}},{"@type":"WebSite","@id":"https:\/\/selleetools.com\/#website","url":"https:\/\/selleetools.com\/","name":"Selleetools.com","description":"","publisher":{"@id":"https:\/\/selleetools.com\/#organization"},"potentialAction":[{"@type":"SearchAction","target":{"@type":"EntryPoint","urlTemplate":"https:\/\/selleetools.com\/?s={search_term_string}"},"query-input":"required name=search_term_string"}],"inLanguage":"pl-PL"},{"@type":"WebPage","@id":"https:\/\/selleetools.com\/pl\/product\/heimish-moringa-ceramide-hyaluronic-hydrating-cream-50-ml-nawilzajacy-krem-z-moringa-i-ceramidami\/","url":"https:\/\/selleetools.com\/pl\/product\/heimish-moringa-ceramide-hyaluronic-hydrating-cream-50-ml-nawilzajacy-krem-z-moringa-i-ceramidami\/","name":"HEIMISH Moringa Ceramide Hyaluronic Hydrating Cream 50 ml - Nawil\u017caj\u0105cy krem z moring\u0105 i ceramidami - Selleetools.com","isPartOf":{"@id":"https:\/\/selleetools.com\/#website"},"datePublished":"2025-10-22T07:17:42+00:00","dateModified":"2025-10-23T17:08:45+00:00","breadcrumb":{"@id":"https:\/\/selleetools.com\/pl\/product\/heimish-moringa-ceramide-hyaluronic-hydrating-cream-50-ml-nawilzajacy-krem-z-moringa-i-ceramidami\/#breadcrumb"},"inLanguage":"pl-PL","potentialAction":[{"@type":"ReadAction","target":["https:\/\/selleetools.com\/pl\/product\/heimish-moringa-ceramide-hyaluronic-hydrating-cream-50-ml-nawilzajacy-krem-z-moringa-i-ceramidami\/"]}]},{"@type":"BreadcrumbList","@id":"https:\/\/selleetools.com\/pl\/product\/heimish-moringa-ceramide-hyaluronic-hydrating-cream-50-ml-nawilzajacy-krem-z-moringa-i-ceramidami\/#breadcrumb","itemListElement":[{"@type":"ListItem","position":1,"name":"Home","item":"https:\/\/selleetools.com\/pl\/"},{"@type":"ListItem","position":2,"name":"Katalog","item":"https:\/\/selleetools.com\/pl\/katalog\/"},{"@type":"ListItem","position":3,"name":"HEIMISH Moringa Ceramide Hyaluronic Hydrating Cream 50 ml &#8211; Nawil\u017caj\u0105cy krem z moring\u0105 i ceramidami"}]}]}},"_links":{"self":[{"href":"https:\/\/admincentral.selleetools.com\/pl\/wp-json\/wp\/v2\/product\/600031"}],"collection":[{"href":"https:\/\/admincentral.selleetools.com\/pl\/wp-json\/wp\/v2\/product"}],"about":[{"href":"https:\/\/admincentral.selleetools.com\/pl\/wp-json\/wp\/v2\/types\/product"}],"replies":[{"embeddable":true,"href":"https:\/\/admincentral.selleetools.com\/pl\/wp-json\/wp\/v2\/comments?post=600031"}],"wp:featuredmedia":[{"embeddable":true,"href":"https:\/\/admincentral.selleetools.com\/pl\/wp-json\/wp\/v2\/media\/600027"}],"wp:attachment":[{"href":"https:\/\/admincentral.selleetools.com\/pl\/wp-json\/wp\/v2\/media?parent=600031"}],"curies":[{"name":"wp","href":"https:\/\/api.w.org\/{rel}","templated":true}]}}