{"id":600324,"date":"2025-10-22T09:22:41","date_gmt":"2025-10-22T07:22:41","guid":{"rendered":"https:\/\/selleetools.com\/?post_type=product&#038;p=600324"},"modified":"2025-12-26T16:59:27","modified_gmt":"2025-12-26T15:59:27","slug":"heimish-moringa-ceramide-bb-cream-spf-30-pa-29-dark-olive-30-g-nawilzajacy-krem-bb","status":"publish","type":"product","link":"https:\/\/admincentral.selleetools.com\/pl\/product\/heimish-moringa-ceramide-bb-cream-spf-30-pa-29-dark-olive-30-g-nawilzajacy-krem-bb\/","title":{"rendered":"Heimish Moringa Ceramide BB Cream SPF 30 PA++ 29 Dark Olive 30 g &#8211; Nawil\u017caj\u0105cy krem BB"},"content":{"rendered":"<p>Heimish Moringa Ceramide BB Cream to wielofunkcyjny kosmetyk, kt\u00f3ry \u0142\u0105czy w sobie w\u0142a\u015bciwo\u015bci kremu nawil\u017caj\u0105cego, podk\u0142adu oraz kremu z filtrem przeciws\u0142onecznym. Formu\u0142a zawiera ekstrakt z moringi, ceramidy i inne sk\u0142adniki piel\u0119gnuj\u0105ce, kt\u00f3re wspomagaj\u0105 nawil\u017cenie, regeneracj\u0119 i ochron\u0119 sk\u00f3ry. BB krem nadaje sk\u00f3rze jednolity kolor, kryje niedoskona\u0142o\u015bci i zapewnia naturalne, \u015bwietliste wyko\u0144czenie.<\/p>\n<p>Korzy\u015bci dla sk\u00f3ry:<br \/>\nNawil\u017cenie: Ceramidy pomagaj\u0105 utrzyma\u0107 odpowiedni poziom nawil\u017cenia sk\u00f3ry, zapobiegaj\u0105c jej przesuszeniu.<br \/>\nOchrona: SPF 30 PA++ chroni sk\u00f3r\u0119 przed szkodliwym dzia\u0142aniem promieni UV.<br \/>\nRegeneracja: Ekstrakt z moringi dzia\u0142a przeciwzapalnie i regeneruj\u0105co, wspieraj\u0105c zdrowy wygl\u0105d sk\u00f3ry.<br \/>\nJednolity kolor: BB krem maskuje niedoskona\u0142o\u015bci, takie jak zaczerwienienia, plamy i drobne linie, zapewniaj\u0105c r\u00f3wnomierny koloryt sk\u00f3ry.<br \/>\nNaturalne wyko\u0144czenie: Nadaje sk\u00f3rze delikatny, \u015bwietlisty wygl\u0105d, nie obci\u0105\u017caj\u0105c jej.<\/p>\n<p>Spos\u00f3b u\u017cycia:<br \/>\nNa\u0142\u00f3\u017c niewielk\u0105 ilo\u015b\u0107 kremu na twarz jako ostatni krok w porannej piel\u0119gnacji sk\u00f3ry.<br \/>\nRozprowad\u017a r\u00f3wnomiernie na ca\u0142ej twarzy za pomoc\u0105 palc\u00f3w, p\u0119dzla lub g\u0105bki do makija\u017cu.<br \/>\nAby uzyska\u0107 wi\u0119ksze krycie, na\u0142\u00f3\u017c dodatkow\u0105 warstw\u0119 w miejscach wymagaj\u0105cych wi\u0119kszej korekty.<br \/>\nStosuj codziennie, aby chroni\u0107 sk\u00f3r\u0119 przed promieniowaniem UV i utrzyma\u0107 jej zdrowy wygl\u0105d.<\/p>\n<p>Heimish Moringa Ceramide BB Cream SPF 30 PA++ to idealne rozwi\u0105zanie dla os\u00f3b poszukuj\u0105cych wielofunkcyjnego kosmetyku, kt\u00f3ry zadba o nawil\u017cenie, ochron\u0119 i jednolity koloryt sk\u00f3ry w jednym kroku.<\/p>\n","protected":false},"excerpt":{"rendered":"<p>Heimish Moringa Ceramide BB Cream to wielofunkcyjny kosmetyk, kt\u00f3ry \u0142\u0105czy w sobie w\u0142a\u015bciwo\u015bci kremu nawil\u017caj\u0105cego, podk\u0142adu oraz kremu z filtrem przeciws\u0142onecznym. Formu\u0142a zawiera ekstrakt z moringi, ceramidy i inne sk\u0142adniki piel\u0119gnuj\u0105ce, kt\u00f3re wspomagaj\u0105 nawil\u017cenie, regeneracj\u0119 i ochron\u0119 sk\u00f3ry. BB krem nadaje sk\u00f3rze jednolity kolor, kryje niedoskona\u0142o\u015bci i zapewnia naturalne, \u015bwietliste wyko\u0144czenie. Korzy\u015bci dla sk\u00f3ry: Nawil\u017cenie: &#8230; <a title=\"Heimish Moringa Ceramide BB Cream SPF 30 PA++ 29 Dark Olive 30 g &#8211; Nawil\u017caj\u0105cy krem BB\" class=\"read-more\" href=\"https:\/\/admincentral.selleetools.com\/pl\/product\/heimish-moringa-ceramide-bb-cream-spf-30-pa-29-dark-olive-30-g-nawilzajacy-krem-bb\/\">Read more<span class=\"screen-reader-text\">Heimish Moringa Ceramide BB Cream SPF 30 PA++ 29 Dark Olive 30 g &#8211; Nawil\u017caj\u0105cy krem BB<\/span><\/a><\/p>\n","protected":false},"featured_media":600322,"comment_status":"open","ping_status":"closed","template":"","meta":{"_links_to":"","_links_to_target":""},"yoast_head":"<!-- This site is optimized with the Yoast SEO plugin v19.4 - https:\/\/yoast.com\/wordpress\/plugins\/seo\/ -->\n<title>Heimish Moringa Ceramide BB Cream SPF 30 PA++ 29 Dark Olive 30 g - Nawil\u017caj\u0105cy krem BB - Selleetools.com<\/title>\n<meta name=\"robots\" content=\"index, follow, max-snippet:-1, max-image-preview:large, max-video-preview:-1\" \/>\n<link rel=\"canonical\" href=\"https:\/\/admincentral.selleetools.com\/pl\/product\/heimish-moringa-ceramide-bb-cream-spf-30-pa-29-dark-olive-30-g-nawilzajacy-krem-bb\/\" \/>\n<meta property=\"og:locale\" content=\"pl_PL\" \/>\n<meta property=\"og:type\" content=\"article\" \/>\n<meta property=\"og:title\" content=\"Heimish Moringa Ceramide BB Cream SPF 30 PA++ 29 Dark Olive 30 g - Nawil\u017caj\u0105cy krem BB - Selleetools.com\" \/>\n<meta property=\"og:description\" content=\"Heimish Moringa Ceramide BB Cream to wielofunkcyjny kosmetyk, kt\u00f3ry \u0142\u0105czy w sobie w\u0142a\u015bciwo\u015bci kremu nawil\u017caj\u0105cego, podk\u0142adu oraz kremu z filtrem przeciws\u0142onecznym. Formu\u0142a zawiera ekstrakt z moringi, ceramidy i inne sk\u0142adniki piel\u0119gnuj\u0105ce, kt\u00f3re wspomagaj\u0105 nawil\u017cenie, regeneracj\u0119 i ochron\u0119 sk\u00f3ry. BB krem nadaje sk\u00f3rze jednolity kolor, kryje niedoskona\u0142o\u015bci i zapewnia naturalne, \u015bwietliste wyko\u0144czenie. Korzy\u015bci dla sk\u00f3ry: Nawil\u017cenie: ... Read moreHeimish Moringa Ceramide BB Cream SPF 30 PA++ 29 Dark Olive 30 g &#8211; Nawil\u017caj\u0105cy krem BB\" \/>\n<meta property=\"og:url\" content=\"https:\/\/admincentral.selleetools.com\/pl\/product\/heimish-moringa-ceramide-bb-cream-spf-30-pa-29-dark-olive-30-g-nawilzajacy-krem-bb\/\" \/>\n<meta property=\"og:site_name\" content=\"Selleetools.com\" \/>\n<meta property=\"article:modified_time\" content=\"2025-12-26T15:59:27+00:00\" \/>\n<meta property=\"og:image\" content=\"https:\/\/selleetools.com\/wp-content\/uploads\/2025\/10\/f3c27477afb838f75b07f2737b065371.jpg\" \/>\n\t<meta property=\"og:image:width\" content=\"1080\" \/>\n\t<meta property=\"og:image:height\" content=\"1080\" \/>\n\t<meta property=\"og:image:type\" content=\"image\/jpeg\" \/>\n<meta name=\"twitter:card\" content=\"summary_large_image\" \/>\n<meta name=\"twitter:label1\" content=\"Est. reading time\" \/>\n\t<meta name=\"twitter:data1\" content=\"1 minuta\" \/>\n<!-- \/ Yoast SEO plugin. -->","yoast_head_json":{"title":"Heimish Moringa Ceramide BB Cream SPF 30 PA++ 29 Dark Olive 30 g - Nawil\u017caj\u0105cy krem BB - Selleetools.com","robots":{"index":"index","follow":"follow","max-snippet":"max-snippet:-1","max-image-preview":"max-image-preview:large","max-video-preview":"max-video-preview:-1"},"canonical":"https:\/\/admincentral.selleetools.com\/pl\/product\/heimish-moringa-ceramide-bb-cream-spf-30-pa-29-dark-olive-30-g-nawilzajacy-krem-bb\/","og_locale":"pl_PL","og_type":"article","og_title":"Heimish Moringa Ceramide BB Cream SPF 30 PA++ 29 Dark Olive 30 g - Nawil\u017caj\u0105cy krem BB - Selleetools.com","og_description":"Heimish Moringa Ceramide BB Cream to wielofunkcyjny kosmetyk, kt\u00f3ry \u0142\u0105czy w sobie w\u0142a\u015bciwo\u015bci kremu nawil\u017caj\u0105cego, podk\u0142adu oraz kremu z filtrem przeciws\u0142onecznym. Formu\u0142a zawiera ekstrakt z moringi, ceramidy i inne sk\u0142adniki piel\u0119gnuj\u0105ce, kt\u00f3re wspomagaj\u0105 nawil\u017cenie, regeneracj\u0119 i ochron\u0119 sk\u00f3ry. BB krem nadaje sk\u00f3rze jednolity kolor, kryje niedoskona\u0142o\u015bci i zapewnia naturalne, \u015bwietliste wyko\u0144czenie. Korzy\u015bci dla sk\u00f3ry: Nawil\u017cenie: ... Read moreHeimish Moringa Ceramide BB Cream SPF 30 PA++ 29 Dark Olive 30 g &#8211; Nawil\u017caj\u0105cy krem BB","og_url":"https:\/\/admincentral.selleetools.com\/pl\/product\/heimish-moringa-ceramide-bb-cream-spf-30-pa-29-dark-olive-30-g-nawilzajacy-krem-bb\/","og_site_name":"Selleetools.com","article_modified_time":"2025-12-26T15:59:27+00:00","og_image":[{"width":1080,"height":1080,"url":"https:\/\/selleetools.com\/wp-content\/uploads\/2025\/10\/f3c27477afb838f75b07f2737b065371.jpg","type":"image\/jpeg"}],"twitter_card":"summary_large_image","twitter_misc":{"Est. reading time":"1 minuta"},"schema":{"@context":"https:\/\/schema.org","@graph":[{"@type":"Organization","@id":"https:\/\/selleetools.com\/#organization","name":"Selleetools","url":"https:\/\/selleetools.com\/","sameAs":[],"logo":{"@type":"ImageObject","inLanguage":"pl-PL","@id":"https:\/\/selleetools.com\/#\/schema\/logo\/image\/","url":"https:\/\/selleetools.com\/wp-content\/uploads\/2021\/10\/logo-dark.png","contentUrl":"https:\/\/selleetools.com\/wp-content\/uploads\/2021\/10\/logo-dark.png","width":320,"height":76,"caption":"Selleetools"},"image":{"@id":"https:\/\/selleetools.com\/#\/schema\/logo\/image\/"}},{"@type":"WebSite","@id":"https:\/\/selleetools.com\/#website","url":"https:\/\/selleetools.com\/","name":"Selleetools.com","description":"","publisher":{"@id":"https:\/\/selleetools.com\/#organization"},"potentialAction":[{"@type":"SearchAction","target":{"@type":"EntryPoint","urlTemplate":"https:\/\/selleetools.com\/?s={search_term_string}"},"query-input":"required name=search_term_string"}],"inLanguage":"pl-PL"},{"@type":"WebPage","@id":"https:\/\/admincentral.selleetools.com\/pl\/product\/heimish-moringa-ceramide-bb-cream-spf-30-pa-29-dark-olive-30-g-nawilzajacy-krem-bb\/","url":"https:\/\/admincentral.selleetools.com\/pl\/product\/heimish-moringa-ceramide-bb-cream-spf-30-pa-29-dark-olive-30-g-nawilzajacy-krem-bb\/","name":"Heimish Moringa Ceramide BB Cream SPF 30 PA++ 29 Dark Olive 30 g - Nawil\u017caj\u0105cy krem BB - Selleetools.com","isPartOf":{"@id":"https:\/\/selleetools.com\/#website"},"datePublished":"2025-10-22T07:22:41+00:00","dateModified":"2025-12-26T15:59:27+00:00","breadcrumb":{"@id":"https:\/\/admincentral.selleetools.com\/pl\/product\/heimish-moringa-ceramide-bb-cream-spf-30-pa-29-dark-olive-30-g-nawilzajacy-krem-bb\/#breadcrumb"},"inLanguage":"pl-PL","potentialAction":[{"@type":"ReadAction","target":["https:\/\/admincentral.selleetools.com\/pl\/product\/heimish-moringa-ceramide-bb-cream-spf-30-pa-29-dark-olive-30-g-nawilzajacy-krem-bb\/"]}]},{"@type":"BreadcrumbList","@id":"https:\/\/admincentral.selleetools.com\/pl\/product\/heimish-moringa-ceramide-bb-cream-spf-30-pa-29-dark-olive-30-g-nawilzajacy-krem-bb\/#breadcrumb","itemListElement":[{"@type":"ListItem","position":1,"name":"Home","item":"https:\/\/selleetools.com\/pl\/"},{"@type":"ListItem","position":2,"name":"Katalog","item":"https:\/\/selleetools.com\/pl\/katalog\/"},{"@type":"ListItem","position":3,"name":"Heimish Moringa Ceramide BB Cream SPF 30 PA++ 29 Dark Olive 30 g &#8211; Nawil\u017caj\u0105cy krem BB"}]}]}},"_links":{"self":[{"href":"https:\/\/admincentral.selleetools.com\/pl\/wp-json\/wp\/v2\/product\/600324"}],"collection":[{"href":"https:\/\/admincentral.selleetools.com\/pl\/wp-json\/wp\/v2\/product"}],"about":[{"href":"https:\/\/admincentral.selleetools.com\/pl\/wp-json\/wp\/v2\/types\/product"}],"replies":[{"embeddable":true,"href":"https:\/\/admincentral.selleetools.com\/pl\/wp-json\/wp\/v2\/comments?post=600324"}],"wp:featuredmedia":[{"embeddable":true,"href":"https:\/\/admincentral.selleetools.com\/pl\/wp-json\/wp\/v2\/media\/600322"}],"wp:attachment":[{"href":"https:\/\/admincentral.selleetools.com\/pl\/wp-json\/wp\/v2\/media?parent=600324"}],"curies":[{"name":"wp","href":"https:\/\/api.w.org\/{rel}","templated":true}]}}