{"id":600390,"date":"2025-10-22T09:24:39","date_gmt":"2025-10-22T07:24:39","guid":{"rendered":"https:\/\/selleetools.com\/?post_type=product&#038;p=600390"},"modified":"2025-10-23T19:55:43","modified_gmt":"2025-10-23T17:55:43","slug":"abib-sedum-hyaluron-pad-hydrating-touch-75-pads-nawilzajace-platki-z-hialuronem","status":"publish","type":"product","link":"https:\/\/admincentral.selleetools.com\/pl\/product\/abib-sedum-hyaluron-pad-hydrating-touch-75-pads-nawilzajace-platki-z-hialuronem\/","title":{"rendered":"ABIB Sedum Hyaluron Pad Hydrating Touch 75 Pads &#8211; Nawil\u017caj\u0105ce p\u0142atki z hialuronem"},"content":{"rendered":"<p>ABIB Sedum Hyaluron Pad Hydrating Touch to innowacyjny produkt piel\u0119gnacyjny, kt\u00f3ry \u0142\u0105czy w sobie nawil\u017caj\u0105ce i od\u017cywcze w\u0142a\u015bciwo\u015bci dla Twojej sk\u00f3ry. Nas\u0105czone delikatnym roztworem, te bawe\u0142niane p\u0142atki skutecznie nawil\u017caj\u0105, wyg\u0142adzaj\u0105 i od\u015bwie\u017caj\u0105 sk\u00f3r\u0119.<\/p>\n<p>Korzy\u015bci dla sk\u00f3ry:<br \/>\nG\u0142\u0119bokie nawil\u017cenie dzi\u0119ki zawarto\u015bci kwasu hialuronowego<br \/>\nWyg\u0142adzenie i uj\u0119drnienie sk\u00f3ry<br \/>\nRedukcja uczucia sucho\u015bci i napi\u0119cia<br \/>\nPoprawa elastyczno\u015bci i promienno\u015bci cery<\/p>\n<p>Spos\u00f3b u\u017cycia:<br \/>\nWyjmij jeden p\u0142atek z opakowania.<br \/>\nDelikatnie przetrzyj nim ca\u0142\u0105 powierzchni\u0119 twarzy, unikaj\u0105c okolic oczu.<br \/>\nPozostaw resztki esencji na sk\u00f3rze, aby mog\u0142y si\u0119 wch\u0142on\u0105\u0107.<br \/>\nU\u017cywaj rano i wieczorem jako cz\u0119\u015b\u0107 codziennej rutyny piel\u0119gnacyjnej.<\/p>\n<p>P\u0142atki ABIB Sedum Hyaluron Pad s\u0105 idealnym dodatkiem do ka\u017cdej rutyny piel\u0119gnacyjnej, zapewniaj\u0105c szybkie i efektywne nawil\u017cenie oraz od\u015bwie\u017cenie sk\u00f3ry.<\/p>\n","protected":false},"excerpt":{"rendered":"<p>ABIB Sedum Hyaluron Pad Hydrating Touch to innowacyjny produkt piel\u0119gnacyjny, kt\u00f3ry \u0142\u0105czy w sobie nawil\u017caj\u0105ce i od\u017cywcze w\u0142a\u015bciwo\u015bci dla Twojej sk\u00f3ry. Nas\u0105czone delikatnym roztworem, te bawe\u0142niane p\u0142atki skutecznie nawil\u017caj\u0105, wyg\u0142adzaj\u0105 i od\u015bwie\u017caj\u0105 sk\u00f3r\u0119. Korzy\u015bci dla sk\u00f3ry: G\u0142\u0119bokie nawil\u017cenie dzi\u0119ki zawarto\u015bci kwasu hialuronowego Wyg\u0142adzenie i uj\u0119drnienie sk\u00f3ry Redukcja uczucia sucho\u015bci i napi\u0119cia Poprawa elastyczno\u015bci i promienno\u015bci &#8230; <a title=\"ABIB Sedum Hyaluron Pad Hydrating Touch 75 Pads &#8211; Nawil\u017caj\u0105ce p\u0142atki z hialuronem\" class=\"read-more\" href=\"https:\/\/admincentral.selleetools.com\/pl\/product\/abib-sedum-hyaluron-pad-hydrating-touch-75-pads-nawilzajace-platki-z-hialuronem\/\">Read more<span class=\"screen-reader-text\">ABIB Sedum Hyaluron Pad Hydrating Touch 75 Pads &#8211; Nawil\u017caj\u0105ce p\u0142atki z hialuronem<\/span><\/a><\/p>\n","protected":false},"featured_media":600388,"comment_status":"open","ping_status":"closed","template":"","meta":{"_links_to":"","_links_to_target":""},"yoast_head":"<!-- This site is optimized with the Yoast SEO plugin v19.4 - https:\/\/yoast.com\/wordpress\/plugins\/seo\/ -->\n<title>ABIB Sedum Hyaluron Pad Hydrating Touch 75 Pads - Nawil\u017caj\u0105ce p\u0142atki z hialuronem - Selleetools.com<\/title>\n<meta name=\"robots\" content=\"index, follow, max-snippet:-1, max-image-preview:large, max-video-preview:-1\" \/>\n<link rel=\"canonical\" href=\"https:\/\/admincentral.selleetools.com\/product\/abib-sedum-hyaluron-pad-hydrating-touch-75-pads-nawilzajace-platki-z-hialuronem\/\" \/>\n<meta property=\"og:locale\" content=\"pl_PL\" \/>\n<meta property=\"og:type\" content=\"article\" \/>\n<meta property=\"og:title\" content=\"ABIB Sedum Hyaluron Pad Hydrating Touch 75 Pads - Nawil\u017caj\u0105ce p\u0142atki z hialuronem - Selleetools.com\" \/>\n<meta property=\"og:description\" content=\"ABIB Sedum Hyaluron Pad Hydrating Touch to innowacyjny produkt piel\u0119gnacyjny, kt\u00f3ry \u0142\u0105czy w sobie nawil\u017caj\u0105ce i od\u017cywcze w\u0142a\u015bciwo\u015bci dla Twojej sk\u00f3ry. Nas\u0105czone delikatnym roztworem, te bawe\u0142niane p\u0142atki skutecznie nawil\u017caj\u0105, wyg\u0142adzaj\u0105 i od\u015bwie\u017caj\u0105 sk\u00f3r\u0119. Korzy\u015bci dla sk\u00f3ry: G\u0142\u0119bokie nawil\u017cenie dzi\u0119ki zawarto\u015bci kwasu hialuronowego Wyg\u0142adzenie i uj\u0119drnienie sk\u00f3ry Redukcja uczucia sucho\u015bci i napi\u0119cia Poprawa elastyczno\u015bci i promienno\u015bci ... Read moreABIB Sedum Hyaluron Pad Hydrating Touch 75 Pads &#8211; Nawil\u017caj\u0105ce p\u0142atki z hialuronem\" \/>\n<meta property=\"og:url\" content=\"https:\/\/admincentral.selleetools.com\/product\/abib-sedum-hyaluron-pad-hydrating-touch-75-pads-nawilzajace-platki-z-hialuronem\/\" \/>\n<meta property=\"og:site_name\" content=\"Selleetools.com\" \/>\n<meta property=\"article:modified_time\" content=\"2025-10-23T17:55:43+00:00\" \/>\n<meta property=\"og:image\" content=\"https:\/\/selleetools.com\/wp-content\/uploads\/2025\/10\/2afb6150b9fcbda35347caccd8403adf.jpg\" \/>\n\t<meta property=\"og:image:width\" content=\"595\" \/>\n\t<meta property=\"og:image:height\" content=\"608\" \/>\n\t<meta property=\"og:image:type\" content=\"image\/jpeg\" \/>\n<meta name=\"twitter:card\" content=\"summary_large_image\" \/>\n<meta name=\"twitter:label1\" content=\"Est. reading time\" \/>\n\t<meta name=\"twitter:data1\" content=\"1 minuta\" \/>\n<!-- \/ Yoast SEO plugin. -->","yoast_head_json":{"title":"ABIB Sedum Hyaluron Pad Hydrating Touch 75 Pads - Nawil\u017caj\u0105ce p\u0142atki z hialuronem - Selleetools.com","robots":{"index":"index","follow":"follow","max-snippet":"max-snippet:-1","max-image-preview":"max-image-preview:large","max-video-preview":"max-video-preview:-1"},"canonical":"https:\/\/admincentral.selleetools.com\/product\/abib-sedum-hyaluron-pad-hydrating-touch-75-pads-nawilzajace-platki-z-hialuronem\/","og_locale":"pl_PL","og_type":"article","og_title":"ABIB Sedum Hyaluron Pad Hydrating Touch 75 Pads - Nawil\u017caj\u0105ce p\u0142atki z hialuronem - Selleetools.com","og_description":"ABIB Sedum Hyaluron Pad Hydrating Touch to innowacyjny produkt piel\u0119gnacyjny, kt\u00f3ry \u0142\u0105czy w sobie nawil\u017caj\u0105ce i od\u017cywcze w\u0142a\u015bciwo\u015bci dla Twojej sk\u00f3ry. Nas\u0105czone delikatnym roztworem, te bawe\u0142niane p\u0142atki skutecznie nawil\u017caj\u0105, wyg\u0142adzaj\u0105 i od\u015bwie\u017caj\u0105 sk\u00f3r\u0119. Korzy\u015bci dla sk\u00f3ry: G\u0142\u0119bokie nawil\u017cenie dzi\u0119ki zawarto\u015bci kwasu hialuronowego Wyg\u0142adzenie i uj\u0119drnienie sk\u00f3ry Redukcja uczucia sucho\u015bci i napi\u0119cia Poprawa elastyczno\u015bci i promienno\u015bci ... Read moreABIB Sedum Hyaluron Pad Hydrating Touch 75 Pads &#8211; Nawil\u017caj\u0105ce p\u0142atki z hialuronem","og_url":"https:\/\/admincentral.selleetools.com\/product\/abib-sedum-hyaluron-pad-hydrating-touch-75-pads-nawilzajace-platki-z-hialuronem\/","og_site_name":"Selleetools.com","article_modified_time":"2025-10-23T17:55:43+00:00","og_image":[{"width":595,"height":608,"url":"https:\/\/selleetools.com\/wp-content\/uploads\/2025\/10\/2afb6150b9fcbda35347caccd8403adf.jpg","type":"image\/jpeg"}],"twitter_card":"summary_large_image","twitter_misc":{"Est. reading time":"1 minuta"},"schema":{"@context":"https:\/\/schema.org","@graph":[{"@type":"Organization","@id":"https:\/\/selleetools.com\/#organization","name":"Selleetools","url":"https:\/\/selleetools.com\/","sameAs":[],"logo":{"@type":"ImageObject","inLanguage":"pl-PL","@id":"https:\/\/selleetools.com\/#\/schema\/logo\/image\/","url":"https:\/\/selleetools.com\/wp-content\/uploads\/2021\/10\/logo-dark.png","contentUrl":"https:\/\/selleetools.com\/wp-content\/uploads\/2021\/10\/logo-dark.png","width":320,"height":76,"caption":"Selleetools"},"image":{"@id":"https:\/\/selleetools.com\/#\/schema\/logo\/image\/"}},{"@type":"WebSite","@id":"https:\/\/selleetools.com\/#website","url":"https:\/\/selleetools.com\/","name":"Selleetools.com","description":"","publisher":{"@id":"https:\/\/selleetools.com\/#organization"},"potentialAction":[{"@type":"SearchAction","target":{"@type":"EntryPoint","urlTemplate":"https:\/\/selleetools.com\/?s={search_term_string}"},"query-input":"required name=search_term_string"}],"inLanguage":"pl-PL"},{"@type":"WebPage","@id":"https:\/\/admincentral.selleetools.com\/product\/abib-sedum-hyaluron-pad-hydrating-touch-75-pads-nawilzajace-platki-z-hialuronem\/","url":"https:\/\/admincentral.selleetools.com\/product\/abib-sedum-hyaluron-pad-hydrating-touch-75-pads-nawilzajace-platki-z-hialuronem\/","name":"ABIB Sedum Hyaluron Pad Hydrating Touch 75 Pads - Nawil\u017caj\u0105ce p\u0142atki z hialuronem - Selleetools.com","isPartOf":{"@id":"https:\/\/selleetools.com\/#website"},"datePublished":"2025-10-22T07:24:39+00:00","dateModified":"2025-10-23T17:55:43+00:00","breadcrumb":{"@id":"https:\/\/admincentral.selleetools.com\/product\/abib-sedum-hyaluron-pad-hydrating-touch-75-pads-nawilzajace-platki-z-hialuronem\/#breadcrumb"},"inLanguage":"pl-PL","potentialAction":[{"@type":"ReadAction","target":["https:\/\/admincentral.selleetools.com\/product\/abib-sedum-hyaluron-pad-hydrating-touch-75-pads-nawilzajace-platki-z-hialuronem\/"]}]},{"@type":"BreadcrumbList","@id":"https:\/\/admincentral.selleetools.com\/product\/abib-sedum-hyaluron-pad-hydrating-touch-75-pads-nawilzajace-platki-z-hialuronem\/#breadcrumb","itemListElement":[{"@type":"ListItem","position":1,"name":"Home","item":"https:\/\/selleetools.com\/pl\/"},{"@type":"ListItem","position":2,"name":"Katalog","item":"https:\/\/selleetools.com\/pl\/katalog\/"},{"@type":"ListItem","position":3,"name":"ABIB Sedum Hyaluron Pad Hydrating Touch 75 Pads &#8211; Nawil\u017caj\u0105ce p\u0142atki z hialuronem"}]}]}},"_links":{"self":[{"href":"https:\/\/admincentral.selleetools.com\/pl\/wp-json\/wp\/v2\/product\/600390"}],"collection":[{"href":"https:\/\/admincentral.selleetools.com\/pl\/wp-json\/wp\/v2\/product"}],"about":[{"href":"https:\/\/admincentral.selleetools.com\/pl\/wp-json\/wp\/v2\/types\/product"}],"replies":[{"embeddable":true,"href":"https:\/\/admincentral.selleetools.com\/pl\/wp-json\/wp\/v2\/comments?post=600390"}],"wp:featuredmedia":[{"embeddable":true,"href":"https:\/\/admincentral.selleetools.com\/pl\/wp-json\/wp\/v2\/media\/600388"}],"wp:attachment":[{"href":"https:\/\/admincentral.selleetools.com\/pl\/wp-json\/wp\/v2\/media?parent=600390"}],"curies":[{"name":"wp","href":"https:\/\/api.w.org\/{rel}","templated":true}]}}