{"id":602922,"date":"2025-10-23T14:15:57","date_gmt":"2025-10-23T12:15:57","guid":{"rendered":"https:\/\/selleetools.com\/?post_type=product&#038;p=602922"},"modified":"2025-11-03T17:09:41","modified_gmt":"2025-11-03T16:09:41","slug":"beauty-of-joseon-revive-eye-serum-ginseng-retinal-30-ml-przeciwstarzeniowe-serum-pod-oczy","status":"publish","type":"product","link":"https:\/\/admincentral.selleetools.com\/pl\/product\/beauty-of-joseon-revive-eye-serum-ginseng-retinal-30-ml-przeciwstarzeniowe-serum-pod-oczy\/","title":{"rendered":"Beauty of Joseon Revive Eye Serum : Ginseng + Retinal 30 ml &#8211; Przeciwstarzeniowe serum pod oczy"},"content":{"rendered":"<p style=\"text-align: justify; caret-color: rgb(0, 0, 0); color: rgb(0, 0, 0);\"><font style=\"font-size: 12px;\"><strong>Beauty of Joseon Revive Eye Serum<\/strong>\u00a0to zaawansowane serum pod oczy, kt\u00f3re pomaga w walce z oznakami starzenia i zm\u0119czenia. Dzi\u0119ki zawarto\u015bci wyci\u0105gu z \u017ce\u0144-szenia i retinalu, serum intensywnie nawil\u017ca, redukuje zmarszczki oraz cienie pod oczami, poprawiaj\u0105c og\u00f3ln\u0105 elastyczno\u015b\u0107 i j\u0119drno\u015b\u0107 sk\u00f3ry wok\u00f3\u0142 oczu.<\/font><\/p>\n<p style=\"caret-color: rgb(0, 0, 0); color: rgb(0, 0, 0);\"><font style=\"font-size: 12px;\"><strong>Korzy\u015bci dla sk\u00f3ry<\/strong>:<\/font><\/p>\n<ul style=\"caret-color: rgb(0, 0, 0); color: rgb(0, 0, 0);\">\n<li><font style=\"font-size: 12px;\">Wyg\u0142adza i redukuje widoczno\u015b\u0107 zmarszczek<\/font><\/li>\n<li><font style=\"font-size: 12px;\">Zmniejsza cienie i opuchlizn\u0119 pod oczami<\/font><\/li>\n<li><font style=\"font-size: 12px;\">Nawil\u017ca i poprawia elastyczno\u015b\u0107 sk\u00f3ry<\/font><\/li>\n<\/ul>\n<p style=\"caret-color: rgb(0, 0, 0); color: rgb(0, 0, 0);\"><font style=\"font-size: 12px;\"><strong>Spos\u00f3b u\u017cycia<\/strong>: Na\u0142\u00f3\u017c niewielk\u0105 ilo\u015b\u0107 serum na sk\u00f3r\u0119 wok\u00f3\u0142 oczu, delikatnie wklepuj\u0105c opuszkami palc\u00f3w. Stosuj codziennie rano i wieczorem jako cz\u0119\u015b\u0107 rutynowej piel\u0119gnacji sk\u00f3ry.<\/font><\/p>\n","protected":false},"excerpt":{"rendered":"<p>Beauty of Joseon Revive Eye Serum\u00a0to zaawansowane serum pod oczy, kt\u00f3re pomaga w walce z oznakami starzenia i zm\u0119czenia. Dzi\u0119ki zawarto\u015bci wyci\u0105gu z \u017ce\u0144-szenia i retinalu, serum intensywnie nawil\u017ca, redukuje zmarszczki oraz cienie pod oczami, poprawiaj\u0105c og\u00f3ln\u0105 elastyczno\u015b\u0107 i j\u0119drno\u015b\u0107 sk\u00f3ry wok\u00f3\u0142 oczu. Korzy\u015bci dla sk\u00f3ry: Wyg\u0142adza i redukuje widoczno\u015b\u0107 zmarszczek Zmniejsza cienie i opuchlizn\u0119 &#8230; <a title=\"Beauty of Joseon Revive Eye Serum : Ginseng + Retinal 30 ml &#8211; Przeciwstarzeniowe serum pod oczy\" class=\"read-more\" href=\"https:\/\/admincentral.selleetools.com\/pl\/product\/beauty-of-joseon-revive-eye-serum-ginseng-retinal-30-ml-przeciwstarzeniowe-serum-pod-oczy\/\">Read more<span class=\"screen-reader-text\">Beauty of Joseon Revive Eye Serum : Ginseng + Retinal 30 ml &#8211; Przeciwstarzeniowe serum pod oczy<\/span><\/a><\/p>\n","protected":false},"featured_media":602920,"comment_status":"open","ping_status":"closed","template":"","meta":{"_links_to":"","_links_to_target":""},"yoast_head":"<!-- This site is optimized with the Yoast SEO plugin v19.4 - https:\/\/yoast.com\/wordpress\/plugins\/seo\/ -->\n<title>Beauty of Joseon Revive Eye Serum : Ginseng + Retinal 30 ml - Przeciwstarzeniowe serum pod oczy - Selleetools.com<\/title>\n<meta name=\"robots\" content=\"index, follow, max-snippet:-1, max-image-preview:large, max-video-preview:-1\" \/>\n<link rel=\"canonical\" href=\"https:\/\/admincentral.selleetools.com\/pl\/product\/beauty-of-joseon-revive-eye-serum-ginseng-retinal-30-ml-przeciwstarzeniowe-serum-pod-oczy\/\" \/>\n<meta property=\"og:locale\" content=\"pl_PL\" \/>\n<meta property=\"og:type\" content=\"article\" \/>\n<meta property=\"og:title\" content=\"Beauty of Joseon Revive Eye Serum : Ginseng + Retinal 30 ml - Przeciwstarzeniowe serum pod oczy - Selleetools.com\" \/>\n<meta property=\"og:description\" content=\"Beauty of Joseon Revive Eye Serum\u00a0to zaawansowane serum pod oczy, kt\u00f3re pomaga w walce z oznakami starzenia i zm\u0119czenia. Dzi\u0119ki zawarto\u015bci wyci\u0105gu z \u017ce\u0144-szenia i retinalu, serum intensywnie nawil\u017ca, redukuje zmarszczki oraz cienie pod oczami, poprawiaj\u0105c og\u00f3ln\u0105 elastyczno\u015b\u0107 i j\u0119drno\u015b\u0107 sk\u00f3ry wok\u00f3\u0142 oczu. Korzy\u015bci dla sk\u00f3ry: Wyg\u0142adza i redukuje widoczno\u015b\u0107 zmarszczek Zmniejsza cienie i opuchlizn\u0119 ... Read moreBeauty of Joseon Revive Eye Serum : Ginseng + Retinal 30 ml &#8211; Przeciwstarzeniowe serum pod oczy\" \/>\n<meta property=\"og:url\" content=\"https:\/\/admincentral.selleetools.com\/pl\/product\/beauty-of-joseon-revive-eye-serum-ginseng-retinal-30-ml-przeciwstarzeniowe-serum-pod-oczy\/\" \/>\n<meta property=\"og:site_name\" content=\"Selleetools.com\" \/>\n<meta property=\"article:modified_time\" content=\"2025-11-03T16:09:41+00:00\" \/>\n<meta property=\"og:image\" content=\"https:\/\/selleetools.com\/wp-content\/uploads\/2025\/10\/2dd0b77c89c70968e7fcb39fa3439234.jpg\" \/>\n\t<meta property=\"og:image:width\" content=\"600\" \/>\n\t<meta property=\"og:image:height\" content=\"600\" \/>\n\t<meta property=\"og:image:type\" content=\"image\/jpeg\" \/>\n<meta name=\"twitter:card\" content=\"summary_large_image\" \/>\n<meta name=\"twitter:label1\" content=\"Est. reading time\" \/>\n\t<meta name=\"twitter:data1\" content=\"1 minuta\" \/>\n<!-- \/ Yoast SEO plugin. -->","yoast_head_json":{"title":"Beauty of Joseon Revive Eye Serum : Ginseng + Retinal 30 ml - Przeciwstarzeniowe serum pod oczy - Selleetools.com","robots":{"index":"index","follow":"follow","max-snippet":"max-snippet:-1","max-image-preview":"max-image-preview:large","max-video-preview":"max-video-preview:-1"},"canonical":"https:\/\/admincentral.selleetools.com\/pl\/product\/beauty-of-joseon-revive-eye-serum-ginseng-retinal-30-ml-przeciwstarzeniowe-serum-pod-oczy\/","og_locale":"pl_PL","og_type":"article","og_title":"Beauty of Joseon Revive Eye Serum : Ginseng + Retinal 30 ml - Przeciwstarzeniowe serum pod oczy - Selleetools.com","og_description":"Beauty of Joseon Revive Eye Serum\u00a0to zaawansowane serum pod oczy, kt\u00f3re pomaga w walce z oznakami starzenia i zm\u0119czenia. Dzi\u0119ki zawarto\u015bci wyci\u0105gu z \u017ce\u0144-szenia i retinalu, serum intensywnie nawil\u017ca, redukuje zmarszczki oraz cienie pod oczami, poprawiaj\u0105c og\u00f3ln\u0105 elastyczno\u015b\u0107 i j\u0119drno\u015b\u0107 sk\u00f3ry wok\u00f3\u0142 oczu. Korzy\u015bci dla sk\u00f3ry: Wyg\u0142adza i redukuje widoczno\u015b\u0107 zmarszczek Zmniejsza cienie i opuchlizn\u0119 ... Read moreBeauty of Joseon Revive Eye Serum : Ginseng + Retinal 30 ml &#8211; Przeciwstarzeniowe serum pod oczy","og_url":"https:\/\/admincentral.selleetools.com\/pl\/product\/beauty-of-joseon-revive-eye-serum-ginseng-retinal-30-ml-przeciwstarzeniowe-serum-pod-oczy\/","og_site_name":"Selleetools.com","article_modified_time":"2025-11-03T16:09:41+00:00","og_image":[{"width":600,"height":600,"url":"https:\/\/selleetools.com\/wp-content\/uploads\/2025\/10\/2dd0b77c89c70968e7fcb39fa3439234.jpg","type":"image\/jpeg"}],"twitter_card":"summary_large_image","twitter_misc":{"Est. reading time":"1 minuta"},"schema":{"@context":"https:\/\/schema.org","@graph":[{"@type":"Organization","@id":"https:\/\/selleetools.com\/#organization","name":"Selleetools","url":"https:\/\/selleetools.com\/","sameAs":[],"logo":{"@type":"ImageObject","inLanguage":"pl-PL","@id":"https:\/\/selleetools.com\/#\/schema\/logo\/image\/","url":"https:\/\/selleetools.com\/wp-content\/uploads\/2021\/10\/logo-dark.png","contentUrl":"https:\/\/selleetools.com\/wp-content\/uploads\/2021\/10\/logo-dark.png","width":320,"height":76,"caption":"Selleetools"},"image":{"@id":"https:\/\/selleetools.com\/#\/schema\/logo\/image\/"}},{"@type":"WebSite","@id":"https:\/\/selleetools.com\/#website","url":"https:\/\/selleetools.com\/","name":"Selleetools.com","description":"","publisher":{"@id":"https:\/\/selleetools.com\/#organization"},"potentialAction":[{"@type":"SearchAction","target":{"@type":"EntryPoint","urlTemplate":"https:\/\/selleetools.com\/?s={search_term_string}"},"query-input":"required name=search_term_string"}],"inLanguage":"pl-PL"},{"@type":"WebPage","@id":"https:\/\/admincentral.selleetools.com\/pl\/product\/beauty-of-joseon-revive-eye-serum-ginseng-retinal-30-ml-przeciwstarzeniowe-serum-pod-oczy\/","url":"https:\/\/admincentral.selleetools.com\/pl\/product\/beauty-of-joseon-revive-eye-serum-ginseng-retinal-30-ml-przeciwstarzeniowe-serum-pod-oczy\/","name":"Beauty of Joseon Revive Eye Serum : Ginseng + Retinal 30 ml - Przeciwstarzeniowe serum pod oczy - Selleetools.com","isPartOf":{"@id":"https:\/\/selleetools.com\/#website"},"datePublished":"2025-10-23T12:15:57+00:00","dateModified":"2025-11-03T16:09:41+00:00","breadcrumb":{"@id":"https:\/\/admincentral.selleetools.com\/pl\/product\/beauty-of-joseon-revive-eye-serum-ginseng-retinal-30-ml-przeciwstarzeniowe-serum-pod-oczy\/#breadcrumb"},"inLanguage":"pl-PL","potentialAction":[{"@type":"ReadAction","target":["https:\/\/admincentral.selleetools.com\/pl\/product\/beauty-of-joseon-revive-eye-serum-ginseng-retinal-30-ml-przeciwstarzeniowe-serum-pod-oczy\/"]}]},{"@type":"BreadcrumbList","@id":"https:\/\/admincentral.selleetools.com\/pl\/product\/beauty-of-joseon-revive-eye-serum-ginseng-retinal-30-ml-przeciwstarzeniowe-serum-pod-oczy\/#breadcrumb","itemListElement":[{"@type":"ListItem","position":1,"name":"Home","item":"https:\/\/selleetools.com\/pl\/"},{"@type":"ListItem","position":2,"name":"Katalog","item":"https:\/\/selleetools.com\/pl\/katalog\/"},{"@type":"ListItem","position":3,"name":"Beauty of Joseon Revive Eye Serum : Ginseng + Retinal 30 ml &#8211; Przeciwstarzeniowe serum pod oczy"}]}]}},"_links":{"self":[{"href":"https:\/\/admincentral.selleetools.com\/pl\/wp-json\/wp\/v2\/product\/602922"}],"collection":[{"href":"https:\/\/admincentral.selleetools.com\/pl\/wp-json\/wp\/v2\/product"}],"about":[{"href":"https:\/\/admincentral.selleetools.com\/pl\/wp-json\/wp\/v2\/types\/product"}],"replies":[{"embeddable":true,"href":"https:\/\/admincentral.selleetools.com\/pl\/wp-json\/wp\/v2\/comments?post=602922"}],"wp:featuredmedia":[{"embeddable":true,"href":"https:\/\/admincentral.selleetools.com\/pl\/wp-json\/wp\/v2\/media\/602920"}],"wp:attachment":[{"href":"https:\/\/admincentral.selleetools.com\/pl\/wp-json\/wp\/v2\/media?parent=602922"}],"curies":[{"name":"wp","href":"https:\/\/api.w.org\/{rel}","templated":true}]}}