{"id":602955,"date":"2025-10-23T14:16:24","date_gmt":"2025-10-23T12:16:24","guid":{"rendered":"https:\/\/selleetools.com\/?post_type=product&#038;p=602955"},"modified":"2025-11-03T17:09:40","modified_gmt":"2025-11-03T16:09:40","slug":"beauty-of-joseon-radiance-cleansing-balm-100-ml-balsam-do-demakijazu","status":"publish","type":"product","link":"https:\/\/admincentral.selleetools.com\/pl\/product\/beauty-of-joseon-radiance-cleansing-balm-100-ml-balsam-do-demakijazu\/","title":{"rendered":"Beauty of Joseon Radiance Cleansing Balm, 100 ml &#8211; Balsam do demakija\u017cu"},"content":{"rendered":"<p style=\"text-align: justify; caret-color: rgb(0, 0, 0); color: rgb(0, 0, 0);\"><font style=\"font-size: 12px;\">Beauty of Joseon Radiance Cleansing Balm to luksusowy balsam do demakija\u017cu, kt\u00f3ry skutecznie usuwa makija\u017c, zanieczyszczenia i nadmiar sebum, pozostawiaj\u0105c sk\u00f3r\u0119 czyst\u0105, mi\u0119kk\u0105 i promienn\u0105. Jego bogata formu\u0142a rozpuszcza makija\u017c, a jednocze\u015bnie nawil\u017ca i od\u017cywia sk\u00f3r\u0119, nie powoduj\u0105c uczucia sucho\u015bci.<\/font><\/p>\n<h4 style=\"caret-color: rgb(0, 0, 0); color: rgb(0, 0, 0);\"><font style=\"font-size: 12px;\">Korzy\u015bci dla sk\u00f3ry:<\/font><\/h4>\n<ul style=\"caret-color: rgb(0, 0, 0); color: rgb(0, 0, 0);\">\n<li><font style=\"font-size: 12px;\"><strong>Skuteczne oczyszczanie<\/strong>: Usuwa wszelkie zanieczyszczenia, makija\u017c i sebum.<\/font><\/li>\n<li><font style=\"font-size: 12px;\"><strong>Nawil\u017cenie i od\u017cywienie<\/strong>: Pozostawia sk\u00f3r\u0119 mi\u0119kk\u0105 i nawil\u017con\u0105.<\/font><\/li>\n<li><font style=\"font-size: 12px;\"><strong>Promienny wygl\u0105d<\/strong>: Pomaga uzyska\u0107 zdrow\u0105, promienn\u0105 cer\u0119.<\/font><\/li>\n<\/ul>\n<h4 style=\"caret-color: rgb(0, 0, 0); color: rgb(0, 0, 0);\"><font style=\"font-size: 12px;\">Spos\u00f3b u\u017cycia:<\/font><\/h4>\n<p style=\"caret-color: rgb(0, 0, 0); color: rgb(0, 0, 0);\"><font style=\"font-size: 12px;\">Nabierz odpowiedni\u0105 ilo\u015b\u0107 balsamu na suche d\u0142onie i delikatnie masuj twarz, a\u017c balsam rozpu\u015bci makija\u017c i zanieczyszczenia. Nast\u0119pnie dodaj odrobin\u0119 wody, aby zamieni\u0107 balsam w mleczn\u0105 emulsj\u0119, a potem dok\u0142adnie sp\u0142ucz letni\u0105 wod\u0105. Stosuj codziennie wieczorem jako pierwszy krok w rutynie oczyszczania.<\/font><\/p>\n","protected":false},"excerpt":{"rendered":"<p>Beauty of Joseon Radiance Cleansing Balm to luksusowy balsam do demakija\u017cu, kt\u00f3ry skutecznie usuwa makija\u017c, zanieczyszczenia i nadmiar sebum, pozostawiaj\u0105c sk\u00f3r\u0119 czyst\u0105, mi\u0119kk\u0105 i promienn\u0105. Jego bogata formu\u0142a rozpuszcza makija\u017c, a jednocze\u015bnie nawil\u017ca i od\u017cywia sk\u00f3r\u0119, nie powoduj\u0105c uczucia sucho\u015bci. Korzy\u015bci dla sk\u00f3ry: Skuteczne oczyszczanie: Usuwa wszelkie zanieczyszczenia, makija\u017c i sebum. Nawil\u017cenie i od\u017cywienie: Pozostawia &#8230; <a title=\"Beauty of Joseon Radiance Cleansing Balm, 100 ml &#8211; Balsam do demakija\u017cu\" class=\"read-more\" href=\"https:\/\/admincentral.selleetools.com\/pl\/product\/beauty-of-joseon-radiance-cleansing-balm-100-ml-balsam-do-demakijazu\/\">Read more<span class=\"screen-reader-text\">Beauty of Joseon Radiance Cleansing Balm, 100 ml &#8211; Balsam do demakija\u017cu<\/span><\/a><\/p>\n","protected":false},"featured_media":602953,"comment_status":"open","ping_status":"closed","template":"","meta":{"_links_to":"","_links_to_target":""},"yoast_head":"<!-- This site is optimized with the Yoast SEO plugin v19.4 - https:\/\/yoast.com\/wordpress\/plugins\/seo\/ -->\n<title>Beauty of Joseon Radiance Cleansing Balm, 100 ml - Balsam do demakija\u017cu - Selleetools.com<\/title>\n<meta name=\"robots\" content=\"index, follow, max-snippet:-1, max-image-preview:large, max-video-preview:-1\" \/>\n<link rel=\"canonical\" href=\"https:\/\/selleetools.com\/pl\/product\/beauty-of-joseon-radiance-cleansing-balm-100-ml-balsam-do-demakijazu\/\" \/>\n<meta property=\"og:locale\" content=\"pl_PL\" \/>\n<meta property=\"og:type\" content=\"article\" \/>\n<meta property=\"og:title\" content=\"Beauty of Joseon Radiance Cleansing Balm, 100 ml - Balsam do demakija\u017cu - Selleetools.com\" \/>\n<meta property=\"og:description\" content=\"Beauty of Joseon Radiance Cleansing Balm to luksusowy balsam do demakija\u017cu, kt\u00f3ry skutecznie usuwa makija\u017c, zanieczyszczenia i nadmiar sebum, pozostawiaj\u0105c sk\u00f3r\u0119 czyst\u0105, mi\u0119kk\u0105 i promienn\u0105. Jego bogata formu\u0142a rozpuszcza makija\u017c, a jednocze\u015bnie nawil\u017ca i od\u017cywia sk\u00f3r\u0119, nie powoduj\u0105c uczucia sucho\u015bci. Korzy\u015bci dla sk\u00f3ry: Skuteczne oczyszczanie: Usuwa wszelkie zanieczyszczenia, makija\u017c i sebum. Nawil\u017cenie i od\u017cywienie: Pozostawia ... Read moreBeauty of Joseon Radiance Cleansing Balm, 100 ml &#8211; Balsam do demakija\u017cu\" \/>\n<meta property=\"og:url\" content=\"https:\/\/selleetools.com\/pl\/product\/beauty-of-joseon-radiance-cleansing-balm-100-ml-balsam-do-demakijazu\/\" \/>\n<meta property=\"og:site_name\" content=\"Selleetools.com\" \/>\n<meta property=\"article:modified_time\" content=\"2025-11-03T16:09:40+00:00\" \/>\n<meta property=\"og:image\" content=\"https:\/\/selleetools.com\/wp-content\/uploads\/2025\/10\/eb0f5162df88723126043364396e39f7.png\" \/>\n\t<meta property=\"og:image:width\" content=\"1080\" \/>\n\t<meta property=\"og:image:height\" content=\"1080\" \/>\n\t<meta property=\"og:image:type\" content=\"image\/png\" \/>\n<meta name=\"twitter:card\" content=\"summary_large_image\" \/>\n<meta name=\"twitter:label1\" content=\"Est. reading time\" \/>\n\t<meta name=\"twitter:data1\" content=\"1 minuta\" \/>\n<!-- \/ Yoast SEO plugin. -->","yoast_head_json":{"title":"Beauty of Joseon Radiance Cleansing Balm, 100 ml - Balsam do demakija\u017cu - Selleetools.com","robots":{"index":"index","follow":"follow","max-snippet":"max-snippet:-1","max-image-preview":"max-image-preview:large","max-video-preview":"max-video-preview:-1"},"canonical":"https:\/\/selleetools.com\/pl\/product\/beauty-of-joseon-radiance-cleansing-balm-100-ml-balsam-do-demakijazu\/","og_locale":"pl_PL","og_type":"article","og_title":"Beauty of Joseon Radiance Cleansing Balm, 100 ml - Balsam do demakija\u017cu - Selleetools.com","og_description":"Beauty of Joseon Radiance Cleansing Balm to luksusowy balsam do demakija\u017cu, kt\u00f3ry skutecznie usuwa makija\u017c, zanieczyszczenia i nadmiar sebum, pozostawiaj\u0105c sk\u00f3r\u0119 czyst\u0105, mi\u0119kk\u0105 i promienn\u0105. Jego bogata formu\u0142a rozpuszcza makija\u017c, a jednocze\u015bnie nawil\u017ca i od\u017cywia sk\u00f3r\u0119, nie powoduj\u0105c uczucia sucho\u015bci. Korzy\u015bci dla sk\u00f3ry: Skuteczne oczyszczanie: Usuwa wszelkie zanieczyszczenia, makija\u017c i sebum. Nawil\u017cenie i od\u017cywienie: Pozostawia ... Read moreBeauty of Joseon Radiance Cleansing Balm, 100 ml &#8211; Balsam do demakija\u017cu","og_url":"https:\/\/selleetools.com\/pl\/product\/beauty-of-joseon-radiance-cleansing-balm-100-ml-balsam-do-demakijazu\/","og_site_name":"Selleetools.com","article_modified_time":"2025-11-03T16:09:40+00:00","og_image":[{"width":1080,"height":1080,"url":"https:\/\/selleetools.com\/wp-content\/uploads\/2025\/10\/eb0f5162df88723126043364396e39f7.png","type":"image\/png"}],"twitter_card":"summary_large_image","twitter_misc":{"Est. reading time":"1 minuta"},"schema":{"@context":"https:\/\/schema.org","@graph":[{"@type":"Organization","@id":"https:\/\/selleetools.com\/#organization","name":"Selleetools","url":"https:\/\/selleetools.com\/","sameAs":[],"logo":{"@type":"ImageObject","inLanguage":"pl-PL","@id":"https:\/\/selleetools.com\/#\/schema\/logo\/image\/","url":"https:\/\/selleetools.com\/wp-content\/uploads\/2021\/10\/logo-dark.png","contentUrl":"https:\/\/selleetools.com\/wp-content\/uploads\/2021\/10\/logo-dark.png","width":320,"height":76,"caption":"Selleetools"},"image":{"@id":"https:\/\/selleetools.com\/#\/schema\/logo\/image\/"}},{"@type":"WebSite","@id":"https:\/\/selleetools.com\/#website","url":"https:\/\/selleetools.com\/","name":"Selleetools.com","description":"","publisher":{"@id":"https:\/\/selleetools.com\/#organization"},"potentialAction":[{"@type":"SearchAction","target":{"@type":"EntryPoint","urlTemplate":"https:\/\/selleetools.com\/?s={search_term_string}"},"query-input":"required name=search_term_string"}],"inLanguage":"pl-PL"},{"@type":"WebPage","@id":"https:\/\/selleetools.com\/pl\/product\/beauty-of-joseon-radiance-cleansing-balm-100-ml-balsam-do-demakijazu\/","url":"https:\/\/selleetools.com\/pl\/product\/beauty-of-joseon-radiance-cleansing-balm-100-ml-balsam-do-demakijazu\/","name":"Beauty of Joseon Radiance Cleansing Balm, 100 ml - Balsam do demakija\u017cu - Selleetools.com","isPartOf":{"@id":"https:\/\/selleetools.com\/#website"},"datePublished":"2025-10-23T12:16:24+00:00","dateModified":"2025-11-03T16:09:40+00:00","breadcrumb":{"@id":"https:\/\/selleetools.com\/pl\/product\/beauty-of-joseon-radiance-cleansing-balm-100-ml-balsam-do-demakijazu\/#breadcrumb"},"inLanguage":"pl-PL","potentialAction":[{"@type":"ReadAction","target":["https:\/\/selleetools.com\/pl\/product\/beauty-of-joseon-radiance-cleansing-balm-100-ml-balsam-do-demakijazu\/"]}]},{"@type":"BreadcrumbList","@id":"https:\/\/selleetools.com\/pl\/product\/beauty-of-joseon-radiance-cleansing-balm-100-ml-balsam-do-demakijazu\/#breadcrumb","itemListElement":[{"@type":"ListItem","position":1,"name":"Home","item":"https:\/\/selleetools.com\/pl\/"},{"@type":"ListItem","position":2,"name":"Katalog","item":"https:\/\/selleetools.com\/pl\/katalog\/"},{"@type":"ListItem","position":3,"name":"Beauty of Joseon Radiance Cleansing Balm, 100 ml &#8211; Balsam do demakija\u017cu"}]}]}},"_links":{"self":[{"href":"https:\/\/admincentral.selleetools.com\/pl\/wp-json\/wp\/v2\/product\/602955"}],"collection":[{"href":"https:\/\/admincentral.selleetools.com\/pl\/wp-json\/wp\/v2\/product"}],"about":[{"href":"https:\/\/admincentral.selleetools.com\/pl\/wp-json\/wp\/v2\/types\/product"}],"replies":[{"embeddable":true,"href":"https:\/\/admincentral.selleetools.com\/pl\/wp-json\/wp\/v2\/comments?post=602955"}],"wp:featuredmedia":[{"embeddable":true,"href":"https:\/\/admincentral.selleetools.com\/pl\/wp-json\/wp\/v2\/media\/602953"}],"wp:attachment":[{"href":"https:\/\/admincentral.selleetools.com\/pl\/wp-json\/wp\/v2\/media?parent=602955"}],"curies":[{"name":"wp","href":"https:\/\/api.w.org\/{rel}","templated":true}]}}