{"id":604308,"date":"2025-10-24T13:23:25","date_gmt":"2025-10-24T11:23:25","guid":{"rendered":"https:\/\/selleetools.com\/?post_type=product&#038;p=604308"},"modified":"2026-02-25T19:11:05","modified_gmt":"2026-02-25T18:11:05","slug":"abib-deep-clean-foam-cleanser-sedum-hyaluron-foam-150-ml-gleboko-oczyszczajaca-pianka-do-twarzy","status":"publish","type":"product","link":"https:\/\/admincentral.selleetools.com\/pl\/product\/abib-deep-clean-foam-cleanser-sedum-hyaluron-foam-150-ml-gleboko-oczyszczajaca-pianka-do-twarzy\/","title":{"rendered":"ABIB Deep Clean Foam Cleanser Sedum Hyaluron Foam 150 ml &#8211; G\u0142\u0119boko oczyszczaj\u0105ca pianka do twarzy"},"content":{"rendered":"<p>ABIB Deep Clean Foam Cleanser Sedum Hyaluron to luksusowy \u017cel do mycia twarzy, kt\u00f3ry skutecznie oczyszcza sk\u00f3r\u0119, jednocze\u015bnie dostarczaj\u0105c jej nawil\u017cenia i od\u017cywienia. Formu\u0142a oparta na ekstrakcie z sedum oraz kwasie hialuronowym doskonale radzi sobie z usuwaniem zanieczyszcze\u0144 i makija\u017cu, pozostawiaj\u0105c sk\u00f3r\u0119 \u015bwie\u017c\u0105 i g\u0142adk\u0105.<\/p>\n<p>Korzy\u015bci dla sk\u00f3ry:<br \/>\nG\u0142\u0119bokie oczyszczenie: Skutecznie usuwa zanieczyszczenia i resztki makija\u017cu.<br \/>\nNawil\u017cenie: Kwas hialuronowy zapewnia intensywne nawil\u017cenie, zapobiegaj\u0105c uczuciu \u015bci\u0105gni\u0119cia sk\u00f3ry.<br \/>\nOd\u017cywienie: Ekstrakt z sedum dzia\u0142a koj\u0105co i od\u017cywczo, poprawiaj\u0105c kondycj\u0119 sk\u00f3ry.<\/p>\n<p>Spos\u00f3b u\u017cycia:<br \/>\nNa\u0142\u00f3\u017c niewielk\u0105 ilo\u015b\u0107 pianki na wilgotn\u0105 sk\u00f3r\u0119 twarzy i delikatnie masuj okr\u0119\u017cnymi ruchami, a\u017c powstanie piana. Nast\u0119pnie dok\u0142adnie sp\u0142ucz ciep\u0142\u0105 wod\u0105. Stosuj rano i wieczorem dla najlepszych rezultat\u00f3w.<\/p>\n","protected":false},"excerpt":{"rendered":"<p>ABIB Deep Clean Foam Cleanser Sedum Hyaluron to luksusowy \u017cel do mycia twarzy, kt\u00f3ry skutecznie oczyszcza sk\u00f3r\u0119, jednocze\u015bnie dostarczaj\u0105c jej nawil\u017cenia i od\u017cywienia. Formu\u0142a oparta na ekstrakcie z sedum oraz kwasie hialuronowym doskonale radzi sobie z usuwaniem zanieczyszcze\u0144 i makija\u017cu, pozostawiaj\u0105c sk\u00f3r\u0119 \u015bwie\u017c\u0105 i g\u0142adk\u0105. Korzy\u015bci dla sk\u00f3ry: G\u0142\u0119bokie oczyszczenie: Skutecznie usuwa zanieczyszczenia i resztki &#8230; <a title=\"ABIB Deep Clean Foam Cleanser Sedum Hyaluron Foam 150 ml &#8211; G\u0142\u0119boko oczyszczaj\u0105ca pianka do twarzy\" class=\"read-more\" href=\"https:\/\/admincentral.selleetools.com\/pl\/product\/abib-deep-clean-foam-cleanser-sedum-hyaluron-foam-150-ml-gleboko-oczyszczajaca-pianka-do-twarzy\/\">Read more<span class=\"screen-reader-text\">ABIB Deep Clean Foam Cleanser Sedum Hyaluron Foam 150 ml &#8211; G\u0142\u0119boko oczyszczaj\u0105ca pianka do twarzy<\/span><\/a><\/p>\n","protected":false},"featured_media":604306,"comment_status":"open","ping_status":"closed","template":"","meta":{"_links_to":"","_links_to_target":""},"yoast_head":"<!-- This site is optimized with the Yoast SEO plugin v19.4 - https:\/\/yoast.com\/wordpress\/plugins\/seo\/ -->\n<title>ABIB Deep Clean Foam Cleanser Sedum Hyaluron Foam 150 ml - G\u0142\u0119boko oczyszczaj\u0105ca pianka do twarzy - Selleetools.com<\/title>\n<meta name=\"robots\" content=\"index, follow, max-snippet:-1, max-image-preview:large, max-video-preview:-1\" \/>\n<link rel=\"canonical\" href=\"https:\/\/selleetools.com\/pl\/product\/abib-deep-clean-foam-cleanser-sedum-hyaluron-foam-150-ml-gleboko-oczyszczajaca-pianka-do-twarzy\/\" \/>\n<meta property=\"og:locale\" content=\"pl_PL\" \/>\n<meta property=\"og:type\" content=\"article\" \/>\n<meta property=\"og:title\" content=\"ABIB Deep Clean Foam Cleanser Sedum Hyaluron Foam 150 ml - G\u0142\u0119boko oczyszczaj\u0105ca pianka do twarzy - Selleetools.com\" \/>\n<meta property=\"og:description\" content=\"ABIB Deep Clean Foam Cleanser Sedum Hyaluron to luksusowy \u017cel do mycia twarzy, kt\u00f3ry skutecznie oczyszcza sk\u00f3r\u0119, jednocze\u015bnie dostarczaj\u0105c jej nawil\u017cenia i od\u017cywienia. Formu\u0142a oparta na ekstrakcie z sedum oraz kwasie hialuronowym doskonale radzi sobie z usuwaniem zanieczyszcze\u0144 i makija\u017cu, pozostawiaj\u0105c sk\u00f3r\u0119 \u015bwie\u017c\u0105 i g\u0142adk\u0105. Korzy\u015bci dla sk\u00f3ry: G\u0142\u0119bokie oczyszczenie: Skutecznie usuwa zanieczyszczenia i resztki ... Read moreABIB Deep Clean Foam Cleanser Sedum Hyaluron Foam 150 ml &#8211; G\u0142\u0119boko oczyszczaj\u0105ca pianka do twarzy\" \/>\n<meta property=\"og:url\" content=\"https:\/\/selleetools.com\/pl\/product\/abib-deep-clean-foam-cleanser-sedum-hyaluron-foam-150-ml-gleboko-oczyszczajaca-pianka-do-twarzy\/\" \/>\n<meta property=\"og:site_name\" content=\"Selleetools.com\" \/>\n<meta property=\"article:modified_time\" content=\"2026-02-25T18:11:05+00:00\" \/>\n<meta property=\"og:image\" content=\"https:\/\/selleetools.com\/wp-content\/uploads\/2025\/10\/c10f3691245f15c09d599b0d1379f260.jpg\" \/>\n\t<meta property=\"og:image:width\" content=\"600\" \/>\n\t<meta property=\"og:image:height\" content=\"600\" \/>\n\t<meta property=\"og:image:type\" content=\"image\/jpeg\" \/>\n<meta name=\"twitter:card\" content=\"summary_large_image\" \/>\n<meta name=\"twitter:label1\" content=\"Est. reading time\" \/>\n\t<meta name=\"twitter:data1\" content=\"1 minuta\" \/>\n<!-- \/ Yoast SEO plugin. -->","yoast_head_json":{"title":"ABIB Deep Clean Foam Cleanser Sedum Hyaluron Foam 150 ml - G\u0142\u0119boko oczyszczaj\u0105ca pianka do twarzy - Selleetools.com","robots":{"index":"index","follow":"follow","max-snippet":"max-snippet:-1","max-image-preview":"max-image-preview:large","max-video-preview":"max-video-preview:-1"},"canonical":"https:\/\/selleetools.com\/pl\/product\/abib-deep-clean-foam-cleanser-sedum-hyaluron-foam-150-ml-gleboko-oczyszczajaca-pianka-do-twarzy\/","og_locale":"pl_PL","og_type":"article","og_title":"ABIB Deep Clean Foam Cleanser Sedum Hyaluron Foam 150 ml - G\u0142\u0119boko oczyszczaj\u0105ca pianka do twarzy - Selleetools.com","og_description":"ABIB Deep Clean Foam Cleanser Sedum Hyaluron to luksusowy \u017cel do mycia twarzy, kt\u00f3ry skutecznie oczyszcza sk\u00f3r\u0119, jednocze\u015bnie dostarczaj\u0105c jej nawil\u017cenia i od\u017cywienia. Formu\u0142a oparta na ekstrakcie z sedum oraz kwasie hialuronowym doskonale radzi sobie z usuwaniem zanieczyszcze\u0144 i makija\u017cu, pozostawiaj\u0105c sk\u00f3r\u0119 \u015bwie\u017c\u0105 i g\u0142adk\u0105. Korzy\u015bci dla sk\u00f3ry: G\u0142\u0119bokie oczyszczenie: Skutecznie usuwa zanieczyszczenia i resztki ... Read moreABIB Deep Clean Foam Cleanser Sedum Hyaluron Foam 150 ml &#8211; G\u0142\u0119boko oczyszczaj\u0105ca pianka do twarzy","og_url":"https:\/\/selleetools.com\/pl\/product\/abib-deep-clean-foam-cleanser-sedum-hyaluron-foam-150-ml-gleboko-oczyszczajaca-pianka-do-twarzy\/","og_site_name":"Selleetools.com","article_modified_time":"2026-02-25T18:11:05+00:00","og_image":[{"width":600,"height":600,"url":"https:\/\/selleetools.com\/wp-content\/uploads\/2025\/10\/c10f3691245f15c09d599b0d1379f260.jpg","type":"image\/jpeg"}],"twitter_card":"summary_large_image","twitter_misc":{"Est. reading time":"1 minuta"},"schema":{"@context":"https:\/\/schema.org","@graph":[{"@type":"Organization","@id":"https:\/\/selleetools.com\/#organization","name":"Selleetools","url":"https:\/\/selleetools.com\/","sameAs":[],"logo":{"@type":"ImageObject","inLanguage":"pl-PL","@id":"https:\/\/selleetools.com\/#\/schema\/logo\/image\/","url":"https:\/\/selleetools.com\/wp-content\/uploads\/2021\/10\/logo-dark.png","contentUrl":"https:\/\/selleetools.com\/wp-content\/uploads\/2021\/10\/logo-dark.png","width":320,"height":76,"caption":"Selleetools"},"image":{"@id":"https:\/\/selleetools.com\/#\/schema\/logo\/image\/"}},{"@type":"WebSite","@id":"https:\/\/selleetools.com\/#website","url":"https:\/\/selleetools.com\/","name":"Selleetools.com","description":"","publisher":{"@id":"https:\/\/selleetools.com\/#organization"},"potentialAction":[{"@type":"SearchAction","target":{"@type":"EntryPoint","urlTemplate":"https:\/\/selleetools.com\/?s={search_term_string}"},"query-input":"required name=search_term_string"}],"inLanguage":"pl-PL"},{"@type":"WebPage","@id":"https:\/\/selleetools.com\/pl\/product\/abib-deep-clean-foam-cleanser-sedum-hyaluron-foam-150-ml-gleboko-oczyszczajaca-pianka-do-twarzy\/","url":"https:\/\/selleetools.com\/pl\/product\/abib-deep-clean-foam-cleanser-sedum-hyaluron-foam-150-ml-gleboko-oczyszczajaca-pianka-do-twarzy\/","name":"ABIB Deep Clean Foam Cleanser Sedum Hyaluron Foam 150 ml - G\u0142\u0119boko oczyszczaj\u0105ca pianka do twarzy - Selleetools.com","isPartOf":{"@id":"https:\/\/selleetools.com\/#website"},"datePublished":"2025-10-24T11:23:25+00:00","dateModified":"2026-02-25T18:11:05+00:00","breadcrumb":{"@id":"https:\/\/selleetools.com\/pl\/product\/abib-deep-clean-foam-cleanser-sedum-hyaluron-foam-150-ml-gleboko-oczyszczajaca-pianka-do-twarzy\/#breadcrumb"},"inLanguage":"pl-PL","potentialAction":[{"@type":"ReadAction","target":["https:\/\/selleetools.com\/pl\/product\/abib-deep-clean-foam-cleanser-sedum-hyaluron-foam-150-ml-gleboko-oczyszczajaca-pianka-do-twarzy\/"]}]},{"@type":"BreadcrumbList","@id":"https:\/\/selleetools.com\/pl\/product\/abib-deep-clean-foam-cleanser-sedum-hyaluron-foam-150-ml-gleboko-oczyszczajaca-pianka-do-twarzy\/#breadcrumb","itemListElement":[{"@type":"ListItem","position":1,"name":"Home","item":"https:\/\/selleetools.com\/pl\/"},{"@type":"ListItem","position":2,"name":"Katalog","item":"https:\/\/selleetools.com\/pl\/katalog\/"},{"@type":"ListItem","position":3,"name":"ABIB Deep Clean Foam Cleanser Sedum Hyaluron Foam 150 ml &#8211; G\u0142\u0119boko oczyszczaj\u0105ca pianka do twarzy"}]}]}},"_links":{"self":[{"href":"https:\/\/admincentral.selleetools.com\/pl\/wp-json\/wp\/v2\/product\/604308"}],"collection":[{"href":"https:\/\/admincentral.selleetools.com\/pl\/wp-json\/wp\/v2\/product"}],"about":[{"href":"https:\/\/admincentral.selleetools.com\/pl\/wp-json\/wp\/v2\/types\/product"}],"replies":[{"embeddable":true,"href":"https:\/\/admincentral.selleetools.com\/pl\/wp-json\/wp\/v2\/comments?post=604308"}],"wp:featuredmedia":[{"embeddable":true,"href":"https:\/\/admincentral.selleetools.com\/pl\/wp-json\/wp\/v2\/media\/604306"}],"wp:attachment":[{"href":"https:\/\/admincentral.selleetools.com\/pl\/wp-json\/wp\/v2\/media?parent=604308"}],"curies":[{"name":"wp","href":"https:\/\/api.w.org\/{rel}","templated":true}]}}