{"id":604313,"date":"2025-10-24T13:23:31","date_gmt":"2025-10-24T11:23:31","guid":{"rendered":"https:\/\/selleetools.com\/?post_type=product&#038;p=604313"},"modified":"2025-11-04T20:08:45","modified_gmt":"2025-11-04T19:08:45","slug":"abib-heartleaf-essence-calming-pump-50-ml-essencja-kojaca-z-sercem-lisciem","status":"publish","type":"product","link":"https:\/\/admincentral.selleetools.com\/pl\/product\/abib-heartleaf-essence-calming-pump-50-ml-essencja-kojaca-z-sercem-lisciem\/","title":{"rendered":"ABIB Heartleaf Essence Calming Pump 50 ml &#8211; Essencja koj\u0105ca z sercem li\u015bciem"},"content":{"rendered":"<p>ABIB Heartleaf Essence Calming Pump to nawil\u017caj\u0105ca i koj\u0105ca esencja stworzona z my\u015bl\u0105 o wra\u017cliwej i podra\u017cnionej sk\u00f3rze. Zawiera ekstrakt z li\u015bci Heartleaf (Centella Asiatica), kt\u00f3ry dzia\u0142a \u0142agodz\u0105co i wspomaga regeneracj\u0119 sk\u00f3ry. Ta lekka formu\u0142a g\u0142\u0119boko nawil\u017ca, redukuje zaczerwienienia i uspokaja podra\u017cnienia, pozostawiaj\u0105c sk\u00f3r\u0119 g\u0142adk\u0105 i promienn\u0105.<\/p>\n<p>Korzy\u015bci dla sk\u00f3ry:<br \/>\nKoj\u0105ce dzia\u0142anie: Zmniejsza uczucie podra\u017cnienia i zaczerwienienia.<br \/>\nNawil\u017cenie: Zapewnia intensywne nawil\u017cenie, poprawiaj\u0105c elastyczno\u015b\u0107 sk\u00f3ry.<br \/>\nRegeneracja: Wspomaga naturalny proces regeneracji sk\u00f3ry.<br \/>\nWyg\u0142adzenie: Ujednolica struktur\u0119 sk\u00f3ry, czyni\u0105c j\u0105 g\u0142adsz\u0105 i bardziej promienn\u0105.<\/p>\n<p>Spos\u00f3b u\u017cycia:<br \/>\nNa\u0142\u00f3\u017c niewielk\u0105 ilo\u015b\u0107 esencji na oczyszczon\u0105 sk\u00f3r\u0119 twarzy.<br \/>\nDelikatnie wmasuj produkt w sk\u00f3r\u0119, a\u017c do ca\u0142kowitego wch\u0142oni\u0119cia.<br \/>\nStosuj codziennie rano i wieczorem, przed na\u0142o\u017ceniem kremu nawil\u017caj\u0105cego.<\/p>\n","protected":false},"excerpt":{"rendered":"<p>ABIB Heartleaf Essence Calming Pump to nawil\u017caj\u0105ca i koj\u0105ca esencja stworzona z my\u015bl\u0105 o wra\u017cliwej i podra\u017cnionej sk\u00f3rze. Zawiera ekstrakt z li\u015bci Heartleaf (Centella Asiatica), kt\u00f3ry dzia\u0142a \u0142agodz\u0105co i wspomaga regeneracj\u0119 sk\u00f3ry. Ta lekka formu\u0142a g\u0142\u0119boko nawil\u017ca, redukuje zaczerwienienia i uspokaja podra\u017cnienia, pozostawiaj\u0105c sk\u00f3r\u0119 g\u0142adk\u0105 i promienn\u0105. Korzy\u015bci dla sk\u00f3ry: Koj\u0105ce dzia\u0142anie: Zmniejsza uczucie podra\u017cnienia &#8230; <a title=\"ABIB Heartleaf Essence Calming Pump 50 ml &#8211; Essencja koj\u0105ca z sercem li\u015bciem\" class=\"read-more\" href=\"https:\/\/admincentral.selleetools.com\/pl\/product\/abib-heartleaf-essence-calming-pump-50-ml-essencja-kojaca-z-sercem-lisciem\/\">Read more<span class=\"screen-reader-text\">ABIB Heartleaf Essence Calming Pump 50 ml &#8211; Essencja koj\u0105ca z sercem li\u015bciem<\/span><\/a><\/p>\n","protected":false},"featured_media":604309,"comment_status":"open","ping_status":"closed","template":"","meta":{"_links_to":"","_links_to_target":""},"yoast_head":"<!-- This site is optimized with the Yoast SEO plugin v19.4 - https:\/\/yoast.com\/wordpress\/plugins\/seo\/ -->\n<title>ABIB Heartleaf Essence Calming Pump 50 ml - Essencja koj\u0105ca z sercem li\u015bciem - Selleetools.com<\/title>\n<meta name=\"robots\" content=\"index, follow, max-snippet:-1, max-image-preview:large, max-video-preview:-1\" \/>\n<link rel=\"canonical\" href=\"https:\/\/admincentral.selleetools.com\/pl\/product\/abib-heartleaf-essence-calming-pump-50-ml-essencja-kojaca-z-sercem-lisciem\/\" \/>\n<meta property=\"og:locale\" content=\"pl_PL\" \/>\n<meta property=\"og:type\" content=\"article\" \/>\n<meta property=\"og:title\" content=\"ABIB Heartleaf Essence Calming Pump 50 ml - Essencja koj\u0105ca z sercem li\u015bciem - Selleetools.com\" \/>\n<meta property=\"og:description\" content=\"ABIB Heartleaf Essence Calming Pump to nawil\u017caj\u0105ca i koj\u0105ca esencja stworzona z my\u015bl\u0105 o wra\u017cliwej i podra\u017cnionej sk\u00f3rze. Zawiera ekstrakt z li\u015bci Heartleaf (Centella Asiatica), kt\u00f3ry dzia\u0142a \u0142agodz\u0105co i wspomaga regeneracj\u0119 sk\u00f3ry. Ta lekka formu\u0142a g\u0142\u0119boko nawil\u017ca, redukuje zaczerwienienia i uspokaja podra\u017cnienia, pozostawiaj\u0105c sk\u00f3r\u0119 g\u0142adk\u0105 i promienn\u0105. Korzy\u015bci dla sk\u00f3ry: Koj\u0105ce dzia\u0142anie: Zmniejsza uczucie podra\u017cnienia ... Read moreABIB Heartleaf Essence Calming Pump 50 ml &#8211; Essencja koj\u0105ca z sercem li\u015bciem\" \/>\n<meta property=\"og:url\" content=\"https:\/\/admincentral.selleetools.com\/pl\/product\/abib-heartleaf-essence-calming-pump-50-ml-essencja-kojaca-z-sercem-lisciem\/\" \/>\n<meta property=\"og:site_name\" content=\"Selleetools.com\" \/>\n<meta property=\"article:modified_time\" content=\"2025-11-04T19:08:45+00:00\" \/>\n<meta property=\"og:image\" content=\"https:\/\/selleetools.com\/wp-content\/uploads\/2025\/10\/6c95f30c2952394cc5522eadcb1ba6ba.jpg\" \/>\n\t<meta property=\"og:image:width\" content=\"118\" \/>\n\t<meta property=\"og:image:height\" content=\"300\" \/>\n\t<meta property=\"og:image:type\" content=\"image\/jpeg\" \/>\n<meta name=\"twitter:card\" content=\"summary_large_image\" \/>\n<meta name=\"twitter:label1\" content=\"Est. reading time\" \/>\n\t<meta name=\"twitter:data1\" content=\"1 minuta\" \/>\n<!-- \/ Yoast SEO plugin. -->","yoast_head_json":{"title":"ABIB Heartleaf Essence Calming Pump 50 ml - Essencja koj\u0105ca z sercem li\u015bciem - Selleetools.com","robots":{"index":"index","follow":"follow","max-snippet":"max-snippet:-1","max-image-preview":"max-image-preview:large","max-video-preview":"max-video-preview:-1"},"canonical":"https:\/\/admincentral.selleetools.com\/pl\/product\/abib-heartleaf-essence-calming-pump-50-ml-essencja-kojaca-z-sercem-lisciem\/","og_locale":"pl_PL","og_type":"article","og_title":"ABIB Heartleaf Essence Calming Pump 50 ml - Essencja koj\u0105ca z sercem li\u015bciem - Selleetools.com","og_description":"ABIB Heartleaf Essence Calming Pump to nawil\u017caj\u0105ca i koj\u0105ca esencja stworzona z my\u015bl\u0105 o wra\u017cliwej i podra\u017cnionej sk\u00f3rze. Zawiera ekstrakt z li\u015bci Heartleaf (Centella Asiatica), kt\u00f3ry dzia\u0142a \u0142agodz\u0105co i wspomaga regeneracj\u0119 sk\u00f3ry. Ta lekka formu\u0142a g\u0142\u0119boko nawil\u017ca, redukuje zaczerwienienia i uspokaja podra\u017cnienia, pozostawiaj\u0105c sk\u00f3r\u0119 g\u0142adk\u0105 i promienn\u0105. Korzy\u015bci dla sk\u00f3ry: Koj\u0105ce dzia\u0142anie: Zmniejsza uczucie podra\u017cnienia ... Read moreABIB Heartleaf Essence Calming Pump 50 ml &#8211; Essencja koj\u0105ca z sercem li\u015bciem","og_url":"https:\/\/admincentral.selleetools.com\/pl\/product\/abib-heartleaf-essence-calming-pump-50-ml-essencja-kojaca-z-sercem-lisciem\/","og_site_name":"Selleetools.com","article_modified_time":"2025-11-04T19:08:45+00:00","og_image":[{"width":118,"height":300,"url":"https:\/\/selleetools.com\/wp-content\/uploads\/2025\/10\/6c95f30c2952394cc5522eadcb1ba6ba.jpg","type":"image\/jpeg"}],"twitter_card":"summary_large_image","twitter_misc":{"Est. reading time":"1 minuta"},"schema":{"@context":"https:\/\/schema.org","@graph":[{"@type":"Organization","@id":"https:\/\/selleetools.com\/#organization","name":"Selleetools","url":"https:\/\/selleetools.com\/","sameAs":[],"logo":{"@type":"ImageObject","inLanguage":"pl-PL","@id":"https:\/\/selleetools.com\/#\/schema\/logo\/image\/","url":"https:\/\/selleetools.com\/wp-content\/uploads\/2021\/10\/logo-dark.png","contentUrl":"https:\/\/selleetools.com\/wp-content\/uploads\/2021\/10\/logo-dark.png","width":320,"height":76,"caption":"Selleetools"},"image":{"@id":"https:\/\/selleetools.com\/#\/schema\/logo\/image\/"}},{"@type":"WebSite","@id":"https:\/\/selleetools.com\/#website","url":"https:\/\/selleetools.com\/","name":"Selleetools.com","description":"","publisher":{"@id":"https:\/\/selleetools.com\/#organization"},"potentialAction":[{"@type":"SearchAction","target":{"@type":"EntryPoint","urlTemplate":"https:\/\/selleetools.com\/?s={search_term_string}"},"query-input":"required name=search_term_string"}],"inLanguage":"pl-PL"},{"@type":"WebPage","@id":"https:\/\/admincentral.selleetools.com\/pl\/product\/abib-heartleaf-essence-calming-pump-50-ml-essencja-kojaca-z-sercem-lisciem\/","url":"https:\/\/admincentral.selleetools.com\/pl\/product\/abib-heartleaf-essence-calming-pump-50-ml-essencja-kojaca-z-sercem-lisciem\/","name":"ABIB Heartleaf Essence Calming Pump 50 ml - Essencja koj\u0105ca z sercem li\u015bciem - Selleetools.com","isPartOf":{"@id":"https:\/\/selleetools.com\/#website"},"datePublished":"2025-10-24T11:23:31+00:00","dateModified":"2025-11-04T19:08:45+00:00","breadcrumb":{"@id":"https:\/\/admincentral.selleetools.com\/pl\/product\/abib-heartleaf-essence-calming-pump-50-ml-essencja-kojaca-z-sercem-lisciem\/#breadcrumb"},"inLanguage":"pl-PL","potentialAction":[{"@type":"ReadAction","target":["https:\/\/admincentral.selleetools.com\/pl\/product\/abib-heartleaf-essence-calming-pump-50-ml-essencja-kojaca-z-sercem-lisciem\/"]}]},{"@type":"BreadcrumbList","@id":"https:\/\/admincentral.selleetools.com\/pl\/product\/abib-heartleaf-essence-calming-pump-50-ml-essencja-kojaca-z-sercem-lisciem\/#breadcrumb","itemListElement":[{"@type":"ListItem","position":1,"name":"Home","item":"https:\/\/selleetools.com\/pl\/"},{"@type":"ListItem","position":2,"name":"Katalog","item":"https:\/\/selleetools.com\/pl\/katalog\/"},{"@type":"ListItem","position":3,"name":"ABIB Heartleaf Essence Calming Pump 50 ml &#8211; Essencja koj\u0105ca z sercem li\u015bciem"}]}]}},"_links":{"self":[{"href":"https:\/\/admincentral.selleetools.com\/pl\/wp-json\/wp\/v2\/product\/604313"}],"collection":[{"href":"https:\/\/admincentral.selleetools.com\/pl\/wp-json\/wp\/v2\/product"}],"about":[{"href":"https:\/\/admincentral.selleetools.com\/pl\/wp-json\/wp\/v2\/types\/product"}],"replies":[{"embeddable":true,"href":"https:\/\/admincentral.selleetools.com\/pl\/wp-json\/wp\/v2\/comments?post=604313"}],"wp:featuredmedia":[{"embeddable":true,"href":"https:\/\/admincentral.selleetools.com\/pl\/wp-json\/wp\/v2\/media\/604309"}],"wp:attachment":[{"href":"https:\/\/admincentral.selleetools.com\/pl\/wp-json\/wp\/v2\/media?parent=604313"}],"curies":[{"name":"wp","href":"https:\/\/api.w.org\/{rel}","templated":true}]}}