{"id":604318,"date":"2025-10-24T13:23:36","date_gmt":"2025-10-24T11:23:36","guid":{"rendered":"https:\/\/selleetools.com\/?post_type=product&#038;p=604318"},"modified":"2026-02-25T19:10:59","modified_gmt":"2026-02-25T18:10:59","slug":"abib-jericho-rose-creme-nutrition-tube-75-ml-krem-odzywczy-jericho-rose-w-tubce","status":"publish","type":"product","link":"https:\/\/admincentral.selleetools.com\/pl\/product\/abib-jericho-rose-creme-nutrition-tube-75-ml-krem-odzywczy-jericho-rose-w-tubce\/","title":{"rendered":"ABIB Jericho Rose Creme Nutrition Tube 75 ml &#8211; Krem od\u017cywczy Jericho Rose w tubce"},"content":{"rendered":"<p>ABIB Jericho Rose Creme Nutrition to luksusowy krem od\u017cywczy, kt\u00f3ry nawil\u017ca, od\u017cywia i regeneruje sk\u00f3r\u0119, korzystaj\u0105c z dobroczynnych w\u0142a\u015bciwo\u015bci r\u00f3\u017cy z Jericho. Dzi\u0119ki lekkiej, ale bogatej formule, krem skutecznie zmi\u0119kcza sk\u00f3r\u0119, przywracaj\u0105c jej zdrowy i promienny wygl\u0105d. Zawarte w produkcie ekstrakty ro\u015blinne oraz oleje tworz\u0105 barier\u0119 ochronn\u0105, chroni\u0105c\u0105 przed utrat\u0105 wilgoci i dzia\u0142aniem czynnik\u00f3w zewn\u0119trznych.<\/p>\n<p>Korzy\u015bci dla sk\u00f3ry:<br \/>\nIntensywne nawil\u017cenie i od\u017cywienie<br \/>\nPoprawa elastyczno\u015bci i j\u0119drno\u015bci sk\u00f3ry<br \/>\nWyg\u0142adzenie drobnych zmarszczek<br \/>\nPrzywr\u00f3cenie naturalnego blasku i promienno\u015bci<\/p>\n<p>Spos\u00f3b u\u017cycia:<br \/>\nNanie\u015b niewielk\u0105 ilo\u015b\u0107 kremu na oczyszczon\u0105 sk\u00f3r\u0119 twarzy i szyi. Delikatnie wmasuj, a\u017c do ca\u0142kowitego wch\u0142oni\u0119cia. U\u017cywaj rano i wieczorem jako cz\u0119\u015b\u0107 codziennej rutyny piel\u0119gnacyjnej.<\/p>\n","protected":false},"excerpt":{"rendered":"<p>ABIB Jericho Rose Creme Nutrition to luksusowy krem od\u017cywczy, kt\u00f3ry nawil\u017ca, od\u017cywia i regeneruje sk\u00f3r\u0119, korzystaj\u0105c z dobroczynnych w\u0142a\u015bciwo\u015bci r\u00f3\u017cy z Jericho. Dzi\u0119ki lekkiej, ale bogatej formule, krem skutecznie zmi\u0119kcza sk\u00f3r\u0119, przywracaj\u0105c jej zdrowy i promienny wygl\u0105d. Zawarte w produkcie ekstrakty ro\u015blinne oraz oleje tworz\u0105 barier\u0119 ochronn\u0105, chroni\u0105c\u0105 przed utrat\u0105 wilgoci i dzia\u0142aniem czynnik\u00f3w zewn\u0119trznych. &#8230; <a title=\"ABIB Jericho Rose Creme Nutrition Tube 75 ml &#8211; Krem od\u017cywczy Jericho Rose w tubce\" class=\"read-more\" href=\"https:\/\/admincentral.selleetools.com\/pl\/product\/abib-jericho-rose-creme-nutrition-tube-75-ml-krem-odzywczy-jericho-rose-w-tubce\/\">Read more<span class=\"screen-reader-text\">ABIB Jericho Rose Creme Nutrition Tube 75 ml &#8211; Krem od\u017cywczy Jericho Rose w tubce<\/span><\/a><\/p>\n","protected":false},"featured_media":604314,"comment_status":"open","ping_status":"closed","template":"","meta":{"_links_to":"","_links_to_target":""},"yoast_head":"<!-- This site is optimized with the Yoast SEO plugin v19.4 - https:\/\/yoast.com\/wordpress\/plugins\/seo\/ -->\n<title>ABIB Jericho Rose Creme Nutrition Tube 75 ml - Krem od\u017cywczy Jericho Rose w tubce - Selleetools.com<\/title>\n<meta name=\"robots\" content=\"index, follow, max-snippet:-1, max-image-preview:large, max-video-preview:-1\" \/>\n<link rel=\"canonical\" href=\"https:\/\/selleetools.com\/pl\/product\/abib-jericho-rose-creme-nutrition-tube-75-ml-krem-odzywczy-jericho-rose-w-tubce\/\" \/>\n<meta property=\"og:locale\" content=\"pl_PL\" \/>\n<meta property=\"og:type\" content=\"article\" \/>\n<meta property=\"og:title\" content=\"ABIB Jericho Rose Creme Nutrition Tube 75 ml - Krem od\u017cywczy Jericho Rose w tubce - Selleetools.com\" \/>\n<meta property=\"og:description\" content=\"ABIB Jericho Rose Creme Nutrition to luksusowy krem od\u017cywczy, kt\u00f3ry nawil\u017ca, od\u017cywia i regeneruje sk\u00f3r\u0119, korzystaj\u0105c z dobroczynnych w\u0142a\u015bciwo\u015bci r\u00f3\u017cy z Jericho. Dzi\u0119ki lekkiej, ale bogatej formule, krem skutecznie zmi\u0119kcza sk\u00f3r\u0119, przywracaj\u0105c jej zdrowy i promienny wygl\u0105d. Zawarte w produkcie ekstrakty ro\u015blinne oraz oleje tworz\u0105 barier\u0119 ochronn\u0105, chroni\u0105c\u0105 przed utrat\u0105 wilgoci i dzia\u0142aniem czynnik\u00f3w zewn\u0119trznych. ... Read moreABIB Jericho Rose Creme Nutrition Tube 75 ml &#8211; Krem od\u017cywczy Jericho Rose w tubce\" \/>\n<meta property=\"og:url\" content=\"https:\/\/selleetools.com\/pl\/product\/abib-jericho-rose-creme-nutrition-tube-75-ml-krem-odzywczy-jericho-rose-w-tubce\/\" \/>\n<meta property=\"og:site_name\" content=\"Selleetools.com\" \/>\n<meta property=\"article:modified_time\" content=\"2026-02-25T18:10:59+00:00\" \/>\n<meta property=\"og:image\" content=\"https:\/\/selleetools.com\/wp-content\/uploads\/2025\/10\/895d15beb0e7ee1593be7f2357238ce1.jpg\" \/>\n\t<meta property=\"og:image:width\" content=\"215\" \/>\n\t<meta property=\"og:image:height\" content=\"676\" \/>\n\t<meta property=\"og:image:type\" content=\"image\/jpeg\" \/>\n<meta name=\"twitter:card\" content=\"summary_large_image\" \/>\n<meta name=\"twitter:label1\" content=\"Est. reading time\" \/>\n\t<meta name=\"twitter:data1\" content=\"1 minuta\" \/>\n<!-- \/ Yoast SEO plugin. -->","yoast_head_json":{"title":"ABIB Jericho Rose Creme Nutrition Tube 75 ml - Krem od\u017cywczy Jericho Rose w tubce - Selleetools.com","robots":{"index":"index","follow":"follow","max-snippet":"max-snippet:-1","max-image-preview":"max-image-preview:large","max-video-preview":"max-video-preview:-1"},"canonical":"https:\/\/selleetools.com\/pl\/product\/abib-jericho-rose-creme-nutrition-tube-75-ml-krem-odzywczy-jericho-rose-w-tubce\/","og_locale":"pl_PL","og_type":"article","og_title":"ABIB Jericho Rose Creme Nutrition Tube 75 ml - Krem od\u017cywczy Jericho Rose w tubce - Selleetools.com","og_description":"ABIB Jericho Rose Creme Nutrition to luksusowy krem od\u017cywczy, kt\u00f3ry nawil\u017ca, od\u017cywia i regeneruje sk\u00f3r\u0119, korzystaj\u0105c z dobroczynnych w\u0142a\u015bciwo\u015bci r\u00f3\u017cy z Jericho. Dzi\u0119ki lekkiej, ale bogatej formule, krem skutecznie zmi\u0119kcza sk\u00f3r\u0119, przywracaj\u0105c jej zdrowy i promienny wygl\u0105d. Zawarte w produkcie ekstrakty ro\u015blinne oraz oleje tworz\u0105 barier\u0119 ochronn\u0105, chroni\u0105c\u0105 przed utrat\u0105 wilgoci i dzia\u0142aniem czynnik\u00f3w zewn\u0119trznych. ... Read moreABIB Jericho Rose Creme Nutrition Tube 75 ml &#8211; Krem od\u017cywczy Jericho Rose w tubce","og_url":"https:\/\/selleetools.com\/pl\/product\/abib-jericho-rose-creme-nutrition-tube-75-ml-krem-odzywczy-jericho-rose-w-tubce\/","og_site_name":"Selleetools.com","article_modified_time":"2026-02-25T18:10:59+00:00","og_image":[{"width":215,"height":676,"url":"https:\/\/selleetools.com\/wp-content\/uploads\/2025\/10\/895d15beb0e7ee1593be7f2357238ce1.jpg","type":"image\/jpeg"}],"twitter_card":"summary_large_image","twitter_misc":{"Est. reading time":"1 minuta"},"schema":{"@context":"https:\/\/schema.org","@graph":[{"@type":"Organization","@id":"https:\/\/selleetools.com\/#organization","name":"Selleetools","url":"https:\/\/selleetools.com\/","sameAs":[],"logo":{"@type":"ImageObject","inLanguage":"pl-PL","@id":"https:\/\/selleetools.com\/#\/schema\/logo\/image\/","url":"https:\/\/selleetools.com\/wp-content\/uploads\/2021\/10\/logo-dark.png","contentUrl":"https:\/\/selleetools.com\/wp-content\/uploads\/2021\/10\/logo-dark.png","width":320,"height":76,"caption":"Selleetools"},"image":{"@id":"https:\/\/selleetools.com\/#\/schema\/logo\/image\/"}},{"@type":"WebSite","@id":"https:\/\/selleetools.com\/#website","url":"https:\/\/selleetools.com\/","name":"Selleetools.com","description":"","publisher":{"@id":"https:\/\/selleetools.com\/#organization"},"potentialAction":[{"@type":"SearchAction","target":{"@type":"EntryPoint","urlTemplate":"https:\/\/selleetools.com\/?s={search_term_string}"},"query-input":"required name=search_term_string"}],"inLanguage":"pl-PL"},{"@type":"WebPage","@id":"https:\/\/selleetools.com\/pl\/product\/abib-jericho-rose-creme-nutrition-tube-75-ml-krem-odzywczy-jericho-rose-w-tubce\/","url":"https:\/\/selleetools.com\/pl\/product\/abib-jericho-rose-creme-nutrition-tube-75-ml-krem-odzywczy-jericho-rose-w-tubce\/","name":"ABIB Jericho Rose Creme Nutrition Tube 75 ml - Krem od\u017cywczy Jericho Rose w tubce - Selleetools.com","isPartOf":{"@id":"https:\/\/selleetools.com\/#website"},"datePublished":"2025-10-24T11:23:36+00:00","dateModified":"2026-02-25T18:10:59+00:00","breadcrumb":{"@id":"https:\/\/selleetools.com\/pl\/product\/abib-jericho-rose-creme-nutrition-tube-75-ml-krem-odzywczy-jericho-rose-w-tubce\/#breadcrumb"},"inLanguage":"pl-PL","potentialAction":[{"@type":"ReadAction","target":["https:\/\/selleetools.com\/pl\/product\/abib-jericho-rose-creme-nutrition-tube-75-ml-krem-odzywczy-jericho-rose-w-tubce\/"]}]},{"@type":"BreadcrumbList","@id":"https:\/\/selleetools.com\/pl\/product\/abib-jericho-rose-creme-nutrition-tube-75-ml-krem-odzywczy-jericho-rose-w-tubce\/#breadcrumb","itemListElement":[{"@type":"ListItem","position":1,"name":"Home","item":"https:\/\/selleetools.com\/pl\/"},{"@type":"ListItem","position":2,"name":"Katalog","item":"https:\/\/selleetools.com\/pl\/katalog\/"},{"@type":"ListItem","position":3,"name":"ABIB Jericho Rose Creme Nutrition Tube 75 ml &#8211; Krem od\u017cywczy Jericho Rose w tubce"}]}]}},"_links":{"self":[{"href":"https:\/\/admincentral.selleetools.com\/pl\/wp-json\/wp\/v2\/product\/604318"}],"collection":[{"href":"https:\/\/admincentral.selleetools.com\/pl\/wp-json\/wp\/v2\/product"}],"about":[{"href":"https:\/\/admincentral.selleetools.com\/pl\/wp-json\/wp\/v2\/types\/product"}],"replies":[{"embeddable":true,"href":"https:\/\/admincentral.selleetools.com\/pl\/wp-json\/wp\/v2\/comments?post=604318"}],"wp:featuredmedia":[{"embeddable":true,"href":"https:\/\/admincentral.selleetools.com\/pl\/wp-json\/wp\/v2\/media\/604314"}],"wp:attachment":[{"href":"https:\/\/admincentral.selleetools.com\/pl\/wp-json\/wp\/v2\/media?parent=604318"}],"curies":[{"name":"wp","href":"https:\/\/api.w.org\/{rel}","templated":true}]}}