{"id":604378,"date":"2025-10-24T13:24:32","date_gmt":"2025-10-24T11:24:32","guid":{"rendered":"https:\/\/selleetools.com\/?post_type=product&#038;p=604378"},"modified":"2025-11-04T20:09:01","modified_gmt":"2025-11-04T19:09:01","slug":"peripera-ink-mood-matte-stick-11-pink-of-course-3-g-matowa-szminka-w-sztyfcie","status":"publish","type":"product","link":"https:\/\/admincentral.selleetools.com\/pl\/product\/peripera-ink-mood-matte-stick-11-pink-of-course-3-g-matowa-szminka-w-sztyfcie\/","title":{"rendered":"Peripera Ink Mood Matte Stick 11 Pink of course 3 g &#8211; Matowa szminka w sztyfcie"},"content":{"rendered":"<p>Peripera Ink Mood Matte Stick to matowa pomadka w sztyfcie, kt\u00f3ra zapewnia intensywny kolor i d\u0142ugotrwa\u0142y efekt na ustach. Odcie\u0144 11 &#8220;Pink of Course&#8221; to delikatny, a zarazem wyrazisty r\u00f3\u017c, kt\u00f3ry doskonale podkre\u015bla naturalne pi\u0119kno ust, nadaj\u0105c im elegancki matowy wygl\u0105d.<\/p>\n<p>Korzy\u015bci dla sk\u00f3ry:<br \/>\nIntensywny kolor: Dzi\u0119ki wysokiej pigmentacji, pomadka gwarantuje nasycony kolor ju\u017c przy jednym poci\u0105gni\u0119ciu.<br \/>\nD\u0142ugotrwa\u0142o\u015b\u0107: Formu\u0142a zapewnia trwa\u0142y efekt, kt\u00f3ry utrzymuje si\u0119 na ustach przez wiele godzin bez konieczno\u015bci cz\u0119stego poprawiania.<br \/>\nNawil\u017cenie: Pomimo matowego wyko\u0144czenia, pomadka jest wzbogacona o sk\u0142adniki nawil\u017caj\u0105ce, kt\u00f3re zapobiegaj\u0105 przesuszaniu si\u0119 ust, pozostawiaj\u0105c je mi\u0119kkie i g\u0142adkie.<br \/>\nKomfort noszenia: Lekka konsystencja sprawia, \u017ce pomadka jest praktycznie niewyczuwalna na ustach, co zapewnia komfort noszenia przez ca\u0142y dzie\u0144.<\/p>\n<p>Spos\u00f3b u\u017cycia:<br \/>\nPrzygotowanie ust: Przed na\u0142o\u017ceniem pomadki warto delikatnie z\u0142uszczy\u0107 usta, aby uzyska\u0107 g\u0142adk\u0105 powierzchni\u0119.<br \/>\nAplikacja: Aplikuj pomadk\u0119 bezpo\u015brednio na usta, zaczynaj\u0105c od \u015brodka i kieruj\u0105c si\u0119 ku k\u0105cikom ust. Mo\u017cesz u\u017cy\u0107 p\u0119dzelka do ust dla wi\u0119kszej precyzji.<br \/>\nWarstwowanie: Aby uzyska\u0107 intensywniejszy efekt, na\u0142\u00f3\u017c drug\u0105 warstw\u0119 pomadki.<br \/>\nPoprawki: W ci\u0105gu dnia, w razie potrzeby, delikatnie popraw kolor, aby zachowa\u0107 \u015bwie\u017co\u015b\u0107 makija\u017cu.<\/p>\n","protected":false},"excerpt":{"rendered":"<p>Peripera Ink Mood Matte Stick to matowa pomadka w sztyfcie, kt\u00f3ra zapewnia intensywny kolor i d\u0142ugotrwa\u0142y efekt na ustach. Odcie\u0144 11 &#8220;Pink of Course&#8221; to delikatny, a zarazem wyrazisty r\u00f3\u017c, kt\u00f3ry doskonale podkre\u015bla naturalne pi\u0119kno ust, nadaj\u0105c im elegancki matowy wygl\u0105d. Korzy\u015bci dla sk\u00f3ry: Intensywny kolor: Dzi\u0119ki wysokiej pigmentacji, pomadka gwarantuje nasycony kolor ju\u017c przy &#8230; <a title=\"Peripera Ink Mood Matte Stick 11 Pink of course 3 g &#8211; Matowa szminka w sztyfcie\" class=\"read-more\" href=\"https:\/\/admincentral.selleetools.com\/pl\/product\/peripera-ink-mood-matte-stick-11-pink-of-course-3-g-matowa-szminka-w-sztyfcie\/\">Read more<span class=\"screen-reader-text\">Peripera Ink Mood Matte Stick 11 Pink of course 3 g &#8211; Matowa szminka w sztyfcie<\/span><\/a><\/p>\n","protected":false},"featured_media":604374,"comment_status":"open","ping_status":"closed","template":"","meta":{"_links_to":"","_links_to_target":""},"yoast_head":"<!-- This site is optimized with the Yoast SEO plugin v19.4 - https:\/\/yoast.com\/wordpress\/plugins\/seo\/ -->\n<title>Peripera Ink Mood Matte Stick 11 Pink of course 3 g - Matowa szminka w sztyfcie - Selleetools.com<\/title>\n<meta name=\"robots\" content=\"index, follow, max-snippet:-1, max-image-preview:large, max-video-preview:-1\" \/>\n<link rel=\"canonical\" href=\"https:\/\/selleetools.com\/pl\/product\/peripera-ink-mood-matte-stick-11-pink-of-course-3-g-matowa-szminka-w-sztyfcie\/\" \/>\n<meta property=\"og:locale\" content=\"pl_PL\" \/>\n<meta property=\"og:type\" content=\"article\" \/>\n<meta property=\"og:title\" content=\"Peripera Ink Mood Matte Stick 11 Pink of course 3 g - Matowa szminka w sztyfcie - Selleetools.com\" \/>\n<meta property=\"og:description\" content=\"Peripera Ink Mood Matte Stick to matowa pomadka w sztyfcie, kt\u00f3ra zapewnia intensywny kolor i d\u0142ugotrwa\u0142y efekt na ustach. Odcie\u0144 11 &#8220;Pink of Course&#8221; to delikatny, a zarazem wyrazisty r\u00f3\u017c, kt\u00f3ry doskonale podkre\u015bla naturalne pi\u0119kno ust, nadaj\u0105c im elegancki matowy wygl\u0105d. Korzy\u015bci dla sk\u00f3ry: Intensywny kolor: Dzi\u0119ki wysokiej pigmentacji, pomadka gwarantuje nasycony kolor ju\u017c przy ... Read morePeripera Ink Mood Matte Stick 11 Pink of course 3 g &#8211; Matowa szminka w sztyfcie\" \/>\n<meta property=\"og:url\" content=\"https:\/\/selleetools.com\/pl\/product\/peripera-ink-mood-matte-stick-11-pink-of-course-3-g-matowa-szminka-w-sztyfcie\/\" \/>\n<meta property=\"og:site_name\" content=\"Selleetools.com\" \/>\n<meta property=\"article:modified_time\" content=\"2025-11-04T19:09:01+00:00\" \/>\n<meta property=\"og:image\" content=\"https:\/\/selleetools.com\/wp-content\/uploads\/2025\/10\/5fd1a86eaa03f6f389a13ead9d5ef0ab.jpg\" \/>\n\t<meta property=\"og:image:width\" content=\"425\" \/>\n\t<meta property=\"og:image:height\" content=\"425\" \/>\n\t<meta property=\"og:image:type\" content=\"image\/jpeg\" \/>\n<meta name=\"twitter:card\" content=\"summary_large_image\" \/>\n<meta name=\"twitter:label1\" content=\"Est. reading time\" \/>\n\t<meta name=\"twitter:data1\" content=\"1 minuta\" \/>\n<!-- \/ Yoast SEO plugin. -->","yoast_head_json":{"title":"Peripera Ink Mood Matte Stick 11 Pink of course 3 g - Matowa szminka w sztyfcie - Selleetools.com","robots":{"index":"index","follow":"follow","max-snippet":"max-snippet:-1","max-image-preview":"max-image-preview:large","max-video-preview":"max-video-preview:-1"},"canonical":"https:\/\/selleetools.com\/pl\/product\/peripera-ink-mood-matte-stick-11-pink-of-course-3-g-matowa-szminka-w-sztyfcie\/","og_locale":"pl_PL","og_type":"article","og_title":"Peripera Ink Mood Matte Stick 11 Pink of course 3 g - Matowa szminka w sztyfcie - Selleetools.com","og_description":"Peripera Ink Mood Matte Stick to matowa pomadka w sztyfcie, kt\u00f3ra zapewnia intensywny kolor i d\u0142ugotrwa\u0142y efekt na ustach. Odcie\u0144 11 &#8220;Pink of Course&#8221; to delikatny, a zarazem wyrazisty r\u00f3\u017c, kt\u00f3ry doskonale podkre\u015bla naturalne pi\u0119kno ust, nadaj\u0105c im elegancki matowy wygl\u0105d. Korzy\u015bci dla sk\u00f3ry: Intensywny kolor: Dzi\u0119ki wysokiej pigmentacji, pomadka gwarantuje nasycony kolor ju\u017c przy ... Read morePeripera Ink Mood Matte Stick 11 Pink of course 3 g &#8211; Matowa szminka w sztyfcie","og_url":"https:\/\/selleetools.com\/pl\/product\/peripera-ink-mood-matte-stick-11-pink-of-course-3-g-matowa-szminka-w-sztyfcie\/","og_site_name":"Selleetools.com","article_modified_time":"2025-11-04T19:09:01+00:00","og_image":[{"width":425,"height":425,"url":"https:\/\/selleetools.com\/wp-content\/uploads\/2025\/10\/5fd1a86eaa03f6f389a13ead9d5ef0ab.jpg","type":"image\/jpeg"}],"twitter_card":"summary_large_image","twitter_misc":{"Est. reading time":"1 minuta"},"schema":{"@context":"https:\/\/schema.org","@graph":[{"@type":"Organization","@id":"https:\/\/selleetools.com\/#organization","name":"Selleetools","url":"https:\/\/selleetools.com\/","sameAs":[],"logo":{"@type":"ImageObject","inLanguage":"pl-PL","@id":"https:\/\/selleetools.com\/#\/schema\/logo\/image\/","url":"https:\/\/selleetools.com\/wp-content\/uploads\/2021\/10\/logo-dark.png","contentUrl":"https:\/\/selleetools.com\/wp-content\/uploads\/2021\/10\/logo-dark.png","width":320,"height":76,"caption":"Selleetools"},"image":{"@id":"https:\/\/selleetools.com\/#\/schema\/logo\/image\/"}},{"@type":"WebSite","@id":"https:\/\/selleetools.com\/#website","url":"https:\/\/selleetools.com\/","name":"Selleetools.com","description":"","publisher":{"@id":"https:\/\/selleetools.com\/#organization"},"potentialAction":[{"@type":"SearchAction","target":{"@type":"EntryPoint","urlTemplate":"https:\/\/selleetools.com\/?s={search_term_string}"},"query-input":"required name=search_term_string"}],"inLanguage":"pl-PL"},{"@type":"WebPage","@id":"https:\/\/selleetools.com\/pl\/product\/peripera-ink-mood-matte-stick-11-pink-of-course-3-g-matowa-szminka-w-sztyfcie\/","url":"https:\/\/selleetools.com\/pl\/product\/peripera-ink-mood-matte-stick-11-pink-of-course-3-g-matowa-szminka-w-sztyfcie\/","name":"Peripera Ink Mood Matte Stick 11 Pink of course 3 g - Matowa szminka w sztyfcie - Selleetools.com","isPartOf":{"@id":"https:\/\/selleetools.com\/#website"},"datePublished":"2025-10-24T11:24:32+00:00","dateModified":"2025-11-04T19:09:01+00:00","breadcrumb":{"@id":"https:\/\/selleetools.com\/pl\/product\/peripera-ink-mood-matte-stick-11-pink-of-course-3-g-matowa-szminka-w-sztyfcie\/#breadcrumb"},"inLanguage":"pl-PL","potentialAction":[{"@type":"ReadAction","target":["https:\/\/selleetools.com\/pl\/product\/peripera-ink-mood-matte-stick-11-pink-of-course-3-g-matowa-szminka-w-sztyfcie\/"]}]},{"@type":"BreadcrumbList","@id":"https:\/\/selleetools.com\/pl\/product\/peripera-ink-mood-matte-stick-11-pink-of-course-3-g-matowa-szminka-w-sztyfcie\/#breadcrumb","itemListElement":[{"@type":"ListItem","position":1,"name":"Home","item":"https:\/\/selleetools.com\/pl\/"},{"@type":"ListItem","position":2,"name":"Katalog","item":"https:\/\/selleetools.com\/pl\/katalog\/"},{"@type":"ListItem","position":3,"name":"Peripera Ink Mood Matte Stick 11 Pink of course 3 g &#8211; Matowa szminka w sztyfcie"}]}]}},"_links":{"self":[{"href":"https:\/\/admincentral.selleetools.com\/pl\/wp-json\/wp\/v2\/product\/604378"}],"collection":[{"href":"https:\/\/admincentral.selleetools.com\/pl\/wp-json\/wp\/v2\/product"}],"about":[{"href":"https:\/\/admincentral.selleetools.com\/pl\/wp-json\/wp\/v2\/types\/product"}],"replies":[{"embeddable":true,"href":"https:\/\/admincentral.selleetools.com\/pl\/wp-json\/wp\/v2\/comments?post=604378"}],"wp:featuredmedia":[{"embeddable":true,"href":"https:\/\/admincentral.selleetools.com\/pl\/wp-json\/wp\/v2\/media\/604374"}],"wp:attachment":[{"href":"https:\/\/admincentral.selleetools.com\/pl\/wp-json\/wp\/v2\/media?parent=604378"}],"curies":[{"name":"wp","href":"https:\/\/api.w.org\/{rel}","templated":true}]}}