{"id":604728,"date":"2025-10-24T13:29:01","date_gmt":"2025-10-24T11:29:01","guid":{"rendered":"https:\/\/selleetools.com\/?post_type=product&#038;p=604728"},"modified":"2025-11-04T20:10:06","modified_gmt":"2025-11-04T19:10:06","slug":"peripera-water-bare-tint-003-emotional-pink-3-7-g-delikatny-tint-wodny","status":"publish","type":"product","link":"https:\/\/admincentral.selleetools.com\/pl\/product\/peripera-water-bare-tint-003-emotional-pink-3-7-g-delikatny-tint-wodny\/","title":{"rendered":"Peripera Water Bare Tint 003 Emotional pink 3.7 g &#8211; Delikatny tint wodny"},"content":{"rendered":"<p>Peripera Water Bare Tint w odcieniu 003 Emotional Pink to lekki i nawil\u017caj\u0105cy tint do ust, kt\u00f3ry nadaje delikatny, naturalny kolor. Dzi\u0119ki swojej wodnistej konsystencji, \u0142atwo si\u0119 aplikuje, pozostawiaj\u0105c na ustach \u015bwie\u017cy, subtelny r\u00f3\u017cowy odcie\u0144, idealny na co dzie\u0144. Produkt \u0142\u0105czy w sobie zalety kosmetyk\u00f3w piel\u0119gnacyjnych i kolorowych, nawil\u017caj\u0105c usta i jednocze\u015bnie nadaj\u0105c im pi\u0119kny kolor.<\/p>\n<p>Korzy\u015bci:<br \/>\nNawil\u017cenie: Formu\u0142a wzbogacona sk\u0142adnikami nawil\u017caj\u0105cymi pomaga utrzyma\u0107 usta mi\u0119kkie i g\u0142adkie przez ca\u0142y dzie\u0144.<br \/>\nNaturalny efekt: Tint subtelnie podkre\u015bla naturalny kolor ust, nadaj\u0105c im \u015bwie\u017cy i m\u0142odzie\u0144czy wygl\u0105d.<br \/>\nD\u0142ugotrwa\u0142y kolor: Mimo lekkiej konsystencji, tint pozostaje na ustach przez wiele godzin, minimalizuj\u0105c konieczno\u015b\u0107 poprawek.<br \/>\nLekko\u015b\u0107: Wodnista formu\u0142a jest niezwykle lekka, dzi\u0119ki czemu nie obci\u0105\u017ca ust i daje uczucie komfortu.<\/p>\n<p>Spos\u00f3b u\u017cycia:<br \/>\nAplikuj tint bezpo\u015brednio na usta przy pomocy do\u0142\u0105czonego aplikatora. Mo\u017cesz stopniowa\u0107 intensywno\u015b\u0107 koloru, nak\u0142adaj\u0105c jedn\u0105 lub kilka warstw produktu, w zale\u017cno\u015bci od po\u017c\u0105danego efektu. Aby uzyska\u0107 bardziej intensywny kolor, na\u0142\u00f3\u017c kilka warstw. Produkt mo\u017ce by\u0107 stosowany samodzielnie lub jako baza pod inne kosmetyki do ust.<\/p>\n","protected":false},"excerpt":{"rendered":"<p>Peripera Water Bare Tint w odcieniu 003 Emotional Pink to lekki i nawil\u017caj\u0105cy tint do ust, kt\u00f3ry nadaje delikatny, naturalny kolor. Dzi\u0119ki swojej wodnistej konsystencji, \u0142atwo si\u0119 aplikuje, pozostawiaj\u0105c na ustach \u015bwie\u017cy, subtelny r\u00f3\u017cowy odcie\u0144, idealny na co dzie\u0144. Produkt \u0142\u0105czy w sobie zalety kosmetyk\u00f3w piel\u0119gnacyjnych i kolorowych, nawil\u017caj\u0105c usta i jednocze\u015bnie nadaj\u0105c im pi\u0119kny &#8230; <a title=\"Peripera Water Bare Tint 003 Emotional pink 3.7 g &#8211; Delikatny tint wodny\" class=\"read-more\" href=\"https:\/\/admincentral.selleetools.com\/pl\/product\/peripera-water-bare-tint-003-emotional-pink-3-7-g-delikatny-tint-wodny\/\">Read more<span class=\"screen-reader-text\">Peripera Water Bare Tint 003 Emotional pink 3.7 g &#8211; Delikatny tint wodny<\/span><\/a><\/p>\n","protected":false},"featured_media":604726,"comment_status":"open","ping_status":"closed","template":"","meta":{"_links_to":"","_links_to_target":""},"yoast_head":"<!-- This site is optimized with the Yoast SEO plugin v19.4 - https:\/\/yoast.com\/wordpress\/plugins\/seo\/ -->\n<title>Peripera Water Bare Tint 003 Emotional pink 3.7 g - Delikatny tint wodny - Selleetools.com<\/title>\n<meta name=\"robots\" content=\"index, follow, max-snippet:-1, max-image-preview:large, max-video-preview:-1\" \/>\n<link rel=\"canonical\" href=\"https:\/\/selleetools.com\/pl\/product\/peripera-water-bare-tint-003-emotional-pink-3-7-g-delikatny-tint-wodny\/\" \/>\n<meta property=\"og:locale\" content=\"pl_PL\" \/>\n<meta property=\"og:type\" content=\"article\" \/>\n<meta property=\"og:title\" content=\"Peripera Water Bare Tint 003 Emotional pink 3.7 g - Delikatny tint wodny - Selleetools.com\" \/>\n<meta property=\"og:description\" content=\"Peripera Water Bare Tint w odcieniu 003 Emotional Pink to lekki i nawil\u017caj\u0105cy tint do ust, kt\u00f3ry nadaje delikatny, naturalny kolor. Dzi\u0119ki swojej wodnistej konsystencji, \u0142atwo si\u0119 aplikuje, pozostawiaj\u0105c na ustach \u015bwie\u017cy, subtelny r\u00f3\u017cowy odcie\u0144, idealny na co dzie\u0144. Produkt \u0142\u0105czy w sobie zalety kosmetyk\u00f3w piel\u0119gnacyjnych i kolorowych, nawil\u017caj\u0105c usta i jednocze\u015bnie nadaj\u0105c im pi\u0119kny ... Read morePeripera Water Bare Tint 003 Emotional pink 3.7 g &#8211; Delikatny tint wodny\" \/>\n<meta property=\"og:url\" content=\"https:\/\/selleetools.com\/pl\/product\/peripera-water-bare-tint-003-emotional-pink-3-7-g-delikatny-tint-wodny\/\" \/>\n<meta property=\"og:site_name\" content=\"Selleetools.com\" \/>\n<meta property=\"article:modified_time\" content=\"2025-11-04T19:10:06+00:00\" \/>\n<meta property=\"og:image\" content=\"https:\/\/selleetools.com\/wp-content\/uploads\/2025\/10\/69e7c88bf31f6a5c60f2e15237d00e1c.jpg\" \/>\n\t<meta property=\"og:image:width\" content=\"425\" \/>\n\t<meta property=\"og:image:height\" content=\"425\" \/>\n\t<meta property=\"og:image:type\" content=\"image\/jpeg\" \/>\n<meta name=\"twitter:card\" content=\"summary_large_image\" \/>\n<meta name=\"twitter:label1\" content=\"Est. reading time\" \/>\n\t<meta name=\"twitter:data1\" content=\"1 minuta\" \/>\n<!-- \/ Yoast SEO plugin. -->","yoast_head_json":{"title":"Peripera Water Bare Tint 003 Emotional pink 3.7 g - Delikatny tint wodny - Selleetools.com","robots":{"index":"index","follow":"follow","max-snippet":"max-snippet:-1","max-image-preview":"max-image-preview:large","max-video-preview":"max-video-preview:-1"},"canonical":"https:\/\/selleetools.com\/pl\/product\/peripera-water-bare-tint-003-emotional-pink-3-7-g-delikatny-tint-wodny\/","og_locale":"pl_PL","og_type":"article","og_title":"Peripera Water Bare Tint 003 Emotional pink 3.7 g - Delikatny tint wodny - Selleetools.com","og_description":"Peripera Water Bare Tint w odcieniu 003 Emotional Pink to lekki i nawil\u017caj\u0105cy tint do ust, kt\u00f3ry nadaje delikatny, naturalny kolor. Dzi\u0119ki swojej wodnistej konsystencji, \u0142atwo si\u0119 aplikuje, pozostawiaj\u0105c na ustach \u015bwie\u017cy, subtelny r\u00f3\u017cowy odcie\u0144, idealny na co dzie\u0144. Produkt \u0142\u0105czy w sobie zalety kosmetyk\u00f3w piel\u0119gnacyjnych i kolorowych, nawil\u017caj\u0105c usta i jednocze\u015bnie nadaj\u0105c im pi\u0119kny ... Read morePeripera Water Bare Tint 003 Emotional pink 3.7 g &#8211; Delikatny tint wodny","og_url":"https:\/\/selleetools.com\/pl\/product\/peripera-water-bare-tint-003-emotional-pink-3-7-g-delikatny-tint-wodny\/","og_site_name":"Selleetools.com","article_modified_time":"2025-11-04T19:10:06+00:00","og_image":[{"width":425,"height":425,"url":"https:\/\/selleetools.com\/wp-content\/uploads\/2025\/10\/69e7c88bf31f6a5c60f2e15237d00e1c.jpg","type":"image\/jpeg"}],"twitter_card":"summary_large_image","twitter_misc":{"Est. reading time":"1 minuta"},"schema":{"@context":"https:\/\/schema.org","@graph":[{"@type":"Organization","@id":"https:\/\/selleetools.com\/#organization","name":"Selleetools","url":"https:\/\/selleetools.com\/","sameAs":[],"logo":{"@type":"ImageObject","inLanguage":"pl-PL","@id":"https:\/\/selleetools.com\/#\/schema\/logo\/image\/","url":"https:\/\/selleetools.com\/wp-content\/uploads\/2021\/10\/logo-dark.png","contentUrl":"https:\/\/selleetools.com\/wp-content\/uploads\/2021\/10\/logo-dark.png","width":320,"height":76,"caption":"Selleetools"},"image":{"@id":"https:\/\/selleetools.com\/#\/schema\/logo\/image\/"}},{"@type":"WebSite","@id":"https:\/\/selleetools.com\/#website","url":"https:\/\/selleetools.com\/","name":"Selleetools.com","description":"","publisher":{"@id":"https:\/\/selleetools.com\/#organization"},"potentialAction":[{"@type":"SearchAction","target":{"@type":"EntryPoint","urlTemplate":"https:\/\/selleetools.com\/?s={search_term_string}"},"query-input":"required name=search_term_string"}],"inLanguage":"pl-PL"},{"@type":"WebPage","@id":"https:\/\/selleetools.com\/pl\/product\/peripera-water-bare-tint-003-emotional-pink-3-7-g-delikatny-tint-wodny\/","url":"https:\/\/selleetools.com\/pl\/product\/peripera-water-bare-tint-003-emotional-pink-3-7-g-delikatny-tint-wodny\/","name":"Peripera Water Bare Tint 003 Emotional pink 3.7 g - Delikatny tint wodny - Selleetools.com","isPartOf":{"@id":"https:\/\/selleetools.com\/#website"},"datePublished":"2025-10-24T11:29:01+00:00","dateModified":"2025-11-04T19:10:06+00:00","breadcrumb":{"@id":"https:\/\/selleetools.com\/pl\/product\/peripera-water-bare-tint-003-emotional-pink-3-7-g-delikatny-tint-wodny\/#breadcrumb"},"inLanguage":"pl-PL","potentialAction":[{"@type":"ReadAction","target":["https:\/\/selleetools.com\/pl\/product\/peripera-water-bare-tint-003-emotional-pink-3-7-g-delikatny-tint-wodny\/"]}]},{"@type":"BreadcrumbList","@id":"https:\/\/selleetools.com\/pl\/product\/peripera-water-bare-tint-003-emotional-pink-3-7-g-delikatny-tint-wodny\/#breadcrumb","itemListElement":[{"@type":"ListItem","position":1,"name":"Home","item":"https:\/\/selleetools.com\/pl\/"},{"@type":"ListItem","position":2,"name":"Katalog","item":"https:\/\/selleetools.com\/pl\/katalog\/"},{"@type":"ListItem","position":3,"name":"Peripera Water Bare Tint 003 Emotional pink 3.7 g &#8211; Delikatny tint wodny"}]}]}},"_links":{"self":[{"href":"https:\/\/admincentral.selleetools.com\/pl\/wp-json\/wp\/v2\/product\/604728"}],"collection":[{"href":"https:\/\/admincentral.selleetools.com\/pl\/wp-json\/wp\/v2\/product"}],"about":[{"href":"https:\/\/admincentral.selleetools.com\/pl\/wp-json\/wp\/v2\/types\/product"}],"replies":[{"embeddable":true,"href":"https:\/\/admincentral.selleetools.com\/pl\/wp-json\/wp\/v2\/comments?post=604728"}],"wp:featuredmedia":[{"embeddable":true,"href":"https:\/\/admincentral.selleetools.com\/pl\/wp-json\/wp\/v2\/media\/604726"}],"wp:attachment":[{"href":"https:\/\/admincentral.selleetools.com\/pl\/wp-json\/wp\/v2\/media?parent=604728"}],"curies":[{"name":"wp","href":"https:\/\/api.w.org\/{rel}","templated":true}]}}