{"id":604731,"date":"2025-10-24T13:29:03","date_gmt":"2025-10-24T11:29:03","guid":{"rendered":"https:\/\/selleetools.com\/?post_type=product&#038;p=604731"},"modified":"2025-11-04T20:10:16","modified_gmt":"2025-11-04T19:10:16","slug":"peripera-water-bare-tint-004-right-peach-3-7-g-delikatny-tint-wodny","status":"publish","type":"product","link":"https:\/\/admincentral.selleetools.com\/pl\/product\/peripera-water-bare-tint-004-right-peach-3-7-g-delikatny-tint-wodny\/","title":{"rendered":"Peripera Water Bare Tint 004 Right peach 3.7 g &#8211; Delikatny tint wodny"},"content":{"rendered":"<p>Peripera Water Bare Tint w odcieniu 004 Right Peach to lekki, wodny tint do ust, kt\u00f3ry zapewnia naturalny, \u015bwie\u017cy wygl\u0105d oraz delikatny kolor, idealny na co dzie\u0144. Jego wyj\u0105tkowa formu\u0142a nawil\u017ca usta, pozostawiaj\u0105c je mi\u0119kkie i g\u0142adkie, bez uczucia ci\u0119\u017cko\u015bci czy lepko\u015bci. Tint ten jest niezwykle trwa\u0142y, nie \u015bciera si\u0119 podczas noszenia, a delikatny brzoskwiniowy odcie\u0144 dodaje ustom subtelnego blasku.<\/p>\n<p>Korzy\u015bci dla sk\u00f3ry:<br \/>\nNawil\u017cenie i od\u017cywienie ust dzi\u0119ki sk\u0142adnikom o w\u0142a\u015bciwo\u015bciach piel\u0119gnacyjnych.<br \/>\nLekka formu\u0142a, kt\u00f3ra nie obci\u0105\u017ca ust i nie powoduje uczucia lepko\u015bci.<br \/>\nD\u0142ugotrwa\u0142y efekt, kt\u00f3ry utrzymuje si\u0119 przez wiele godzin bez konieczno\u015bci poprawek.<br \/>\nNaturalny, delikatny kolor, idealny do codziennego makija\u017cu.<\/p>\n<p>Spos\u00f3b u\u017cycia:<br \/>\nNa\u0142\u00f3\u017c odpowiedni\u0105 ilo\u015b\u0107 tintu na usta za pomoc\u0105 aplikatora. Dla intensywniejszego koloru, na\u0142\u00f3\u017c dodatkow\u0105 warstw\u0119. Mo\u017cesz r\u00f3wnie\u017c delikatnie wklepa\u0107 tint opuszkami palc\u00f3w, aby uzyska\u0107 efekt rozmytego koloru.<\/p>\n","protected":false},"excerpt":{"rendered":"<p>Peripera Water Bare Tint w odcieniu 004 Right Peach to lekki, wodny tint do ust, kt\u00f3ry zapewnia naturalny, \u015bwie\u017cy wygl\u0105d oraz delikatny kolor, idealny na co dzie\u0144. Jego wyj\u0105tkowa formu\u0142a nawil\u017ca usta, pozostawiaj\u0105c je mi\u0119kkie i g\u0142adkie, bez uczucia ci\u0119\u017cko\u015bci czy lepko\u015bci. Tint ten jest niezwykle trwa\u0142y, nie \u015bciera si\u0119 podczas noszenia, a delikatny brzoskwiniowy &#8230; <a title=\"Peripera Water Bare Tint 004 Right peach 3.7 g &#8211; Delikatny tint wodny\" class=\"read-more\" href=\"https:\/\/admincentral.selleetools.com\/pl\/product\/peripera-water-bare-tint-004-right-peach-3-7-g-delikatny-tint-wodny\/\">Read more<span class=\"screen-reader-text\">Peripera Water Bare Tint 004 Right peach 3.7 g &#8211; Delikatny tint wodny<\/span><\/a><\/p>\n","protected":false},"featured_media":604729,"comment_status":"open","ping_status":"closed","template":"","meta":{"_links_to":"","_links_to_target":""},"yoast_head":"<!-- This site is optimized with the Yoast SEO plugin v19.4 - https:\/\/yoast.com\/wordpress\/plugins\/seo\/ -->\n<title>Peripera Water Bare Tint 004 Right peach 3.7 g - Delikatny tint wodny - Selleetools.com<\/title>\n<meta name=\"robots\" content=\"index, follow, max-snippet:-1, max-image-preview:large, max-video-preview:-1\" \/>\n<link rel=\"canonical\" href=\"https:\/\/selleetools.com\/product\/peripera-water-bare-tint-004-right-peach-3-7-g-delikatny-tint-wodny\/\" \/>\n<meta property=\"og:locale\" content=\"pl_PL\" \/>\n<meta property=\"og:type\" content=\"article\" \/>\n<meta property=\"og:title\" content=\"Peripera Water Bare Tint 004 Right peach 3.7 g - Delikatny tint wodny - Selleetools.com\" \/>\n<meta property=\"og:description\" content=\"Peripera Water Bare Tint w odcieniu 004 Right Peach to lekki, wodny tint do ust, kt\u00f3ry zapewnia naturalny, \u015bwie\u017cy wygl\u0105d oraz delikatny kolor, idealny na co dzie\u0144. Jego wyj\u0105tkowa formu\u0142a nawil\u017ca usta, pozostawiaj\u0105c je mi\u0119kkie i g\u0142adkie, bez uczucia ci\u0119\u017cko\u015bci czy lepko\u015bci. Tint ten jest niezwykle trwa\u0142y, nie \u015bciera si\u0119 podczas noszenia, a delikatny brzoskwiniowy ... Read morePeripera Water Bare Tint 004 Right peach 3.7 g &#8211; Delikatny tint wodny\" \/>\n<meta property=\"og:url\" content=\"https:\/\/selleetools.com\/product\/peripera-water-bare-tint-004-right-peach-3-7-g-delikatny-tint-wodny\/\" \/>\n<meta property=\"og:site_name\" content=\"Selleetools.com\" \/>\n<meta property=\"article:modified_time\" content=\"2025-11-04T19:10:16+00:00\" \/>\n<meta property=\"og:image\" content=\"https:\/\/selleetools.com\/wp-content\/uploads\/2025\/10\/be738dded2ebc9b64ae181cb84eadc30.jpg\" \/>\n\t<meta property=\"og:image:width\" content=\"425\" \/>\n\t<meta property=\"og:image:height\" content=\"425\" \/>\n\t<meta property=\"og:image:type\" content=\"image\/jpeg\" \/>\n<meta name=\"twitter:card\" content=\"summary_large_image\" \/>\n<meta name=\"twitter:label1\" content=\"Est. reading time\" \/>\n\t<meta name=\"twitter:data1\" content=\"1 minuta\" \/>\n<!-- \/ Yoast SEO plugin. -->","yoast_head_json":{"title":"Peripera Water Bare Tint 004 Right peach 3.7 g - Delikatny tint wodny - Selleetools.com","robots":{"index":"index","follow":"follow","max-snippet":"max-snippet:-1","max-image-preview":"max-image-preview:large","max-video-preview":"max-video-preview:-1"},"canonical":"https:\/\/selleetools.com\/product\/peripera-water-bare-tint-004-right-peach-3-7-g-delikatny-tint-wodny\/","og_locale":"pl_PL","og_type":"article","og_title":"Peripera Water Bare Tint 004 Right peach 3.7 g - Delikatny tint wodny - Selleetools.com","og_description":"Peripera Water Bare Tint w odcieniu 004 Right Peach to lekki, wodny tint do ust, kt\u00f3ry zapewnia naturalny, \u015bwie\u017cy wygl\u0105d oraz delikatny kolor, idealny na co dzie\u0144. Jego wyj\u0105tkowa formu\u0142a nawil\u017ca usta, pozostawiaj\u0105c je mi\u0119kkie i g\u0142adkie, bez uczucia ci\u0119\u017cko\u015bci czy lepko\u015bci. Tint ten jest niezwykle trwa\u0142y, nie \u015bciera si\u0119 podczas noszenia, a delikatny brzoskwiniowy ... Read morePeripera Water Bare Tint 004 Right peach 3.7 g &#8211; Delikatny tint wodny","og_url":"https:\/\/selleetools.com\/product\/peripera-water-bare-tint-004-right-peach-3-7-g-delikatny-tint-wodny\/","og_site_name":"Selleetools.com","article_modified_time":"2025-11-04T19:10:16+00:00","og_image":[{"width":425,"height":425,"url":"https:\/\/selleetools.com\/wp-content\/uploads\/2025\/10\/be738dded2ebc9b64ae181cb84eadc30.jpg","type":"image\/jpeg"}],"twitter_card":"summary_large_image","twitter_misc":{"Est. reading time":"1 minuta"},"schema":{"@context":"https:\/\/schema.org","@graph":[{"@type":"Organization","@id":"https:\/\/selleetools.com\/#organization","name":"Selleetools","url":"https:\/\/selleetools.com\/","sameAs":[],"logo":{"@type":"ImageObject","inLanguage":"pl-PL","@id":"https:\/\/selleetools.com\/#\/schema\/logo\/image\/","url":"https:\/\/selleetools.com\/wp-content\/uploads\/2021\/10\/logo-dark.png","contentUrl":"https:\/\/selleetools.com\/wp-content\/uploads\/2021\/10\/logo-dark.png","width":320,"height":76,"caption":"Selleetools"},"image":{"@id":"https:\/\/selleetools.com\/#\/schema\/logo\/image\/"}},{"@type":"WebSite","@id":"https:\/\/selleetools.com\/#website","url":"https:\/\/selleetools.com\/","name":"Selleetools.com","description":"","publisher":{"@id":"https:\/\/selleetools.com\/#organization"},"potentialAction":[{"@type":"SearchAction","target":{"@type":"EntryPoint","urlTemplate":"https:\/\/selleetools.com\/?s={search_term_string}"},"query-input":"required name=search_term_string"}],"inLanguage":"pl-PL"},{"@type":"WebPage","@id":"https:\/\/selleetools.com\/product\/peripera-water-bare-tint-004-right-peach-3-7-g-delikatny-tint-wodny\/","url":"https:\/\/selleetools.com\/product\/peripera-water-bare-tint-004-right-peach-3-7-g-delikatny-tint-wodny\/","name":"Peripera Water Bare Tint 004 Right peach 3.7 g - Delikatny tint wodny - Selleetools.com","isPartOf":{"@id":"https:\/\/selleetools.com\/#website"},"datePublished":"2025-10-24T11:29:03+00:00","dateModified":"2025-11-04T19:10:16+00:00","breadcrumb":{"@id":"https:\/\/selleetools.com\/product\/peripera-water-bare-tint-004-right-peach-3-7-g-delikatny-tint-wodny\/#breadcrumb"},"inLanguage":"pl-PL","potentialAction":[{"@type":"ReadAction","target":["https:\/\/selleetools.com\/product\/peripera-water-bare-tint-004-right-peach-3-7-g-delikatny-tint-wodny\/"]}]},{"@type":"BreadcrumbList","@id":"https:\/\/selleetools.com\/product\/peripera-water-bare-tint-004-right-peach-3-7-g-delikatny-tint-wodny\/#breadcrumb","itemListElement":[{"@type":"ListItem","position":1,"name":"Home","item":"https:\/\/selleetools.com\/pl\/"},{"@type":"ListItem","position":2,"name":"Katalog","item":"https:\/\/selleetools.com\/pl\/katalog\/"},{"@type":"ListItem","position":3,"name":"Peripera Water Bare Tint 004 Right peach 3.7 g &#8211; Delikatny tint wodny"}]}]}},"_links":{"self":[{"href":"https:\/\/admincentral.selleetools.com\/pl\/wp-json\/wp\/v2\/product\/604731"}],"collection":[{"href":"https:\/\/admincentral.selleetools.com\/pl\/wp-json\/wp\/v2\/product"}],"about":[{"href":"https:\/\/admincentral.selleetools.com\/pl\/wp-json\/wp\/v2\/types\/product"}],"replies":[{"embeddable":true,"href":"https:\/\/admincentral.selleetools.com\/pl\/wp-json\/wp\/v2\/comments?post=604731"}],"wp:featuredmedia":[{"embeddable":true,"href":"https:\/\/admincentral.selleetools.com\/pl\/wp-json\/wp\/v2\/media\/604729"}],"wp:attachment":[{"href":"https:\/\/admincentral.selleetools.com\/pl\/wp-json\/wp\/v2\/media?parent=604731"}],"curies":[{"name":"wp","href":"https:\/\/api.w.org\/{rel}","templated":true}]}}