{"id":604860,"date":"2025-10-24T13:30:44","date_gmt":"2025-10-24T11:30:44","guid":{"rendered":"https:\/\/selleetools.com\/?post_type=product&#038;p=604860"},"modified":"2025-11-04T20:11:53","modified_gmt":"2025-11-04T19:11:53","slug":"nine-less-a-control-heartleaf-bha-cleanser-120-ml-zel-oczyszczajacy","status":"publish","type":"product","link":"https:\/\/admincentral.selleetools.com\/pl\/product\/nine-less-a-control-heartleaf-bha-cleanser-120-ml-zel-oczyszczajacy\/","title":{"rendered":"NINE LESS A-Control Heartleaf &#038; BHA Cleanser 120 ml &#8211; \u017bel oczyszczaj\u0105cy"},"content":{"rendered":"<p>NINE LESS A-Control Cleanser z W\u0105krot\u0105 Azjatyck\u0105 i BHA to delikatny \u017cel oczyszczaj\u0105cy, kt\u00f3ry skutecznie usuwa zanieczyszczenia i nadmiar sebum, jednocze\u015bnie dbaj\u0105c o nawil\u017cenie i r\u00f3wnowag\u0119 sk\u00f3ry. Zawarte w sk\u0142adzie ekstrakty z w\u0105kroty azjatyckiej \u0142agodz\u0105 podra\u017cnienia i dzia\u0142aj\u0105 przeciwzapalnie, a kwas salicylowy (BHA) dog\u0142\u0119bnie oczyszcza pory, zapobiegaj\u0105c powstawaniu zask\u00f3rnik\u00f3w i wyprysk\u00f3w.<\/p>\n<p>Korzy\u015bci dla sk\u00f3ry:<br \/>\nG\u0142\u0119bokie oczyszczenie: BHA wnika w pory, usuwaj\u0105c zanieczyszczenia i sebum, co zapobiega powstawaniu zask\u00f3rnik\u00f3w.<br \/>\n\u0141agodzenie podra\u017cnie\u0144: W\u0105krota azjatycka dzia\u0142a koj\u0105co, zmniejszaj\u0105c zaczerwienienia i stany zapalne.<br \/>\nPoprawa struktury sk\u00f3ry: Regularne stosowanie wyg\u0142adza sk\u00f3r\u0119, nadaj\u0105c jej zdrowy i promienny wygl\u0105d.<\/p>\n<p>Spos\u00f3b u\u017cycia: Na\u0142\u00f3\u017c niewielk\u0105 ilo\u015b\u0107 produktu na wilgotn\u0105 sk\u00f3r\u0119 twarzy. Delikatnie masuj okr\u0119\u017cnymi ruchami, unikaj\u0105c okolic oczu. Nast\u0119pnie dok\u0142adnie sp\u0142ucz letni\u0105 wod\u0105. Stosuj rano i wieczorem jako cz\u0119\u015b\u0107 codziennej rutyny piel\u0119gnacyjnej.<\/p>\n","protected":false},"excerpt":{"rendered":"<p>NINE LESS A-Control Cleanser z W\u0105krot\u0105 Azjatyck\u0105 i BHA to delikatny \u017cel oczyszczaj\u0105cy, kt\u00f3ry skutecznie usuwa zanieczyszczenia i nadmiar sebum, jednocze\u015bnie dbaj\u0105c o nawil\u017cenie i r\u00f3wnowag\u0119 sk\u00f3ry. Zawarte w sk\u0142adzie ekstrakty z w\u0105kroty azjatyckiej \u0142agodz\u0105 podra\u017cnienia i dzia\u0142aj\u0105 przeciwzapalnie, a kwas salicylowy (BHA) dog\u0142\u0119bnie oczyszcza pory, zapobiegaj\u0105c powstawaniu zask\u00f3rnik\u00f3w i wyprysk\u00f3w. Korzy\u015bci dla sk\u00f3ry: G\u0142\u0119bokie &#8230; <a title=\"NINE LESS A-Control Heartleaf &#038; BHA Cleanser 120 ml &#8211; \u017bel oczyszczaj\u0105cy\" class=\"read-more\" href=\"https:\/\/admincentral.selleetools.com\/pl\/product\/nine-less-a-control-heartleaf-bha-cleanser-120-ml-zel-oczyszczajacy\/\">Read more<span class=\"screen-reader-text\">NINE LESS A-Control Heartleaf &#038; BHA Cleanser 120 ml &#8211; \u017bel oczyszczaj\u0105cy<\/span><\/a><\/p>\n","protected":false},"featured_media":604856,"comment_status":"open","ping_status":"closed","template":"","meta":{"_links_to":"","_links_to_target":""},"yoast_head":"<!-- This site is optimized with the Yoast SEO plugin v19.4 - https:\/\/yoast.com\/wordpress\/plugins\/seo\/ -->\n<title>NINE LESS A-Control Heartleaf &amp; BHA Cleanser 120 ml - \u017bel oczyszczaj\u0105cy - Selleetools.com<\/title>\n<meta name=\"robots\" content=\"index, follow, max-snippet:-1, max-image-preview:large, max-video-preview:-1\" \/>\n<link rel=\"canonical\" href=\"https:\/\/admincentral.selleetools.com\/pl\/product\/nine-less-a-control-heartleaf-bha-cleanser-120-ml-zel-oczyszczajacy\/\" \/>\n<meta property=\"og:locale\" content=\"pl_PL\" \/>\n<meta property=\"og:type\" content=\"article\" \/>\n<meta property=\"og:title\" content=\"NINE LESS A-Control Heartleaf &amp; BHA Cleanser 120 ml - \u017bel oczyszczaj\u0105cy - Selleetools.com\" \/>\n<meta property=\"og:description\" content=\"NINE LESS A-Control Cleanser z W\u0105krot\u0105 Azjatyck\u0105 i BHA to delikatny \u017cel oczyszczaj\u0105cy, kt\u00f3ry skutecznie usuwa zanieczyszczenia i nadmiar sebum, jednocze\u015bnie dbaj\u0105c o nawil\u017cenie i r\u00f3wnowag\u0119 sk\u00f3ry. Zawarte w sk\u0142adzie ekstrakty z w\u0105kroty azjatyckiej \u0142agodz\u0105 podra\u017cnienia i dzia\u0142aj\u0105 przeciwzapalnie, a kwas salicylowy (BHA) dog\u0142\u0119bnie oczyszcza pory, zapobiegaj\u0105c powstawaniu zask\u00f3rnik\u00f3w i wyprysk\u00f3w. Korzy\u015bci dla sk\u00f3ry: G\u0142\u0119bokie ... Read moreNINE LESS A-Control Heartleaf &#038; BHA Cleanser 120 ml &#8211; \u017bel oczyszczaj\u0105cy\" \/>\n<meta property=\"og:url\" content=\"https:\/\/admincentral.selleetools.com\/pl\/product\/nine-less-a-control-heartleaf-bha-cleanser-120-ml-zel-oczyszczajacy\/\" \/>\n<meta property=\"og:site_name\" content=\"Selleetools.com\" \/>\n<meta property=\"article:modified_time\" content=\"2025-11-04T19:11:53+00:00\" \/>\n<meta property=\"og:image\" content=\"https:\/\/selleetools.com\/wp-content\/uploads\/2025\/10\/048aa0d1d2313f7a103cdee8ee52f82a.jpg\" \/>\n\t<meta property=\"og:image:width\" content=\"1200\" \/>\n\t<meta property=\"og:image:height\" content=\"1200\" \/>\n\t<meta property=\"og:image:type\" content=\"image\/jpeg\" \/>\n<meta name=\"twitter:card\" content=\"summary_large_image\" \/>\n<meta name=\"twitter:label1\" content=\"Est. reading time\" \/>\n\t<meta name=\"twitter:data1\" content=\"1 minuta\" \/>\n<!-- \/ Yoast SEO plugin. -->","yoast_head_json":{"title":"NINE LESS A-Control Heartleaf & BHA Cleanser 120 ml - \u017bel oczyszczaj\u0105cy - Selleetools.com","robots":{"index":"index","follow":"follow","max-snippet":"max-snippet:-1","max-image-preview":"max-image-preview:large","max-video-preview":"max-video-preview:-1"},"canonical":"https:\/\/admincentral.selleetools.com\/pl\/product\/nine-less-a-control-heartleaf-bha-cleanser-120-ml-zel-oczyszczajacy\/","og_locale":"pl_PL","og_type":"article","og_title":"NINE LESS A-Control Heartleaf & BHA Cleanser 120 ml - \u017bel oczyszczaj\u0105cy - Selleetools.com","og_description":"NINE LESS A-Control Cleanser z W\u0105krot\u0105 Azjatyck\u0105 i BHA to delikatny \u017cel oczyszczaj\u0105cy, kt\u00f3ry skutecznie usuwa zanieczyszczenia i nadmiar sebum, jednocze\u015bnie dbaj\u0105c o nawil\u017cenie i r\u00f3wnowag\u0119 sk\u00f3ry. Zawarte w sk\u0142adzie ekstrakty z w\u0105kroty azjatyckiej \u0142agodz\u0105 podra\u017cnienia i dzia\u0142aj\u0105 przeciwzapalnie, a kwas salicylowy (BHA) dog\u0142\u0119bnie oczyszcza pory, zapobiegaj\u0105c powstawaniu zask\u00f3rnik\u00f3w i wyprysk\u00f3w. Korzy\u015bci dla sk\u00f3ry: G\u0142\u0119bokie ... Read moreNINE LESS A-Control Heartleaf &#038; BHA Cleanser 120 ml &#8211; \u017bel oczyszczaj\u0105cy","og_url":"https:\/\/admincentral.selleetools.com\/pl\/product\/nine-less-a-control-heartleaf-bha-cleanser-120-ml-zel-oczyszczajacy\/","og_site_name":"Selleetools.com","article_modified_time":"2025-11-04T19:11:53+00:00","og_image":[{"width":1200,"height":1200,"url":"https:\/\/selleetools.com\/wp-content\/uploads\/2025\/10\/048aa0d1d2313f7a103cdee8ee52f82a.jpg","type":"image\/jpeg"}],"twitter_card":"summary_large_image","twitter_misc":{"Est. reading time":"1 minuta"},"schema":{"@context":"https:\/\/schema.org","@graph":[{"@type":"Organization","@id":"https:\/\/selleetools.com\/#organization","name":"Selleetools","url":"https:\/\/selleetools.com\/","sameAs":[],"logo":{"@type":"ImageObject","inLanguage":"pl-PL","@id":"https:\/\/selleetools.com\/#\/schema\/logo\/image\/","url":"https:\/\/selleetools.com\/wp-content\/uploads\/2021\/10\/logo-dark.png","contentUrl":"https:\/\/selleetools.com\/wp-content\/uploads\/2021\/10\/logo-dark.png","width":320,"height":76,"caption":"Selleetools"},"image":{"@id":"https:\/\/selleetools.com\/#\/schema\/logo\/image\/"}},{"@type":"WebSite","@id":"https:\/\/selleetools.com\/#website","url":"https:\/\/selleetools.com\/","name":"Selleetools.com","description":"","publisher":{"@id":"https:\/\/selleetools.com\/#organization"},"potentialAction":[{"@type":"SearchAction","target":{"@type":"EntryPoint","urlTemplate":"https:\/\/selleetools.com\/?s={search_term_string}"},"query-input":"required name=search_term_string"}],"inLanguage":"pl-PL"},{"@type":"WebPage","@id":"https:\/\/admincentral.selleetools.com\/pl\/product\/nine-less-a-control-heartleaf-bha-cleanser-120-ml-zel-oczyszczajacy\/","url":"https:\/\/admincentral.selleetools.com\/pl\/product\/nine-less-a-control-heartleaf-bha-cleanser-120-ml-zel-oczyszczajacy\/","name":"NINE LESS A-Control Heartleaf & BHA Cleanser 120 ml - \u017bel oczyszczaj\u0105cy - Selleetools.com","isPartOf":{"@id":"https:\/\/selleetools.com\/#website"},"datePublished":"2025-10-24T11:30:44+00:00","dateModified":"2025-11-04T19:11:53+00:00","breadcrumb":{"@id":"https:\/\/admincentral.selleetools.com\/pl\/product\/nine-less-a-control-heartleaf-bha-cleanser-120-ml-zel-oczyszczajacy\/#breadcrumb"},"inLanguage":"pl-PL","potentialAction":[{"@type":"ReadAction","target":["https:\/\/admincentral.selleetools.com\/pl\/product\/nine-less-a-control-heartleaf-bha-cleanser-120-ml-zel-oczyszczajacy\/"]}]},{"@type":"BreadcrumbList","@id":"https:\/\/admincentral.selleetools.com\/pl\/product\/nine-less-a-control-heartleaf-bha-cleanser-120-ml-zel-oczyszczajacy\/#breadcrumb","itemListElement":[{"@type":"ListItem","position":1,"name":"Home","item":"https:\/\/selleetools.com\/pl\/"},{"@type":"ListItem","position":2,"name":"Katalog","item":"https:\/\/selleetools.com\/pl\/katalog\/"},{"@type":"ListItem","position":3,"name":"NINE LESS A-Control Heartleaf &#038; BHA Cleanser 120 ml &#8211; \u017bel oczyszczaj\u0105cy"}]}]}},"_links":{"self":[{"href":"https:\/\/admincentral.selleetools.com\/pl\/wp-json\/wp\/v2\/product\/604860"}],"collection":[{"href":"https:\/\/admincentral.selleetools.com\/pl\/wp-json\/wp\/v2\/product"}],"about":[{"href":"https:\/\/admincentral.selleetools.com\/pl\/wp-json\/wp\/v2\/types\/product"}],"replies":[{"embeddable":true,"href":"https:\/\/admincentral.selleetools.com\/pl\/wp-json\/wp\/v2\/comments?post=604860"}],"wp:featuredmedia":[{"embeddable":true,"href":"https:\/\/admincentral.selleetools.com\/pl\/wp-json\/wp\/v2\/media\/604856"}],"wp:attachment":[{"href":"https:\/\/admincentral.selleetools.com\/pl\/wp-json\/wp\/v2\/media?parent=604860"}],"curies":[{"name":"wp","href":"https:\/\/api.w.org\/{rel}","templated":true}]}}