{"id":604951,"date":"2025-10-24T13:31:51","date_gmt":"2025-10-24T11:31:51","guid":{"rendered":"https:\/\/selleetools.com\/?post_type=product&#038;p=604951"},"modified":"2025-11-04T20:12:40","modified_gmt":"2025-11-04T19:12:40","slug":"pyunkang-yul-ultimate-calming-solution-cream-30-ml-kojaco-lagodzacy-krem-do-twarzy","status":"publish","type":"product","link":"https:\/\/admincentral.selleetools.com\/pl\/product\/pyunkang-yul-ultimate-calming-solution-cream-30-ml-kojaco-lagodzacy-krem-do-twarzy\/","title":{"rendered":"Pyunkang yul Ultimate Calming Solution Cream 30 ml &#8211; Koj\u0105co-\u0142agodz\u0105cy krem do twarzy"},"content":{"rendered":"<p>Pyunkang Yul Ultimate Calming Solution Cream to intensywnie koj\u0105cy krem opracowany z my\u015bl\u0105 o sk\u00f3rze wra\u017cliwej, reaktywnej i problematycznej. Lekka, a zarazem od\u017cywcza formu\u0142a zawiera kompleks substancji \u0142agodz\u0105cych oraz ceramidy i kwas hialuronowy, kt\u00f3re wspieraj\u0105 regeneracj\u0119, wzmacniaj\u0105 barier\u0119 ochronn\u0105 sk\u00f3ry i zapewniaj\u0105 d\u0142ugotrwa\u0142e nawil\u017cenie bez uczucia ci\u0119\u017cko\u015bci.<\/p>\n<p>Korzy\u015bci dla sk\u00f3ry:<br \/>\n\u0141agodzi podra\u017cnienia i zaczerwienienia<br \/>\nWzmacnia barier\u0119 ochronn\u0105 sk\u00f3ry i chroni przed czynnikami zewn\u0119trznymi<br \/>\nNawil\u017ca, wyg\u0142adza i poprawia elastyczno\u015b\u0107 sk\u00f3ry<br \/>\nWspiera regeneracj\u0119 i procesy gojenia<br \/>\nIdealny dla sk\u00f3ry wra\u017cliwej, tr\u0105dzikowej i odwodnionej<\/p>\n<p>Spos\u00f3b u\u017cycia: Na\u0142\u00f3\u017c niewielk\u0105 ilo\u015b\u0107 kremu na oczyszczon\u0105 i stonizowan\u0105 sk\u00f3r\u0119 twarzy. Delikatnie wklep a\u017c do ca\u0142kowitego wch\u0142oni\u0119cia. Stosuj rano i\/lub wieczorem jako ostatni krok piel\u0119gnacji.<\/p>\n","protected":false},"excerpt":{"rendered":"<p>Pyunkang Yul Ultimate Calming Solution Cream to intensywnie koj\u0105cy krem opracowany z my\u015bl\u0105 o sk\u00f3rze wra\u017cliwej, reaktywnej i problematycznej. Lekka, a zarazem od\u017cywcza formu\u0142a zawiera kompleks substancji \u0142agodz\u0105cych oraz ceramidy i kwas hialuronowy, kt\u00f3re wspieraj\u0105 regeneracj\u0119, wzmacniaj\u0105 barier\u0119 ochronn\u0105 sk\u00f3ry i zapewniaj\u0105 d\u0142ugotrwa\u0142e nawil\u017cenie bez uczucia ci\u0119\u017cko\u015bci. Korzy\u015bci dla sk\u00f3ry: \u0141agodzi podra\u017cnienia i zaczerwienienia Wzmacnia &#8230; <a title=\"Pyunkang yul Ultimate Calming Solution Cream 30 ml &#8211; Koj\u0105co-\u0142agodz\u0105cy krem do twarzy\" class=\"read-more\" href=\"https:\/\/admincentral.selleetools.com\/pl\/product\/pyunkang-yul-ultimate-calming-solution-cream-30-ml-kojaco-lagodzacy-krem-do-twarzy\/\">Read more<span class=\"screen-reader-text\">Pyunkang yul Ultimate Calming Solution Cream 30 ml &#8211; Koj\u0105co-\u0142agodz\u0105cy krem do twarzy<\/span><\/a><\/p>\n","protected":false},"featured_media":604947,"comment_status":"open","ping_status":"closed","template":"","meta":{"_links_to":"","_links_to_target":""},"yoast_head":"<!-- This site is optimized with the Yoast SEO plugin v19.4 - https:\/\/yoast.com\/wordpress\/plugins\/seo\/ -->\n<title>Pyunkang yul Ultimate Calming Solution Cream 30 ml - Koj\u0105co-\u0142agodz\u0105cy krem do twarzy - Selleetools.com<\/title>\n<meta name=\"robots\" content=\"index, follow, max-snippet:-1, max-image-preview:large, max-video-preview:-1\" \/>\n<link rel=\"canonical\" href=\"https:\/\/selleetools.com\/product\/pyunkang-yul-ultimate-calming-solution-cream-30-ml-kojaco-lagodzacy-krem-do-twarzy\/\" \/>\n<meta property=\"og:locale\" content=\"pl_PL\" \/>\n<meta property=\"og:type\" content=\"article\" \/>\n<meta property=\"og:title\" content=\"Pyunkang yul Ultimate Calming Solution Cream 30 ml - Koj\u0105co-\u0142agodz\u0105cy krem do twarzy - Selleetools.com\" \/>\n<meta property=\"og:description\" content=\"Pyunkang Yul Ultimate Calming Solution Cream to intensywnie koj\u0105cy krem opracowany z my\u015bl\u0105 o sk\u00f3rze wra\u017cliwej, reaktywnej i problematycznej. Lekka, a zarazem od\u017cywcza formu\u0142a zawiera kompleks substancji \u0142agodz\u0105cych oraz ceramidy i kwas hialuronowy, kt\u00f3re wspieraj\u0105 regeneracj\u0119, wzmacniaj\u0105 barier\u0119 ochronn\u0105 sk\u00f3ry i zapewniaj\u0105 d\u0142ugotrwa\u0142e nawil\u017cenie bez uczucia ci\u0119\u017cko\u015bci. Korzy\u015bci dla sk\u00f3ry: \u0141agodzi podra\u017cnienia i zaczerwienienia Wzmacnia ... Read morePyunkang yul Ultimate Calming Solution Cream 30 ml &#8211; Koj\u0105co-\u0142agodz\u0105cy krem do twarzy\" \/>\n<meta property=\"og:url\" content=\"https:\/\/selleetools.com\/product\/pyunkang-yul-ultimate-calming-solution-cream-30-ml-kojaco-lagodzacy-krem-do-twarzy\/\" \/>\n<meta property=\"og:site_name\" content=\"Selleetools.com\" \/>\n<meta property=\"article:modified_time\" content=\"2025-11-04T19:12:40+00:00\" \/>\n<meta property=\"og:image\" content=\"https:\/\/selleetools.com\/wp-content\/uploads\/2025\/10\/44979af7b740678a9a2db8364530a131.jpg\" \/>\n\t<meta property=\"og:image:width\" content=\"1200\" \/>\n\t<meta property=\"og:image:height\" content=\"1200\" \/>\n\t<meta property=\"og:image:type\" content=\"image\/jpeg\" \/>\n<meta name=\"twitter:card\" content=\"summary_large_image\" \/>\n<meta name=\"twitter:label1\" content=\"Est. reading time\" \/>\n\t<meta name=\"twitter:data1\" content=\"1 minuta\" \/>\n<!-- \/ Yoast SEO plugin. -->","yoast_head_json":{"title":"Pyunkang yul Ultimate Calming Solution Cream 30 ml - Koj\u0105co-\u0142agodz\u0105cy krem do twarzy - Selleetools.com","robots":{"index":"index","follow":"follow","max-snippet":"max-snippet:-1","max-image-preview":"max-image-preview:large","max-video-preview":"max-video-preview:-1"},"canonical":"https:\/\/selleetools.com\/product\/pyunkang-yul-ultimate-calming-solution-cream-30-ml-kojaco-lagodzacy-krem-do-twarzy\/","og_locale":"pl_PL","og_type":"article","og_title":"Pyunkang yul Ultimate Calming Solution Cream 30 ml - Koj\u0105co-\u0142agodz\u0105cy krem do twarzy - Selleetools.com","og_description":"Pyunkang Yul Ultimate Calming Solution Cream to intensywnie koj\u0105cy krem opracowany z my\u015bl\u0105 o sk\u00f3rze wra\u017cliwej, reaktywnej i problematycznej. Lekka, a zarazem od\u017cywcza formu\u0142a zawiera kompleks substancji \u0142agodz\u0105cych oraz ceramidy i kwas hialuronowy, kt\u00f3re wspieraj\u0105 regeneracj\u0119, wzmacniaj\u0105 barier\u0119 ochronn\u0105 sk\u00f3ry i zapewniaj\u0105 d\u0142ugotrwa\u0142e nawil\u017cenie bez uczucia ci\u0119\u017cko\u015bci. Korzy\u015bci dla sk\u00f3ry: \u0141agodzi podra\u017cnienia i zaczerwienienia Wzmacnia ... Read morePyunkang yul Ultimate Calming Solution Cream 30 ml &#8211; Koj\u0105co-\u0142agodz\u0105cy krem do twarzy","og_url":"https:\/\/selleetools.com\/product\/pyunkang-yul-ultimate-calming-solution-cream-30-ml-kojaco-lagodzacy-krem-do-twarzy\/","og_site_name":"Selleetools.com","article_modified_time":"2025-11-04T19:12:40+00:00","og_image":[{"width":1200,"height":1200,"url":"https:\/\/selleetools.com\/wp-content\/uploads\/2025\/10\/44979af7b740678a9a2db8364530a131.jpg","type":"image\/jpeg"}],"twitter_card":"summary_large_image","twitter_misc":{"Est. reading time":"1 minuta"},"schema":{"@context":"https:\/\/schema.org","@graph":[{"@type":"Organization","@id":"https:\/\/selleetools.com\/#organization","name":"Selleetools","url":"https:\/\/selleetools.com\/","sameAs":[],"logo":{"@type":"ImageObject","inLanguage":"pl-PL","@id":"https:\/\/selleetools.com\/#\/schema\/logo\/image\/","url":"https:\/\/selleetools.com\/wp-content\/uploads\/2021\/10\/logo-dark.png","contentUrl":"https:\/\/selleetools.com\/wp-content\/uploads\/2021\/10\/logo-dark.png","width":320,"height":76,"caption":"Selleetools"},"image":{"@id":"https:\/\/selleetools.com\/#\/schema\/logo\/image\/"}},{"@type":"WebSite","@id":"https:\/\/selleetools.com\/#website","url":"https:\/\/selleetools.com\/","name":"Selleetools.com","description":"","publisher":{"@id":"https:\/\/selleetools.com\/#organization"},"potentialAction":[{"@type":"SearchAction","target":{"@type":"EntryPoint","urlTemplate":"https:\/\/selleetools.com\/?s={search_term_string}"},"query-input":"required name=search_term_string"}],"inLanguage":"pl-PL"},{"@type":"WebPage","@id":"https:\/\/selleetools.com\/product\/pyunkang-yul-ultimate-calming-solution-cream-30-ml-kojaco-lagodzacy-krem-do-twarzy\/","url":"https:\/\/selleetools.com\/product\/pyunkang-yul-ultimate-calming-solution-cream-30-ml-kojaco-lagodzacy-krem-do-twarzy\/","name":"Pyunkang yul Ultimate Calming Solution Cream 30 ml - Koj\u0105co-\u0142agodz\u0105cy krem do twarzy - Selleetools.com","isPartOf":{"@id":"https:\/\/selleetools.com\/#website"},"datePublished":"2025-10-24T11:31:51+00:00","dateModified":"2025-11-04T19:12:40+00:00","breadcrumb":{"@id":"https:\/\/selleetools.com\/product\/pyunkang-yul-ultimate-calming-solution-cream-30-ml-kojaco-lagodzacy-krem-do-twarzy\/#breadcrumb"},"inLanguage":"pl-PL","potentialAction":[{"@type":"ReadAction","target":["https:\/\/selleetools.com\/product\/pyunkang-yul-ultimate-calming-solution-cream-30-ml-kojaco-lagodzacy-krem-do-twarzy\/"]}]},{"@type":"BreadcrumbList","@id":"https:\/\/selleetools.com\/product\/pyunkang-yul-ultimate-calming-solution-cream-30-ml-kojaco-lagodzacy-krem-do-twarzy\/#breadcrumb","itemListElement":[{"@type":"ListItem","position":1,"name":"Home","item":"https:\/\/selleetools.com\/pl\/"},{"@type":"ListItem","position":2,"name":"Katalog","item":"https:\/\/selleetools.com\/pl\/katalog\/"},{"@type":"ListItem","position":3,"name":"Pyunkang yul Ultimate Calming Solution Cream 30 ml &#8211; Koj\u0105co-\u0142agodz\u0105cy krem do twarzy"}]}]}},"_links":{"self":[{"href":"https:\/\/admincentral.selleetools.com\/pl\/wp-json\/wp\/v2\/product\/604951"}],"collection":[{"href":"https:\/\/admincentral.selleetools.com\/pl\/wp-json\/wp\/v2\/product"}],"about":[{"href":"https:\/\/admincentral.selleetools.com\/pl\/wp-json\/wp\/v2\/types\/product"}],"replies":[{"embeddable":true,"href":"https:\/\/admincentral.selleetools.com\/pl\/wp-json\/wp\/v2\/comments?post=604951"}],"wp:featuredmedia":[{"embeddable":true,"href":"https:\/\/admincentral.selleetools.com\/pl\/wp-json\/wp\/v2\/media\/604947"}],"wp:attachment":[{"href":"https:\/\/admincentral.selleetools.com\/pl\/wp-json\/wp\/v2\/media?parent=604951"}],"curies":[{"name":"wp","href":"https:\/\/api.w.org\/{rel}","templated":true}]}}