{"id":605001,"date":"2025-10-24T13:32:33","date_gmt":"2025-10-24T11:32:33","guid":{"rendered":"https:\/\/selleetools.com\/?post_type=product&#038;p=605001"},"modified":"2025-11-04T20:13:28","modified_gmt":"2025-11-04T19:13:28","slug":"iunik-centella-green-fresh-cleansing-oil-200-ml-olejek-do-demakijazu-z-wakrota-azjatycka","status":"publish","type":"product","link":"https:\/\/admincentral.selleetools.com\/pl\/product\/iunik-centella-green-fresh-cleansing-oil-200-ml-olejek-do-demakijazu-z-wakrota-azjatycka\/","title":{"rendered":"iUNIK Centella Green Fresh Cleansing Oil 200 ml &#8211; Olejek do demakija\u017cu z w\u0105krot\u0105 azjatyck\u0105"},"content":{"rendered":"<p>iUNIK Centella Green Fresh Cleansing Oil to olejek oczyszczaj\u0105cy, kt\u00f3ry skutecznie usuwa makija\u017c, zanieczyszczenia i nadmiar sebum, pozostawiaj\u0105c sk\u00f3r\u0119 g\u0142adk\u0105, nawil\u017con\u0105 i \u015bwie\u017c\u0105. Formu\u0142a oparta na oleju s\u0142onecznikowym (88,4%) oraz oleju sojowym dzia\u0142a delikatnie, jednocze\u015bnie skutecznie oczyszczaj\u0105c sk\u00f3r\u0119. Olejek z w\u0105kroty azjatyckiej (1,000 ppm) ma dzia\u0142anie koj\u0105ce, wspomagaj\u0105c regeneracj\u0119 sk\u00f3ry i redukuj\u0105c zaczerwienienia, podczas gdy squalane intensywnie nawil\u017ca i zapobiega wysuszeniu. Dodatkowo, ekstrakty ro\u015blinne maj\u0105 dzia\u0142anie koj\u0105ca i antyoksydacyjne, wspieraj\u0105c zdrowie sk\u00f3ry.<\/p>\n<p>Korzy\u015bci dla sk\u00f3ry:<br \/>\nSkuteczne usuwanie makija\u017cu i zanieczyszcze\u0144<br \/>\nNawil\u017cenie i regeneracja sk\u00f3ry<br \/>\nRedukcja podra\u017cnie\u0144 i zaczerwienie\u0144<br \/>\nSk\u00f3ra staje si\u0119 g\u0142adka, mi\u0119kka i \u015bwie\u017ca<\/p>\n<p>Spos\u00f3b u\u017cycia: Na suche d\u0142onie na\u0142\u00f3\u017c odpowiedni\u0105 ilo\u015b\u0107 olejku, a nast\u0119pnie masuj delikatnie sk\u00f3r\u0119 twarzy, aby rozpu\u015bci\u0107 makija\u017c i zanieczyszczenia. Nast\u0119pnie zwil\u017c twarz wod\u0105, kontynuuj\u0105c masa\u017c, a\u017c produkt zmieni si\u0119 w mleczn\u0105 konsystencj\u0119. Sp\u0142ucz dok\u0142adnie wod\u0105. Stosuj codziennie, aby uzyska\u0107 najlepsze efekty.<\/p>\n","protected":false},"excerpt":{"rendered":"<p>iUNIK Centella Green Fresh Cleansing Oil to olejek oczyszczaj\u0105cy, kt\u00f3ry skutecznie usuwa makija\u017c, zanieczyszczenia i nadmiar sebum, pozostawiaj\u0105c sk\u00f3r\u0119 g\u0142adk\u0105, nawil\u017con\u0105 i \u015bwie\u017c\u0105. Formu\u0142a oparta na oleju s\u0142onecznikowym (88,4%) oraz oleju sojowym dzia\u0142a delikatnie, jednocze\u015bnie skutecznie oczyszczaj\u0105c sk\u00f3r\u0119. Olejek z w\u0105kroty azjatyckiej (1,000 ppm) ma dzia\u0142anie koj\u0105ce, wspomagaj\u0105c regeneracj\u0119 sk\u00f3ry i redukuj\u0105c zaczerwienienia, podczas gdy &#8230; <a title=\"iUNIK Centella Green Fresh Cleansing Oil 200 ml &#8211; Olejek do demakija\u017cu z w\u0105krot\u0105 azjatyck\u0105\" class=\"read-more\" href=\"https:\/\/admincentral.selleetools.com\/pl\/product\/iunik-centella-green-fresh-cleansing-oil-200-ml-olejek-do-demakijazu-z-wakrota-azjatycka\/\">Read more<span class=\"screen-reader-text\">iUNIK Centella Green Fresh Cleansing Oil 200 ml &#8211; Olejek do demakija\u017cu z w\u0105krot\u0105 azjatyck\u0105<\/span><\/a><\/p>\n","protected":false},"featured_media":604999,"comment_status":"open","ping_status":"closed","template":"","meta":{"_links_to":"","_links_to_target":""},"yoast_head":"<!-- This site is optimized with the Yoast SEO plugin v19.4 - https:\/\/yoast.com\/wordpress\/plugins\/seo\/ -->\n<title>iUNIK Centella Green Fresh Cleansing Oil 200 ml - Olejek do demakija\u017cu z w\u0105krot\u0105 azjatyck\u0105 - Selleetools.com<\/title>\n<meta name=\"robots\" content=\"index, follow, max-snippet:-1, max-image-preview:large, max-video-preview:-1\" \/>\n<link rel=\"canonical\" href=\"https:\/\/selleetools.com\/pl\/product\/iunik-centella-green-fresh-cleansing-oil-200-ml-olejek-do-demakijazu-z-wakrota-azjatycka\/\" \/>\n<meta property=\"og:locale\" content=\"pl_PL\" \/>\n<meta property=\"og:type\" content=\"article\" \/>\n<meta property=\"og:title\" content=\"iUNIK Centella Green Fresh Cleansing Oil 200 ml - Olejek do demakija\u017cu z w\u0105krot\u0105 azjatyck\u0105 - Selleetools.com\" \/>\n<meta property=\"og:description\" content=\"iUNIK Centella Green Fresh Cleansing Oil to olejek oczyszczaj\u0105cy, kt\u00f3ry skutecznie usuwa makija\u017c, zanieczyszczenia i nadmiar sebum, pozostawiaj\u0105c sk\u00f3r\u0119 g\u0142adk\u0105, nawil\u017con\u0105 i \u015bwie\u017c\u0105. Formu\u0142a oparta na oleju s\u0142onecznikowym (88,4%) oraz oleju sojowym dzia\u0142a delikatnie, jednocze\u015bnie skutecznie oczyszczaj\u0105c sk\u00f3r\u0119. Olejek z w\u0105kroty azjatyckiej (1,000 ppm) ma dzia\u0142anie koj\u0105ce, wspomagaj\u0105c regeneracj\u0119 sk\u00f3ry i redukuj\u0105c zaczerwienienia, podczas gdy ... Read moreiUNIK Centella Green Fresh Cleansing Oil 200 ml &#8211; Olejek do demakija\u017cu z w\u0105krot\u0105 azjatyck\u0105\" \/>\n<meta property=\"og:url\" content=\"https:\/\/selleetools.com\/pl\/product\/iunik-centella-green-fresh-cleansing-oil-200-ml-olejek-do-demakijazu-z-wakrota-azjatycka\/\" \/>\n<meta property=\"og:site_name\" content=\"Selleetools.com\" \/>\n<meta property=\"article:modified_time\" content=\"2025-11-04T19:13:28+00:00\" \/>\n<meta property=\"og:image\" content=\"https:\/\/selleetools.com\/wp-content\/uploads\/2025\/10\/a8ab31afb6180f31f6bd194bd0e1b7cd.jpg\" \/>\n\t<meta property=\"og:image:width\" content=\"1200\" \/>\n\t<meta property=\"og:image:height\" content=\"1200\" \/>\n\t<meta property=\"og:image:type\" content=\"image\/jpeg\" \/>\n<meta name=\"twitter:card\" content=\"summary_large_image\" \/>\n<meta name=\"twitter:label1\" content=\"Est. reading time\" \/>\n\t<meta name=\"twitter:data1\" content=\"1 minuta\" \/>\n<!-- \/ Yoast SEO plugin. -->","yoast_head_json":{"title":"iUNIK Centella Green Fresh Cleansing Oil 200 ml - Olejek do demakija\u017cu z w\u0105krot\u0105 azjatyck\u0105 - Selleetools.com","robots":{"index":"index","follow":"follow","max-snippet":"max-snippet:-1","max-image-preview":"max-image-preview:large","max-video-preview":"max-video-preview:-1"},"canonical":"https:\/\/selleetools.com\/pl\/product\/iunik-centella-green-fresh-cleansing-oil-200-ml-olejek-do-demakijazu-z-wakrota-azjatycka\/","og_locale":"pl_PL","og_type":"article","og_title":"iUNIK Centella Green Fresh Cleansing Oil 200 ml - Olejek do demakija\u017cu z w\u0105krot\u0105 azjatyck\u0105 - Selleetools.com","og_description":"iUNIK Centella Green Fresh Cleansing Oil to olejek oczyszczaj\u0105cy, kt\u00f3ry skutecznie usuwa makija\u017c, zanieczyszczenia i nadmiar sebum, pozostawiaj\u0105c sk\u00f3r\u0119 g\u0142adk\u0105, nawil\u017con\u0105 i \u015bwie\u017c\u0105. Formu\u0142a oparta na oleju s\u0142onecznikowym (88,4%) oraz oleju sojowym dzia\u0142a delikatnie, jednocze\u015bnie skutecznie oczyszczaj\u0105c sk\u00f3r\u0119. Olejek z w\u0105kroty azjatyckiej (1,000 ppm) ma dzia\u0142anie koj\u0105ce, wspomagaj\u0105c regeneracj\u0119 sk\u00f3ry i redukuj\u0105c zaczerwienienia, podczas gdy ... Read moreiUNIK Centella Green Fresh Cleansing Oil 200 ml &#8211; Olejek do demakija\u017cu z w\u0105krot\u0105 azjatyck\u0105","og_url":"https:\/\/selleetools.com\/pl\/product\/iunik-centella-green-fresh-cleansing-oil-200-ml-olejek-do-demakijazu-z-wakrota-azjatycka\/","og_site_name":"Selleetools.com","article_modified_time":"2025-11-04T19:13:28+00:00","og_image":[{"width":1200,"height":1200,"url":"https:\/\/selleetools.com\/wp-content\/uploads\/2025\/10\/a8ab31afb6180f31f6bd194bd0e1b7cd.jpg","type":"image\/jpeg"}],"twitter_card":"summary_large_image","twitter_misc":{"Est. reading time":"1 minuta"},"schema":{"@context":"https:\/\/schema.org","@graph":[{"@type":"Organization","@id":"https:\/\/selleetools.com\/#organization","name":"Selleetools","url":"https:\/\/selleetools.com\/","sameAs":[],"logo":{"@type":"ImageObject","inLanguage":"pl-PL","@id":"https:\/\/selleetools.com\/#\/schema\/logo\/image\/","url":"https:\/\/selleetools.com\/wp-content\/uploads\/2021\/10\/logo-dark.png","contentUrl":"https:\/\/selleetools.com\/wp-content\/uploads\/2021\/10\/logo-dark.png","width":320,"height":76,"caption":"Selleetools"},"image":{"@id":"https:\/\/selleetools.com\/#\/schema\/logo\/image\/"}},{"@type":"WebSite","@id":"https:\/\/selleetools.com\/#website","url":"https:\/\/selleetools.com\/","name":"Selleetools.com","description":"","publisher":{"@id":"https:\/\/selleetools.com\/#organization"},"potentialAction":[{"@type":"SearchAction","target":{"@type":"EntryPoint","urlTemplate":"https:\/\/selleetools.com\/?s={search_term_string}"},"query-input":"required name=search_term_string"}],"inLanguage":"pl-PL"},{"@type":"WebPage","@id":"https:\/\/selleetools.com\/pl\/product\/iunik-centella-green-fresh-cleansing-oil-200-ml-olejek-do-demakijazu-z-wakrota-azjatycka\/","url":"https:\/\/selleetools.com\/pl\/product\/iunik-centella-green-fresh-cleansing-oil-200-ml-olejek-do-demakijazu-z-wakrota-azjatycka\/","name":"iUNIK Centella Green Fresh Cleansing Oil 200 ml - Olejek do demakija\u017cu z w\u0105krot\u0105 azjatyck\u0105 - Selleetools.com","isPartOf":{"@id":"https:\/\/selleetools.com\/#website"},"datePublished":"2025-10-24T11:32:33+00:00","dateModified":"2025-11-04T19:13:28+00:00","breadcrumb":{"@id":"https:\/\/selleetools.com\/pl\/product\/iunik-centella-green-fresh-cleansing-oil-200-ml-olejek-do-demakijazu-z-wakrota-azjatycka\/#breadcrumb"},"inLanguage":"pl-PL","potentialAction":[{"@type":"ReadAction","target":["https:\/\/selleetools.com\/pl\/product\/iunik-centella-green-fresh-cleansing-oil-200-ml-olejek-do-demakijazu-z-wakrota-azjatycka\/"]}]},{"@type":"BreadcrumbList","@id":"https:\/\/selleetools.com\/pl\/product\/iunik-centella-green-fresh-cleansing-oil-200-ml-olejek-do-demakijazu-z-wakrota-azjatycka\/#breadcrumb","itemListElement":[{"@type":"ListItem","position":1,"name":"Home","item":"https:\/\/selleetools.com\/pl\/"},{"@type":"ListItem","position":2,"name":"Katalog","item":"https:\/\/selleetools.com\/pl\/katalog\/"},{"@type":"ListItem","position":3,"name":"iUNIK Centella Green Fresh Cleansing Oil 200 ml &#8211; Olejek do demakija\u017cu z w\u0105krot\u0105 azjatyck\u0105"}]}]}},"_links":{"self":[{"href":"https:\/\/admincentral.selleetools.com\/pl\/wp-json\/wp\/v2\/product\/605001"}],"collection":[{"href":"https:\/\/admincentral.selleetools.com\/pl\/wp-json\/wp\/v2\/product"}],"about":[{"href":"https:\/\/admincentral.selleetools.com\/pl\/wp-json\/wp\/v2\/types\/product"}],"replies":[{"embeddable":true,"href":"https:\/\/admincentral.selleetools.com\/pl\/wp-json\/wp\/v2\/comments?post=605001"}],"wp:featuredmedia":[{"embeddable":true,"href":"https:\/\/admincentral.selleetools.com\/pl\/wp-json\/wp\/v2\/media\/604999"}],"wp:attachment":[{"href":"https:\/\/admincentral.selleetools.com\/pl\/wp-json\/wp\/v2\/media?parent=605001"}],"curies":[{"name":"wp","href":"https:\/\/api.w.org\/{rel}","templated":true}]}}