{"id":605112,"date":"2025-10-24T13:33:48","date_gmt":"2025-10-24T11:33:48","guid":{"rendered":"https:\/\/selleetools.com\/?post_type=product&#038;p=605112"},"modified":"2025-11-04T20:15:05","modified_gmt":"2025-11-04T19:15:05","slug":"marymay-soothing-trouble-care-travel-kit-zestaw-podrozny-kosmetykow-o-dzialaniu-lagodzacym-i-nawilzajacym","status":"publish","type":"product","link":"https:\/\/admincentral.selleetools.com\/pl\/product\/marymay-soothing-trouble-care-travel-kit-zestaw-podrozny-kosmetykow-o-dzialaniu-lagodzacym-i-nawilzajacym\/","title":{"rendered":"Mary&#038;May Soothing Trouble Care Travel Kit &#8211; Zestaw podr\u00f3\u017cny kosmetyk\u00f3w o dzia\u0142aniu \u0142agodz\u0105cym i nawil\u017caj\u0105cym"},"content":{"rendered":"<p>Mary&#038;May Soothing Trouble Care Travel Kit (Toner+Serum+Cream+Suncream+Gel cleanser) to zestaw piel\u0119gnacyjny przeznaczony do podr\u00f3\u017cy, kt\u00f3ry skupia si\u0119 na \u0142agodzeniu podra\u017cnie\u0144 i problem\u00f3w sk\u00f3rnych. Zawiera kluczowe produkty wzbogacone naturalnymi sk\u0142adnikami, takimi jak ekstrakt z drzewa herbacianego, w\u0105kroty azjatyckiej oraz pantenol, kt\u00f3re wspieraj\u0105 zdrowie i r\u00f3wnowag\u0119 sk\u00f3ry.<\/p>\n<p>Korzy\u015bci dla sk\u00f3ry:<br \/>\n\u0141agodzenie podra\u017cnie\u0144: Dzi\u0119ki ekstraktowi z drzewa herbacianego i w\u0105kroty azjatyckiej, zestaw skutecznie redukuje zaczerwienienia i podra\u017cnienia.<br \/>\nOczyszczanie i od\u015bwie\u017cenie: Pomaga w oczyszczaniu por\u00f3w, zapobiegaj\u0105c powstawaniu wyprysk\u00f3w.<br \/>\nNawil\u017cenie i regeneracja: Pantenol i inne sk\u0142adniki nawil\u017caj\u0105ce wspieraj\u0105 regeneracj\u0119 sk\u00f3ry, pozostawiaj\u0105c j\u0105 g\u0142adk\u0105 i od\u017cywion\u0105.<\/p>\n<p>Spos\u00f3b u\u017cycia:<br \/>\nOczyszczenie: U\u017cyj \u017celu do mycia twarzy z zestawu, aby dok\u0142adnie oczy\u015bci\u0107 sk\u00f3r\u0119 z zanieczyszcze\u0144.<br \/>\nTonizacja: Na\u0142\u00f3\u017c tonik na wacik i delikatnie przetrzyj sk\u00f3r\u0119, aby przywr\u00f3ci\u0107 jej naturalne pH.<br \/>\nSerum: Aplikuj serum, aby sk\u00f3ra mog\u0142a wch\u0142on\u0105\u0107 aktywne sk\u0142adniki i zyska\u0142a nawil\u017cenie oraz regeneracj\u0119.<br \/>\nKrem: Na koniec u\u017cyj kremu, aby zamkn\u0105\u0107 piel\u0119gnacj\u0119, zapewniaj\u0105c sk\u00f3rze d\u0142ugotrwa\u0142e nawil\u017cenie i ochron\u0119.<\/p>\n<p>Ten kompaktowy zestaw piel\u0119gnacyjny jest idealny dla os\u00f3b z problematyczn\u0105 sk\u00f3r\u0105, kt\u00f3re potrzebuj\u0105 skutecznej i kompleksowej piel\u0119gnacji nawet w podr\u00f3\u017cy.<\/p>\n","protected":false},"excerpt":{"rendered":"<p>Mary&#038;May Soothing Trouble Care Travel Kit (Toner+Serum+Cream+Suncream+Gel cleanser) to zestaw piel\u0119gnacyjny przeznaczony do podr\u00f3\u017cy, kt\u00f3ry skupia si\u0119 na \u0142agodzeniu podra\u017cnie\u0144 i problem\u00f3w sk\u00f3rnych. Zawiera kluczowe produkty wzbogacone naturalnymi sk\u0142adnikami, takimi jak ekstrakt z drzewa herbacianego, w\u0105kroty azjatyckiej oraz pantenol, kt\u00f3re wspieraj\u0105 zdrowie i r\u00f3wnowag\u0119 sk\u00f3ry. Korzy\u015bci dla sk\u00f3ry: \u0141agodzenie podra\u017cnie\u0144: Dzi\u0119ki ekstraktowi z drzewa herbacianego &#8230; <a title=\"Mary&#038;May Soothing Trouble Care Travel Kit &#8211; Zestaw podr\u00f3\u017cny kosmetyk\u00f3w o dzia\u0142aniu \u0142agodz\u0105cym i nawil\u017caj\u0105cym\" class=\"read-more\" href=\"https:\/\/admincentral.selleetools.com\/pl\/product\/marymay-soothing-trouble-care-travel-kit-zestaw-podrozny-kosmetykow-o-dzialaniu-lagodzacym-i-nawilzajacym\/\">Read more<span class=\"screen-reader-text\">Mary&#038;May Soothing Trouble Care Travel Kit &#8211; Zestaw podr\u00f3\u017cny kosmetyk\u00f3w o dzia\u0142aniu \u0142agodz\u0105cym i nawil\u017caj\u0105cym<\/span><\/a><\/p>\n","protected":false},"featured_media":605110,"comment_status":"open","ping_status":"closed","template":"","meta":{"_links_to":"","_links_to_target":""},"yoast_head":"<!-- This site is optimized with the Yoast SEO plugin v19.4 - https:\/\/yoast.com\/wordpress\/plugins\/seo\/ -->\n<title>Mary&amp;May Soothing Trouble Care Travel Kit - Zestaw podr\u00f3\u017cny kosmetyk\u00f3w o dzia\u0142aniu \u0142agodz\u0105cym i nawil\u017caj\u0105cym - Selleetools.com<\/title>\n<meta name=\"robots\" content=\"index, follow, max-snippet:-1, max-image-preview:large, max-video-preview:-1\" \/>\n<link rel=\"canonical\" href=\"https:\/\/admincentral.selleetools.com\/pl\/product\/marymay-soothing-trouble-care-travel-kit-zestaw-podrozny-kosmetykow-o-dzialaniu-lagodzacym-i-nawilzajacym\/\" \/>\n<meta property=\"og:locale\" content=\"pl_PL\" \/>\n<meta property=\"og:type\" content=\"article\" \/>\n<meta property=\"og:title\" content=\"Mary&amp;May Soothing Trouble Care Travel Kit - Zestaw podr\u00f3\u017cny kosmetyk\u00f3w o dzia\u0142aniu \u0142agodz\u0105cym i nawil\u017caj\u0105cym - Selleetools.com\" \/>\n<meta property=\"og:description\" content=\"Mary&#038;May Soothing Trouble Care Travel Kit (Toner+Serum+Cream+Suncream+Gel cleanser) to zestaw piel\u0119gnacyjny przeznaczony do podr\u00f3\u017cy, kt\u00f3ry skupia si\u0119 na \u0142agodzeniu podra\u017cnie\u0144 i problem\u00f3w sk\u00f3rnych. Zawiera kluczowe produkty wzbogacone naturalnymi sk\u0142adnikami, takimi jak ekstrakt z drzewa herbacianego, w\u0105kroty azjatyckiej oraz pantenol, kt\u00f3re wspieraj\u0105 zdrowie i r\u00f3wnowag\u0119 sk\u00f3ry. Korzy\u015bci dla sk\u00f3ry: \u0141agodzenie podra\u017cnie\u0144: Dzi\u0119ki ekstraktowi z drzewa herbacianego ... Read moreMary&#038;May Soothing Trouble Care Travel Kit &#8211; Zestaw podr\u00f3\u017cny kosmetyk\u00f3w o dzia\u0142aniu \u0142agodz\u0105cym i nawil\u017caj\u0105cym\" \/>\n<meta property=\"og:url\" content=\"https:\/\/admincentral.selleetools.com\/pl\/product\/marymay-soothing-trouble-care-travel-kit-zestaw-podrozny-kosmetykow-o-dzialaniu-lagodzacym-i-nawilzajacym\/\" \/>\n<meta property=\"og:site_name\" content=\"Selleetools.com\" \/>\n<meta property=\"article:modified_time\" content=\"2025-11-04T19:15:05+00:00\" \/>\n<meta property=\"og:image\" content=\"https:\/\/selleetools.com\/wp-content\/uploads\/2025\/10\/539db6cd0e0eac486cc89f7dcbfd1acb.jpg\" \/>\n\t<meta property=\"og:image:width\" content=\"1000\" \/>\n\t<meta property=\"og:image:height\" content=\"1000\" \/>\n\t<meta property=\"og:image:type\" content=\"image\/jpeg\" \/>\n<meta name=\"twitter:card\" content=\"summary_large_image\" \/>\n<meta name=\"twitter:label1\" content=\"Est. reading time\" \/>\n\t<meta name=\"twitter:data1\" content=\"1 minuta\" \/>\n<!-- \/ Yoast SEO plugin. -->","yoast_head_json":{"title":"Mary&May Soothing Trouble Care Travel Kit - Zestaw podr\u00f3\u017cny kosmetyk\u00f3w o dzia\u0142aniu \u0142agodz\u0105cym i nawil\u017caj\u0105cym - Selleetools.com","robots":{"index":"index","follow":"follow","max-snippet":"max-snippet:-1","max-image-preview":"max-image-preview:large","max-video-preview":"max-video-preview:-1"},"canonical":"https:\/\/admincentral.selleetools.com\/pl\/product\/marymay-soothing-trouble-care-travel-kit-zestaw-podrozny-kosmetykow-o-dzialaniu-lagodzacym-i-nawilzajacym\/","og_locale":"pl_PL","og_type":"article","og_title":"Mary&May Soothing Trouble Care Travel Kit - Zestaw podr\u00f3\u017cny kosmetyk\u00f3w o dzia\u0142aniu \u0142agodz\u0105cym i nawil\u017caj\u0105cym - Selleetools.com","og_description":"Mary&#038;May Soothing Trouble Care Travel Kit (Toner+Serum+Cream+Suncream+Gel cleanser) to zestaw piel\u0119gnacyjny przeznaczony do podr\u00f3\u017cy, kt\u00f3ry skupia si\u0119 na \u0142agodzeniu podra\u017cnie\u0144 i problem\u00f3w sk\u00f3rnych. Zawiera kluczowe produkty wzbogacone naturalnymi sk\u0142adnikami, takimi jak ekstrakt z drzewa herbacianego, w\u0105kroty azjatyckiej oraz pantenol, kt\u00f3re wspieraj\u0105 zdrowie i r\u00f3wnowag\u0119 sk\u00f3ry. Korzy\u015bci dla sk\u00f3ry: \u0141agodzenie podra\u017cnie\u0144: Dzi\u0119ki ekstraktowi z drzewa herbacianego ... Read moreMary&#038;May Soothing Trouble Care Travel Kit &#8211; Zestaw podr\u00f3\u017cny kosmetyk\u00f3w o dzia\u0142aniu \u0142agodz\u0105cym i nawil\u017caj\u0105cym","og_url":"https:\/\/admincentral.selleetools.com\/pl\/product\/marymay-soothing-trouble-care-travel-kit-zestaw-podrozny-kosmetykow-o-dzialaniu-lagodzacym-i-nawilzajacym\/","og_site_name":"Selleetools.com","article_modified_time":"2025-11-04T19:15:05+00:00","og_image":[{"width":1000,"height":1000,"url":"https:\/\/selleetools.com\/wp-content\/uploads\/2025\/10\/539db6cd0e0eac486cc89f7dcbfd1acb.jpg","type":"image\/jpeg"}],"twitter_card":"summary_large_image","twitter_misc":{"Est. reading time":"1 minuta"},"schema":{"@context":"https:\/\/schema.org","@graph":[{"@type":"Organization","@id":"https:\/\/selleetools.com\/#organization","name":"Selleetools","url":"https:\/\/selleetools.com\/","sameAs":[],"logo":{"@type":"ImageObject","inLanguage":"pl-PL","@id":"https:\/\/selleetools.com\/#\/schema\/logo\/image\/","url":"https:\/\/selleetools.com\/wp-content\/uploads\/2021\/10\/logo-dark.png","contentUrl":"https:\/\/selleetools.com\/wp-content\/uploads\/2021\/10\/logo-dark.png","width":320,"height":76,"caption":"Selleetools"},"image":{"@id":"https:\/\/selleetools.com\/#\/schema\/logo\/image\/"}},{"@type":"WebSite","@id":"https:\/\/selleetools.com\/#website","url":"https:\/\/selleetools.com\/","name":"Selleetools.com","description":"","publisher":{"@id":"https:\/\/selleetools.com\/#organization"},"potentialAction":[{"@type":"SearchAction","target":{"@type":"EntryPoint","urlTemplate":"https:\/\/selleetools.com\/?s={search_term_string}"},"query-input":"required name=search_term_string"}],"inLanguage":"pl-PL"},{"@type":"WebPage","@id":"https:\/\/admincentral.selleetools.com\/pl\/product\/marymay-soothing-trouble-care-travel-kit-zestaw-podrozny-kosmetykow-o-dzialaniu-lagodzacym-i-nawilzajacym\/","url":"https:\/\/admincentral.selleetools.com\/pl\/product\/marymay-soothing-trouble-care-travel-kit-zestaw-podrozny-kosmetykow-o-dzialaniu-lagodzacym-i-nawilzajacym\/","name":"Mary&May Soothing Trouble Care Travel Kit - Zestaw podr\u00f3\u017cny kosmetyk\u00f3w o dzia\u0142aniu \u0142agodz\u0105cym i nawil\u017caj\u0105cym - Selleetools.com","isPartOf":{"@id":"https:\/\/selleetools.com\/#website"},"datePublished":"2025-10-24T11:33:48+00:00","dateModified":"2025-11-04T19:15:05+00:00","breadcrumb":{"@id":"https:\/\/admincentral.selleetools.com\/pl\/product\/marymay-soothing-trouble-care-travel-kit-zestaw-podrozny-kosmetykow-o-dzialaniu-lagodzacym-i-nawilzajacym\/#breadcrumb"},"inLanguage":"pl-PL","potentialAction":[{"@type":"ReadAction","target":["https:\/\/admincentral.selleetools.com\/pl\/product\/marymay-soothing-trouble-care-travel-kit-zestaw-podrozny-kosmetykow-o-dzialaniu-lagodzacym-i-nawilzajacym\/"]}]},{"@type":"BreadcrumbList","@id":"https:\/\/admincentral.selleetools.com\/pl\/product\/marymay-soothing-trouble-care-travel-kit-zestaw-podrozny-kosmetykow-o-dzialaniu-lagodzacym-i-nawilzajacym\/#breadcrumb","itemListElement":[{"@type":"ListItem","position":1,"name":"Home","item":"https:\/\/selleetools.com\/pl\/"},{"@type":"ListItem","position":2,"name":"Katalog","item":"https:\/\/selleetools.com\/pl\/katalog\/"},{"@type":"ListItem","position":3,"name":"Mary&#038;May Soothing Trouble Care Travel Kit &#8211; Zestaw podr\u00f3\u017cny kosmetyk\u00f3w o dzia\u0142aniu \u0142agodz\u0105cym i nawil\u017caj\u0105cym"}]}]}},"_links":{"self":[{"href":"https:\/\/admincentral.selleetools.com\/pl\/wp-json\/wp\/v2\/product\/605112"}],"collection":[{"href":"https:\/\/admincentral.selleetools.com\/pl\/wp-json\/wp\/v2\/product"}],"about":[{"href":"https:\/\/admincentral.selleetools.com\/pl\/wp-json\/wp\/v2\/types\/product"}],"replies":[{"embeddable":true,"href":"https:\/\/admincentral.selleetools.com\/pl\/wp-json\/wp\/v2\/comments?post=605112"}],"wp:featuredmedia":[{"embeddable":true,"href":"https:\/\/admincentral.selleetools.com\/pl\/wp-json\/wp\/v2\/media\/605110"}],"wp:attachment":[{"href":"https:\/\/admincentral.selleetools.com\/pl\/wp-json\/wp\/v2\/media?parent=605112"}],"curies":[{"name":"wp","href":"https:\/\/api.w.org\/{rel}","templated":true}]}}