{"id":605126,"date":"2025-10-24T13:34:01","date_gmt":"2025-10-24T11:34:01","guid":{"rendered":"https:\/\/selleetools.com\/?post_type=product&#038;p=605126"},"modified":"2025-11-04T20:15:19","modified_gmt":"2025-11-04T19:15:19","slug":"romnd-glasting-melting-balm-02-lovely-pink-3-5-g-balsam-do-ust","status":"publish","type":"product","link":"https:\/\/admincentral.selleetools.com\/pl\/product\/romnd-glasting-melting-balm-02-lovely-pink-3-5-g-balsam-do-ust\/","title":{"rendered":"rom&#038;nd Glasting Melting Balm 02 Lovely pink 3.5 g &#8211; Balsam do ust"},"content":{"rendered":"<p>Rom&#038;nd Glasting Melting Balm 02 Lovely Pink to luksusowy balsam do ust, kt\u00f3ry zapewnia intensywne nawil\u017cenie i pi\u0119kny, naturalny kolor. Jego wyj\u0105tkowa formu\u0142a topnieje w kontakcie ze sk\u00f3r\u0105, przekszta\u0142caj\u0105c si\u0119 w delikatny, jedwabisty film, kt\u00f3ry pozostaje na ustach przez wiele godzin. Balsam zawiera sk\u0142adniki od\u017cywcze, kt\u00f3re skutecznie nawil\u017caj\u0105 i wyg\u0142adzaj\u0105 usta, poprawiaj\u0105c ich kondycj\u0119 i nadaj\u0105c im zdrowy, pe\u0142ny blask.<\/p>\n<p>Korzy\u015bci dla sk\u00f3ry:<br \/>\nIntensywne nawil\u017cenie i wyg\u0142adzenie ust<br \/>\nNaturalny, pi\u0119kny kolor w odcieniu uroczo r\u00f3\u017cowym<br \/>\nD\u0142ugotrwa\u0142e dzia\u0142anie i komfort noszenia<br \/>\nOd\u017cywienie i poprawa kondycji ust dzi\u0119ki wzbogaconej formule<\/p>\n<p>Spos\u00f3b u\u017cycia:<br \/>\nNa\u0142\u00f3\u017c balsam na usta bezpo\u015brednio z aplikatora lub za pomoc\u0105 palca, rozprowadzaj\u0105c r\u00f3wnomiernie. Stosuj w ci\u0105gu dnia, aby utrzyma\u0107 usta nawil\u017cone i pi\u0119knie pomalowane. Idealny do codziennego stosowania jako samodzielny produkt lub w po\u0142\u0105czeniu z innymi kosmetykami do ust.<\/p>\n","protected":false},"excerpt":{"rendered":"<p>Rom&#038;nd Glasting Melting Balm 02 Lovely Pink to luksusowy balsam do ust, kt\u00f3ry zapewnia intensywne nawil\u017cenie i pi\u0119kny, naturalny kolor. Jego wyj\u0105tkowa formu\u0142a topnieje w kontakcie ze sk\u00f3r\u0105, przekszta\u0142caj\u0105c si\u0119 w delikatny, jedwabisty film, kt\u00f3ry pozostaje na ustach przez wiele godzin. Balsam zawiera sk\u0142adniki od\u017cywcze, kt\u00f3re skutecznie nawil\u017caj\u0105 i wyg\u0142adzaj\u0105 usta, poprawiaj\u0105c ich kondycj\u0119 i &#8230; <a title=\"rom&#038;nd Glasting Melting Balm 02 Lovely pink 3.5 g &#8211; Balsam do ust\" class=\"read-more\" href=\"https:\/\/admincentral.selleetools.com\/pl\/product\/romnd-glasting-melting-balm-02-lovely-pink-3-5-g-balsam-do-ust\/\">Read more<span class=\"screen-reader-text\">rom&#038;nd Glasting Melting Balm 02 Lovely pink 3.5 g &#8211; Balsam do ust<\/span><\/a><\/p>\n","protected":false},"featured_media":605124,"comment_status":"open","ping_status":"closed","template":"","meta":{"_links_to":"","_links_to_target":""},"yoast_head":"<!-- This site is optimized with the Yoast SEO plugin v19.4 - https:\/\/yoast.com\/wordpress\/plugins\/seo\/ -->\n<title>rom&amp;nd Glasting Melting Balm 02 Lovely pink 3.5 g - Balsam do ust - Selleetools.com<\/title>\n<meta name=\"robots\" content=\"index, follow, max-snippet:-1, max-image-preview:large, max-video-preview:-1\" \/>\n<link rel=\"canonical\" href=\"https:\/\/selleetools.com\/pl\/product\/romnd-glasting-melting-balm-02-lovely-pink-3-5-g-balsam-do-ust\/\" \/>\n<meta property=\"og:locale\" content=\"pl_PL\" \/>\n<meta property=\"og:type\" content=\"article\" \/>\n<meta property=\"og:title\" content=\"rom&amp;nd Glasting Melting Balm 02 Lovely pink 3.5 g - Balsam do ust - Selleetools.com\" \/>\n<meta property=\"og:description\" content=\"Rom&#038;nd Glasting Melting Balm 02 Lovely Pink to luksusowy balsam do ust, kt\u00f3ry zapewnia intensywne nawil\u017cenie i pi\u0119kny, naturalny kolor. Jego wyj\u0105tkowa formu\u0142a topnieje w kontakcie ze sk\u00f3r\u0105, przekszta\u0142caj\u0105c si\u0119 w delikatny, jedwabisty film, kt\u00f3ry pozostaje na ustach przez wiele godzin. Balsam zawiera sk\u0142adniki od\u017cywcze, kt\u00f3re skutecznie nawil\u017caj\u0105 i wyg\u0142adzaj\u0105 usta, poprawiaj\u0105c ich kondycj\u0119 i ... Read morerom&#038;nd Glasting Melting Balm 02 Lovely pink 3.5 g &#8211; Balsam do ust\" \/>\n<meta property=\"og:url\" content=\"https:\/\/selleetools.com\/pl\/product\/romnd-glasting-melting-balm-02-lovely-pink-3-5-g-balsam-do-ust\/\" \/>\n<meta property=\"og:site_name\" content=\"Selleetools.com\" \/>\n<meta property=\"article:modified_time\" content=\"2025-11-04T19:15:19+00:00\" \/>\n<meta property=\"og:image\" content=\"https:\/\/selleetools.com\/wp-content\/uploads\/2025\/10\/2083933339c25f8ec0195a18d5a503ed.jpg\" \/>\n\t<meta property=\"og:image:width\" content=\"441\" \/>\n\t<meta property=\"og:image:height\" content=\"759\" \/>\n\t<meta property=\"og:image:type\" content=\"image\/jpeg\" \/>\n<meta name=\"twitter:card\" content=\"summary_large_image\" \/>\n<meta name=\"twitter:label1\" content=\"Est. reading time\" \/>\n\t<meta name=\"twitter:data1\" content=\"1 minuta\" \/>\n<!-- \/ Yoast SEO plugin. -->","yoast_head_json":{"title":"rom&nd Glasting Melting Balm 02 Lovely pink 3.5 g - Balsam do ust - Selleetools.com","robots":{"index":"index","follow":"follow","max-snippet":"max-snippet:-1","max-image-preview":"max-image-preview:large","max-video-preview":"max-video-preview:-1"},"canonical":"https:\/\/selleetools.com\/pl\/product\/romnd-glasting-melting-balm-02-lovely-pink-3-5-g-balsam-do-ust\/","og_locale":"pl_PL","og_type":"article","og_title":"rom&nd Glasting Melting Balm 02 Lovely pink 3.5 g - Balsam do ust - Selleetools.com","og_description":"Rom&#038;nd Glasting Melting Balm 02 Lovely Pink to luksusowy balsam do ust, kt\u00f3ry zapewnia intensywne nawil\u017cenie i pi\u0119kny, naturalny kolor. Jego wyj\u0105tkowa formu\u0142a topnieje w kontakcie ze sk\u00f3r\u0105, przekszta\u0142caj\u0105c si\u0119 w delikatny, jedwabisty film, kt\u00f3ry pozostaje na ustach przez wiele godzin. Balsam zawiera sk\u0142adniki od\u017cywcze, kt\u00f3re skutecznie nawil\u017caj\u0105 i wyg\u0142adzaj\u0105 usta, poprawiaj\u0105c ich kondycj\u0119 i ... Read morerom&#038;nd Glasting Melting Balm 02 Lovely pink 3.5 g &#8211; Balsam do ust","og_url":"https:\/\/selleetools.com\/pl\/product\/romnd-glasting-melting-balm-02-lovely-pink-3-5-g-balsam-do-ust\/","og_site_name":"Selleetools.com","article_modified_time":"2025-11-04T19:15:19+00:00","og_image":[{"width":441,"height":759,"url":"https:\/\/selleetools.com\/wp-content\/uploads\/2025\/10\/2083933339c25f8ec0195a18d5a503ed.jpg","type":"image\/jpeg"}],"twitter_card":"summary_large_image","twitter_misc":{"Est. reading time":"1 minuta"},"schema":{"@context":"https:\/\/schema.org","@graph":[{"@type":"Organization","@id":"https:\/\/selleetools.com\/#organization","name":"Selleetools","url":"https:\/\/selleetools.com\/","sameAs":[],"logo":{"@type":"ImageObject","inLanguage":"pl-PL","@id":"https:\/\/selleetools.com\/#\/schema\/logo\/image\/","url":"https:\/\/selleetools.com\/wp-content\/uploads\/2021\/10\/logo-dark.png","contentUrl":"https:\/\/selleetools.com\/wp-content\/uploads\/2021\/10\/logo-dark.png","width":320,"height":76,"caption":"Selleetools"},"image":{"@id":"https:\/\/selleetools.com\/#\/schema\/logo\/image\/"}},{"@type":"WebSite","@id":"https:\/\/selleetools.com\/#website","url":"https:\/\/selleetools.com\/","name":"Selleetools.com","description":"","publisher":{"@id":"https:\/\/selleetools.com\/#organization"},"potentialAction":[{"@type":"SearchAction","target":{"@type":"EntryPoint","urlTemplate":"https:\/\/selleetools.com\/?s={search_term_string}"},"query-input":"required name=search_term_string"}],"inLanguage":"pl-PL"},{"@type":"WebPage","@id":"https:\/\/selleetools.com\/pl\/product\/romnd-glasting-melting-balm-02-lovely-pink-3-5-g-balsam-do-ust\/","url":"https:\/\/selleetools.com\/pl\/product\/romnd-glasting-melting-balm-02-lovely-pink-3-5-g-balsam-do-ust\/","name":"rom&nd Glasting Melting Balm 02 Lovely pink 3.5 g - Balsam do ust - Selleetools.com","isPartOf":{"@id":"https:\/\/selleetools.com\/#website"},"datePublished":"2025-10-24T11:34:01+00:00","dateModified":"2025-11-04T19:15:19+00:00","breadcrumb":{"@id":"https:\/\/selleetools.com\/pl\/product\/romnd-glasting-melting-balm-02-lovely-pink-3-5-g-balsam-do-ust\/#breadcrumb"},"inLanguage":"pl-PL","potentialAction":[{"@type":"ReadAction","target":["https:\/\/selleetools.com\/pl\/product\/romnd-glasting-melting-balm-02-lovely-pink-3-5-g-balsam-do-ust\/"]}]},{"@type":"BreadcrumbList","@id":"https:\/\/selleetools.com\/pl\/product\/romnd-glasting-melting-balm-02-lovely-pink-3-5-g-balsam-do-ust\/#breadcrumb","itemListElement":[{"@type":"ListItem","position":1,"name":"Home","item":"https:\/\/selleetools.com\/pl\/"},{"@type":"ListItem","position":2,"name":"Katalog","item":"https:\/\/selleetools.com\/pl\/katalog\/"},{"@type":"ListItem","position":3,"name":"rom&#038;nd Glasting Melting Balm 02 Lovely pink 3.5 g &#8211; Balsam do ust"}]}]}},"_links":{"self":[{"href":"https:\/\/admincentral.selleetools.com\/pl\/wp-json\/wp\/v2\/product\/605126"}],"collection":[{"href":"https:\/\/admincentral.selleetools.com\/pl\/wp-json\/wp\/v2\/product"}],"about":[{"href":"https:\/\/admincentral.selleetools.com\/pl\/wp-json\/wp\/v2\/types\/product"}],"replies":[{"embeddable":true,"href":"https:\/\/admincentral.selleetools.com\/pl\/wp-json\/wp\/v2\/comments?post=605126"}],"wp:featuredmedia":[{"embeddable":true,"href":"https:\/\/admincentral.selleetools.com\/pl\/wp-json\/wp\/v2\/media\/605124"}],"wp:attachment":[{"href":"https:\/\/admincentral.selleetools.com\/pl\/wp-json\/wp\/v2\/media?parent=605126"}],"curies":[{"name":"wp","href":"https:\/\/api.w.org\/{rel}","templated":true}]}}