{"id":605135,"date":"2025-10-24T13:34:09","date_gmt":"2025-10-24T11:34:09","guid":{"rendered":"https:\/\/selleetools.com\/?post_type=product&#038;p=605135"},"modified":"2026-02-25T19:10:03","modified_gmt":"2026-02-25T18:10:03","slug":"romnd-glasting-melting-balm-06-kaya-fig-3-5-g-balsam-do-ust","status":"publish","type":"product","link":"https:\/\/admincentral.selleetools.com\/pl\/product\/romnd-glasting-melting-balm-06-kaya-fig-3-5-g-balsam-do-ust\/","title":{"rendered":"rom&#038;nd Glasting Melting Balm 06 Kaya fig 3.5 g &#8211; Balsam do ust"},"content":{"rendered":"<p>Odkryj luksusow\u0105 piel\u0119gnacj\u0119 ust z balsamem rom&#038;nd Glasting Melting Balm 06 Kaya. Ten wyj\u0105tkowy balsam do ust \u0142\u0105czy w sobie od\u017cywcze w\u0142a\u015bciwo\u015bci figi z innowacyjn\u0105 formu\u0142\u0105, kt\u00f3ra zapewnia intensywne nawil\u017cenie i jedwabist\u0105 g\u0142adko\u015b\u0107. Dzi\u0119ki swojej rozpuszczalnej teksturze, balsam doskonale wtapia si\u0119 w sk\u00f3r\u0119, pozostawiaj\u0105c usta mi\u0119kkie i elastyczne.<\/p>\n<p>Korzy\u015bci:<br \/>\nG\u0142\u0119boko nawil\u017ca i od\u017cywia usta, dzi\u0119ki czemu s\u0105 one g\u0142adkie i mi\u0119kkie w dotyku.<br \/>\nFigowy ekstrakt dzia\u0142a koj\u0105co i regeneruj\u0105co, przywracaj\u0105c naturalny blask i zdrowy wygl\u0105d ust.<br \/>\nInnowacyjna formu\u0142a topniej\u0105cego balsamu zapewnia szybkie wch\u0142anianie i komfort przez ca\u0142y dzie\u0144.<\/p>\n<p>Spos\u00f3b u\u017cycia:<br \/>\nNa\u0142\u00f3\u017c niewielk\u0105 ilo\u015b\u0107 balsamu na usta za pomoc\u0105 palca lub aplikatora. Mo\u017cna stosowa\u0107 go zar\u00f3wno na co dzie\u0144, jak i przed na\u0142o\u017ceniem makija\u017cu, aby uzyska\u0107 idealn\u0105 baz\u0119. Dla uzyskania najlepszych rezultat\u00f3w, u\u017cywaj regularnie.<\/p>\n","protected":false},"excerpt":{"rendered":"<p>Odkryj luksusow\u0105 piel\u0119gnacj\u0119 ust z balsamem rom&#038;nd Glasting Melting Balm 06 Kaya. Ten wyj\u0105tkowy balsam do ust \u0142\u0105czy w sobie od\u017cywcze w\u0142a\u015bciwo\u015bci figi z innowacyjn\u0105 formu\u0142\u0105, kt\u00f3ra zapewnia intensywne nawil\u017cenie i jedwabist\u0105 g\u0142adko\u015b\u0107. Dzi\u0119ki swojej rozpuszczalnej teksturze, balsam doskonale wtapia si\u0119 w sk\u00f3r\u0119, pozostawiaj\u0105c usta mi\u0119kkie i elastyczne. Korzy\u015bci: G\u0142\u0119boko nawil\u017ca i od\u017cywia usta, dzi\u0119ki &#8230; <a title=\"rom&#038;nd Glasting Melting Balm 06 Kaya fig 3.5 g &#8211; Balsam do ust\" class=\"read-more\" href=\"https:\/\/admincentral.selleetools.com\/pl\/product\/romnd-glasting-melting-balm-06-kaya-fig-3-5-g-balsam-do-ust\/\">Read more<span class=\"screen-reader-text\">rom&#038;nd Glasting Melting Balm 06 Kaya fig 3.5 g &#8211; Balsam do ust<\/span><\/a><\/p>\n","protected":false},"featured_media":605133,"comment_status":"open","ping_status":"closed","template":"","meta":{"_links_to":"","_links_to_target":""},"yoast_head":"<!-- This site is optimized with the Yoast SEO plugin v19.4 - https:\/\/yoast.com\/wordpress\/plugins\/seo\/ -->\n<title>rom&amp;nd Glasting Melting Balm 06 Kaya fig 3.5 g - Balsam do ust - Selleetools.com<\/title>\n<meta name=\"robots\" content=\"index, follow, max-snippet:-1, max-image-preview:large, max-video-preview:-1\" \/>\n<link rel=\"canonical\" href=\"https:\/\/selleetools.com\/pl\/product\/romnd-glasting-melting-balm-06-kaya-fig-3-5-g-balsam-do-ust\/\" \/>\n<meta property=\"og:locale\" content=\"pl_PL\" \/>\n<meta property=\"og:type\" content=\"article\" \/>\n<meta property=\"og:title\" content=\"rom&amp;nd Glasting Melting Balm 06 Kaya fig 3.5 g - Balsam do ust - Selleetools.com\" \/>\n<meta property=\"og:description\" content=\"Odkryj luksusow\u0105 piel\u0119gnacj\u0119 ust z balsamem rom&#038;nd Glasting Melting Balm 06 Kaya. Ten wyj\u0105tkowy balsam do ust \u0142\u0105czy w sobie od\u017cywcze w\u0142a\u015bciwo\u015bci figi z innowacyjn\u0105 formu\u0142\u0105, kt\u00f3ra zapewnia intensywne nawil\u017cenie i jedwabist\u0105 g\u0142adko\u015b\u0107. Dzi\u0119ki swojej rozpuszczalnej teksturze, balsam doskonale wtapia si\u0119 w sk\u00f3r\u0119, pozostawiaj\u0105c usta mi\u0119kkie i elastyczne. Korzy\u015bci: G\u0142\u0119boko nawil\u017ca i od\u017cywia usta, dzi\u0119ki ... Read morerom&#038;nd Glasting Melting Balm 06 Kaya fig 3.5 g &#8211; Balsam do ust\" \/>\n<meta property=\"og:url\" content=\"https:\/\/selleetools.com\/pl\/product\/romnd-glasting-melting-balm-06-kaya-fig-3-5-g-balsam-do-ust\/\" \/>\n<meta property=\"og:site_name\" content=\"Selleetools.com\" \/>\n<meta property=\"article:modified_time\" content=\"2026-02-25T18:10:03+00:00\" \/>\n<meta property=\"og:image\" content=\"https:\/\/selleetools.com\/wp-content\/uploads\/2025\/10\/d2aee243c0d259872490589171df5725.jpg\" \/>\n\t<meta property=\"og:image:width\" content=\"437\" \/>\n\t<meta property=\"og:image:height\" content=\"759\" \/>\n\t<meta property=\"og:image:type\" content=\"image\/jpeg\" \/>\n<meta name=\"twitter:card\" content=\"summary_large_image\" \/>\n<meta name=\"twitter:label1\" content=\"Est. reading time\" \/>\n\t<meta name=\"twitter:data1\" content=\"1 minuta\" \/>\n<!-- \/ Yoast SEO plugin. -->","yoast_head_json":{"title":"rom&nd Glasting Melting Balm 06 Kaya fig 3.5 g - Balsam do ust - Selleetools.com","robots":{"index":"index","follow":"follow","max-snippet":"max-snippet:-1","max-image-preview":"max-image-preview:large","max-video-preview":"max-video-preview:-1"},"canonical":"https:\/\/selleetools.com\/pl\/product\/romnd-glasting-melting-balm-06-kaya-fig-3-5-g-balsam-do-ust\/","og_locale":"pl_PL","og_type":"article","og_title":"rom&nd Glasting Melting Balm 06 Kaya fig 3.5 g - Balsam do ust - Selleetools.com","og_description":"Odkryj luksusow\u0105 piel\u0119gnacj\u0119 ust z balsamem rom&#038;nd Glasting Melting Balm 06 Kaya. Ten wyj\u0105tkowy balsam do ust \u0142\u0105czy w sobie od\u017cywcze w\u0142a\u015bciwo\u015bci figi z innowacyjn\u0105 formu\u0142\u0105, kt\u00f3ra zapewnia intensywne nawil\u017cenie i jedwabist\u0105 g\u0142adko\u015b\u0107. Dzi\u0119ki swojej rozpuszczalnej teksturze, balsam doskonale wtapia si\u0119 w sk\u00f3r\u0119, pozostawiaj\u0105c usta mi\u0119kkie i elastyczne. Korzy\u015bci: G\u0142\u0119boko nawil\u017ca i od\u017cywia usta, dzi\u0119ki ... Read morerom&#038;nd Glasting Melting Balm 06 Kaya fig 3.5 g &#8211; Balsam do ust","og_url":"https:\/\/selleetools.com\/pl\/product\/romnd-glasting-melting-balm-06-kaya-fig-3-5-g-balsam-do-ust\/","og_site_name":"Selleetools.com","article_modified_time":"2026-02-25T18:10:03+00:00","og_image":[{"width":437,"height":759,"url":"https:\/\/selleetools.com\/wp-content\/uploads\/2025\/10\/d2aee243c0d259872490589171df5725.jpg","type":"image\/jpeg"}],"twitter_card":"summary_large_image","twitter_misc":{"Est. reading time":"1 minuta"},"schema":{"@context":"https:\/\/schema.org","@graph":[{"@type":"Organization","@id":"https:\/\/selleetools.com\/#organization","name":"Selleetools","url":"https:\/\/selleetools.com\/","sameAs":[],"logo":{"@type":"ImageObject","inLanguage":"pl-PL","@id":"https:\/\/selleetools.com\/#\/schema\/logo\/image\/","url":"https:\/\/selleetools.com\/wp-content\/uploads\/2021\/10\/logo-dark.png","contentUrl":"https:\/\/selleetools.com\/wp-content\/uploads\/2021\/10\/logo-dark.png","width":320,"height":76,"caption":"Selleetools"},"image":{"@id":"https:\/\/selleetools.com\/#\/schema\/logo\/image\/"}},{"@type":"WebSite","@id":"https:\/\/selleetools.com\/#website","url":"https:\/\/selleetools.com\/","name":"Selleetools.com","description":"","publisher":{"@id":"https:\/\/selleetools.com\/#organization"},"potentialAction":[{"@type":"SearchAction","target":{"@type":"EntryPoint","urlTemplate":"https:\/\/selleetools.com\/?s={search_term_string}"},"query-input":"required name=search_term_string"}],"inLanguage":"pl-PL"},{"@type":"WebPage","@id":"https:\/\/selleetools.com\/pl\/product\/romnd-glasting-melting-balm-06-kaya-fig-3-5-g-balsam-do-ust\/","url":"https:\/\/selleetools.com\/pl\/product\/romnd-glasting-melting-balm-06-kaya-fig-3-5-g-balsam-do-ust\/","name":"rom&nd Glasting Melting Balm 06 Kaya fig 3.5 g - Balsam do ust - Selleetools.com","isPartOf":{"@id":"https:\/\/selleetools.com\/#website"},"datePublished":"2025-10-24T11:34:09+00:00","dateModified":"2026-02-25T18:10:03+00:00","breadcrumb":{"@id":"https:\/\/selleetools.com\/pl\/product\/romnd-glasting-melting-balm-06-kaya-fig-3-5-g-balsam-do-ust\/#breadcrumb"},"inLanguage":"pl-PL","potentialAction":[{"@type":"ReadAction","target":["https:\/\/selleetools.com\/pl\/product\/romnd-glasting-melting-balm-06-kaya-fig-3-5-g-balsam-do-ust\/"]}]},{"@type":"BreadcrumbList","@id":"https:\/\/selleetools.com\/pl\/product\/romnd-glasting-melting-balm-06-kaya-fig-3-5-g-balsam-do-ust\/#breadcrumb","itemListElement":[{"@type":"ListItem","position":1,"name":"Home","item":"https:\/\/selleetools.com\/pl\/"},{"@type":"ListItem","position":2,"name":"Katalog","item":"https:\/\/selleetools.com\/pl\/katalog\/"},{"@type":"ListItem","position":3,"name":"rom&#038;nd Glasting Melting Balm 06 Kaya fig 3.5 g &#8211; Balsam do ust"}]}]}},"_links":{"self":[{"href":"https:\/\/admincentral.selleetools.com\/pl\/wp-json\/wp\/v2\/product\/605135"}],"collection":[{"href":"https:\/\/admincentral.selleetools.com\/pl\/wp-json\/wp\/v2\/product"}],"about":[{"href":"https:\/\/admincentral.selleetools.com\/pl\/wp-json\/wp\/v2\/types\/product"}],"replies":[{"embeddable":true,"href":"https:\/\/admincentral.selleetools.com\/pl\/wp-json\/wp\/v2\/comments?post=605135"}],"wp:featuredmedia":[{"embeddable":true,"href":"https:\/\/admincentral.selleetools.com\/pl\/wp-json\/wp\/v2\/media\/605133"}],"wp:attachment":[{"href":"https:\/\/admincentral.selleetools.com\/pl\/wp-json\/wp\/v2\/media?parent=605135"}],"curies":[{"name":"wp","href":"https:\/\/api.w.org\/{rel}","templated":true}]}}