{"id":605155,"date":"2025-10-24T13:34:24","date_gmt":"2025-10-24T11:34:24","guid":{"rendered":"https:\/\/selleetools.com\/?post_type=product&#038;p=605155"},"modified":"2025-11-04T20:16:07","modified_gmt":"2025-11-04T19:16:07","slug":"peripera-ink-glasting-lip-gloss-007-so-what-4-5-ml-blyszczyk-do-ust","status":"publish","type":"product","link":"https:\/\/admincentral.selleetools.com\/pl\/product\/peripera-ink-glasting-lip-gloss-007-so-what-4-5-ml-blyszczyk-do-ust\/","title":{"rendered":"Peripera Ink Glasting Lip Gloss 007 So What 4.5 ml &#8211; B\u0142yszczyk do ust"},"content":{"rendered":"<p>Peripera Ink Glasting Lip Gloss 007 So What to wyj\u0105tkowy b\u0142yszczyk do ust, kt\u00f3ry \u0142\u0105czy w sobie intensywny kolor z d\u0142ugotrwa\u0142ym po\u0142yskiem. Jego lekka, nieklej\u0105ca si\u0119 formu\u0142a sprawia, \u017ce usta wygl\u0105daj\u0105 \u015bwie\u017co i nawil\u017cone przez ca\u0142y dzie\u0144. Dzi\u0119ki zawarto\u015bci sk\u0142adnik\u00f3w nawil\u017caj\u0105cych, b\u0142yszczyk nie tylko nadaje ustom pi\u0119kny blask, ale r\u00f3wnie\u017c piel\u0119gnuje je, zapobiegaj\u0105c wysuszeniu i p\u0119kaniu.<\/p>\n<p>Korzy\u015bci dla sk\u00f3ry:<br \/>\nNawil\u017cenie i ochrona ust przed wysuszeniem.<br \/>\nD\u0142ugotrwa\u0142y po\u0142ysk, kt\u00f3ry utrzymuje si\u0119 przez wiele godzin.<br \/>\nIntensywny kolor, kt\u00f3ry podkre\u015bla naturalne pi\u0119kno ust.<br \/>\nLekka, komfortowa formu\u0142a, kt\u00f3ra nie klei si\u0119 i nie obci\u0105\u017ca ust.<\/p>\n<p>Spos\u00f3b u\u017cycia:<br \/>\nAby uzyska\u0107 najlepsze rezultaty, nanie\u015b b\u0142yszczyk na czyste i suche usta za pomoc\u0105 aplikatora. Mo\u017cesz u\u017cy\u0107 go samodzielnie, aby uzyska\u0107 subtelny po\u0142ysk, lub na\u0142o\u017cy\u0107 na ulubion\u0105 pomadk\u0119, aby nada\u0107 jej g\u0142\u0119bszy kolor i dodatkowy blask. Aplikuj w ci\u0105gu dnia w razie potrzeby, aby utrzyma\u0107 usta nawil\u017cone i l\u015bni\u0105ce.<\/p>\n","protected":false},"excerpt":{"rendered":"<p>Peripera Ink Glasting Lip Gloss 007 So What to wyj\u0105tkowy b\u0142yszczyk do ust, kt\u00f3ry \u0142\u0105czy w sobie intensywny kolor z d\u0142ugotrwa\u0142ym po\u0142yskiem. Jego lekka, nieklej\u0105ca si\u0119 formu\u0142a sprawia, \u017ce usta wygl\u0105daj\u0105 \u015bwie\u017co i nawil\u017cone przez ca\u0142y dzie\u0144. Dzi\u0119ki zawarto\u015bci sk\u0142adnik\u00f3w nawil\u017caj\u0105cych, b\u0142yszczyk nie tylko nadaje ustom pi\u0119kny blask, ale r\u00f3wnie\u017c piel\u0119gnuje je, zapobiegaj\u0105c wysuszeniu i &#8230; <a title=\"Peripera Ink Glasting Lip Gloss 007 So What 4.5 ml &#8211; B\u0142yszczyk do ust\" class=\"read-more\" href=\"https:\/\/admincentral.selleetools.com\/pl\/product\/peripera-ink-glasting-lip-gloss-007-so-what-4-5-ml-blyszczyk-do-ust\/\">Read more<span class=\"screen-reader-text\">Peripera Ink Glasting Lip Gloss 007 So What 4.5 ml &#8211; B\u0142yszczyk do ust<\/span><\/a><\/p>\n","protected":false},"featured_media":605151,"comment_status":"open","ping_status":"closed","template":"","meta":{"_links_to":"","_links_to_target":""},"yoast_head":"<!-- This site is optimized with the Yoast SEO plugin v19.4 - https:\/\/yoast.com\/wordpress\/plugins\/seo\/ -->\n<title>Peripera Ink Glasting Lip Gloss 007 So What 4.5 ml - B\u0142yszczyk do ust - Selleetools.com<\/title>\n<meta name=\"robots\" content=\"index, follow, max-snippet:-1, max-image-preview:large, max-video-preview:-1\" \/>\n<link rel=\"canonical\" href=\"https:\/\/selleetools.com\/pl\/product\/peripera-ink-glasting-lip-gloss-007-so-what-4-5-ml-blyszczyk-do-ust\/\" \/>\n<meta property=\"og:locale\" content=\"pl_PL\" \/>\n<meta property=\"og:type\" content=\"article\" \/>\n<meta property=\"og:title\" content=\"Peripera Ink Glasting Lip Gloss 007 So What 4.5 ml - B\u0142yszczyk do ust - Selleetools.com\" \/>\n<meta property=\"og:description\" content=\"Peripera Ink Glasting Lip Gloss 007 So What to wyj\u0105tkowy b\u0142yszczyk do ust, kt\u00f3ry \u0142\u0105czy w sobie intensywny kolor z d\u0142ugotrwa\u0142ym po\u0142yskiem. Jego lekka, nieklej\u0105ca si\u0119 formu\u0142a sprawia, \u017ce usta wygl\u0105daj\u0105 \u015bwie\u017co i nawil\u017cone przez ca\u0142y dzie\u0144. Dzi\u0119ki zawarto\u015bci sk\u0142adnik\u00f3w nawil\u017caj\u0105cych, b\u0142yszczyk nie tylko nadaje ustom pi\u0119kny blask, ale r\u00f3wnie\u017c piel\u0119gnuje je, zapobiegaj\u0105c wysuszeniu i ... Read morePeripera Ink Glasting Lip Gloss 007 So What 4.5 ml &#8211; B\u0142yszczyk do ust\" \/>\n<meta property=\"og:url\" content=\"https:\/\/selleetools.com\/pl\/product\/peripera-ink-glasting-lip-gloss-007-so-what-4-5-ml-blyszczyk-do-ust\/\" \/>\n<meta property=\"og:site_name\" content=\"Selleetools.com\" \/>\n<meta property=\"article:modified_time\" content=\"2025-11-04T19:16:07+00:00\" \/>\n<meta property=\"og:image\" content=\"https:\/\/selleetools.com\/wp-content\/uploads\/2025\/10\/ee42ad7afc43baf8e0967cca968597e9.jpg\" \/>\n\t<meta property=\"og:image:width\" content=\"1200\" \/>\n\t<meta property=\"og:image:height\" content=\"1200\" \/>\n\t<meta property=\"og:image:type\" content=\"image\/jpeg\" \/>\n<meta name=\"twitter:card\" content=\"summary_large_image\" \/>\n<meta name=\"twitter:label1\" content=\"Est. reading time\" \/>\n\t<meta name=\"twitter:data1\" content=\"1 minuta\" \/>\n<!-- \/ Yoast SEO plugin. -->","yoast_head_json":{"title":"Peripera Ink Glasting Lip Gloss 007 So What 4.5 ml - B\u0142yszczyk do ust - Selleetools.com","robots":{"index":"index","follow":"follow","max-snippet":"max-snippet:-1","max-image-preview":"max-image-preview:large","max-video-preview":"max-video-preview:-1"},"canonical":"https:\/\/selleetools.com\/pl\/product\/peripera-ink-glasting-lip-gloss-007-so-what-4-5-ml-blyszczyk-do-ust\/","og_locale":"pl_PL","og_type":"article","og_title":"Peripera Ink Glasting Lip Gloss 007 So What 4.5 ml - B\u0142yszczyk do ust - Selleetools.com","og_description":"Peripera Ink Glasting Lip Gloss 007 So What to wyj\u0105tkowy b\u0142yszczyk do ust, kt\u00f3ry \u0142\u0105czy w sobie intensywny kolor z d\u0142ugotrwa\u0142ym po\u0142yskiem. Jego lekka, nieklej\u0105ca si\u0119 formu\u0142a sprawia, \u017ce usta wygl\u0105daj\u0105 \u015bwie\u017co i nawil\u017cone przez ca\u0142y dzie\u0144. Dzi\u0119ki zawarto\u015bci sk\u0142adnik\u00f3w nawil\u017caj\u0105cych, b\u0142yszczyk nie tylko nadaje ustom pi\u0119kny blask, ale r\u00f3wnie\u017c piel\u0119gnuje je, zapobiegaj\u0105c wysuszeniu i ... Read morePeripera Ink Glasting Lip Gloss 007 So What 4.5 ml &#8211; B\u0142yszczyk do ust","og_url":"https:\/\/selleetools.com\/pl\/product\/peripera-ink-glasting-lip-gloss-007-so-what-4-5-ml-blyszczyk-do-ust\/","og_site_name":"Selleetools.com","article_modified_time":"2025-11-04T19:16:07+00:00","og_image":[{"width":1200,"height":1200,"url":"https:\/\/selleetools.com\/wp-content\/uploads\/2025\/10\/ee42ad7afc43baf8e0967cca968597e9.jpg","type":"image\/jpeg"}],"twitter_card":"summary_large_image","twitter_misc":{"Est. reading time":"1 minuta"},"schema":{"@context":"https:\/\/schema.org","@graph":[{"@type":"Organization","@id":"https:\/\/selleetools.com\/#organization","name":"Selleetools","url":"https:\/\/selleetools.com\/","sameAs":[],"logo":{"@type":"ImageObject","inLanguage":"pl-PL","@id":"https:\/\/selleetools.com\/#\/schema\/logo\/image\/","url":"https:\/\/selleetools.com\/wp-content\/uploads\/2021\/10\/logo-dark.png","contentUrl":"https:\/\/selleetools.com\/wp-content\/uploads\/2021\/10\/logo-dark.png","width":320,"height":76,"caption":"Selleetools"},"image":{"@id":"https:\/\/selleetools.com\/#\/schema\/logo\/image\/"}},{"@type":"WebSite","@id":"https:\/\/selleetools.com\/#website","url":"https:\/\/selleetools.com\/","name":"Selleetools.com","description":"","publisher":{"@id":"https:\/\/selleetools.com\/#organization"},"potentialAction":[{"@type":"SearchAction","target":{"@type":"EntryPoint","urlTemplate":"https:\/\/selleetools.com\/?s={search_term_string}"},"query-input":"required name=search_term_string"}],"inLanguage":"pl-PL"},{"@type":"WebPage","@id":"https:\/\/selleetools.com\/pl\/product\/peripera-ink-glasting-lip-gloss-007-so-what-4-5-ml-blyszczyk-do-ust\/","url":"https:\/\/selleetools.com\/pl\/product\/peripera-ink-glasting-lip-gloss-007-so-what-4-5-ml-blyszczyk-do-ust\/","name":"Peripera Ink Glasting Lip Gloss 007 So What 4.5 ml - B\u0142yszczyk do ust - Selleetools.com","isPartOf":{"@id":"https:\/\/selleetools.com\/#website"},"datePublished":"2025-10-24T11:34:24+00:00","dateModified":"2025-11-04T19:16:07+00:00","breadcrumb":{"@id":"https:\/\/selleetools.com\/pl\/product\/peripera-ink-glasting-lip-gloss-007-so-what-4-5-ml-blyszczyk-do-ust\/#breadcrumb"},"inLanguage":"pl-PL","potentialAction":[{"@type":"ReadAction","target":["https:\/\/selleetools.com\/pl\/product\/peripera-ink-glasting-lip-gloss-007-so-what-4-5-ml-blyszczyk-do-ust\/"]}]},{"@type":"BreadcrumbList","@id":"https:\/\/selleetools.com\/pl\/product\/peripera-ink-glasting-lip-gloss-007-so-what-4-5-ml-blyszczyk-do-ust\/#breadcrumb","itemListElement":[{"@type":"ListItem","position":1,"name":"Home","item":"https:\/\/selleetools.com\/pl\/"},{"@type":"ListItem","position":2,"name":"Katalog","item":"https:\/\/selleetools.com\/pl\/katalog\/"},{"@type":"ListItem","position":3,"name":"Peripera Ink Glasting Lip Gloss 007 So What 4.5 ml &#8211; B\u0142yszczyk do ust"}]}]}},"_links":{"self":[{"href":"https:\/\/admincentral.selleetools.com\/pl\/wp-json\/wp\/v2\/product\/605155"}],"collection":[{"href":"https:\/\/admincentral.selleetools.com\/pl\/wp-json\/wp\/v2\/product"}],"about":[{"href":"https:\/\/admincentral.selleetools.com\/pl\/wp-json\/wp\/v2\/types\/product"}],"replies":[{"embeddable":true,"href":"https:\/\/admincentral.selleetools.com\/pl\/wp-json\/wp\/v2\/comments?post=605155"}],"wp:featuredmedia":[{"embeddable":true,"href":"https:\/\/admincentral.selleetools.com\/pl\/wp-json\/wp\/v2\/media\/605151"}],"wp:attachment":[{"href":"https:\/\/admincentral.selleetools.com\/pl\/wp-json\/wp\/v2\/media?parent=605155"}],"curies":[{"name":"wp","href":"https:\/\/api.w.org\/{rel}","templated":true}]}}