{"id":605170,"date":"2025-10-24T13:34:33","date_gmt":"2025-10-24T11:34:33","guid":{"rendered":"https:\/\/selleetools.com\/?post_type=product&#038;p=605170"},"modified":"2026-02-25T19:09:57","modified_gmt":"2026-02-25T18:09:57","slug":"romnd-better-than-eyes-01-dry-willow-flower-7-g-paleta-cieni-do-powiek","status":"publish","type":"product","link":"https:\/\/admincentral.selleetools.com\/pl\/product\/romnd-better-than-eyes-01-dry-willow-flower-7-g-paleta-cieni-do-powiek\/","title":{"rendered":"rom&#038;nd Better Than Eyes 01 Dry Willow Flower 7 g &#8211; Paleta cieni do powiek"},"content":{"rendered":"<p>rom&#038;nd Better Than Eyes 01 Dry Willow Flower to wyj\u0105tkowe cienie do powiek, kt\u00f3ry \u0142\u0105cz\u0105 w sobie elegancj\u0119 i subteln\u0105 pi\u0119kno\u015b\u0107. Dzi\u0119ki delikatnej, pudrowej konsystencji, \u0142atwo si\u0119 nak\u0142adaj\u0105 i blenduj\u0105, oferuj\u0105c trwa\u0142y, pi\u0119kny kolor. Produkt wzbogacony jest o sk\u0142adniki piel\u0119gnacyjne, kt\u00f3re nawil\u017caj\u0105 i od\u017cywiaj\u0105 sk\u00f3r\u0119 powiek, zapewniaj\u0105c jednocze\u015bnie komfort noszenia przez ca\u0142y dzie\u0144.<\/p>\n<p>Korzy\u015bci dla sk\u00f3ry:<br \/>\nNawil\u017cenie i od\u017cywienie: Formu\u0142a zawiera sk\u0142adniki, kt\u00f3re pomagaj\u0105 utrzyma\u0107 odpowiedni poziom nawil\u017cenia powiek.<br \/>\nD\u0142ugotrwa\u0142y efekt: Dzi\u0119ki wysokiej jako\u015bci pigmentom cie\u0144 utrzymuje si\u0119 na powiekach przez wiele godzin bez potrzeby poprawek.<br \/>\nBezpieczny dla wra\u017cliwej sk\u00f3ry: Delikatna konsystencja sprawia, \u017ce produkt jest odpowiedni nawet dla wra\u017cliwych oczu.<\/p>\n<p>Spos\u00f3b u\u017cycia:<br \/>\nNa\u0142\u00f3\u017c cie\u0144 na powieki za pomoc\u0105 p\u0119dzelka lub palca. Aby uzyska\u0107 intensywniejszy kolor, na\u0142\u00f3\u017c kilka warstw. Mo\u017cesz u\u017cywa\u0107 go samodzielnie lub w po\u0142\u0105czeniu z innymi odcieniami, aby stworzy\u0107 z\u0142o\u017cony, wielowymiarowy makija\u017c. Idealny do codziennego u\u017cytku oraz na specjalne okazje.<\/p>\n","protected":false},"excerpt":{"rendered":"<p>rom&#038;nd Better Than Eyes 01 Dry Willow Flower to wyj\u0105tkowe cienie do powiek, kt\u00f3ry \u0142\u0105cz\u0105 w sobie elegancj\u0119 i subteln\u0105 pi\u0119kno\u015b\u0107. Dzi\u0119ki delikatnej, pudrowej konsystencji, \u0142atwo si\u0119 nak\u0142adaj\u0105 i blenduj\u0105, oferuj\u0105c trwa\u0142y, pi\u0119kny kolor. Produkt wzbogacony jest o sk\u0142adniki piel\u0119gnacyjne, kt\u00f3re nawil\u017caj\u0105 i od\u017cywiaj\u0105 sk\u00f3r\u0119 powiek, zapewniaj\u0105c jednocze\u015bnie komfort noszenia przez ca\u0142y dzie\u0144. Korzy\u015bci dla &#8230; <a title=\"rom&#038;nd Better Than Eyes 01 Dry Willow Flower 7 g &#8211; Paleta cieni do powiek\" class=\"read-more\" href=\"https:\/\/admincentral.selleetools.com\/pl\/product\/romnd-better-than-eyes-01-dry-willow-flower-7-g-paleta-cieni-do-powiek\/\">Read more<span class=\"screen-reader-text\">rom&#038;nd Better Than Eyes 01 Dry Willow Flower 7 g &#8211; Paleta cieni do powiek<\/span><\/a><\/p>\n","protected":false},"featured_media":605166,"comment_status":"open","ping_status":"closed","template":"","meta":{"_links_to":"","_links_to_target":""},"yoast_head":"<!-- This site is optimized with the Yoast SEO plugin v19.4 - https:\/\/yoast.com\/wordpress\/plugins\/seo\/ -->\n<title>rom&amp;nd Better Than Eyes 01 Dry Willow Flower 7 g - Paleta cieni do powiek - Selleetools.com<\/title>\n<meta name=\"robots\" content=\"index, follow, max-snippet:-1, max-image-preview:large, max-video-preview:-1\" \/>\n<link rel=\"canonical\" href=\"https:\/\/selleetools.com\/pl\/product\/romnd-better-than-eyes-01-dry-willow-flower-7-g-paleta-cieni-do-powiek\/\" \/>\n<meta property=\"og:locale\" content=\"pl_PL\" \/>\n<meta property=\"og:type\" content=\"article\" \/>\n<meta property=\"og:title\" content=\"rom&amp;nd Better Than Eyes 01 Dry Willow Flower 7 g - Paleta cieni do powiek - Selleetools.com\" \/>\n<meta property=\"og:description\" content=\"rom&#038;nd Better Than Eyes 01 Dry Willow Flower to wyj\u0105tkowe cienie do powiek, kt\u00f3ry \u0142\u0105cz\u0105 w sobie elegancj\u0119 i subteln\u0105 pi\u0119kno\u015b\u0107. Dzi\u0119ki delikatnej, pudrowej konsystencji, \u0142atwo si\u0119 nak\u0142adaj\u0105 i blenduj\u0105, oferuj\u0105c trwa\u0142y, pi\u0119kny kolor. Produkt wzbogacony jest o sk\u0142adniki piel\u0119gnacyjne, kt\u00f3re nawil\u017caj\u0105 i od\u017cywiaj\u0105 sk\u00f3r\u0119 powiek, zapewniaj\u0105c jednocze\u015bnie komfort noszenia przez ca\u0142y dzie\u0144. Korzy\u015bci dla ... Read morerom&#038;nd Better Than Eyes 01 Dry Willow Flower 7 g &#8211; Paleta cieni do powiek\" \/>\n<meta property=\"og:url\" content=\"https:\/\/selleetools.com\/pl\/product\/romnd-better-than-eyes-01-dry-willow-flower-7-g-paleta-cieni-do-powiek\/\" \/>\n<meta property=\"og:site_name\" content=\"Selleetools.com\" \/>\n<meta property=\"article:modified_time\" content=\"2026-02-25T18:09:57+00:00\" \/>\n<meta property=\"og:image\" content=\"https:\/\/selleetools.com\/wp-content\/uploads\/2025\/10\/585dc993dbe2c4a7f33c97f6728bd3ec.jpg\" \/>\n\t<meta property=\"og:image:width\" content=\"1500\" \/>\n\t<meta property=\"og:image:height\" content=\"1464\" \/>\n\t<meta property=\"og:image:type\" content=\"image\/jpeg\" \/>\n<meta name=\"twitter:card\" content=\"summary_large_image\" \/>\n<meta name=\"twitter:label1\" content=\"Est. reading time\" \/>\n\t<meta name=\"twitter:data1\" content=\"1 minuta\" \/>\n<!-- \/ Yoast SEO plugin. -->","yoast_head_json":{"title":"rom&nd Better Than Eyes 01 Dry Willow Flower 7 g - Paleta cieni do powiek - Selleetools.com","robots":{"index":"index","follow":"follow","max-snippet":"max-snippet:-1","max-image-preview":"max-image-preview:large","max-video-preview":"max-video-preview:-1"},"canonical":"https:\/\/selleetools.com\/pl\/product\/romnd-better-than-eyes-01-dry-willow-flower-7-g-paleta-cieni-do-powiek\/","og_locale":"pl_PL","og_type":"article","og_title":"rom&nd Better Than Eyes 01 Dry Willow Flower 7 g - Paleta cieni do powiek - Selleetools.com","og_description":"rom&#038;nd Better Than Eyes 01 Dry Willow Flower to wyj\u0105tkowe cienie do powiek, kt\u00f3ry \u0142\u0105cz\u0105 w sobie elegancj\u0119 i subteln\u0105 pi\u0119kno\u015b\u0107. Dzi\u0119ki delikatnej, pudrowej konsystencji, \u0142atwo si\u0119 nak\u0142adaj\u0105 i blenduj\u0105, oferuj\u0105c trwa\u0142y, pi\u0119kny kolor. Produkt wzbogacony jest o sk\u0142adniki piel\u0119gnacyjne, kt\u00f3re nawil\u017caj\u0105 i od\u017cywiaj\u0105 sk\u00f3r\u0119 powiek, zapewniaj\u0105c jednocze\u015bnie komfort noszenia przez ca\u0142y dzie\u0144. Korzy\u015bci dla ... Read morerom&#038;nd Better Than Eyes 01 Dry Willow Flower 7 g &#8211; Paleta cieni do powiek","og_url":"https:\/\/selleetools.com\/pl\/product\/romnd-better-than-eyes-01-dry-willow-flower-7-g-paleta-cieni-do-powiek\/","og_site_name":"Selleetools.com","article_modified_time":"2026-02-25T18:09:57+00:00","og_image":[{"width":1500,"height":1464,"url":"https:\/\/selleetools.com\/wp-content\/uploads\/2025\/10\/585dc993dbe2c4a7f33c97f6728bd3ec.jpg","type":"image\/jpeg"}],"twitter_card":"summary_large_image","twitter_misc":{"Est. reading time":"1 minuta"},"schema":{"@context":"https:\/\/schema.org","@graph":[{"@type":"Organization","@id":"https:\/\/selleetools.com\/#organization","name":"Selleetools","url":"https:\/\/selleetools.com\/","sameAs":[],"logo":{"@type":"ImageObject","inLanguage":"pl-PL","@id":"https:\/\/selleetools.com\/#\/schema\/logo\/image\/","url":"https:\/\/selleetools.com\/wp-content\/uploads\/2021\/10\/logo-dark.png","contentUrl":"https:\/\/selleetools.com\/wp-content\/uploads\/2021\/10\/logo-dark.png","width":320,"height":76,"caption":"Selleetools"},"image":{"@id":"https:\/\/selleetools.com\/#\/schema\/logo\/image\/"}},{"@type":"WebSite","@id":"https:\/\/selleetools.com\/#website","url":"https:\/\/selleetools.com\/","name":"Selleetools.com","description":"","publisher":{"@id":"https:\/\/selleetools.com\/#organization"},"potentialAction":[{"@type":"SearchAction","target":{"@type":"EntryPoint","urlTemplate":"https:\/\/selleetools.com\/?s={search_term_string}"},"query-input":"required name=search_term_string"}],"inLanguage":"pl-PL"},{"@type":"WebPage","@id":"https:\/\/selleetools.com\/pl\/product\/romnd-better-than-eyes-01-dry-willow-flower-7-g-paleta-cieni-do-powiek\/","url":"https:\/\/selleetools.com\/pl\/product\/romnd-better-than-eyes-01-dry-willow-flower-7-g-paleta-cieni-do-powiek\/","name":"rom&nd Better Than Eyes 01 Dry Willow Flower 7 g - Paleta cieni do powiek - Selleetools.com","isPartOf":{"@id":"https:\/\/selleetools.com\/#website"},"datePublished":"2025-10-24T11:34:33+00:00","dateModified":"2026-02-25T18:09:57+00:00","breadcrumb":{"@id":"https:\/\/selleetools.com\/pl\/product\/romnd-better-than-eyes-01-dry-willow-flower-7-g-paleta-cieni-do-powiek\/#breadcrumb"},"inLanguage":"pl-PL","potentialAction":[{"@type":"ReadAction","target":["https:\/\/selleetools.com\/pl\/product\/romnd-better-than-eyes-01-dry-willow-flower-7-g-paleta-cieni-do-powiek\/"]}]},{"@type":"BreadcrumbList","@id":"https:\/\/selleetools.com\/pl\/product\/romnd-better-than-eyes-01-dry-willow-flower-7-g-paleta-cieni-do-powiek\/#breadcrumb","itemListElement":[{"@type":"ListItem","position":1,"name":"Home","item":"https:\/\/selleetools.com\/pl\/"},{"@type":"ListItem","position":2,"name":"Katalog","item":"https:\/\/selleetools.com\/pl\/katalog\/"},{"@type":"ListItem","position":3,"name":"rom&#038;nd Better Than Eyes 01 Dry Willow Flower 7 g &#8211; Paleta cieni do powiek"}]}]}},"_links":{"self":[{"href":"https:\/\/admincentral.selleetools.com\/pl\/wp-json\/wp\/v2\/product\/605170"}],"collection":[{"href":"https:\/\/admincentral.selleetools.com\/pl\/wp-json\/wp\/v2\/product"}],"about":[{"href":"https:\/\/admincentral.selleetools.com\/pl\/wp-json\/wp\/v2\/types\/product"}],"replies":[{"embeddable":true,"href":"https:\/\/admincentral.selleetools.com\/pl\/wp-json\/wp\/v2\/comments?post=605170"}],"wp:featuredmedia":[{"embeddable":true,"href":"https:\/\/admincentral.selleetools.com\/pl\/wp-json\/wp\/v2\/media\/605166"}],"wp:attachment":[{"href":"https:\/\/admincentral.selleetools.com\/pl\/wp-json\/wp\/v2\/media?parent=605170"}],"curies":[{"name":"wp","href":"https:\/\/api.w.org\/{rel}","templated":true}]}}