{"id":605316,"date":"2025-10-24T13:36:22","date_gmt":"2025-10-24T11:36:22","guid":{"rendered":"https:\/\/selleetools.com\/?post_type=product&#038;p=605316"},"modified":"2025-11-04T20:17:46","modified_gmt":"2025-11-04T19:17:46","slug":"marmay-silicone-brush-1-szt-silikonowy-pedzelek-do-nakladania-masek-do-twarzy","status":"publish","type":"product","link":"https:\/\/admincentral.selleetools.com\/pl\/product\/marmay-silicone-brush-1-szt-silikonowy-pedzelek-do-nakladania-masek-do-twarzy\/","title":{"rendered":"Mar&#038;May Silicone Brush 1 szt. &#8211; Silikonowy p\u0119dzelek do nak\u0142adania masek do twarzy"},"content":{"rendered":"<section class=\"section\">\n<div class=\"item item-6\">\n<section class=\"image-item\">\n<p style=\"text-align: justify; caret-color: rgb(0, 0, 0); color: rgb(0, 0, 0);\"><font style=\"font-size: 12px;\">Mary&#038;May Silicone Brush to silikonowy p\u0119dzelek zaprojektowany specjalnie do aplikacji masek na twarz. Wykonany z wysokiej jako\u015bci silikonu, jest nie tylko higieniczny i \u0142atwy w czyszczeniu, ale tak\u017ce delikatny dla sk\u00f3ry. Ergonomiczny kszta\u0142t i elastyczna g\u0142\u00f3wka p\u0119dzelka umo\u017cliwiaj\u0105 precyzyjne i r\u00f3wnomierne rozprowadzanie produkt\u00f3w piel\u0119gnacyjnych, minimalizuj\u0105c ich marnowanie.<\/font><\/p>\n<h4 style=\"caret-color: rgb(0, 0, 0); color: rgb(0, 0, 0);\"><font style=\"font-size: 12px;\">Korzy\u015bci dla sk\u00f3ry<\/font><\/h4>\n<ul style=\"caret-color: rgb(0, 0, 0); color: rgb(0, 0, 0);\">\n<li><font style=\"font-size: 12px;\"><strong>Precyzyjna aplikacja<\/strong>: Elastyczna g\u0142\u00f3wka p\u0119dzelka umo\u017cliwia r\u00f3wnomierne i dok\u0142adne na\u0142o\u017cenie maski, co zwi\u0119ksza skuteczno\u015b\u0107 jej dzia\u0142ania.<\/font><\/li>\n<li><font style=\"font-size: 12px;\"><strong>Higiena<\/strong>: Silikonowa powierzchnia jest \u0142atwa do czyszczenia, co minimalizuje ryzyko rozwoju bakterii i podra\u017cnie\u0144 sk\u00f3ry.<\/font><\/li>\n<li><font style=\"font-size: 12px;\"><strong>Delikatno\u015b\u0107<\/strong>: Mi\u0119kki silikon jest \u0142agodny dla sk\u00f3ry, co sprawia, \u017ce p\u0119dzelek nadaje si\u0119 do u\u017cytku nawet przy cerze wra\u017cliwej.<\/font><\/li>\n<li><font style=\"font-size: 12px;\"><strong>Oszcz\u0119dno\u015b\u0107 produktu<\/strong>: Aplikacja p\u0119dzelkiem pozwala na u\u017cycie mniejszej ilo\u015bci produktu, co zwi\u0119ksza jego wydajno\u015b\u0107.<\/font><\/li>\n<\/ul>\n<h4 style=\"caret-color: rgb(0, 0, 0); color: rgb(0, 0, 0);\"><font style=\"font-size: 12px;\">Spos\u00f3b u\u017cycia<\/font><\/h4>\n<ol style=\"caret-color: rgb(0, 0, 0); color: rgb(0, 0, 0);\">\n<li><font style=\"font-size: 12px;\"><strong>Na\u0142o\u017cenie maski<\/strong>: Nabierz odpowiedni\u0105 ilo\u015b\u0107 maski na p\u0119dzelek.<\/font><\/li>\n<li><font style=\"font-size: 12px;\"><strong>Aplikacja<\/strong>: R\u00f3wnomiernie rozprowad\u017a mask\u0119 na oczyszczonej sk\u00f3rze twarzy, omijaj\u0105c okolice oczu.<\/font><\/li>\n<li><font style=\"font-size: 12px;\"><strong>Piel\u0119gnacja p\u0119dzelka<\/strong>: Po u\u017cyciu dok\u0142adnie umyj p\u0119dzelek w ciep\u0142ej wodzie z delikatnym myd\u0142em i pozostaw do wyschni\u0119cia.<\/font><\/li>\n<\/ol>\n<p style=\"caret-color: rgb(0, 0, 0); color: rgb(0, 0, 0);\"><font style=\"font-size: 12px;\">Mary&#038;May Silicone Brush to idealne narz\u0119dzie do precyzyjnego i higienicznego nak\u0142adania masek, kt\u00f3re pomaga w pe\u0142ni wykorzysta\u0107 potencja\u0142 produkt\u00f3w piel\u0119gnacyjnych.<\/font><\/p>\n<\/section>\n<\/div>\n<div class=\"item item-6\">\n<section class=\"text-item\">\n        <\/section>\n<\/p><\/div>\n<\/section>\n","protected":false},"excerpt":{"rendered":"<p>Mary&#038;May Silicone Brush to silikonowy p\u0119dzelek zaprojektowany specjalnie do aplikacji masek na twarz. Wykonany z wysokiej jako\u015bci silikonu, jest nie tylko higieniczny i \u0142atwy w czyszczeniu, ale tak\u017ce delikatny dla sk\u00f3ry. Ergonomiczny kszta\u0142t i elastyczna g\u0142\u00f3wka p\u0119dzelka umo\u017cliwiaj\u0105 precyzyjne i r\u00f3wnomierne rozprowadzanie produkt\u00f3w piel\u0119gnacyjnych, minimalizuj\u0105c ich marnowanie. Korzy\u015bci dla sk\u00f3ry Precyzyjna aplikacja: Elastyczna g\u0142\u00f3wka p\u0119dzelka &#8230; <a title=\"Mar&#038;May Silicone Brush 1 szt. &#8211; Silikonowy p\u0119dzelek do nak\u0142adania masek do twarzy\" class=\"read-more\" href=\"https:\/\/admincentral.selleetools.com\/pl\/product\/marmay-silicone-brush-1-szt-silikonowy-pedzelek-do-nakladania-masek-do-twarzy\/\">Read more<span class=\"screen-reader-text\">Mar&#038;May Silicone Brush 1 szt. &#8211; Silikonowy p\u0119dzelek do nak\u0142adania masek do twarzy<\/span><\/a><\/p>\n","protected":false},"featured_media":605312,"comment_status":"open","ping_status":"closed","template":"","meta":{"_links_to":"","_links_to_target":""},"yoast_head":"<!-- This site is optimized with the Yoast SEO plugin v19.4 - https:\/\/yoast.com\/wordpress\/plugins\/seo\/ -->\n<title>Mar&amp;May Silicone Brush 1 szt. - Silikonowy p\u0119dzelek do nak\u0142adania masek do twarzy - Selleetools.com<\/title>\n<meta name=\"robots\" content=\"index, follow, max-snippet:-1, max-image-preview:large, max-video-preview:-1\" \/>\n<link rel=\"canonical\" href=\"https:\/\/admincentral.selleetools.com\/pl\/product\/marmay-silicone-brush-1-szt-silikonowy-pedzelek-do-nakladania-masek-do-twarzy\/\" \/>\n<meta property=\"og:locale\" content=\"pl_PL\" \/>\n<meta property=\"og:type\" content=\"article\" \/>\n<meta property=\"og:title\" content=\"Mar&amp;May Silicone Brush 1 szt. - Silikonowy p\u0119dzelek do nak\u0142adania masek do twarzy - Selleetools.com\" \/>\n<meta property=\"og:description\" content=\"Mary&#038;May Silicone Brush to silikonowy p\u0119dzelek zaprojektowany specjalnie do aplikacji masek na twarz. Wykonany z wysokiej jako\u015bci silikonu, jest nie tylko higieniczny i \u0142atwy w czyszczeniu, ale tak\u017ce delikatny dla sk\u00f3ry. Ergonomiczny kszta\u0142t i elastyczna g\u0142\u00f3wka p\u0119dzelka umo\u017cliwiaj\u0105 precyzyjne i r\u00f3wnomierne rozprowadzanie produkt\u00f3w piel\u0119gnacyjnych, minimalizuj\u0105c ich marnowanie. Korzy\u015bci dla sk\u00f3ry Precyzyjna aplikacja: Elastyczna g\u0142\u00f3wka p\u0119dzelka ... Read moreMar&#038;May Silicone Brush 1 szt. &#8211; Silikonowy p\u0119dzelek do nak\u0142adania masek do twarzy\" \/>\n<meta property=\"og:url\" content=\"https:\/\/admincentral.selleetools.com\/pl\/product\/marmay-silicone-brush-1-szt-silikonowy-pedzelek-do-nakladania-masek-do-twarzy\/\" \/>\n<meta property=\"og:site_name\" content=\"Selleetools.com\" \/>\n<meta property=\"article:modified_time\" content=\"2025-11-04T19:17:46+00:00\" \/>\n<meta property=\"og:image\" content=\"https:\/\/selleetools.com\/wp-content\/uploads\/2025\/10\/08155c942671032bf4829d885f80b340.png\" \/>\n\t<meta property=\"og:image:width\" content=\"540\" \/>\n\t<meta property=\"og:image:height\" content=\"540\" \/>\n\t<meta property=\"og:image:type\" content=\"image\/png\" \/>\n<meta name=\"twitter:card\" content=\"summary_large_image\" \/>\n<meta name=\"twitter:label1\" content=\"Est. reading time\" \/>\n\t<meta name=\"twitter:data1\" content=\"1 minuta\" \/>\n<!-- \/ Yoast SEO plugin. -->","yoast_head_json":{"title":"Mar&May Silicone Brush 1 szt. - Silikonowy p\u0119dzelek do nak\u0142adania masek do twarzy - Selleetools.com","robots":{"index":"index","follow":"follow","max-snippet":"max-snippet:-1","max-image-preview":"max-image-preview:large","max-video-preview":"max-video-preview:-1"},"canonical":"https:\/\/admincentral.selleetools.com\/pl\/product\/marmay-silicone-brush-1-szt-silikonowy-pedzelek-do-nakladania-masek-do-twarzy\/","og_locale":"pl_PL","og_type":"article","og_title":"Mar&May Silicone Brush 1 szt. - Silikonowy p\u0119dzelek do nak\u0142adania masek do twarzy - Selleetools.com","og_description":"Mary&#038;May Silicone Brush to silikonowy p\u0119dzelek zaprojektowany specjalnie do aplikacji masek na twarz. Wykonany z wysokiej jako\u015bci silikonu, jest nie tylko higieniczny i \u0142atwy w czyszczeniu, ale tak\u017ce delikatny dla sk\u00f3ry. Ergonomiczny kszta\u0142t i elastyczna g\u0142\u00f3wka p\u0119dzelka umo\u017cliwiaj\u0105 precyzyjne i r\u00f3wnomierne rozprowadzanie produkt\u00f3w piel\u0119gnacyjnych, minimalizuj\u0105c ich marnowanie. Korzy\u015bci dla sk\u00f3ry Precyzyjna aplikacja: Elastyczna g\u0142\u00f3wka p\u0119dzelka ... Read moreMar&#038;May Silicone Brush 1 szt. &#8211; Silikonowy p\u0119dzelek do nak\u0142adania masek do twarzy","og_url":"https:\/\/admincentral.selleetools.com\/pl\/product\/marmay-silicone-brush-1-szt-silikonowy-pedzelek-do-nakladania-masek-do-twarzy\/","og_site_name":"Selleetools.com","article_modified_time":"2025-11-04T19:17:46+00:00","og_image":[{"width":540,"height":540,"url":"https:\/\/selleetools.com\/wp-content\/uploads\/2025\/10\/08155c942671032bf4829d885f80b340.png","type":"image\/png"}],"twitter_card":"summary_large_image","twitter_misc":{"Est. reading time":"1 minuta"},"schema":{"@context":"https:\/\/schema.org","@graph":[{"@type":"Organization","@id":"https:\/\/selleetools.com\/#organization","name":"Selleetools","url":"https:\/\/selleetools.com\/","sameAs":[],"logo":{"@type":"ImageObject","inLanguage":"pl-PL","@id":"https:\/\/selleetools.com\/#\/schema\/logo\/image\/","url":"https:\/\/selleetools.com\/wp-content\/uploads\/2021\/10\/logo-dark.png","contentUrl":"https:\/\/selleetools.com\/wp-content\/uploads\/2021\/10\/logo-dark.png","width":320,"height":76,"caption":"Selleetools"},"image":{"@id":"https:\/\/selleetools.com\/#\/schema\/logo\/image\/"}},{"@type":"WebSite","@id":"https:\/\/selleetools.com\/#website","url":"https:\/\/selleetools.com\/","name":"Selleetools.com","description":"","publisher":{"@id":"https:\/\/selleetools.com\/#organization"},"potentialAction":[{"@type":"SearchAction","target":{"@type":"EntryPoint","urlTemplate":"https:\/\/selleetools.com\/?s={search_term_string}"},"query-input":"required name=search_term_string"}],"inLanguage":"pl-PL"},{"@type":"WebPage","@id":"https:\/\/admincentral.selleetools.com\/pl\/product\/marmay-silicone-brush-1-szt-silikonowy-pedzelek-do-nakladania-masek-do-twarzy\/","url":"https:\/\/admincentral.selleetools.com\/pl\/product\/marmay-silicone-brush-1-szt-silikonowy-pedzelek-do-nakladania-masek-do-twarzy\/","name":"Mar&May Silicone Brush 1 szt. - Silikonowy p\u0119dzelek do nak\u0142adania masek do twarzy - Selleetools.com","isPartOf":{"@id":"https:\/\/selleetools.com\/#website"},"datePublished":"2025-10-24T11:36:22+00:00","dateModified":"2025-11-04T19:17:46+00:00","breadcrumb":{"@id":"https:\/\/admincentral.selleetools.com\/pl\/product\/marmay-silicone-brush-1-szt-silikonowy-pedzelek-do-nakladania-masek-do-twarzy\/#breadcrumb"},"inLanguage":"pl-PL","potentialAction":[{"@type":"ReadAction","target":["https:\/\/admincentral.selleetools.com\/pl\/product\/marmay-silicone-brush-1-szt-silikonowy-pedzelek-do-nakladania-masek-do-twarzy\/"]}]},{"@type":"BreadcrumbList","@id":"https:\/\/admincentral.selleetools.com\/pl\/product\/marmay-silicone-brush-1-szt-silikonowy-pedzelek-do-nakladania-masek-do-twarzy\/#breadcrumb","itemListElement":[{"@type":"ListItem","position":1,"name":"Home","item":"https:\/\/selleetools.com\/pl\/"},{"@type":"ListItem","position":2,"name":"Katalog","item":"https:\/\/selleetools.com\/pl\/katalog\/"},{"@type":"ListItem","position":3,"name":"Mar&#038;May Silicone Brush 1 szt. &#8211; Silikonowy p\u0119dzelek do nak\u0142adania masek do twarzy"}]}]}},"_links":{"self":[{"href":"https:\/\/admincentral.selleetools.com\/pl\/wp-json\/wp\/v2\/product\/605316"}],"collection":[{"href":"https:\/\/admincentral.selleetools.com\/pl\/wp-json\/wp\/v2\/product"}],"about":[{"href":"https:\/\/admincentral.selleetools.com\/pl\/wp-json\/wp\/v2\/types\/product"}],"replies":[{"embeddable":true,"href":"https:\/\/admincentral.selleetools.com\/pl\/wp-json\/wp\/v2\/comments?post=605316"}],"wp:featuredmedia":[{"embeddable":true,"href":"https:\/\/admincentral.selleetools.com\/pl\/wp-json\/wp\/v2\/media\/605312"}],"wp:attachment":[{"href":"https:\/\/admincentral.selleetools.com\/pl\/wp-json\/wp\/v2\/media?parent=605316"}],"curies":[{"name":"wp","href":"https:\/\/api.w.org\/{rel}","templated":true}]}}