{"id":605620,"date":"2025-10-24T13:39:44","date_gmt":"2025-10-24T11:39:44","guid":{"rendered":"https:\/\/selleetools.com\/?post_type=product&#038;p=605620"},"modified":"2025-11-04T20:18:58","modified_gmt":"2025-11-04T19:18:58","slug":"purederm-2-etapowy-koreanski-zabieg-rozjasniajacy-na-twarz-2g-23-g","status":"publish","type":"product","link":"https:\/\/admincentral.selleetools.com\/pl\/product\/purederm-2-etapowy-koreanski-zabieg-rozjasniajacy-na-twarz-2g-23-g\/","title":{"rendered":"PUREDERM 2-etapowy korea\u0144ski zabieg rozja\u015bniaj\u0105cy na twarz, 2g + 23 g"},"content":{"rendered":"<p>Innowacyjna dwuetapowa kuracja regeneruj\u0105ca sk\u00f3r\u0119. Kuracja zawiera ampu\u0142k\u0119 roz\u015bwietlaj\u0105c\u0105 sk\u00f3r\u0119 (krok 1) oraz mask\u0119 \u201e\u015blimak\u201d 3D (krok 2). Ta roz\u015bwietlaj\u0105ca sk\u00f3r\u0119 ampu\u0142ka wyr\u00f3wnuje kolory cery oraz u\u0142atwia wch\u0142anianie aktywnych sk\u0142adnik\u00f3w maski.  Maska 3D &#8220;\u015blimak&#8221; wchodzi w reakcj\u0119 z zawarto\u015bci\u0105 saszetki, pozwala idealnie wype\u0142ni\u0107 miejsca gdzie nie dociera zwyk\u0142a maska: kraw\u0119dzie twarzy, okolice \u017cuchwy. Zawiera ekstrakt ze \u015bluzu \u015blimaka, kt\u00f3ry ma rewelacyjne dzia\u0142anie regeneruj\u0105ce.<\/p>\n<p>G\u0142\u00f3wne sk\u0142adniki aktywne:<br \/>\n\u015bluz \u015blimaka \u2013 unikalny sk\u0142ad \u015bluzu jest idealny dla ka\u017cdego rodzaju sk\u00f3ry. \u015aluz \u015blimaka wp\u0142ywa na wewn\u0119trzn\u0105 regeneracj\u0119 kom\u00f3rk\u0105 oraz na zewn\u0119trzn\u0105 kondycj\u0119 sk\u00f3ry: niweluje \u0142uszczenie nask\u00f3rka, wyr\u00f3wnuje koloryt sk\u00f3ry, wspomaga gojenie stan\u00f3w zapalnych. Wyci\u0105g ze \u015bluzu \u015blimaka utrzymuje elastyczno\u015b\u0107 sk\u00f3ry, nawil\u017ca i od\u017cywia sk\u00f3r\u0119, dzia\u0142a przeciwzapalnie, chroni przed przedwczesnym starzeniem.<br \/>\nkwas hialuronowy \u2013 wype\u0142nia zmarszczki. Wi\u0105\u017ce wod\u0119 w nask\u00f3rku, dzi\u0119ki czemu zapobiega jej utracie. Nawil\u017ca, odm\u0142adza, wzmacnia i poprawia elastyczno\u015b\u0107 sk\u00f3ry. Ma r\u00f3wnie\u017c dzia\u0142anie regeneruj\u0105ce, przyspiesza gojenie ran, dzia\u0142a przeciwzapalnie, likwiduje blizny i przebarwienia, wzmacnia barier\u0119 ochronn\u0105 sk\u00f3ry.<br \/>\nkolagen \u2013 posiada wiele wyj\u0105tkowych cech, mi\u0119dzy innymi jest bardzo elastyczny. Systematyczne stosowanie kosmetyk\u00f3w z kolagenem przyczyni si\u0119 do odbudowania zniszczonych kom\u00f3rek sk\u00f3ry twarzy oraz przywr\u00f3ci jej doskona\u0142e nawil\u017cenie. Poprawi r\u00f3wnie\u017c koloryt cery, stanie si\u0119 ona bardziej napi\u0119ta, a zmarszczki zostan\u0105 sp\u0142ycone.<br \/>\nbetaina \u2013 naturalny aminokwas o w\u0142a\u015bciwo\u015bciach nawil\u017caj\u0105cych i \u0142agodz\u0105cych. Dzia\u0142a koj\u0105co na podra\u017cnienia na sk\u00f3rze, np. po peelingach chemicznych, ochrania b\u0142ony kom\u00f3rkowe oraz wi\u0105\u017c\u0119 wod\u0119 na powierzchni nask\u00f3rka, st\u0105d jej w\u0142a\u015bciwo\u015bci nawil\u017caj\u0105ce.<\/p>\n<p>Spos\u00f3b u\u017cycia: Dok\u0142adnie oczy\u015b\u0107 twarz. Otw\u00f3rz opakowanie z ampu\u0142k\u0105 wzd\u0142u\u017c wykropkowanego miejsca (krok 1). Rozprowad\u017a zawarto\u015b\u0107 r\u00f3wnomiernie na twarz. Otw\u00f3rz mask\u0119 3D (krok 2). Tak jak pokazano na rysunku zak\u0142adaj mask\u0119 zaczynaj\u0105c od podbr\u00f3dka, nast\u0119pnie policzki i reszt..a twarzy. Delikatnie wyg\u0142ad\u017a powierzchni\u0119, aby usun\u0105\u0107 p\u0119cherzyki powietrza. Po 15-20 minutach zerwij delikatnie mask\u0119 zaczynaj\u0105c od kraw\u0119dzi. Pozosta\u0142o\u015bci esencji wmasuj w sk\u00f3r\u0119.<\/p>\n","protected":false},"excerpt":{"rendered":"<p>Innowacyjna dwuetapowa kuracja regeneruj\u0105ca sk\u00f3r\u0119. Kuracja zawiera ampu\u0142k\u0119 roz\u015bwietlaj\u0105c\u0105 sk\u00f3r\u0119 (krok 1) oraz mask\u0119 \u201e\u015blimak\u201d 3D (krok 2). Ta roz\u015bwietlaj\u0105ca sk\u00f3r\u0119 ampu\u0142ka wyr\u00f3wnuje kolory cery oraz u\u0142atwia wch\u0142anianie aktywnych sk\u0142adnik\u00f3w maski. Maska 3D &#8220;\u015blimak&#8221; wchodzi w reakcj\u0119 z zawarto\u015bci\u0105 saszetki, pozwala idealnie wype\u0142ni\u0107 miejsca gdzie nie dociera zwyk\u0142a maska: kraw\u0119dzie twarzy, okolice \u017cuchwy. Zawiera ekstrakt &#8230; <a title=\"PUREDERM 2-etapowy korea\u0144ski zabieg rozja\u015bniaj\u0105cy na twarz, 2g + 23 g\" class=\"read-more\" href=\"https:\/\/admincentral.selleetools.com\/pl\/product\/purederm-2-etapowy-koreanski-zabieg-rozjasniajacy-na-twarz-2g-23-g\/\">Read more<span class=\"screen-reader-text\">PUREDERM 2-etapowy korea\u0144ski zabieg rozja\u015bniaj\u0105cy na twarz, 2g + 23 g<\/span><\/a><\/p>\n","protected":false},"featured_media":605616,"comment_status":"open","ping_status":"closed","template":"","meta":{"_links_to":"","_links_to_target":""},"yoast_head":"<!-- This site is optimized with the Yoast SEO plugin v19.4 - https:\/\/yoast.com\/wordpress\/plugins\/seo\/ -->\n<title>PUREDERM 2-etapowy korea\u0144ski zabieg rozja\u015bniaj\u0105cy na twarz, 2g + 23 g - Selleetools.com<\/title>\n<meta name=\"robots\" content=\"index, follow, max-snippet:-1, max-image-preview:large, max-video-preview:-1\" \/>\n<link rel=\"canonical\" href=\"https:\/\/selleetools.com\/pl\/product\/purederm-2-etapowy-koreanski-zabieg-rozjasniajacy-na-twarz-2g-23-g\/\" \/>\n<meta property=\"og:locale\" content=\"pl_PL\" \/>\n<meta property=\"og:type\" content=\"article\" \/>\n<meta property=\"og:title\" content=\"PUREDERM 2-etapowy korea\u0144ski zabieg rozja\u015bniaj\u0105cy na twarz, 2g + 23 g - Selleetools.com\" \/>\n<meta property=\"og:description\" content=\"Innowacyjna dwuetapowa kuracja regeneruj\u0105ca sk\u00f3r\u0119. Kuracja zawiera ampu\u0142k\u0119 roz\u015bwietlaj\u0105c\u0105 sk\u00f3r\u0119 (krok 1) oraz mask\u0119 \u201e\u015blimak\u201d 3D (krok 2). Ta roz\u015bwietlaj\u0105ca sk\u00f3r\u0119 ampu\u0142ka wyr\u00f3wnuje kolory cery oraz u\u0142atwia wch\u0142anianie aktywnych sk\u0142adnik\u00f3w maski. Maska 3D &#8220;\u015blimak&#8221; wchodzi w reakcj\u0119 z zawarto\u015bci\u0105 saszetki, pozwala idealnie wype\u0142ni\u0107 miejsca gdzie nie dociera zwyk\u0142a maska: kraw\u0119dzie twarzy, okolice \u017cuchwy. Zawiera ekstrakt ... Read morePUREDERM 2-etapowy korea\u0144ski zabieg rozja\u015bniaj\u0105cy na twarz, 2g + 23 g\" \/>\n<meta property=\"og:url\" content=\"https:\/\/selleetools.com\/pl\/product\/purederm-2-etapowy-koreanski-zabieg-rozjasniajacy-na-twarz-2g-23-g\/\" \/>\n<meta property=\"og:site_name\" content=\"Selleetools.com\" \/>\n<meta property=\"article:modified_time\" content=\"2025-11-04T19:18:58+00:00\" \/>\n<meta property=\"og:image\" content=\"https:\/\/selleetools.com\/wp-content\/uploads\/2025\/10\/4de5f60e2f649f2e750b0ec8dfc92d68.jpg\" \/>\n\t<meta property=\"og:image:width\" content=\"1000\" \/>\n\t<meta property=\"og:image:height\" content=\"1000\" \/>\n\t<meta property=\"og:image:type\" content=\"image\/jpeg\" \/>\n<meta name=\"twitter:card\" content=\"summary_large_image\" \/>\n<meta name=\"twitter:label1\" content=\"Est. reading time\" \/>\n\t<meta name=\"twitter:data1\" content=\"2 minuty\" \/>\n<!-- \/ Yoast SEO plugin. -->","yoast_head_json":{"title":"PUREDERM 2-etapowy korea\u0144ski zabieg rozja\u015bniaj\u0105cy na twarz, 2g + 23 g - Selleetools.com","robots":{"index":"index","follow":"follow","max-snippet":"max-snippet:-1","max-image-preview":"max-image-preview:large","max-video-preview":"max-video-preview:-1"},"canonical":"https:\/\/selleetools.com\/pl\/product\/purederm-2-etapowy-koreanski-zabieg-rozjasniajacy-na-twarz-2g-23-g\/","og_locale":"pl_PL","og_type":"article","og_title":"PUREDERM 2-etapowy korea\u0144ski zabieg rozja\u015bniaj\u0105cy na twarz, 2g + 23 g - Selleetools.com","og_description":"Innowacyjna dwuetapowa kuracja regeneruj\u0105ca sk\u00f3r\u0119. Kuracja zawiera ampu\u0142k\u0119 roz\u015bwietlaj\u0105c\u0105 sk\u00f3r\u0119 (krok 1) oraz mask\u0119 \u201e\u015blimak\u201d 3D (krok 2). Ta roz\u015bwietlaj\u0105ca sk\u00f3r\u0119 ampu\u0142ka wyr\u00f3wnuje kolory cery oraz u\u0142atwia wch\u0142anianie aktywnych sk\u0142adnik\u00f3w maski. Maska 3D &#8220;\u015blimak&#8221; wchodzi w reakcj\u0119 z zawarto\u015bci\u0105 saszetki, pozwala idealnie wype\u0142ni\u0107 miejsca gdzie nie dociera zwyk\u0142a maska: kraw\u0119dzie twarzy, okolice \u017cuchwy. Zawiera ekstrakt ... Read morePUREDERM 2-etapowy korea\u0144ski zabieg rozja\u015bniaj\u0105cy na twarz, 2g + 23 g","og_url":"https:\/\/selleetools.com\/pl\/product\/purederm-2-etapowy-koreanski-zabieg-rozjasniajacy-na-twarz-2g-23-g\/","og_site_name":"Selleetools.com","article_modified_time":"2025-11-04T19:18:58+00:00","og_image":[{"width":1000,"height":1000,"url":"https:\/\/selleetools.com\/wp-content\/uploads\/2025\/10\/4de5f60e2f649f2e750b0ec8dfc92d68.jpg","type":"image\/jpeg"}],"twitter_card":"summary_large_image","twitter_misc":{"Est. reading time":"2 minuty"},"schema":{"@context":"https:\/\/schema.org","@graph":[{"@type":"Organization","@id":"https:\/\/selleetools.com\/#organization","name":"Selleetools","url":"https:\/\/selleetools.com\/","sameAs":[],"logo":{"@type":"ImageObject","inLanguage":"pl-PL","@id":"https:\/\/selleetools.com\/#\/schema\/logo\/image\/","url":"https:\/\/selleetools.com\/wp-content\/uploads\/2021\/10\/logo-dark.png","contentUrl":"https:\/\/selleetools.com\/wp-content\/uploads\/2021\/10\/logo-dark.png","width":320,"height":76,"caption":"Selleetools"},"image":{"@id":"https:\/\/selleetools.com\/#\/schema\/logo\/image\/"}},{"@type":"WebSite","@id":"https:\/\/selleetools.com\/#website","url":"https:\/\/selleetools.com\/","name":"Selleetools.com","description":"","publisher":{"@id":"https:\/\/selleetools.com\/#organization"},"potentialAction":[{"@type":"SearchAction","target":{"@type":"EntryPoint","urlTemplate":"https:\/\/selleetools.com\/?s={search_term_string}"},"query-input":"required name=search_term_string"}],"inLanguage":"pl-PL"},{"@type":"WebPage","@id":"https:\/\/selleetools.com\/pl\/product\/purederm-2-etapowy-koreanski-zabieg-rozjasniajacy-na-twarz-2g-23-g\/","url":"https:\/\/selleetools.com\/pl\/product\/purederm-2-etapowy-koreanski-zabieg-rozjasniajacy-na-twarz-2g-23-g\/","name":"PUREDERM 2-etapowy korea\u0144ski zabieg rozja\u015bniaj\u0105cy na twarz, 2g + 23 g - Selleetools.com","isPartOf":{"@id":"https:\/\/selleetools.com\/#website"},"datePublished":"2025-10-24T11:39:44+00:00","dateModified":"2025-11-04T19:18:58+00:00","breadcrumb":{"@id":"https:\/\/selleetools.com\/pl\/product\/purederm-2-etapowy-koreanski-zabieg-rozjasniajacy-na-twarz-2g-23-g\/#breadcrumb"},"inLanguage":"pl-PL","potentialAction":[{"@type":"ReadAction","target":["https:\/\/selleetools.com\/pl\/product\/purederm-2-etapowy-koreanski-zabieg-rozjasniajacy-na-twarz-2g-23-g\/"]}]},{"@type":"BreadcrumbList","@id":"https:\/\/selleetools.com\/pl\/product\/purederm-2-etapowy-koreanski-zabieg-rozjasniajacy-na-twarz-2g-23-g\/#breadcrumb","itemListElement":[{"@type":"ListItem","position":1,"name":"Home","item":"https:\/\/selleetools.com\/pl\/"},{"@type":"ListItem","position":2,"name":"Katalog","item":"https:\/\/selleetools.com\/pl\/katalog\/"},{"@type":"ListItem","position":3,"name":"PUREDERM 2-etapowy korea\u0144ski zabieg rozja\u015bniaj\u0105cy na twarz, 2g + 23 g"}]}]}},"_links":{"self":[{"href":"https:\/\/admincentral.selleetools.com\/pl\/wp-json\/wp\/v2\/product\/605620"}],"collection":[{"href":"https:\/\/admincentral.selleetools.com\/pl\/wp-json\/wp\/v2\/product"}],"about":[{"href":"https:\/\/admincentral.selleetools.com\/pl\/wp-json\/wp\/v2\/types\/product"}],"replies":[{"embeddable":true,"href":"https:\/\/admincentral.selleetools.com\/pl\/wp-json\/wp\/v2\/comments?post=605620"}],"wp:featuredmedia":[{"embeddable":true,"href":"https:\/\/admincentral.selleetools.com\/pl\/wp-json\/wp\/v2\/media\/605616"}],"wp:attachment":[{"href":"https:\/\/admincentral.selleetools.com\/pl\/wp-json\/wp\/v2\/media?parent=605620"}],"curies":[{"name":"wp","href":"https:\/\/api.w.org\/{rel}","templated":true}]}}