{"id":605630,"date":"2025-10-24T13:39:50","date_gmt":"2025-10-24T11:39:50","guid":{"rendered":"https:\/\/selleetools.com\/?post_type=product&#038;p=605630"},"modified":"2025-11-03T17:08:32","modified_gmt":"2025-11-03T16:08:32","slug":"purederm-kolagenowe-platki-pod-oczy-30-szt","status":"publish","type":"product","link":"https:\/\/admincentral.selleetools.com\/pl\/product\/purederm-kolagenowe-platki-pod-oczy-30-szt\/","title":{"rendered":"PUREDERM Kolagenowe p\u0142atki pod oczy 30 szt."},"content":{"rendered":"<p>PUREDERM Kolagenowe P\u0142atki Pod Oczy Niweluj\u0105ce Si\u0144ce, 30 szt. (36g)<br \/>\nSkuteczna forma piel\u0119gnacji delikatnej okolicy oczu, zaprojektowana z my\u015bl\u0105 o redukcji cieni i opuchlizny. P\u0142atki zawieraj\u0105 kolagen oraz inne sk\u0142adniki od\u017cywcze, kt\u00f3re wspieraj\u0105 regeneracj\u0119 sk\u00f3ry i przywracaj\u0105 jej \u015bwie\u017cy, zdrowy wygl\u0105d. Dzi\u0119ki swojej formule, p\u0142atki s\u0105 idealne dla os\u00f3b borykaj\u0105cych si\u0119 z oznakami zm\u0119czenia, takimi jak si\u0144ce czy opuchlizna pod oczami. Kolagen i inne sk\u0142adniki aktywne dzia\u0142aj\u0105 na zmniejszenie widoczno\u015bci cieni pod oczami. P\u0142atki pomagaj\u0105 w walce z opuchlizn\u0105, przynosz\u0105c ulg\u0119 zm\u0119czonym oczom.  Dzi\u0119ki bogatej formule, p\u0142atki nawil\u017caj\u0105 i od\u017cywiaj\u0105 delikatn\u0105 sk\u00f3r\u0119 pod oczami, poprawiaj\u0105c jej kondycj\u0119.<\/p>\n<p>Korzy\u015bci dla sk\u00f3ry:<br \/>\n\u015awie\u017cy wygl\u0105d: Redukuje oznaki zm\u0119czenia, przywracaj\u0105c sk\u00f3rze pod oczami zdrowy i wypocz\u0119ty wygl\u0105d.<br \/>\nG\u0142adko\u015b\u0107: Sk\u00f3ra staje si\u0119 g\u0142adsza i bardziej elastyczna dzi\u0119ki dzia\u0142aniu kolagenu.<br \/>\nNawil\u017cenie: Intensywne nawil\u017cenie poprawia komfort sk\u00f3ry, eliminuj\u0105c uczucie \u015bci\u0105gni\u0119cia.<\/p>\n<p>Spos\u00f3b u\u017cycia: Umyj twarz i delikatnie osusz sk\u00f3r\u0119 wok\u00f3\u0142 oczu. Wyjmij p\u0142atki z opakowania i umie\u015b\u0107 je na czyst\u0105 sk\u00f3r\u0119 pod oczami. Upewnij si\u0119, \u017ce p\u0142atki przylegaj\u0105 do sk\u00f3ry, a ich kraw\u0119dzie s\u0105 dobrze dopasowane. Pozostaw p\u0142atki na sk\u00f3rze przez 15-20 minut, aby sk\u0142adniki mog\u0142y wnikn\u0105\u0107 w g\u0142\u0119bsze warstwy sk\u00f3ry.  Po up\u0142ywie zalecanego czasu, delikatnie usu\u0144 p\u0142atki i wklep pozosta\u0142o\u015bci esencji w sk\u00f3r\u0119, a\u017c do ca\u0142kowitego wch\u0142oni\u0119cia.<\/p>\n","protected":false},"excerpt":{"rendered":"<p>PUREDERM Kolagenowe P\u0142atki Pod Oczy Niweluj\u0105ce Si\u0144ce, 30 szt. (36g) Skuteczna forma piel\u0119gnacji delikatnej okolicy oczu, zaprojektowana z my\u015bl\u0105 o redukcji cieni i opuchlizny. P\u0142atki zawieraj\u0105 kolagen oraz inne sk\u0142adniki od\u017cywcze, kt\u00f3re wspieraj\u0105 regeneracj\u0119 sk\u00f3ry i przywracaj\u0105 jej \u015bwie\u017cy, zdrowy wygl\u0105d. Dzi\u0119ki swojej formule, p\u0142atki s\u0105 idealne dla os\u00f3b borykaj\u0105cych si\u0119 z oznakami zm\u0119czenia, takimi &#8230; <a title=\"PUREDERM Kolagenowe p\u0142atki pod oczy 30 szt.\" class=\"read-more\" href=\"https:\/\/admincentral.selleetools.com\/pl\/product\/purederm-kolagenowe-platki-pod-oczy-30-szt\/\">Read more<span class=\"screen-reader-text\">PUREDERM Kolagenowe p\u0142atki pod oczy 30 szt.<\/span><\/a><\/p>\n","protected":false},"featured_media":605626,"comment_status":"open","ping_status":"closed","template":"","meta":{"_links_to":"","_links_to_target":""},"yoast_head":"<!-- This site is optimized with the Yoast SEO plugin v19.4 - https:\/\/yoast.com\/wordpress\/plugins\/seo\/ -->\n<title>PUREDERM Kolagenowe p\u0142atki pod oczy 30 szt. - Selleetools.com<\/title>\n<meta name=\"robots\" content=\"index, follow, max-snippet:-1, max-image-preview:large, max-video-preview:-1\" \/>\n<link rel=\"canonical\" href=\"https:\/\/selleetools.com\/pl\/product\/purederm-kolagenowe-platki-pod-oczy-30-szt\/\" \/>\n<meta property=\"og:locale\" content=\"pl_PL\" \/>\n<meta property=\"og:type\" content=\"article\" \/>\n<meta property=\"og:title\" content=\"PUREDERM Kolagenowe p\u0142atki pod oczy 30 szt. - Selleetools.com\" \/>\n<meta property=\"og:description\" content=\"PUREDERM Kolagenowe P\u0142atki Pod Oczy Niweluj\u0105ce Si\u0144ce, 30 szt. (36g) Skuteczna forma piel\u0119gnacji delikatnej okolicy oczu, zaprojektowana z my\u015bl\u0105 o redukcji cieni i opuchlizny. P\u0142atki zawieraj\u0105 kolagen oraz inne sk\u0142adniki od\u017cywcze, kt\u00f3re wspieraj\u0105 regeneracj\u0119 sk\u00f3ry i przywracaj\u0105 jej \u015bwie\u017cy, zdrowy wygl\u0105d. Dzi\u0119ki swojej formule, p\u0142atki s\u0105 idealne dla os\u00f3b borykaj\u0105cych si\u0119 z oznakami zm\u0119czenia, takimi ... Read morePUREDERM Kolagenowe p\u0142atki pod oczy 30 szt.\" \/>\n<meta property=\"og:url\" content=\"https:\/\/selleetools.com\/pl\/product\/purederm-kolagenowe-platki-pod-oczy-30-szt\/\" \/>\n<meta property=\"og:site_name\" content=\"Selleetools.com\" \/>\n<meta property=\"article:modified_time\" content=\"2025-11-03T16:08:32+00:00\" \/>\n<meta property=\"og:image\" content=\"https:\/\/selleetools.com\/wp-content\/uploads\/2025\/10\/fcb0915001bd4e27611ebe6dff680319.jpg\" \/>\n\t<meta property=\"og:image:width\" content=\"1000\" \/>\n\t<meta property=\"og:image:height\" content=\"1000\" \/>\n\t<meta property=\"og:image:type\" content=\"image\/jpeg\" \/>\n<meta name=\"twitter:card\" content=\"summary_large_image\" \/>\n<meta name=\"twitter:label1\" content=\"Est. reading time\" \/>\n\t<meta name=\"twitter:data1\" content=\"1 minuta\" \/>\n<!-- \/ Yoast SEO plugin. -->","yoast_head_json":{"title":"PUREDERM Kolagenowe p\u0142atki pod oczy 30 szt. - Selleetools.com","robots":{"index":"index","follow":"follow","max-snippet":"max-snippet:-1","max-image-preview":"max-image-preview:large","max-video-preview":"max-video-preview:-1"},"canonical":"https:\/\/selleetools.com\/pl\/product\/purederm-kolagenowe-platki-pod-oczy-30-szt\/","og_locale":"pl_PL","og_type":"article","og_title":"PUREDERM Kolagenowe p\u0142atki pod oczy 30 szt. - Selleetools.com","og_description":"PUREDERM Kolagenowe P\u0142atki Pod Oczy Niweluj\u0105ce Si\u0144ce, 30 szt. (36g) Skuteczna forma piel\u0119gnacji delikatnej okolicy oczu, zaprojektowana z my\u015bl\u0105 o redukcji cieni i opuchlizny. P\u0142atki zawieraj\u0105 kolagen oraz inne sk\u0142adniki od\u017cywcze, kt\u00f3re wspieraj\u0105 regeneracj\u0119 sk\u00f3ry i przywracaj\u0105 jej \u015bwie\u017cy, zdrowy wygl\u0105d. Dzi\u0119ki swojej formule, p\u0142atki s\u0105 idealne dla os\u00f3b borykaj\u0105cych si\u0119 z oznakami zm\u0119czenia, takimi ... Read morePUREDERM Kolagenowe p\u0142atki pod oczy 30 szt.","og_url":"https:\/\/selleetools.com\/pl\/product\/purederm-kolagenowe-platki-pod-oczy-30-szt\/","og_site_name":"Selleetools.com","article_modified_time":"2025-11-03T16:08:32+00:00","og_image":[{"width":1000,"height":1000,"url":"https:\/\/selleetools.com\/wp-content\/uploads\/2025\/10\/fcb0915001bd4e27611ebe6dff680319.jpg","type":"image\/jpeg"}],"twitter_card":"summary_large_image","twitter_misc":{"Est. reading time":"1 minuta"},"schema":{"@context":"https:\/\/schema.org","@graph":[{"@type":"Organization","@id":"https:\/\/selleetools.com\/#organization","name":"Selleetools","url":"https:\/\/selleetools.com\/","sameAs":[],"logo":{"@type":"ImageObject","inLanguage":"pl-PL","@id":"https:\/\/selleetools.com\/#\/schema\/logo\/image\/","url":"https:\/\/selleetools.com\/wp-content\/uploads\/2021\/10\/logo-dark.png","contentUrl":"https:\/\/selleetools.com\/wp-content\/uploads\/2021\/10\/logo-dark.png","width":320,"height":76,"caption":"Selleetools"},"image":{"@id":"https:\/\/selleetools.com\/#\/schema\/logo\/image\/"}},{"@type":"WebSite","@id":"https:\/\/selleetools.com\/#website","url":"https:\/\/selleetools.com\/","name":"Selleetools.com","description":"","publisher":{"@id":"https:\/\/selleetools.com\/#organization"},"potentialAction":[{"@type":"SearchAction","target":{"@type":"EntryPoint","urlTemplate":"https:\/\/selleetools.com\/?s={search_term_string}"},"query-input":"required name=search_term_string"}],"inLanguage":"pl-PL"},{"@type":"WebPage","@id":"https:\/\/selleetools.com\/pl\/product\/purederm-kolagenowe-platki-pod-oczy-30-szt\/","url":"https:\/\/selleetools.com\/pl\/product\/purederm-kolagenowe-platki-pod-oczy-30-szt\/","name":"PUREDERM Kolagenowe p\u0142atki pod oczy 30 szt. - Selleetools.com","isPartOf":{"@id":"https:\/\/selleetools.com\/#website"},"datePublished":"2025-10-24T11:39:50+00:00","dateModified":"2025-11-03T16:08:32+00:00","breadcrumb":{"@id":"https:\/\/selleetools.com\/pl\/product\/purederm-kolagenowe-platki-pod-oczy-30-szt\/#breadcrumb"},"inLanguage":"pl-PL","potentialAction":[{"@type":"ReadAction","target":["https:\/\/selleetools.com\/pl\/product\/purederm-kolagenowe-platki-pod-oczy-30-szt\/"]}]},{"@type":"BreadcrumbList","@id":"https:\/\/selleetools.com\/pl\/product\/purederm-kolagenowe-platki-pod-oczy-30-szt\/#breadcrumb","itemListElement":[{"@type":"ListItem","position":1,"name":"Home","item":"https:\/\/selleetools.com\/pl\/"},{"@type":"ListItem","position":2,"name":"Katalog","item":"https:\/\/selleetools.com\/pl\/katalog\/"},{"@type":"ListItem","position":3,"name":"PUREDERM Kolagenowe p\u0142atki pod oczy 30 szt."}]}]}},"_links":{"self":[{"href":"https:\/\/admincentral.selleetools.com\/pl\/wp-json\/wp\/v2\/product\/605630"}],"collection":[{"href":"https:\/\/admincentral.selleetools.com\/pl\/wp-json\/wp\/v2\/product"}],"about":[{"href":"https:\/\/admincentral.selleetools.com\/pl\/wp-json\/wp\/v2\/types\/product"}],"replies":[{"embeddable":true,"href":"https:\/\/admincentral.selleetools.com\/pl\/wp-json\/wp\/v2\/comments?post=605630"}],"wp:featuredmedia":[{"embeddable":true,"href":"https:\/\/admincentral.selleetools.com\/pl\/wp-json\/wp\/v2\/media\/605626"}],"wp:attachment":[{"href":"https:\/\/admincentral.selleetools.com\/pl\/wp-json\/wp\/v2\/media?parent=605630"}],"curies":[{"name":"wp","href":"https:\/\/api.w.org\/{rel}","templated":true}]}}