{"id":605648,"date":"2025-10-24T13:40:01","date_gmt":"2025-10-24T11:40:01","guid":{"rendered":"https:\/\/selleetools.com\/?post_type=product&#038;p=605648"},"modified":"2025-11-04T20:19:46","modified_gmt":"2025-11-04T19:19:46","slug":"purederm-gleboko-oczyszczajaca-rozowa-maseczka-babelkujaca-z-brzoskwinia-25-g","status":"publish","type":"product","link":"https:\/\/admincentral.selleetools.com\/pl\/product\/purederm-gleboko-oczyszczajaca-rozowa-maseczka-babelkujaca-z-brzoskwinia-25-g\/","title":{"rendered":"PUREDERM G\u0142\u0119boko oczyszczaj\u0105ca r\u00f3\u017cowa maseczka b\u0105belkuj\u0105ca z brzoskwini\u0105, 25 g"},"content":{"rendered":"<p>PUREDERM &#8211; G\u0142\u0119boko oczyszczaj\u0105ca r\u00f3\u017cowa maska \u200b\u200bb\u0105belkowa z brzoskwini\u0105, 25 g G\u0142\u0119boko oczyszczaj\u0105ca r\u00f3\u017cowa maska \u200b\u200bb\u0105belkowa z brzoskwini\u0105 to innowacyjna maska, kt\u00f3ra skutecznie oczyszcza sk\u00f3r\u0119 dzi\u0119ki swojej b\u0105belkuj\u0105cej formule. Wzbogacona ekstraktem z brzoskwini maska \u200b\u200bnie tylko usuwa zanieczyszczenia, ale tak\u017ce nawil\u017ca i od\u017cywia sk\u00f3r\u0119, pozostawiaj\u0105c j\u0105 \u015bwie\u017c\u0105 i promienn\u0105. B\u0105belki powstaj\u0105ce podczas nak\u0142adania maski pomagaj\u0105 g\u0142\u0119boko oczy\u015bci\u0107 sk\u00f3r\u0119, usuwaj\u0105c zanieczyszczenia, nadmiar sebum i martwe kom\u00f3rki. Ekstrakt z brzoskwini nawil\u017ca sk\u00f3r\u0119, pomagaj\u0105c utrzyma\u0107 poziom nawil\u017cenia. Wzbogacona witaminami i minera\u0142ami maska \u200b\u200bod\u017cywia sk\u00f3r\u0119, poprawiaj\u0105c jej stan i wygl\u0105d.<\/p>\n<p>Korzy\u015bci dla sk\u00f3ry:<br \/>\nG\u0142\u0119bokie oczyszczanie: Sk\u00f3ra jest dok\u0142adnie oczyszczona z zanieczyszcze\u0144 i nadmiaru sebum.<br \/>\nNawil\u017cenie: Ekstrakt z brzoskwini zapewnia sk\u00f3rze nawil\u017cenie, eliminuj\u0105c uczucie sucho\u015bci.<br \/>\nOd\u015bwie\u017cenie: Sk\u00f3ra zyskuje zdrowy, promienny wygl\u0105d o g\u0142adszej, bardziej jednolitej teksturze.<\/p>\n<p>Spos\u00f3b u\u017cycia:<br \/>\nUmyj twarz i delikatnie osusz r\u0119cznikiem.<br \/>\nNa\u0142\u00f3\u017c cienk\u0105 warstw\u0119 maski r\u00f3wnomiernie na ca\u0142\u0105 twarz, omijaj\u0105c okolice oczu i brwi.<br \/>\nPozostaw mask\u0119 na sk\u00f3rze przez 5-10 minut.<br \/>\nW tym czasie maska \u200b\u200bzacznie bulgota\u0107.<br \/>\nDelikatnie wmasuj b\u0105belki w sk\u00f3r\u0119, aby zmaksymalizowa\u0107 jej w\u0142a\u015bciwo\u015bci oczyszczaj\u0105ce.<br \/>\nSp\u0142ucz mask\u0119 letni\u0105 wod\u0105, a nast\u0119pnie umyj twarz zimn\u0105 wod\u0105, aby zamkn\u0105\u0107 pory.<\/p>\n","protected":false},"excerpt":{"rendered":"<p>PUREDERM &#8211; G\u0142\u0119boko oczyszczaj\u0105ca r\u00f3\u017cowa maska \u200b\u200bb\u0105belkowa z brzoskwini\u0105, 25 g G\u0142\u0119boko oczyszczaj\u0105ca r\u00f3\u017cowa maska \u200b\u200bb\u0105belkowa z brzoskwini\u0105 to innowacyjna maska, kt\u00f3ra skutecznie oczyszcza sk\u00f3r\u0119 dzi\u0119ki swojej b\u0105belkuj\u0105cej formule. Wzbogacona ekstraktem z brzoskwini maska \u200b\u200bnie tylko usuwa zanieczyszczenia, ale tak\u017ce nawil\u017ca i od\u017cywia sk\u00f3r\u0119, pozostawiaj\u0105c j\u0105 \u015bwie\u017c\u0105 i promienn\u0105. B\u0105belki powstaj\u0105ce podczas nak\u0142adania maski pomagaj\u0105 &#8230; <a title=\"PUREDERM G\u0142\u0119boko oczyszczaj\u0105ca r\u00f3\u017cowa maseczka b\u0105belkuj\u0105ca z brzoskwini\u0105, 25 g\" class=\"read-more\" href=\"https:\/\/admincentral.selleetools.com\/pl\/product\/purederm-gleboko-oczyszczajaca-rozowa-maseczka-babelkujaca-z-brzoskwinia-25-g\/\">Read more<span class=\"screen-reader-text\">PUREDERM G\u0142\u0119boko oczyszczaj\u0105ca r\u00f3\u017cowa maseczka b\u0105belkuj\u0105ca z brzoskwini\u0105, 25 g<\/span><\/a><\/p>\n","protected":false},"featured_media":605644,"comment_status":"open","ping_status":"closed","template":"","meta":{"_links_to":"","_links_to_target":""},"yoast_head":"<!-- This site is optimized with the Yoast SEO plugin v19.4 - https:\/\/yoast.com\/wordpress\/plugins\/seo\/ -->\n<title>PUREDERM G\u0142\u0119boko oczyszczaj\u0105ca r\u00f3\u017cowa maseczka b\u0105belkuj\u0105ca z brzoskwini\u0105, 25 g - Selleetools.com<\/title>\n<meta name=\"robots\" content=\"index, follow, max-snippet:-1, max-image-preview:large, max-video-preview:-1\" \/>\n<link rel=\"canonical\" href=\"https:\/\/admincentral.selleetools.com\/pl\/product\/purederm-gleboko-oczyszczajaca-rozowa-maseczka-babelkujaca-z-brzoskwinia-25-g\/\" \/>\n<meta property=\"og:locale\" content=\"pl_PL\" \/>\n<meta property=\"og:type\" content=\"article\" \/>\n<meta property=\"og:title\" content=\"PUREDERM G\u0142\u0119boko oczyszczaj\u0105ca r\u00f3\u017cowa maseczka b\u0105belkuj\u0105ca z brzoskwini\u0105, 25 g - Selleetools.com\" \/>\n<meta property=\"og:description\" content=\"PUREDERM &#8211; G\u0142\u0119boko oczyszczaj\u0105ca r\u00f3\u017cowa maska \u200b\u200bb\u0105belkowa z brzoskwini\u0105, 25 g G\u0142\u0119boko oczyszczaj\u0105ca r\u00f3\u017cowa maska \u200b\u200bb\u0105belkowa z brzoskwini\u0105 to innowacyjna maska, kt\u00f3ra skutecznie oczyszcza sk\u00f3r\u0119 dzi\u0119ki swojej b\u0105belkuj\u0105cej formule. Wzbogacona ekstraktem z brzoskwini maska \u200b\u200bnie tylko usuwa zanieczyszczenia, ale tak\u017ce nawil\u017ca i od\u017cywia sk\u00f3r\u0119, pozostawiaj\u0105c j\u0105 \u015bwie\u017c\u0105 i promienn\u0105. B\u0105belki powstaj\u0105ce podczas nak\u0142adania maski pomagaj\u0105 ... Read morePUREDERM G\u0142\u0119boko oczyszczaj\u0105ca r\u00f3\u017cowa maseczka b\u0105belkuj\u0105ca z brzoskwini\u0105, 25 g\" \/>\n<meta property=\"og:url\" content=\"https:\/\/admincentral.selleetools.com\/pl\/product\/purederm-gleboko-oczyszczajaca-rozowa-maseczka-babelkujaca-z-brzoskwinia-25-g\/\" \/>\n<meta property=\"og:site_name\" content=\"Selleetools.com\" \/>\n<meta property=\"article:modified_time\" content=\"2025-11-04T19:19:46+00:00\" \/>\n<meta property=\"og:image\" content=\"https:\/\/selleetools.com\/wp-content\/uploads\/2025\/10\/a358eb4ac7bd994592db75d26b7d3b69.jpg\" \/>\n\t<meta property=\"og:image:width\" content=\"1000\" \/>\n\t<meta property=\"og:image:height\" content=\"1000\" \/>\n\t<meta property=\"og:image:type\" content=\"image\/jpeg\" \/>\n<meta name=\"twitter:card\" content=\"summary_large_image\" \/>\n<meta name=\"twitter:label1\" content=\"Est. reading time\" \/>\n\t<meta name=\"twitter:data1\" content=\"1 minuta\" \/>\n<!-- \/ Yoast SEO plugin. -->","yoast_head_json":{"title":"PUREDERM G\u0142\u0119boko oczyszczaj\u0105ca r\u00f3\u017cowa maseczka b\u0105belkuj\u0105ca z brzoskwini\u0105, 25 g - Selleetools.com","robots":{"index":"index","follow":"follow","max-snippet":"max-snippet:-1","max-image-preview":"max-image-preview:large","max-video-preview":"max-video-preview:-1"},"canonical":"https:\/\/admincentral.selleetools.com\/pl\/product\/purederm-gleboko-oczyszczajaca-rozowa-maseczka-babelkujaca-z-brzoskwinia-25-g\/","og_locale":"pl_PL","og_type":"article","og_title":"PUREDERM G\u0142\u0119boko oczyszczaj\u0105ca r\u00f3\u017cowa maseczka b\u0105belkuj\u0105ca z brzoskwini\u0105, 25 g - Selleetools.com","og_description":"PUREDERM &#8211; G\u0142\u0119boko oczyszczaj\u0105ca r\u00f3\u017cowa maska \u200b\u200bb\u0105belkowa z brzoskwini\u0105, 25 g G\u0142\u0119boko oczyszczaj\u0105ca r\u00f3\u017cowa maska \u200b\u200bb\u0105belkowa z brzoskwini\u0105 to innowacyjna maska, kt\u00f3ra skutecznie oczyszcza sk\u00f3r\u0119 dzi\u0119ki swojej b\u0105belkuj\u0105cej formule. Wzbogacona ekstraktem z brzoskwini maska \u200b\u200bnie tylko usuwa zanieczyszczenia, ale tak\u017ce nawil\u017ca i od\u017cywia sk\u00f3r\u0119, pozostawiaj\u0105c j\u0105 \u015bwie\u017c\u0105 i promienn\u0105. B\u0105belki powstaj\u0105ce podczas nak\u0142adania maski pomagaj\u0105 ... Read morePUREDERM G\u0142\u0119boko oczyszczaj\u0105ca r\u00f3\u017cowa maseczka b\u0105belkuj\u0105ca z brzoskwini\u0105, 25 g","og_url":"https:\/\/admincentral.selleetools.com\/pl\/product\/purederm-gleboko-oczyszczajaca-rozowa-maseczka-babelkujaca-z-brzoskwinia-25-g\/","og_site_name":"Selleetools.com","article_modified_time":"2025-11-04T19:19:46+00:00","og_image":[{"width":1000,"height":1000,"url":"https:\/\/selleetools.com\/wp-content\/uploads\/2025\/10\/a358eb4ac7bd994592db75d26b7d3b69.jpg","type":"image\/jpeg"}],"twitter_card":"summary_large_image","twitter_misc":{"Est. reading time":"1 minuta"},"schema":{"@context":"https:\/\/schema.org","@graph":[{"@type":"Organization","@id":"https:\/\/selleetools.com\/#organization","name":"Selleetools","url":"https:\/\/selleetools.com\/","sameAs":[],"logo":{"@type":"ImageObject","inLanguage":"pl-PL","@id":"https:\/\/selleetools.com\/#\/schema\/logo\/image\/","url":"https:\/\/selleetools.com\/wp-content\/uploads\/2021\/10\/logo-dark.png","contentUrl":"https:\/\/selleetools.com\/wp-content\/uploads\/2021\/10\/logo-dark.png","width":320,"height":76,"caption":"Selleetools"},"image":{"@id":"https:\/\/selleetools.com\/#\/schema\/logo\/image\/"}},{"@type":"WebSite","@id":"https:\/\/selleetools.com\/#website","url":"https:\/\/selleetools.com\/","name":"Selleetools.com","description":"","publisher":{"@id":"https:\/\/selleetools.com\/#organization"},"potentialAction":[{"@type":"SearchAction","target":{"@type":"EntryPoint","urlTemplate":"https:\/\/selleetools.com\/?s={search_term_string}"},"query-input":"required name=search_term_string"}],"inLanguage":"pl-PL"},{"@type":"WebPage","@id":"https:\/\/admincentral.selleetools.com\/pl\/product\/purederm-gleboko-oczyszczajaca-rozowa-maseczka-babelkujaca-z-brzoskwinia-25-g\/","url":"https:\/\/admincentral.selleetools.com\/pl\/product\/purederm-gleboko-oczyszczajaca-rozowa-maseczka-babelkujaca-z-brzoskwinia-25-g\/","name":"PUREDERM G\u0142\u0119boko oczyszczaj\u0105ca r\u00f3\u017cowa maseczka b\u0105belkuj\u0105ca z brzoskwini\u0105, 25 g - Selleetools.com","isPartOf":{"@id":"https:\/\/selleetools.com\/#website"},"datePublished":"2025-10-24T11:40:01+00:00","dateModified":"2025-11-04T19:19:46+00:00","breadcrumb":{"@id":"https:\/\/admincentral.selleetools.com\/pl\/product\/purederm-gleboko-oczyszczajaca-rozowa-maseczka-babelkujaca-z-brzoskwinia-25-g\/#breadcrumb"},"inLanguage":"pl-PL","potentialAction":[{"@type":"ReadAction","target":["https:\/\/admincentral.selleetools.com\/pl\/product\/purederm-gleboko-oczyszczajaca-rozowa-maseczka-babelkujaca-z-brzoskwinia-25-g\/"]}]},{"@type":"BreadcrumbList","@id":"https:\/\/admincentral.selleetools.com\/pl\/product\/purederm-gleboko-oczyszczajaca-rozowa-maseczka-babelkujaca-z-brzoskwinia-25-g\/#breadcrumb","itemListElement":[{"@type":"ListItem","position":1,"name":"Home","item":"https:\/\/selleetools.com\/pl\/"},{"@type":"ListItem","position":2,"name":"Katalog","item":"https:\/\/selleetools.com\/pl\/katalog\/"},{"@type":"ListItem","position":3,"name":"PUREDERM G\u0142\u0119boko oczyszczaj\u0105ca r\u00f3\u017cowa maseczka b\u0105belkuj\u0105ca z brzoskwini\u0105, 25 g"}]}]}},"_links":{"self":[{"href":"https:\/\/admincentral.selleetools.com\/pl\/wp-json\/wp\/v2\/product\/605648"}],"collection":[{"href":"https:\/\/admincentral.selleetools.com\/pl\/wp-json\/wp\/v2\/product"}],"about":[{"href":"https:\/\/admincentral.selleetools.com\/pl\/wp-json\/wp\/v2\/types\/product"}],"replies":[{"embeddable":true,"href":"https:\/\/admincentral.selleetools.com\/pl\/wp-json\/wp\/v2\/comments?post=605648"}],"wp:featuredmedia":[{"embeddable":true,"href":"https:\/\/admincentral.selleetools.com\/pl\/wp-json\/wp\/v2\/media\/605644"}],"wp:attachment":[{"href":"https:\/\/admincentral.selleetools.com\/pl\/wp-json\/wp\/v2\/media?parent=605648"}],"curies":[{"name":"wp","href":"https:\/\/api.w.org\/{rel}","templated":true}]}}