{"id":605697,"date":"2025-10-24T13:40:37","date_gmt":"2025-10-24T11:40:37","guid":{"rendered":"https:\/\/selleetools.com\/?post_type=product&#038;p=605697"},"modified":"2025-11-04T20:20:35","modified_gmt":"2025-11-04T19:20:35","slug":"romnd-better-than-eyes-w03-dry-strawberry-7-2-g-paleta-cieni-do-powiek","status":"publish","type":"product","link":"https:\/\/admincentral.selleetools.com\/pl\/product\/romnd-better-than-eyes-w03-dry-strawberry-7-2-g-paleta-cieni-do-powiek\/","title":{"rendered":"rom&#038;nd Better Than Eyes W03 Dry Strawberry 7.2 g &#8211; Paleta cieni do powiek"},"content":{"rendered":"<p>rom&#038;nd Better Than Eyes W03 Dry Strawberry to wyj\u0105tkowa paletka cieni do powiek, kt\u00f3re zapewnia intensywne, d\u0142ugotrwa\u0142e wyko\u0144czenie o matowym efekcie. Jej delikatna formu\u0142a wzbogacona jest o nawil\u017caj\u0105ce sk\u0142adniki, kt\u00f3re dbaj\u0105 o sk\u00f3r\u0119 powiek, zapobiegaj\u0105c jej przesuszeniu i utrzymuj\u0105c jej g\u0142adko\u015b\u0107 przez ca\u0142y dzie\u0144. Cienie \u0142atwo si\u0119 aplikuje i blenduj\u0105, co umo\u017cliwia tworzenie zar\u00f3wno subtelnych, codziennych makija\u017cy, jak i bardziej wyrazistych, wieczorowych look\u00f3w.<\/p>\n<p>Korzy\u015bci dla sk\u00f3ry:<br \/>\nNawil\u017ca powieki i zapobiega ich przesuszeniu.<br \/>\nDelikatna formu\u0142a, kt\u00f3ra nie podra\u017cnia wra\u017cliwej sk\u00f3ry wok\u00f3\u0142 oczu.<br \/>\nD\u0142ugotrwa\u0142e dzia\u0142anie, kt\u00f3re utrzymuje \u015bwie\u017cy wygl\u0105d makija\u017cu przez wiele godzin.<\/p>\n<p>Spos\u00f3b u\u017cycia:<br \/>\nNa\u0142\u00f3\u017c cie\u0144 na powieki przy pomocy p\u0119dzelka do cieni lub palca, rozprowadzaj\u0105c r\u00f3wnomiernie. Mo\u017cna go stosowa\u0107 samodzielnie lub w po\u0142\u0105czeniu z innymi cieniami w celu uzyskania bardziej z\u0142o\u017conego efektu. Aby osi\u0105gn\u0105\u0107 najlepsze rezultaty, na\u0142\u00f3\u017c baz\u0119 pod cienie, kt\u00f3ra zapewni lepsz\u0105 trwa\u0142o\u015b\u0107 i intensywno\u015b\u0107 koloru.<\/p>\n","protected":false},"excerpt":{"rendered":"<p>rom&#038;nd Better Than Eyes W03 Dry Strawberry to wyj\u0105tkowa paletka cieni do powiek, kt\u00f3re zapewnia intensywne, d\u0142ugotrwa\u0142e wyko\u0144czenie o matowym efekcie. Jej delikatna formu\u0142a wzbogacona jest o nawil\u017caj\u0105ce sk\u0142adniki, kt\u00f3re dbaj\u0105 o sk\u00f3r\u0119 powiek, zapobiegaj\u0105c jej przesuszeniu i utrzymuj\u0105c jej g\u0142adko\u015b\u0107 przez ca\u0142y dzie\u0144. Cienie \u0142atwo si\u0119 aplikuje i blenduj\u0105, co umo\u017cliwia tworzenie zar\u00f3wno subtelnych, &#8230; <a title=\"rom&#038;nd Better Than Eyes W03 Dry Strawberry 7.2 g &#8211; Paleta cieni do powiek\" class=\"read-more\" href=\"https:\/\/admincentral.selleetools.com\/pl\/product\/romnd-better-than-eyes-w03-dry-strawberry-7-2-g-paleta-cieni-do-powiek\/\">Read more<span class=\"screen-reader-text\">rom&#038;nd Better Than Eyes W03 Dry Strawberry 7.2 g &#8211; Paleta cieni do powiek<\/span><\/a><\/p>\n","protected":false},"featured_media":605693,"comment_status":"open","ping_status":"closed","template":"","meta":{"_links_to":"","_links_to_target":""},"yoast_head":"<!-- This site is optimized with the Yoast SEO plugin v19.4 - https:\/\/yoast.com\/wordpress\/plugins\/seo\/ -->\n<title>rom&amp;nd Better Than Eyes W03 Dry Strawberry 7.2 g - Paleta cieni do powiek - Selleetools.com<\/title>\n<meta name=\"robots\" content=\"index, follow, max-snippet:-1, max-image-preview:large, max-video-preview:-1\" \/>\n<link rel=\"canonical\" href=\"https:\/\/admincentral.selleetools.com\/pl\/product\/romnd-better-than-eyes-w03-dry-strawberry-7-2-g-paleta-cieni-do-powiek\/\" \/>\n<meta property=\"og:locale\" content=\"pl_PL\" \/>\n<meta property=\"og:type\" content=\"article\" \/>\n<meta property=\"og:title\" content=\"rom&amp;nd Better Than Eyes W03 Dry Strawberry 7.2 g - Paleta cieni do powiek - Selleetools.com\" \/>\n<meta property=\"og:description\" content=\"rom&#038;nd Better Than Eyes W03 Dry Strawberry to wyj\u0105tkowa paletka cieni do powiek, kt\u00f3re zapewnia intensywne, d\u0142ugotrwa\u0142e wyko\u0144czenie o matowym efekcie. Jej delikatna formu\u0142a wzbogacona jest o nawil\u017caj\u0105ce sk\u0142adniki, kt\u00f3re dbaj\u0105 o sk\u00f3r\u0119 powiek, zapobiegaj\u0105c jej przesuszeniu i utrzymuj\u0105c jej g\u0142adko\u015b\u0107 przez ca\u0142y dzie\u0144. Cienie \u0142atwo si\u0119 aplikuje i blenduj\u0105, co umo\u017cliwia tworzenie zar\u00f3wno subtelnych, ... Read morerom&#038;nd Better Than Eyes W03 Dry Strawberry 7.2 g &#8211; Paleta cieni do powiek\" \/>\n<meta property=\"og:url\" content=\"https:\/\/admincentral.selleetools.com\/pl\/product\/romnd-better-than-eyes-w03-dry-strawberry-7-2-g-paleta-cieni-do-powiek\/\" \/>\n<meta property=\"og:site_name\" content=\"Selleetools.com\" \/>\n<meta property=\"article:modified_time\" content=\"2025-11-04T19:20:35+00:00\" \/>\n<meta property=\"og:image\" content=\"https:\/\/selleetools.com\/wp-content\/uploads\/2025\/10\/e5f61904f6e807c76b3d09025b90fa5d.jpg\" \/>\n\t<meta property=\"og:image:width\" content=\"1500\" \/>\n\t<meta property=\"og:image:height\" content=\"1500\" \/>\n\t<meta property=\"og:image:type\" content=\"image\/jpeg\" \/>\n<meta name=\"twitter:card\" content=\"summary_large_image\" \/>\n<meta name=\"twitter:label1\" content=\"Est. reading time\" \/>\n\t<meta name=\"twitter:data1\" content=\"1 minuta\" \/>\n<!-- \/ Yoast SEO plugin. -->","yoast_head_json":{"title":"rom&nd Better Than Eyes W03 Dry Strawberry 7.2 g - Paleta cieni do powiek - Selleetools.com","robots":{"index":"index","follow":"follow","max-snippet":"max-snippet:-1","max-image-preview":"max-image-preview:large","max-video-preview":"max-video-preview:-1"},"canonical":"https:\/\/admincentral.selleetools.com\/pl\/product\/romnd-better-than-eyes-w03-dry-strawberry-7-2-g-paleta-cieni-do-powiek\/","og_locale":"pl_PL","og_type":"article","og_title":"rom&nd Better Than Eyes W03 Dry Strawberry 7.2 g - Paleta cieni do powiek - Selleetools.com","og_description":"rom&#038;nd Better Than Eyes W03 Dry Strawberry to wyj\u0105tkowa paletka cieni do powiek, kt\u00f3re zapewnia intensywne, d\u0142ugotrwa\u0142e wyko\u0144czenie o matowym efekcie. Jej delikatna formu\u0142a wzbogacona jest o nawil\u017caj\u0105ce sk\u0142adniki, kt\u00f3re dbaj\u0105 o sk\u00f3r\u0119 powiek, zapobiegaj\u0105c jej przesuszeniu i utrzymuj\u0105c jej g\u0142adko\u015b\u0107 przez ca\u0142y dzie\u0144. Cienie \u0142atwo si\u0119 aplikuje i blenduj\u0105, co umo\u017cliwia tworzenie zar\u00f3wno subtelnych, ... Read morerom&#038;nd Better Than Eyes W03 Dry Strawberry 7.2 g &#8211; Paleta cieni do powiek","og_url":"https:\/\/admincentral.selleetools.com\/pl\/product\/romnd-better-than-eyes-w03-dry-strawberry-7-2-g-paleta-cieni-do-powiek\/","og_site_name":"Selleetools.com","article_modified_time":"2025-11-04T19:20:35+00:00","og_image":[{"width":1500,"height":1500,"url":"https:\/\/selleetools.com\/wp-content\/uploads\/2025\/10\/e5f61904f6e807c76b3d09025b90fa5d.jpg","type":"image\/jpeg"}],"twitter_card":"summary_large_image","twitter_misc":{"Est. reading time":"1 minuta"},"schema":{"@context":"https:\/\/schema.org","@graph":[{"@type":"Organization","@id":"https:\/\/selleetools.com\/#organization","name":"Selleetools","url":"https:\/\/selleetools.com\/","sameAs":[],"logo":{"@type":"ImageObject","inLanguage":"pl-PL","@id":"https:\/\/selleetools.com\/#\/schema\/logo\/image\/","url":"https:\/\/selleetools.com\/wp-content\/uploads\/2021\/10\/logo-dark.png","contentUrl":"https:\/\/selleetools.com\/wp-content\/uploads\/2021\/10\/logo-dark.png","width":320,"height":76,"caption":"Selleetools"},"image":{"@id":"https:\/\/selleetools.com\/#\/schema\/logo\/image\/"}},{"@type":"WebSite","@id":"https:\/\/selleetools.com\/#website","url":"https:\/\/selleetools.com\/","name":"Selleetools.com","description":"","publisher":{"@id":"https:\/\/selleetools.com\/#organization"},"potentialAction":[{"@type":"SearchAction","target":{"@type":"EntryPoint","urlTemplate":"https:\/\/selleetools.com\/?s={search_term_string}"},"query-input":"required name=search_term_string"}],"inLanguage":"pl-PL"},{"@type":"WebPage","@id":"https:\/\/admincentral.selleetools.com\/pl\/product\/romnd-better-than-eyes-w03-dry-strawberry-7-2-g-paleta-cieni-do-powiek\/","url":"https:\/\/admincentral.selleetools.com\/pl\/product\/romnd-better-than-eyes-w03-dry-strawberry-7-2-g-paleta-cieni-do-powiek\/","name":"rom&nd Better Than Eyes W03 Dry Strawberry 7.2 g - Paleta cieni do powiek - Selleetools.com","isPartOf":{"@id":"https:\/\/selleetools.com\/#website"},"datePublished":"2025-10-24T11:40:37+00:00","dateModified":"2025-11-04T19:20:35+00:00","breadcrumb":{"@id":"https:\/\/admincentral.selleetools.com\/pl\/product\/romnd-better-than-eyes-w03-dry-strawberry-7-2-g-paleta-cieni-do-powiek\/#breadcrumb"},"inLanguage":"pl-PL","potentialAction":[{"@type":"ReadAction","target":["https:\/\/admincentral.selleetools.com\/pl\/product\/romnd-better-than-eyes-w03-dry-strawberry-7-2-g-paleta-cieni-do-powiek\/"]}]},{"@type":"BreadcrumbList","@id":"https:\/\/admincentral.selleetools.com\/pl\/product\/romnd-better-than-eyes-w03-dry-strawberry-7-2-g-paleta-cieni-do-powiek\/#breadcrumb","itemListElement":[{"@type":"ListItem","position":1,"name":"Home","item":"https:\/\/selleetools.com\/pl\/"},{"@type":"ListItem","position":2,"name":"Katalog","item":"https:\/\/selleetools.com\/pl\/katalog\/"},{"@type":"ListItem","position":3,"name":"rom&#038;nd Better Than Eyes W03 Dry Strawberry 7.2 g &#8211; Paleta cieni do powiek"}]}]}},"_links":{"self":[{"href":"https:\/\/admincentral.selleetools.com\/pl\/wp-json\/wp\/v2\/product\/605697"}],"collection":[{"href":"https:\/\/admincentral.selleetools.com\/pl\/wp-json\/wp\/v2\/product"}],"about":[{"href":"https:\/\/admincentral.selleetools.com\/pl\/wp-json\/wp\/v2\/types\/product"}],"replies":[{"embeddable":true,"href":"https:\/\/admincentral.selleetools.com\/pl\/wp-json\/wp\/v2\/comments?post=605697"}],"wp:featuredmedia":[{"embeddable":true,"href":"https:\/\/admincentral.selleetools.com\/pl\/wp-json\/wp\/v2\/media\/605693"}],"wp:attachment":[{"href":"https:\/\/admincentral.selleetools.com\/pl\/wp-json\/wp\/v2\/media?parent=605697"}],"curies":[{"name":"wp","href":"https:\/\/api.w.org\/{rel}","templated":true}]}}