{"id":605757,"date":"2025-10-24T13:41:16","date_gmt":"2025-10-24T11:41:16","guid":{"rendered":"https:\/\/selleetools.com\/?post_type=product&#038;p=605757"},"modified":"2025-11-04T20:40:28","modified_gmt":"2025-11-04T19:40:28","slug":"tirtir-sos-serum-50-ml-kojaco-regenerujace-serum-do-twarzy","status":"publish","type":"product","link":"https:\/\/admincentral.selleetools.com\/pl\/product\/tirtir-sos-serum-50-ml-kojaco-regenerujace-serum-do-twarzy\/","title":{"rendered":"TIRTIR SOS SERUM 50 ml &#8211; Koj\u0105co-regeneruj\u0105ce serum do twarzy"},"content":{"rendered":"<p>TIRTIR SOS Serum to intensywnie nawil\u017caj\u0105ce i regeneruj\u0105ce serum do twarzy, kt\u00f3re zosta\u0142o opracowane z my\u015bl\u0105 o sk\u00f3rze wymagaj\u0105cej natychmiastowej pomocy i regeneracji. Dzi\u0119ki zaawansowanej formule zawieraj\u0105cej starannie dobrane sk\u0142adniki aktywne, serum skutecznie koi podra\u017cnienia, redukuje zaczerwienienia oraz przyspiesza proces regeneracji sk\u00f3ry.<\/p>\n<p>Korzy\u015bci dla sk\u00f3ry:<br \/>\nIntensywne nawil\u017cenie: Serum g\u0142\u0119boko nawil\u017ca sk\u00f3r\u0119, pozostawiaj\u0105c j\u0105 mi\u0119kk\u0105 i g\u0142adk\u0105.<br \/>\n\u0141agodzenie podra\u017cnie\u0144: Redukuje zaczerwienienia i stany zapalne, przywracaj\u0105c sk\u00f3rze zdrowy wygl\u0105d.<br \/>\nRegeneracja: Przyspiesza procesy regeneracyjne sk\u00f3ry, wspomagaj\u0105c jej naturaln\u0105 odnow\u0119.<br \/>\nOchrona: Tworzy barier\u0119 ochronn\u0105, chroni\u0105c sk\u00f3r\u0119 przed szkodliwymi czynnikami zewn\u0119trznymi.<br \/>\nWyg\u0142adzenie: Redukuje drobne linie i zmarszczki, poprawiaj\u0105c tekstur\u0119 sk\u00f3ry.<\/p>\n<p>Spos\u00f3b u\u017cycia:<br \/>\nOczyszczenie: Przed na\u0142o\u017ceniem serum dok\u0142adnie oczy\u015b\u0107 twarz ulubionym \u015brodkiem myj\u0105cym.<br \/>\nTonizowanie: Zastosuj toner, aby przywr\u00f3ci\u0107 sk\u00f3rze odpowiednie pH i przygotowa\u0107 j\u0105 do lepszego wch\u0142aniania serum.<br \/>\nAplikacja: Nanie\u015b kilka kropli TIRTIR SOS Serum na d\u0142onie i delikatnie wmasuj w sk\u00f3r\u0119 twarzy, omijaj\u0105c okolice oczu.<br \/>\nPiel\u0119gnacja: Po wch\u0142oni\u0119ciu serum, na\u0142\u00f3\u017c ulubiony krem nawil\u017caj\u0105cy, aby zamkn\u0105\u0107 wszystkie dobroczynne sk\u0142adniki w sk\u00f3rze.<br \/>\nTIRTIR SOS Serum to idealne rozwi\u0105zanie dla os\u00f3b zmagaj\u0105cych si\u0119 z such\u0105, podra\u017cnion\u0105 lub zaczerwienion\u0105 sk\u00f3r\u0105, kt\u00f3re potrzebuj\u0105 szybkiej i skutecznej pomocy. Dzi\u0119ki regularnemu stosowaniu serum, sk\u00f3ra staje si\u0119 wyra\u017anie zdrowsza, bardziej nawil\u017cona i promienna.<\/p>\n","protected":false},"excerpt":{"rendered":"<p>TIRTIR SOS Serum to intensywnie nawil\u017caj\u0105ce i regeneruj\u0105ce serum do twarzy, kt\u00f3re zosta\u0142o opracowane z my\u015bl\u0105 o sk\u00f3rze wymagaj\u0105cej natychmiastowej pomocy i regeneracji. Dzi\u0119ki zaawansowanej formule zawieraj\u0105cej starannie dobrane sk\u0142adniki aktywne, serum skutecznie koi podra\u017cnienia, redukuje zaczerwienienia oraz przyspiesza proces regeneracji sk\u00f3ry. Korzy\u015bci dla sk\u00f3ry: Intensywne nawil\u017cenie: Serum g\u0142\u0119boko nawil\u017ca sk\u00f3r\u0119, pozostawiaj\u0105c j\u0105 mi\u0119kk\u0105 i &#8230; <a title=\"TIRTIR SOS SERUM 50 ml &#8211; Koj\u0105co-regeneruj\u0105ce serum do twarzy\" class=\"read-more\" href=\"https:\/\/admincentral.selleetools.com\/pl\/product\/tirtir-sos-serum-50-ml-kojaco-regenerujace-serum-do-twarzy\/\">Read more<span class=\"screen-reader-text\">TIRTIR SOS SERUM 50 ml &#8211; Koj\u0105co-regeneruj\u0105ce serum do twarzy<\/span><\/a><\/p>\n","protected":false},"featured_media":605753,"comment_status":"open","ping_status":"closed","template":"","meta":{"_links_to":"","_links_to_target":""},"yoast_head":"<!-- This site is optimized with the Yoast SEO plugin v19.4 - https:\/\/yoast.com\/wordpress\/plugins\/seo\/ -->\n<title>TIRTIR SOS SERUM 50 ml - Koj\u0105co-regeneruj\u0105ce serum do twarzy - Selleetools.com<\/title>\n<meta name=\"robots\" content=\"index, follow, max-snippet:-1, max-image-preview:large, max-video-preview:-1\" \/>\n<link rel=\"canonical\" href=\"https:\/\/admincentral.selleetools.com\/pl\/product\/tirtir-sos-serum-50-ml-kojaco-regenerujace-serum-do-twarzy\/\" \/>\n<meta property=\"og:locale\" content=\"pl_PL\" \/>\n<meta property=\"og:type\" content=\"article\" \/>\n<meta property=\"og:title\" content=\"TIRTIR SOS SERUM 50 ml - Koj\u0105co-regeneruj\u0105ce serum do twarzy - Selleetools.com\" \/>\n<meta property=\"og:description\" content=\"TIRTIR SOS Serum to intensywnie nawil\u017caj\u0105ce i regeneruj\u0105ce serum do twarzy, kt\u00f3re zosta\u0142o opracowane z my\u015bl\u0105 o sk\u00f3rze wymagaj\u0105cej natychmiastowej pomocy i regeneracji. Dzi\u0119ki zaawansowanej formule zawieraj\u0105cej starannie dobrane sk\u0142adniki aktywne, serum skutecznie koi podra\u017cnienia, redukuje zaczerwienienia oraz przyspiesza proces regeneracji sk\u00f3ry. Korzy\u015bci dla sk\u00f3ry: Intensywne nawil\u017cenie: Serum g\u0142\u0119boko nawil\u017ca sk\u00f3r\u0119, pozostawiaj\u0105c j\u0105 mi\u0119kk\u0105 i ... Read moreTIRTIR SOS SERUM 50 ml &#8211; Koj\u0105co-regeneruj\u0105ce serum do twarzy\" \/>\n<meta property=\"og:url\" content=\"https:\/\/admincentral.selleetools.com\/pl\/product\/tirtir-sos-serum-50-ml-kojaco-regenerujace-serum-do-twarzy\/\" \/>\n<meta property=\"og:site_name\" content=\"Selleetools.com\" \/>\n<meta property=\"article:modified_time\" content=\"2025-11-04T19:40:28+00:00\" \/>\n<meta property=\"og:image\" content=\"https:\/\/selleetools.com\/wp-content\/uploads\/2025\/10\/df84a2dc5ec0b34da6fbf9d4dc956e48.jpg\" \/>\n\t<meta property=\"og:image:width\" content=\"1500\" \/>\n\t<meta property=\"og:image:height\" content=\"1500\" \/>\n\t<meta property=\"og:image:type\" content=\"image\/jpeg\" \/>\n<meta name=\"twitter:card\" content=\"summary_large_image\" \/>\n<meta name=\"twitter:label1\" content=\"Est. reading time\" \/>\n\t<meta name=\"twitter:data1\" content=\"1 minuta\" \/>\n<!-- \/ Yoast SEO plugin. -->","yoast_head_json":{"title":"TIRTIR SOS SERUM 50 ml - Koj\u0105co-regeneruj\u0105ce serum do twarzy - Selleetools.com","robots":{"index":"index","follow":"follow","max-snippet":"max-snippet:-1","max-image-preview":"max-image-preview:large","max-video-preview":"max-video-preview:-1"},"canonical":"https:\/\/admincentral.selleetools.com\/pl\/product\/tirtir-sos-serum-50-ml-kojaco-regenerujace-serum-do-twarzy\/","og_locale":"pl_PL","og_type":"article","og_title":"TIRTIR SOS SERUM 50 ml - Koj\u0105co-regeneruj\u0105ce serum do twarzy - Selleetools.com","og_description":"TIRTIR SOS Serum to intensywnie nawil\u017caj\u0105ce i regeneruj\u0105ce serum do twarzy, kt\u00f3re zosta\u0142o opracowane z my\u015bl\u0105 o sk\u00f3rze wymagaj\u0105cej natychmiastowej pomocy i regeneracji. Dzi\u0119ki zaawansowanej formule zawieraj\u0105cej starannie dobrane sk\u0142adniki aktywne, serum skutecznie koi podra\u017cnienia, redukuje zaczerwienienia oraz przyspiesza proces regeneracji sk\u00f3ry. Korzy\u015bci dla sk\u00f3ry: Intensywne nawil\u017cenie: Serum g\u0142\u0119boko nawil\u017ca sk\u00f3r\u0119, pozostawiaj\u0105c j\u0105 mi\u0119kk\u0105 i ... Read moreTIRTIR SOS SERUM 50 ml &#8211; Koj\u0105co-regeneruj\u0105ce serum do twarzy","og_url":"https:\/\/admincentral.selleetools.com\/pl\/product\/tirtir-sos-serum-50-ml-kojaco-regenerujace-serum-do-twarzy\/","og_site_name":"Selleetools.com","article_modified_time":"2025-11-04T19:40:28+00:00","og_image":[{"width":1500,"height":1500,"url":"https:\/\/selleetools.com\/wp-content\/uploads\/2025\/10\/df84a2dc5ec0b34da6fbf9d4dc956e48.jpg","type":"image\/jpeg"}],"twitter_card":"summary_large_image","twitter_misc":{"Est. reading time":"1 minuta"},"schema":{"@context":"https:\/\/schema.org","@graph":[{"@type":"Organization","@id":"https:\/\/selleetools.com\/#organization","name":"Selleetools","url":"https:\/\/selleetools.com\/","sameAs":[],"logo":{"@type":"ImageObject","inLanguage":"pl-PL","@id":"https:\/\/selleetools.com\/#\/schema\/logo\/image\/","url":"https:\/\/selleetools.com\/wp-content\/uploads\/2021\/10\/logo-dark.png","contentUrl":"https:\/\/selleetools.com\/wp-content\/uploads\/2021\/10\/logo-dark.png","width":320,"height":76,"caption":"Selleetools"},"image":{"@id":"https:\/\/selleetools.com\/#\/schema\/logo\/image\/"}},{"@type":"WebSite","@id":"https:\/\/selleetools.com\/#website","url":"https:\/\/selleetools.com\/","name":"Selleetools.com","description":"","publisher":{"@id":"https:\/\/selleetools.com\/#organization"},"potentialAction":[{"@type":"SearchAction","target":{"@type":"EntryPoint","urlTemplate":"https:\/\/selleetools.com\/?s={search_term_string}"},"query-input":"required name=search_term_string"}],"inLanguage":"pl-PL"},{"@type":"WebPage","@id":"https:\/\/admincentral.selleetools.com\/pl\/product\/tirtir-sos-serum-50-ml-kojaco-regenerujace-serum-do-twarzy\/","url":"https:\/\/admincentral.selleetools.com\/pl\/product\/tirtir-sos-serum-50-ml-kojaco-regenerujace-serum-do-twarzy\/","name":"TIRTIR SOS SERUM 50 ml - Koj\u0105co-regeneruj\u0105ce serum do twarzy - Selleetools.com","isPartOf":{"@id":"https:\/\/selleetools.com\/#website"},"datePublished":"2025-10-24T11:41:16+00:00","dateModified":"2025-11-04T19:40:28+00:00","breadcrumb":{"@id":"https:\/\/admincentral.selleetools.com\/pl\/product\/tirtir-sos-serum-50-ml-kojaco-regenerujace-serum-do-twarzy\/#breadcrumb"},"inLanguage":"pl-PL","potentialAction":[{"@type":"ReadAction","target":["https:\/\/admincentral.selleetools.com\/pl\/product\/tirtir-sos-serum-50-ml-kojaco-regenerujace-serum-do-twarzy\/"]}]},{"@type":"BreadcrumbList","@id":"https:\/\/admincentral.selleetools.com\/pl\/product\/tirtir-sos-serum-50-ml-kojaco-regenerujace-serum-do-twarzy\/#breadcrumb","itemListElement":[{"@type":"ListItem","position":1,"name":"Home","item":"https:\/\/selleetools.com\/pl\/"},{"@type":"ListItem","position":2,"name":"Katalog","item":"https:\/\/selleetools.com\/pl\/katalog\/"},{"@type":"ListItem","position":3,"name":"TIRTIR SOS SERUM 50 ml &#8211; Koj\u0105co-regeneruj\u0105ce serum do twarzy"}]}]}},"_links":{"self":[{"href":"https:\/\/admincentral.selleetools.com\/pl\/wp-json\/wp\/v2\/product\/605757"}],"collection":[{"href":"https:\/\/admincentral.selleetools.com\/pl\/wp-json\/wp\/v2\/product"}],"about":[{"href":"https:\/\/admincentral.selleetools.com\/pl\/wp-json\/wp\/v2\/types\/product"}],"replies":[{"embeddable":true,"href":"https:\/\/admincentral.selleetools.com\/pl\/wp-json\/wp\/v2\/comments?post=605757"}],"wp:featuredmedia":[{"embeddable":true,"href":"https:\/\/admincentral.selleetools.com\/pl\/wp-json\/wp\/v2\/media\/605753"}],"wp:attachment":[{"href":"https:\/\/admincentral.selleetools.com\/pl\/wp-json\/wp\/v2\/media?parent=605757"}],"curies":[{"name":"wp","href":"https:\/\/api.w.org\/{rel}","templated":true}]}}