{"id":605762,"date":"2025-10-24T13:41:19","date_gmt":"2025-10-24T11:41:19","guid":{"rendered":"https:\/\/selleetools.com\/?post_type=product&#038;p=605762"},"modified":"2025-12-02T21:15:51","modified_gmt":"2025-12-02T20:15:51","slug":"tirtir-ceramic-milk-ampoule-40-ml-serum-w-ampulce-do-twarzy-o-dzialaniu-odzywczo-nawilzajacym","status":"publish","type":"product","link":"https:\/\/admincentral.selleetools.com\/pl\/product\/tirtir-ceramic-milk-ampoule-40-ml-serum-w-ampulce-do-twarzy-o-dzialaniu-odzywczo-nawilzajacym\/","title":{"rendered":"TIRTIR CERAMIC MILK AMPOULE 40 ml &#8211; Serum w ampu\u0142ce do twarzy o dzia\u0142aniu od\u017cywczo-nawil\u017caj\u0105cym"},"content":{"rendered":"<p>TIRTIR Ceramic Milk Ampoule to intensywnie nawil\u017caj\u0105ca ampu\u0142ka, kt\u00f3ra dba o such\u0105 sk\u00f3r\u0119, przywracaj\u0105c jej naturaln\u0105 mi\u0119kko\u015b\u0107 i blask. Zawiera bogat\u0105 mieszank\u0119 sk\u0142adnik\u00f3w nawil\u017caj\u0105cych, od\u017cywczych i regeneruj\u0105cych, takich jak olej ry\u017cowy, ceramidy, ekstrakty ro\u015blinne, a tak\u017ce kolagen i squalane. Dzi\u0119ki specjalnej formule, produkt skutecznie wzmacnia barier\u0119 ochronn\u0105 sk\u00f3ry, zapewnia d\u0142ugotrwa\u0142e nawil\u017cenie oraz przywraca jej elastyczno\u015b\u0107 i zdrowy wygl\u0105d. Jest idealny do piel\u0119gnacji sk\u00f3ry suchej i wra\u017cliwej, pomagaj\u0105c utrzyma\u0107 jej odpowiedni poziom nawil\u017cenia przez d\u0142ugie godziny.<\/p>\n<p>Korzy\u015bci dla sk\u00f3ry:<br \/>\nIntensywne nawil\u017cenie \u2013 skutecznie nawil\u017ca such\u0105 sk\u00f3r\u0119, zapewniaj\u0105c jej uczucie komfortu i g\u0142adko\u015bci.<br \/>\nWzmacnianie bariery ochronnej sk\u00f3ry \u2013 odbudowuje i wzmacnia naturaln\u0105 barier\u0119 ochronn\u0105, zapobiegaj\u0105c utracie wilgoci.<br \/>\nZwi\u0119kszenie elastyczno\u015bci \u2013 poprawia elastyczno\u015b\u0107 sk\u00f3ry, sprawiaj\u0105c, \u017ce staje si\u0119 bardziej j\u0119drna i spr\u0119\u017cysta.<br \/>\nNadanie blasku \u2013 nadaje sk\u00f3rze naturalny blask, poprawiaj\u0105c jej wygl\u0105d i tekstur\u0119.<br \/>\nD\u0142ugotrwa\u0142e nawil\u017cenie \u2013 nawil\u017cenie trwa a\u017c 50 godzin, zapewniaj\u0105c sk\u00f3rze d\u0142ugotrwa\u0142\u0105 ochron\u0119 i komfort.<\/p>\n<p>Spos\u00f3b u\u017cycia: Przed u\u017cyciem dok\u0142adnie wstrz\u0105\u015bnij ampu\u0142k\u0119, aby r\u00f3wnomiernie wymiesza\u0107 sk\u0142adniki. Na\u0142\u00f3\u017c odpowiedni\u0105 ilo\u015b\u0107 na oczyszczon\u0105 sk\u00f3r\u0119 twarzy. Delikatnie wmasuj produkt, a\u017c do ca\u0142kowitego wch\u0142oni\u0119cia. Produkt mo\u017cna stosowa\u0107 rano i wieczorem, w zale\u017cno\u015bci od potrzeb sk\u00f3ry.<\/p>\n","protected":false},"excerpt":{"rendered":"<p>TIRTIR Ceramic Milk Ampoule to intensywnie nawil\u017caj\u0105ca ampu\u0142ka, kt\u00f3ra dba o such\u0105 sk\u00f3r\u0119, przywracaj\u0105c jej naturaln\u0105 mi\u0119kko\u015b\u0107 i blask. Zawiera bogat\u0105 mieszank\u0119 sk\u0142adnik\u00f3w nawil\u017caj\u0105cych, od\u017cywczych i regeneruj\u0105cych, takich jak olej ry\u017cowy, ceramidy, ekstrakty ro\u015blinne, a tak\u017ce kolagen i squalane. Dzi\u0119ki specjalnej formule, produkt skutecznie wzmacnia barier\u0119 ochronn\u0105 sk\u00f3ry, zapewnia d\u0142ugotrwa\u0142e nawil\u017cenie oraz przywraca jej elastyczno\u015b\u0107 &#8230; <a title=\"TIRTIR CERAMIC MILK AMPOULE 40 ml &#8211; Serum w ampu\u0142ce do twarzy o dzia\u0142aniu od\u017cywczo-nawil\u017caj\u0105cym\" class=\"read-more\" href=\"https:\/\/admincentral.selleetools.com\/pl\/product\/tirtir-ceramic-milk-ampoule-40-ml-serum-w-ampulce-do-twarzy-o-dzialaniu-odzywczo-nawilzajacym\/\">Read more<span class=\"screen-reader-text\">TIRTIR CERAMIC MILK AMPOULE 40 ml &#8211; Serum w ampu\u0142ce do twarzy o dzia\u0142aniu od\u017cywczo-nawil\u017caj\u0105cym<\/span><\/a><\/p>\n","protected":false},"featured_media":605758,"comment_status":"open","ping_status":"closed","template":"","meta":{"_links_to":"","_links_to_target":""},"yoast_head":"<!-- This site is optimized with the Yoast SEO plugin v19.4 - https:\/\/yoast.com\/wordpress\/plugins\/seo\/ -->\n<title>TIRTIR CERAMIC MILK AMPOULE 40 ml - Serum w ampu\u0142ce do twarzy o dzia\u0142aniu od\u017cywczo-nawil\u017caj\u0105cym - Selleetools.com<\/title>\n<meta name=\"robots\" content=\"index, follow, max-snippet:-1, max-image-preview:large, max-video-preview:-1\" \/>\n<link rel=\"canonical\" href=\"https:\/\/selleetools.com\/pl\/product\/tirtir-ceramic-milk-ampoule-40-ml-serum-w-ampulce-do-twarzy-o-dzialaniu-odzywczo-nawilzajacym\/\" \/>\n<meta property=\"og:locale\" content=\"pl_PL\" \/>\n<meta property=\"og:type\" content=\"article\" \/>\n<meta property=\"og:title\" content=\"TIRTIR CERAMIC MILK AMPOULE 40 ml - Serum w ampu\u0142ce do twarzy o dzia\u0142aniu od\u017cywczo-nawil\u017caj\u0105cym - Selleetools.com\" \/>\n<meta property=\"og:description\" content=\"TIRTIR Ceramic Milk Ampoule to intensywnie nawil\u017caj\u0105ca ampu\u0142ka, kt\u00f3ra dba o such\u0105 sk\u00f3r\u0119, przywracaj\u0105c jej naturaln\u0105 mi\u0119kko\u015b\u0107 i blask. Zawiera bogat\u0105 mieszank\u0119 sk\u0142adnik\u00f3w nawil\u017caj\u0105cych, od\u017cywczych i regeneruj\u0105cych, takich jak olej ry\u017cowy, ceramidy, ekstrakty ro\u015blinne, a tak\u017ce kolagen i squalane. Dzi\u0119ki specjalnej formule, produkt skutecznie wzmacnia barier\u0119 ochronn\u0105 sk\u00f3ry, zapewnia d\u0142ugotrwa\u0142e nawil\u017cenie oraz przywraca jej elastyczno\u015b\u0107 ... Read moreTIRTIR CERAMIC MILK AMPOULE 40 ml &#8211; Serum w ampu\u0142ce do twarzy o dzia\u0142aniu od\u017cywczo-nawil\u017caj\u0105cym\" \/>\n<meta property=\"og:url\" content=\"https:\/\/selleetools.com\/pl\/product\/tirtir-ceramic-milk-ampoule-40-ml-serum-w-ampulce-do-twarzy-o-dzialaniu-odzywczo-nawilzajacym\/\" \/>\n<meta property=\"og:site_name\" content=\"Selleetools.com\" \/>\n<meta property=\"article:modified_time\" content=\"2025-12-02T20:15:51+00:00\" \/>\n<meta property=\"og:image\" content=\"https:\/\/selleetools.com\/wp-content\/uploads\/2025\/10\/25730b216a4d537b117a72621dd6dc4e.jpg\" \/>\n\t<meta property=\"og:image:width\" content=\"1080\" \/>\n\t<meta property=\"og:image:height\" content=\"1080\" \/>\n\t<meta property=\"og:image:type\" content=\"image\/jpeg\" \/>\n<meta name=\"twitter:card\" content=\"summary_large_image\" \/>\n<meta name=\"twitter:label1\" content=\"Est. reading time\" \/>\n\t<meta name=\"twitter:data1\" content=\"1 minuta\" \/>\n<!-- \/ Yoast SEO plugin. -->","yoast_head_json":{"title":"TIRTIR CERAMIC MILK AMPOULE 40 ml - Serum w ampu\u0142ce do twarzy o dzia\u0142aniu od\u017cywczo-nawil\u017caj\u0105cym - Selleetools.com","robots":{"index":"index","follow":"follow","max-snippet":"max-snippet:-1","max-image-preview":"max-image-preview:large","max-video-preview":"max-video-preview:-1"},"canonical":"https:\/\/selleetools.com\/pl\/product\/tirtir-ceramic-milk-ampoule-40-ml-serum-w-ampulce-do-twarzy-o-dzialaniu-odzywczo-nawilzajacym\/","og_locale":"pl_PL","og_type":"article","og_title":"TIRTIR CERAMIC MILK AMPOULE 40 ml - Serum w ampu\u0142ce do twarzy o dzia\u0142aniu od\u017cywczo-nawil\u017caj\u0105cym - Selleetools.com","og_description":"TIRTIR Ceramic Milk Ampoule to intensywnie nawil\u017caj\u0105ca ampu\u0142ka, kt\u00f3ra dba o such\u0105 sk\u00f3r\u0119, przywracaj\u0105c jej naturaln\u0105 mi\u0119kko\u015b\u0107 i blask. Zawiera bogat\u0105 mieszank\u0119 sk\u0142adnik\u00f3w nawil\u017caj\u0105cych, od\u017cywczych i regeneruj\u0105cych, takich jak olej ry\u017cowy, ceramidy, ekstrakty ro\u015blinne, a tak\u017ce kolagen i squalane. Dzi\u0119ki specjalnej formule, produkt skutecznie wzmacnia barier\u0119 ochronn\u0105 sk\u00f3ry, zapewnia d\u0142ugotrwa\u0142e nawil\u017cenie oraz przywraca jej elastyczno\u015b\u0107 ... Read moreTIRTIR CERAMIC MILK AMPOULE 40 ml &#8211; Serum w ampu\u0142ce do twarzy o dzia\u0142aniu od\u017cywczo-nawil\u017caj\u0105cym","og_url":"https:\/\/selleetools.com\/pl\/product\/tirtir-ceramic-milk-ampoule-40-ml-serum-w-ampulce-do-twarzy-o-dzialaniu-odzywczo-nawilzajacym\/","og_site_name":"Selleetools.com","article_modified_time":"2025-12-02T20:15:51+00:00","og_image":[{"width":1080,"height":1080,"url":"https:\/\/selleetools.com\/wp-content\/uploads\/2025\/10\/25730b216a4d537b117a72621dd6dc4e.jpg","type":"image\/jpeg"}],"twitter_card":"summary_large_image","twitter_misc":{"Est. reading time":"1 minuta"},"schema":{"@context":"https:\/\/schema.org","@graph":[{"@type":"Organization","@id":"https:\/\/selleetools.com\/#organization","name":"Selleetools","url":"https:\/\/selleetools.com\/","sameAs":[],"logo":{"@type":"ImageObject","inLanguage":"pl-PL","@id":"https:\/\/selleetools.com\/#\/schema\/logo\/image\/","url":"https:\/\/selleetools.com\/wp-content\/uploads\/2021\/10\/logo-dark.png","contentUrl":"https:\/\/selleetools.com\/wp-content\/uploads\/2021\/10\/logo-dark.png","width":320,"height":76,"caption":"Selleetools"},"image":{"@id":"https:\/\/selleetools.com\/#\/schema\/logo\/image\/"}},{"@type":"WebSite","@id":"https:\/\/selleetools.com\/#website","url":"https:\/\/selleetools.com\/","name":"Selleetools.com","description":"","publisher":{"@id":"https:\/\/selleetools.com\/#organization"},"potentialAction":[{"@type":"SearchAction","target":{"@type":"EntryPoint","urlTemplate":"https:\/\/selleetools.com\/?s={search_term_string}"},"query-input":"required name=search_term_string"}],"inLanguage":"pl-PL"},{"@type":"WebPage","@id":"https:\/\/selleetools.com\/pl\/product\/tirtir-ceramic-milk-ampoule-40-ml-serum-w-ampulce-do-twarzy-o-dzialaniu-odzywczo-nawilzajacym\/","url":"https:\/\/selleetools.com\/pl\/product\/tirtir-ceramic-milk-ampoule-40-ml-serum-w-ampulce-do-twarzy-o-dzialaniu-odzywczo-nawilzajacym\/","name":"TIRTIR CERAMIC MILK AMPOULE 40 ml - Serum w ampu\u0142ce do twarzy o dzia\u0142aniu od\u017cywczo-nawil\u017caj\u0105cym - Selleetools.com","isPartOf":{"@id":"https:\/\/selleetools.com\/#website"},"datePublished":"2025-10-24T11:41:19+00:00","dateModified":"2025-12-02T20:15:51+00:00","breadcrumb":{"@id":"https:\/\/selleetools.com\/pl\/product\/tirtir-ceramic-milk-ampoule-40-ml-serum-w-ampulce-do-twarzy-o-dzialaniu-odzywczo-nawilzajacym\/#breadcrumb"},"inLanguage":"pl-PL","potentialAction":[{"@type":"ReadAction","target":["https:\/\/selleetools.com\/pl\/product\/tirtir-ceramic-milk-ampoule-40-ml-serum-w-ampulce-do-twarzy-o-dzialaniu-odzywczo-nawilzajacym\/"]}]},{"@type":"BreadcrumbList","@id":"https:\/\/selleetools.com\/pl\/product\/tirtir-ceramic-milk-ampoule-40-ml-serum-w-ampulce-do-twarzy-o-dzialaniu-odzywczo-nawilzajacym\/#breadcrumb","itemListElement":[{"@type":"ListItem","position":1,"name":"Home","item":"https:\/\/selleetools.com\/pl\/"},{"@type":"ListItem","position":2,"name":"Katalog","item":"https:\/\/selleetools.com\/pl\/katalog\/"},{"@type":"ListItem","position":3,"name":"TIRTIR CERAMIC MILK AMPOULE 40 ml &#8211; Serum w ampu\u0142ce do twarzy o dzia\u0142aniu od\u017cywczo-nawil\u017caj\u0105cym"}]}]}},"_links":{"self":[{"href":"https:\/\/admincentral.selleetools.com\/pl\/wp-json\/wp\/v2\/product\/605762"}],"collection":[{"href":"https:\/\/admincentral.selleetools.com\/pl\/wp-json\/wp\/v2\/product"}],"about":[{"href":"https:\/\/admincentral.selleetools.com\/pl\/wp-json\/wp\/v2\/types\/product"}],"replies":[{"embeddable":true,"href":"https:\/\/admincentral.selleetools.com\/pl\/wp-json\/wp\/v2\/comments?post=605762"}],"wp:featuredmedia":[{"embeddable":true,"href":"https:\/\/admincentral.selleetools.com\/pl\/wp-json\/wp\/v2\/media\/605758"}],"wp:attachment":[{"href":"https:\/\/admincentral.selleetools.com\/pl\/wp-json\/wp\/v2\/media?parent=605762"}],"curies":[{"name":"wp","href":"https:\/\/api.w.org\/{rel}","templated":true}]}}