{"id":605904,"date":"2025-10-24T13:43:10","date_gmt":"2025-10-24T11:43:10","guid":{"rendered":"https:\/\/selleetools.com\/?post_type=product&#038;p=605904"},"modified":"2025-11-04T20:22:21","modified_gmt":"2025-11-04T19:22:21","slug":"vt-cosmetics-reedle-shot-ex-collagen-modeling-pack-25-g-modelujaca-maska-algowa-z-kolagenem","status":"publish","type":"product","link":"https:\/\/admincentral.selleetools.com\/pl\/product\/vt-cosmetics-reedle-shot-ex-collagen-modeling-pack-25-g-modelujaca-maska-algowa-z-kolagenem\/","title":{"rendered":"VT Cosmetics Reedle Shot EX Collagen Modeling Pack, 25 g &#8211; Modeluj\u0105ca maska algowa z kolagenem"},"content":{"rendered":"<p>VT Cosmetics Reedle Shot EX Collagen Modeling Pack to innowacyjny produkt do piel\u0119gnacji sk\u00f3ry, kt\u00f3ry zapewnia intensywne nawil\u017cenie, wyg\u0142adzenie i uj\u0119drnienie. Maska zawiera wysokiej jako\u015bci kolagen, kt\u00f3ry pomaga w odbudowie struktury sk\u00f3ry, zwi\u0119kszaj\u0105c jej elastyczno\u015b\u0107 i j\u0119drno\u015b\u0107. Dodatkowo, sk\u0142adniki aktywne wspieraj\u0105 regeneracj\u0119 sk\u00f3ry, nadaj\u0105c jej zdrowy, m\u0142odzie\u0144czy wygl\u0105d.<\/p>\n<p>Korzy\u015bci dla sk\u00f3ry:<br \/>\nNawil\u017cenie: G\u0142\u0119boko nawil\u017ca sk\u00f3r\u0119, pozostawiaj\u0105c j\u0105 mi\u0119kk\u0105 i g\u0142adk\u0105.<br \/>\nUj\u0119drnienie: Zawarty kolagen pomaga w uj\u0119drnieniu sk\u00f3ry, poprawiaj\u0105c jej elastyczno\u015b\u0107.<br \/>\nRegeneracja: Wspiera naturalne procesy regeneracyjne sk\u00f3ry, co sprawia, \u017ce wygl\u0105da ona m\u0142odziej i zdrowiej.<br \/>\nWyg\u0142adzenie: Pomaga w redukcji drobnych zmarszczek i linii, sprawiaj\u0105c, \u017ce sk\u00f3ra staje si\u0119 g\u0142adsza.<\/p>\n<p>Spos\u00f3b u\u017cycia:<br \/>\nPrzygotowanie: Oczy\u015b\u0107 twarz i delikatnie osusz sk\u00f3r\u0119.<br \/>\nAplikacja: Wyjmij odpowiedni\u0105 ilo\u015b\u0107 produktu (ok. 25g) i r\u00f3wnomiernie rozprowad\u017a na ca\u0142ej twarzy, omijaj\u0105c okolice oczu i ust.<br \/>\nOczekiwanie: Pozostaw mask\u0119 na sk\u00f3rze na oko\u0142o 15-20 minut, aby sk\u0142adniki aktywne mog\u0142y wnikn\u0105\u0107 w g\u0142\u0105b sk\u00f3ry.<br \/>\nUsuni\u0119cie: Po up\u0142ywie czasu delikatnie zdejmij mask\u0119, zaczynaj\u0105c od brzeg\u00f3w. Ewentualne resztki usu\u0144 za pomoc\u0105 ciep\u0142ej wody.<\/p>\n","protected":false},"excerpt":{"rendered":"<p>VT Cosmetics Reedle Shot EX Collagen Modeling Pack to innowacyjny produkt do piel\u0119gnacji sk\u00f3ry, kt\u00f3ry zapewnia intensywne nawil\u017cenie, wyg\u0142adzenie i uj\u0119drnienie. Maska zawiera wysokiej jako\u015bci kolagen, kt\u00f3ry pomaga w odbudowie struktury sk\u00f3ry, zwi\u0119kszaj\u0105c jej elastyczno\u015b\u0107 i j\u0119drno\u015b\u0107. Dodatkowo, sk\u0142adniki aktywne wspieraj\u0105 regeneracj\u0119 sk\u00f3ry, nadaj\u0105c jej zdrowy, m\u0142odzie\u0144czy wygl\u0105d. Korzy\u015bci dla sk\u00f3ry: Nawil\u017cenie: G\u0142\u0119boko nawil\u017ca sk\u00f3r\u0119, &#8230; <a title=\"VT Cosmetics Reedle Shot EX Collagen Modeling Pack, 25 g &#8211; Modeluj\u0105ca maska algowa z kolagenem\" class=\"read-more\" href=\"https:\/\/admincentral.selleetools.com\/pl\/product\/vt-cosmetics-reedle-shot-ex-collagen-modeling-pack-25-g-modelujaca-maska-algowa-z-kolagenem\/\">Read more<span class=\"screen-reader-text\">VT Cosmetics Reedle Shot EX Collagen Modeling Pack, 25 g &#8211; Modeluj\u0105ca maska algowa z kolagenem<\/span><\/a><\/p>\n","protected":false},"featured_media":605902,"comment_status":"open","ping_status":"closed","template":"","meta":{"_links_to":"","_links_to_target":""},"yoast_head":"<!-- This site is optimized with the Yoast SEO plugin v19.4 - https:\/\/yoast.com\/wordpress\/plugins\/seo\/ -->\n<title>VT Cosmetics Reedle Shot EX Collagen Modeling Pack, 25 g - Modeluj\u0105ca maska algowa z kolagenem - Selleetools.com<\/title>\n<meta name=\"robots\" content=\"index, follow, max-snippet:-1, max-image-preview:large, max-video-preview:-1\" \/>\n<link rel=\"canonical\" href=\"https:\/\/selleetools.com\/pl\/product\/vt-cosmetics-reedle-shot-ex-collagen-modeling-pack-25-g-modelujaca-maska-algowa-z-kolagenem\/\" \/>\n<meta property=\"og:locale\" content=\"pl_PL\" \/>\n<meta property=\"og:type\" content=\"article\" \/>\n<meta property=\"og:title\" content=\"VT Cosmetics Reedle Shot EX Collagen Modeling Pack, 25 g - Modeluj\u0105ca maska algowa z kolagenem - Selleetools.com\" \/>\n<meta property=\"og:description\" content=\"VT Cosmetics Reedle Shot EX Collagen Modeling Pack to innowacyjny produkt do piel\u0119gnacji sk\u00f3ry, kt\u00f3ry zapewnia intensywne nawil\u017cenie, wyg\u0142adzenie i uj\u0119drnienie. Maska zawiera wysokiej jako\u015bci kolagen, kt\u00f3ry pomaga w odbudowie struktury sk\u00f3ry, zwi\u0119kszaj\u0105c jej elastyczno\u015b\u0107 i j\u0119drno\u015b\u0107. Dodatkowo, sk\u0142adniki aktywne wspieraj\u0105 regeneracj\u0119 sk\u00f3ry, nadaj\u0105c jej zdrowy, m\u0142odzie\u0144czy wygl\u0105d. Korzy\u015bci dla sk\u00f3ry: Nawil\u017cenie: G\u0142\u0119boko nawil\u017ca sk\u00f3r\u0119, ... Read moreVT Cosmetics Reedle Shot EX Collagen Modeling Pack, 25 g &#8211; Modeluj\u0105ca maska algowa z kolagenem\" \/>\n<meta property=\"og:url\" content=\"https:\/\/selleetools.com\/pl\/product\/vt-cosmetics-reedle-shot-ex-collagen-modeling-pack-25-g-modelujaca-maska-algowa-z-kolagenem\/\" \/>\n<meta property=\"og:site_name\" content=\"Selleetools.com\" \/>\n<meta property=\"article:modified_time\" content=\"2025-11-04T19:22:21+00:00\" \/>\n<meta property=\"og:image\" content=\"https:\/\/selleetools.com\/wp-content\/uploads\/2025\/10\/bfe53fe6d8b9778c37505c9b4bfcdc6d.jpg\" \/>\n\t<meta property=\"og:image:width\" content=\"600\" \/>\n\t<meta property=\"og:image:height\" content=\"600\" \/>\n\t<meta property=\"og:image:type\" content=\"image\/jpeg\" \/>\n<meta name=\"twitter:card\" content=\"summary_large_image\" \/>\n<meta name=\"twitter:label1\" content=\"Est. reading time\" \/>\n\t<meta name=\"twitter:data1\" content=\"1 minuta\" \/>\n<!-- \/ Yoast SEO plugin. -->","yoast_head_json":{"title":"VT Cosmetics Reedle Shot EX Collagen Modeling Pack, 25 g - Modeluj\u0105ca maska algowa z kolagenem - Selleetools.com","robots":{"index":"index","follow":"follow","max-snippet":"max-snippet:-1","max-image-preview":"max-image-preview:large","max-video-preview":"max-video-preview:-1"},"canonical":"https:\/\/selleetools.com\/pl\/product\/vt-cosmetics-reedle-shot-ex-collagen-modeling-pack-25-g-modelujaca-maska-algowa-z-kolagenem\/","og_locale":"pl_PL","og_type":"article","og_title":"VT Cosmetics Reedle Shot EX Collagen Modeling Pack, 25 g - Modeluj\u0105ca maska algowa z kolagenem - Selleetools.com","og_description":"VT Cosmetics Reedle Shot EX Collagen Modeling Pack to innowacyjny produkt do piel\u0119gnacji sk\u00f3ry, kt\u00f3ry zapewnia intensywne nawil\u017cenie, wyg\u0142adzenie i uj\u0119drnienie. Maska zawiera wysokiej jako\u015bci kolagen, kt\u00f3ry pomaga w odbudowie struktury sk\u00f3ry, zwi\u0119kszaj\u0105c jej elastyczno\u015b\u0107 i j\u0119drno\u015b\u0107. Dodatkowo, sk\u0142adniki aktywne wspieraj\u0105 regeneracj\u0119 sk\u00f3ry, nadaj\u0105c jej zdrowy, m\u0142odzie\u0144czy wygl\u0105d. Korzy\u015bci dla sk\u00f3ry: Nawil\u017cenie: G\u0142\u0119boko nawil\u017ca sk\u00f3r\u0119, ... Read moreVT Cosmetics Reedle Shot EX Collagen Modeling Pack, 25 g &#8211; Modeluj\u0105ca maska algowa z kolagenem","og_url":"https:\/\/selleetools.com\/pl\/product\/vt-cosmetics-reedle-shot-ex-collagen-modeling-pack-25-g-modelujaca-maska-algowa-z-kolagenem\/","og_site_name":"Selleetools.com","article_modified_time":"2025-11-04T19:22:21+00:00","og_image":[{"width":600,"height":600,"url":"https:\/\/selleetools.com\/wp-content\/uploads\/2025\/10\/bfe53fe6d8b9778c37505c9b4bfcdc6d.jpg","type":"image\/jpeg"}],"twitter_card":"summary_large_image","twitter_misc":{"Est. reading time":"1 minuta"},"schema":{"@context":"https:\/\/schema.org","@graph":[{"@type":"Organization","@id":"https:\/\/selleetools.com\/#organization","name":"Selleetools","url":"https:\/\/selleetools.com\/","sameAs":[],"logo":{"@type":"ImageObject","inLanguage":"pl-PL","@id":"https:\/\/selleetools.com\/#\/schema\/logo\/image\/","url":"https:\/\/selleetools.com\/wp-content\/uploads\/2021\/10\/logo-dark.png","contentUrl":"https:\/\/selleetools.com\/wp-content\/uploads\/2021\/10\/logo-dark.png","width":320,"height":76,"caption":"Selleetools"},"image":{"@id":"https:\/\/selleetools.com\/#\/schema\/logo\/image\/"}},{"@type":"WebSite","@id":"https:\/\/selleetools.com\/#website","url":"https:\/\/selleetools.com\/","name":"Selleetools.com","description":"","publisher":{"@id":"https:\/\/selleetools.com\/#organization"},"potentialAction":[{"@type":"SearchAction","target":{"@type":"EntryPoint","urlTemplate":"https:\/\/selleetools.com\/?s={search_term_string}"},"query-input":"required name=search_term_string"}],"inLanguage":"pl-PL"},{"@type":"WebPage","@id":"https:\/\/selleetools.com\/pl\/product\/vt-cosmetics-reedle-shot-ex-collagen-modeling-pack-25-g-modelujaca-maska-algowa-z-kolagenem\/","url":"https:\/\/selleetools.com\/pl\/product\/vt-cosmetics-reedle-shot-ex-collagen-modeling-pack-25-g-modelujaca-maska-algowa-z-kolagenem\/","name":"VT Cosmetics Reedle Shot EX Collagen Modeling Pack, 25 g - Modeluj\u0105ca maska algowa z kolagenem - Selleetools.com","isPartOf":{"@id":"https:\/\/selleetools.com\/#website"},"datePublished":"2025-10-24T11:43:10+00:00","dateModified":"2025-11-04T19:22:21+00:00","breadcrumb":{"@id":"https:\/\/selleetools.com\/pl\/product\/vt-cosmetics-reedle-shot-ex-collagen-modeling-pack-25-g-modelujaca-maska-algowa-z-kolagenem\/#breadcrumb"},"inLanguage":"pl-PL","potentialAction":[{"@type":"ReadAction","target":["https:\/\/selleetools.com\/pl\/product\/vt-cosmetics-reedle-shot-ex-collagen-modeling-pack-25-g-modelujaca-maska-algowa-z-kolagenem\/"]}]},{"@type":"BreadcrumbList","@id":"https:\/\/selleetools.com\/pl\/product\/vt-cosmetics-reedle-shot-ex-collagen-modeling-pack-25-g-modelujaca-maska-algowa-z-kolagenem\/#breadcrumb","itemListElement":[{"@type":"ListItem","position":1,"name":"Home","item":"https:\/\/selleetools.com\/pl\/"},{"@type":"ListItem","position":2,"name":"Katalog","item":"https:\/\/selleetools.com\/pl\/katalog\/"},{"@type":"ListItem","position":3,"name":"VT Cosmetics Reedle Shot EX Collagen Modeling Pack, 25 g &#8211; Modeluj\u0105ca maska algowa z kolagenem"}]}]}},"_links":{"self":[{"href":"https:\/\/admincentral.selleetools.com\/pl\/wp-json\/wp\/v2\/product\/605904"}],"collection":[{"href":"https:\/\/admincentral.selleetools.com\/pl\/wp-json\/wp\/v2\/product"}],"about":[{"href":"https:\/\/admincentral.selleetools.com\/pl\/wp-json\/wp\/v2\/types\/product"}],"replies":[{"embeddable":true,"href":"https:\/\/admincentral.selleetools.com\/pl\/wp-json\/wp\/v2\/comments?post=605904"}],"wp:featuredmedia":[{"embeddable":true,"href":"https:\/\/admincentral.selleetools.com\/pl\/wp-json\/wp\/v2\/media\/605902"}],"wp:attachment":[{"href":"https:\/\/admincentral.selleetools.com\/pl\/wp-json\/wp\/v2\/media?parent=605904"}],"curies":[{"name":"wp","href":"https:\/\/api.w.org\/{rel}","templated":true}]}}