{"id":605915,"date":"2025-10-24T13:43:20","date_gmt":"2025-10-24T11:43:20","guid":{"rendered":"https:\/\/selleetools.com\/?post_type=product&#038;p=605915"},"modified":"2026-01-12T14:00:14","modified_gmt":"2026-01-12T13:00:14","slug":"vt-cosmetics-reedle-shot-ex-hyaluronic-modeling-pack-25-g-modelujaca-maska-algowa-z-kwasem-hialuronowym","status":"publish","type":"product","link":"https:\/\/admincentral.selleetools.com\/pl\/product\/vt-cosmetics-reedle-shot-ex-hyaluronic-modeling-pack-25-g-modelujaca-maska-algowa-z-kwasem-hialuronowym\/","title":{"rendered":"VT Cosmetics Reedle Shot EX Hyaluronic Modeling Pack, 25 g &#8211; Modeluj\u0105ca maska algowa z kwasem hialuronowym"},"content":{"rendered":"<p>VT Cosmetics Reedle Shot EX Hyaluronic Modeling Pack to luksusowa maska modeluj\u0105ca stworzona z my\u015bl\u0105 o intensywnej piel\u0119gnacji i nawil\u017ceniu sk\u00f3ry. Produkt zawiera wysokie st\u0119\u017cenie kwasu hialuronowego, kt\u00f3ry jest znany ze swoich w\u0142a\u015bciwo\u015bci nawil\u017caj\u0105cych i przeciwstarzeniowych. Maska pomaga w regeneracji sk\u00f3ry, zwi\u0119ksza jej elastyczno\u015b\u0107 oraz sprawia, \u017ce staje si\u0119 mi\u0119kka i g\u0142adka.<\/p>\n<p>Korzy\u015bci dla sk\u00f3ry:<br \/>\nIntensywne nawil\u017cenie: Dzi\u0119ki zawarto\u015bci kwasu hialuronowego, maska g\u0142\u0119boko nawil\u017ca sk\u00f3r\u0119, zapewniaj\u0105c jej d\u0142ugotrwa\u0142e uczucie \u015bwie\u017co\u015bci i nawodnienia.<br \/>\nPoprawa elastyczno\u015bci: Regularne stosowanie maski pomaga poprawi\u0107 elastyczno\u015b\u0107 sk\u00f3ry, co przyczynia si\u0119 do jej m\u0142odzie\u0144czego wygl\u0105du.<br \/>\nRedukcja zmarszczek: Produkt dzia\u0142a przeciwstarzeniowo, redukuj\u0105c widoczno\u015b\u0107 drobnych linii i zmarszczek.<br \/>\nRegeneracja sk\u00f3ry: Maska wspomaga proces regeneracji sk\u00f3ry, przyspieszaj\u0105c gojenie drobnych uszkodze\u0144 i poprawiaj\u0105c jej og\u00f3lny stan.<\/p>\n<p>Spos\u00f3b u\u017cycia:<br \/>\nOczy\u015b\u0107 twarz i delikatnie osusz j\u0105 r\u0119cznikiem.<br \/>\nWyjmij odpowiedni\u0105 ilo\u015b\u0107 proszku z opakowania i wymieszaj go z wod\u0105, a\u017c uzyskasz g\u0142adk\u0105, jednolit\u0105 konsystencj\u0119.<br \/>\nNa\u0142\u00f3\u017c mask\u0119 r\u00f3wnomiernie na twarz, omijaj\u0105c okolice oczu i ust.<br \/>\nPozostaw mask\u0119 na sk\u00f3rze przez oko\u0142o 15-20 minut, a\u017c zacznie twardnie\u0107 i tworzy\u0107 elastyczn\u0105 pow\u0142ok\u0119.<br \/>\nDelikatnie zdejmij mask\u0119 zaczynaj\u0105c od kraw\u0119dzi, a nast\u0119pnie sp\u0142ucz twarz letni\u0105 wod\u0105, aby usun\u0105\u0107 pozosta\u0142o\u015bci produktu.<br \/>\nNa\u0142\u00f3\u017c swoje ulubione serum lub krem nawil\u017caj\u0105cy, aby zako\u0144czy\u0107 zabieg piel\u0119gnacyjny.<\/p>\n","protected":false},"excerpt":{"rendered":"<p>VT Cosmetics Reedle Shot EX Hyaluronic Modeling Pack to luksusowa maska modeluj\u0105ca stworzona z my\u015bl\u0105 o intensywnej piel\u0119gnacji i nawil\u017ceniu sk\u00f3ry. Produkt zawiera wysokie st\u0119\u017cenie kwasu hialuronowego, kt\u00f3ry jest znany ze swoich w\u0142a\u015bciwo\u015bci nawil\u017caj\u0105cych i przeciwstarzeniowych. Maska pomaga w regeneracji sk\u00f3ry, zwi\u0119ksza jej elastyczno\u015b\u0107 oraz sprawia, \u017ce staje si\u0119 mi\u0119kka i g\u0142adka. Korzy\u015bci dla sk\u00f3ry: &#8230; <a title=\"VT Cosmetics Reedle Shot EX Hyaluronic Modeling Pack, 25 g &#8211; Modeluj\u0105ca maska algowa z kwasem hialuronowym\" class=\"read-more\" href=\"https:\/\/admincentral.selleetools.com\/pl\/product\/vt-cosmetics-reedle-shot-ex-hyaluronic-modeling-pack-25-g-modelujaca-maska-algowa-z-kwasem-hialuronowym\/\">Read more<span class=\"screen-reader-text\">VT Cosmetics Reedle Shot EX Hyaluronic Modeling Pack, 25 g &#8211; Modeluj\u0105ca maska algowa z kwasem hialuronowym<\/span><\/a><\/p>\n","protected":false},"featured_media":605913,"comment_status":"open","ping_status":"closed","template":"","meta":{"_links_to":"","_links_to_target":""},"yoast_head":"<!-- This site is optimized with the Yoast SEO plugin v19.4 - https:\/\/yoast.com\/wordpress\/plugins\/seo\/ -->\n<title>VT Cosmetics Reedle Shot EX Hyaluronic Modeling Pack, 25 g - Modeluj\u0105ca maska algowa z kwasem hialuronowym - Selleetools.com<\/title>\n<meta name=\"robots\" content=\"index, follow, max-snippet:-1, max-image-preview:large, max-video-preview:-1\" \/>\n<link rel=\"canonical\" href=\"https:\/\/selleetools.com\/product\/vt-cosmetics-reedle-shot-ex-hyaluronic-modeling-pack-25-g-modelujaca-maska-algowa-z-kwasem-hialuronowym\/\" \/>\n<meta property=\"og:locale\" content=\"pl_PL\" \/>\n<meta property=\"og:type\" content=\"article\" \/>\n<meta property=\"og:title\" content=\"VT Cosmetics Reedle Shot EX Hyaluronic Modeling Pack, 25 g - Modeluj\u0105ca maska algowa z kwasem hialuronowym - Selleetools.com\" \/>\n<meta property=\"og:description\" content=\"VT Cosmetics Reedle Shot EX Hyaluronic Modeling Pack to luksusowa maska modeluj\u0105ca stworzona z my\u015bl\u0105 o intensywnej piel\u0119gnacji i nawil\u017ceniu sk\u00f3ry. Produkt zawiera wysokie st\u0119\u017cenie kwasu hialuronowego, kt\u00f3ry jest znany ze swoich w\u0142a\u015bciwo\u015bci nawil\u017caj\u0105cych i przeciwstarzeniowych. Maska pomaga w regeneracji sk\u00f3ry, zwi\u0119ksza jej elastyczno\u015b\u0107 oraz sprawia, \u017ce staje si\u0119 mi\u0119kka i g\u0142adka. Korzy\u015bci dla sk\u00f3ry: ... Read moreVT Cosmetics Reedle Shot EX Hyaluronic Modeling Pack, 25 g &#8211; Modeluj\u0105ca maska algowa z kwasem hialuronowym\" \/>\n<meta property=\"og:url\" content=\"https:\/\/selleetools.com\/product\/vt-cosmetics-reedle-shot-ex-hyaluronic-modeling-pack-25-g-modelujaca-maska-algowa-z-kwasem-hialuronowym\/\" \/>\n<meta property=\"og:site_name\" content=\"Selleetools.com\" \/>\n<meta property=\"article:modified_time\" content=\"2026-01-12T13:00:14+00:00\" \/>\n<meta property=\"og:image\" content=\"https:\/\/selleetools.com\/wp-content\/uploads\/2025\/10\/5f831cf1168e5da1ac3e5a5567a7e32e.jpg\" \/>\n\t<meta property=\"og:image:width\" content=\"600\" \/>\n\t<meta property=\"og:image:height\" content=\"600\" \/>\n\t<meta property=\"og:image:type\" content=\"image\/jpeg\" \/>\n<meta name=\"twitter:card\" content=\"summary_large_image\" \/>\n<meta name=\"twitter:label1\" content=\"Est. reading time\" \/>\n\t<meta name=\"twitter:data1\" content=\"1 minuta\" \/>\n<!-- \/ Yoast SEO plugin. -->","yoast_head_json":{"title":"VT Cosmetics Reedle Shot EX Hyaluronic Modeling Pack, 25 g - Modeluj\u0105ca maska algowa z kwasem hialuronowym - Selleetools.com","robots":{"index":"index","follow":"follow","max-snippet":"max-snippet:-1","max-image-preview":"max-image-preview:large","max-video-preview":"max-video-preview:-1"},"canonical":"https:\/\/selleetools.com\/product\/vt-cosmetics-reedle-shot-ex-hyaluronic-modeling-pack-25-g-modelujaca-maska-algowa-z-kwasem-hialuronowym\/","og_locale":"pl_PL","og_type":"article","og_title":"VT Cosmetics Reedle Shot EX Hyaluronic Modeling Pack, 25 g - Modeluj\u0105ca maska algowa z kwasem hialuronowym - Selleetools.com","og_description":"VT Cosmetics Reedle Shot EX Hyaluronic Modeling Pack to luksusowa maska modeluj\u0105ca stworzona z my\u015bl\u0105 o intensywnej piel\u0119gnacji i nawil\u017ceniu sk\u00f3ry. Produkt zawiera wysokie st\u0119\u017cenie kwasu hialuronowego, kt\u00f3ry jest znany ze swoich w\u0142a\u015bciwo\u015bci nawil\u017caj\u0105cych i przeciwstarzeniowych. Maska pomaga w regeneracji sk\u00f3ry, zwi\u0119ksza jej elastyczno\u015b\u0107 oraz sprawia, \u017ce staje si\u0119 mi\u0119kka i g\u0142adka. Korzy\u015bci dla sk\u00f3ry: ... Read moreVT Cosmetics Reedle Shot EX Hyaluronic Modeling Pack, 25 g &#8211; Modeluj\u0105ca maska algowa z kwasem hialuronowym","og_url":"https:\/\/selleetools.com\/product\/vt-cosmetics-reedle-shot-ex-hyaluronic-modeling-pack-25-g-modelujaca-maska-algowa-z-kwasem-hialuronowym\/","og_site_name":"Selleetools.com","article_modified_time":"2026-01-12T13:00:14+00:00","og_image":[{"width":600,"height":600,"url":"https:\/\/selleetools.com\/wp-content\/uploads\/2025\/10\/5f831cf1168e5da1ac3e5a5567a7e32e.jpg","type":"image\/jpeg"}],"twitter_card":"summary_large_image","twitter_misc":{"Est. reading time":"1 minuta"},"schema":{"@context":"https:\/\/schema.org","@graph":[{"@type":"Organization","@id":"https:\/\/selleetools.com\/#organization","name":"Selleetools","url":"https:\/\/selleetools.com\/","sameAs":[],"logo":{"@type":"ImageObject","inLanguage":"pl-PL","@id":"https:\/\/selleetools.com\/#\/schema\/logo\/image\/","url":"https:\/\/selleetools.com\/wp-content\/uploads\/2021\/10\/logo-dark.png","contentUrl":"https:\/\/selleetools.com\/wp-content\/uploads\/2021\/10\/logo-dark.png","width":320,"height":76,"caption":"Selleetools"},"image":{"@id":"https:\/\/selleetools.com\/#\/schema\/logo\/image\/"}},{"@type":"WebSite","@id":"https:\/\/selleetools.com\/#website","url":"https:\/\/selleetools.com\/","name":"Selleetools.com","description":"","publisher":{"@id":"https:\/\/selleetools.com\/#organization"},"potentialAction":[{"@type":"SearchAction","target":{"@type":"EntryPoint","urlTemplate":"https:\/\/selleetools.com\/?s={search_term_string}"},"query-input":"required name=search_term_string"}],"inLanguage":"pl-PL"},{"@type":"WebPage","@id":"https:\/\/selleetools.com\/product\/vt-cosmetics-reedle-shot-ex-hyaluronic-modeling-pack-25-g-modelujaca-maska-algowa-z-kwasem-hialuronowym\/","url":"https:\/\/selleetools.com\/product\/vt-cosmetics-reedle-shot-ex-hyaluronic-modeling-pack-25-g-modelujaca-maska-algowa-z-kwasem-hialuronowym\/","name":"VT Cosmetics Reedle Shot EX Hyaluronic Modeling Pack, 25 g - Modeluj\u0105ca maska algowa z kwasem hialuronowym - Selleetools.com","isPartOf":{"@id":"https:\/\/selleetools.com\/#website"},"datePublished":"2025-10-24T11:43:20+00:00","dateModified":"2026-01-12T13:00:14+00:00","breadcrumb":{"@id":"https:\/\/selleetools.com\/product\/vt-cosmetics-reedle-shot-ex-hyaluronic-modeling-pack-25-g-modelujaca-maska-algowa-z-kwasem-hialuronowym\/#breadcrumb"},"inLanguage":"pl-PL","potentialAction":[{"@type":"ReadAction","target":["https:\/\/selleetools.com\/product\/vt-cosmetics-reedle-shot-ex-hyaluronic-modeling-pack-25-g-modelujaca-maska-algowa-z-kwasem-hialuronowym\/"]}]},{"@type":"BreadcrumbList","@id":"https:\/\/selleetools.com\/product\/vt-cosmetics-reedle-shot-ex-hyaluronic-modeling-pack-25-g-modelujaca-maska-algowa-z-kwasem-hialuronowym\/#breadcrumb","itemListElement":[{"@type":"ListItem","position":1,"name":"Home","item":"https:\/\/selleetools.com\/pl\/"},{"@type":"ListItem","position":2,"name":"Katalog","item":"https:\/\/selleetools.com\/pl\/katalog\/"},{"@type":"ListItem","position":3,"name":"VT Cosmetics Reedle Shot EX Hyaluronic Modeling Pack, 25 g &#8211; Modeluj\u0105ca maska algowa z kwasem hialuronowym"}]}]}},"_links":{"self":[{"href":"https:\/\/admincentral.selleetools.com\/pl\/wp-json\/wp\/v2\/product\/605915"}],"collection":[{"href":"https:\/\/admincentral.selleetools.com\/pl\/wp-json\/wp\/v2\/product"}],"about":[{"href":"https:\/\/admincentral.selleetools.com\/pl\/wp-json\/wp\/v2\/types\/product"}],"replies":[{"embeddable":true,"href":"https:\/\/admincentral.selleetools.com\/pl\/wp-json\/wp\/v2\/comments?post=605915"}],"wp:featuredmedia":[{"embeddable":true,"href":"https:\/\/admincentral.selleetools.com\/pl\/wp-json\/wp\/v2\/media\/605913"}],"wp:attachment":[{"href":"https:\/\/admincentral.selleetools.com\/pl\/wp-json\/wp\/v2\/media?parent=605915"}],"curies":[{"name":"wp","href":"https:\/\/api.w.org\/{rel}","templated":true}]}}