{"id":605964,"date":"2025-10-24T13:43:54","date_gmt":"2025-10-24T11:43:54","guid":{"rendered":"https:\/\/selleetools.com\/?post_type=product&#038;p=605964"},"modified":"2026-03-03T11:12:38","modified_gmt":"2026-03-03T10:12:38","slug":"vt-cosmetics-hydrop-reedle-shot-100-hl-50-ml-nawilzajacy-booster-do-twarzy","status":"publish","type":"product","link":"https:\/\/admincentral.selleetools.com\/pl\/product\/vt-cosmetics-hydrop-reedle-shot-100-hl-50-ml-nawilzajacy-booster-do-twarzy\/","title":{"rendered":"VT Cosmetics Hydrop Reedle shot 100 hL 50 ml &#8211; Nawil\u017caj\u0105cy booster do twarzy"},"content":{"rendered":"<p>VT COSMETICS HYDROP REEDLE SHOT 100hL to innowacyjny kosmetyk, kt\u00f3ry oferuje intensywne nawil\u017cenie i popraw\u0119 kondycji sk\u00f3ry. Ten wyj\u0105tkowy produkt, dost\u0119pny w opakowaniu o pojemno\u015bci 50 ml, zawiera zaawansowan\u0105 formu\u0142\u0119, kt\u00f3ra skutecznie regeneruje i od\u017cywia sk\u00f3r\u0119, przywracaj\u0105c jej naturaln\u0105 j\u0119drno\u015b\u0107 i blask.<\/p>\n<p>Korzy\u015bci dla sk\u00f3ry:<br \/>\nG\u0142\u0119bokie nawil\u017cenie: Dzi\u0119ki formule opartej na zaawansowanych sk\u0142adnikach nawil\u017caj\u0105cych, kosmetyk skutecznie zatrzymuje wilgo\u0107 w sk\u00f3rze, co prowadzi do jej lepszego nawil\u017cenia i wyg\u0142adzenia.<br \/>\nPoprawa elastyczno\u015bci: Regularne stosowanie pomaga zwi\u0119kszy\u0107 elastyczno\u015b\u0107 sk\u00f3ry, co przyczynia si\u0119 do jej j\u0119drniejszego i bardziej spr\u0119\u017cystego wygl\u0105du.<br \/>\nRegeneracja: Sk\u0142adniki aktywne wspieraj\u0105 procesy regeneracyjne sk\u00f3ry, pomagaj\u0105c w redukcji drobnych zmarszczek i poprawiaj\u0105c jej og\u00f3lny wygl\u0105d.<\/p>\n<p>Spos\u00f3b u\u017cycia:<br \/>\nOczy\u015b\u0107 sk\u00f3r\u0119 twarzy za pomoc\u0105 ulubionego preparatu oczyszczaj\u0105cego.<br \/>\nNa\u0142\u00f3\u017c niewielk\u0105 ilo\u015b\u0107 produktu na twarz i delikatnie wmasuj, a\u017c do ca\u0142kowitego wch\u0142oni\u0119cia.<br \/>\nStosuj codziennie rano i wieczorem, aby uzyska\u0107 najlepsze rezultaty.<br \/>\nMo\u017cesz u\u017cywa\u0107 produktu samodzielnie lub przed na\u0142o\u017ceniem innych kosmetyk\u00f3w, takich jak kremy czy sera.<\/p>\n<p>Ten wszechstronny kosmetyk to doskona\u0142y wyb\u00f3r dla os\u00f3b poszukuj\u0105cych efektywnego sposobu na nawil\u017cenie i popraw\u0119 kondycji swojej sk\u00f3ry.<\/p>\n","protected":false},"excerpt":{"rendered":"<p>VT COSMETICS HYDROP REEDLE SHOT 100hL to innowacyjny kosmetyk, kt\u00f3ry oferuje intensywne nawil\u017cenie i popraw\u0119 kondycji sk\u00f3ry. Ten wyj\u0105tkowy produkt, dost\u0119pny w opakowaniu o pojemno\u015bci 50 ml, zawiera zaawansowan\u0105 formu\u0142\u0119, kt\u00f3ra skutecznie regeneruje i od\u017cywia sk\u00f3r\u0119, przywracaj\u0105c jej naturaln\u0105 j\u0119drno\u015b\u0107 i blask. Korzy\u015bci dla sk\u00f3ry: G\u0142\u0119bokie nawil\u017cenie: Dzi\u0119ki formule opartej na zaawansowanych sk\u0142adnikach nawil\u017caj\u0105cych, kosmetyk &#8230; <a title=\"VT Cosmetics Hydrop Reedle shot 100 hL 50 ml &#8211; Nawil\u017caj\u0105cy booster do twarzy\" class=\"read-more\" href=\"https:\/\/admincentral.selleetools.com\/pl\/product\/vt-cosmetics-hydrop-reedle-shot-100-hl-50-ml-nawilzajacy-booster-do-twarzy\/\">Read more<span class=\"screen-reader-text\">VT Cosmetics Hydrop Reedle shot 100 hL 50 ml &#8211; Nawil\u017caj\u0105cy booster do twarzy<\/span><\/a><\/p>\n","protected":false},"featured_media":605962,"comment_status":"open","ping_status":"closed","template":"","meta":{"_links_to":"","_links_to_target":""},"yoast_head":"<!-- This site is optimized with the Yoast SEO plugin v19.4 - https:\/\/yoast.com\/wordpress\/plugins\/seo\/ -->\n<title>VT Cosmetics Hydrop Reedle shot 100 hL 50 ml - Nawil\u017caj\u0105cy booster do twarzy - Selleetools.com<\/title>\n<meta name=\"robots\" content=\"index, follow, max-snippet:-1, max-image-preview:large, max-video-preview:-1\" \/>\n<link rel=\"canonical\" href=\"https:\/\/admincentral.selleetools.com\/pl\/product\/vt-cosmetics-hydrop-reedle-shot-100-hl-50-ml-nawilzajacy-booster-do-twarzy\/\" \/>\n<meta property=\"og:locale\" content=\"pl_PL\" \/>\n<meta property=\"og:type\" content=\"article\" \/>\n<meta property=\"og:title\" content=\"VT Cosmetics Hydrop Reedle shot 100 hL 50 ml - Nawil\u017caj\u0105cy booster do twarzy - Selleetools.com\" \/>\n<meta property=\"og:description\" content=\"VT COSMETICS HYDROP REEDLE SHOT 100hL to innowacyjny kosmetyk, kt\u00f3ry oferuje intensywne nawil\u017cenie i popraw\u0119 kondycji sk\u00f3ry. Ten wyj\u0105tkowy produkt, dost\u0119pny w opakowaniu o pojemno\u015bci 50 ml, zawiera zaawansowan\u0105 formu\u0142\u0119, kt\u00f3ra skutecznie regeneruje i od\u017cywia sk\u00f3r\u0119, przywracaj\u0105c jej naturaln\u0105 j\u0119drno\u015b\u0107 i blask. Korzy\u015bci dla sk\u00f3ry: G\u0142\u0119bokie nawil\u017cenie: Dzi\u0119ki formule opartej na zaawansowanych sk\u0142adnikach nawil\u017caj\u0105cych, kosmetyk ... Read moreVT Cosmetics Hydrop Reedle shot 100 hL 50 ml &#8211; Nawil\u017caj\u0105cy booster do twarzy\" \/>\n<meta property=\"og:url\" content=\"https:\/\/admincentral.selleetools.com\/pl\/product\/vt-cosmetics-hydrop-reedle-shot-100-hl-50-ml-nawilzajacy-booster-do-twarzy\/\" \/>\n<meta property=\"og:site_name\" content=\"Selleetools.com\" \/>\n<meta property=\"article:modified_time\" content=\"2026-03-03T10:12:38+00:00\" \/>\n<meta property=\"og:image\" content=\"https:\/\/selleetools.com\/wp-content\/uploads\/2025\/10\/1.jpg\" \/>\n\t<meta property=\"og:image:width\" content=\"1200\" \/>\n\t<meta property=\"og:image:height\" content=\"1200\" \/>\n\t<meta property=\"og:image:type\" content=\"image\/jpeg\" \/>\n<meta name=\"twitter:card\" content=\"summary_large_image\" \/>\n<meta name=\"twitter:label1\" content=\"Est. reading time\" \/>\n\t<meta name=\"twitter:data1\" content=\"1 minuta\" \/>\n<!-- \/ Yoast SEO plugin. -->","yoast_head_json":{"title":"VT Cosmetics Hydrop Reedle shot 100 hL 50 ml - Nawil\u017caj\u0105cy booster do twarzy - Selleetools.com","robots":{"index":"index","follow":"follow","max-snippet":"max-snippet:-1","max-image-preview":"max-image-preview:large","max-video-preview":"max-video-preview:-1"},"canonical":"https:\/\/admincentral.selleetools.com\/pl\/product\/vt-cosmetics-hydrop-reedle-shot-100-hl-50-ml-nawilzajacy-booster-do-twarzy\/","og_locale":"pl_PL","og_type":"article","og_title":"VT Cosmetics Hydrop Reedle shot 100 hL 50 ml - Nawil\u017caj\u0105cy booster do twarzy - Selleetools.com","og_description":"VT COSMETICS HYDROP REEDLE SHOT 100hL to innowacyjny kosmetyk, kt\u00f3ry oferuje intensywne nawil\u017cenie i popraw\u0119 kondycji sk\u00f3ry. Ten wyj\u0105tkowy produkt, dost\u0119pny w opakowaniu o pojemno\u015bci 50 ml, zawiera zaawansowan\u0105 formu\u0142\u0119, kt\u00f3ra skutecznie regeneruje i od\u017cywia sk\u00f3r\u0119, przywracaj\u0105c jej naturaln\u0105 j\u0119drno\u015b\u0107 i blask. Korzy\u015bci dla sk\u00f3ry: G\u0142\u0119bokie nawil\u017cenie: Dzi\u0119ki formule opartej na zaawansowanych sk\u0142adnikach nawil\u017caj\u0105cych, kosmetyk ... Read moreVT Cosmetics Hydrop Reedle shot 100 hL 50 ml &#8211; Nawil\u017caj\u0105cy booster do twarzy","og_url":"https:\/\/admincentral.selleetools.com\/pl\/product\/vt-cosmetics-hydrop-reedle-shot-100-hl-50-ml-nawilzajacy-booster-do-twarzy\/","og_site_name":"Selleetools.com","article_modified_time":"2026-03-03T10:12:38+00:00","og_image":[{"width":1200,"height":1200,"url":"https:\/\/selleetools.com\/wp-content\/uploads\/2025\/10\/1.jpg","type":"image\/jpeg"}],"twitter_card":"summary_large_image","twitter_misc":{"Est. reading time":"1 minuta"},"schema":{"@context":"https:\/\/schema.org","@graph":[{"@type":"Organization","@id":"https:\/\/selleetools.com\/#organization","name":"Selleetools","url":"https:\/\/selleetools.com\/","sameAs":[],"logo":{"@type":"ImageObject","inLanguage":"pl-PL","@id":"https:\/\/selleetools.com\/#\/schema\/logo\/image\/","url":"https:\/\/selleetools.com\/wp-content\/uploads\/2021\/10\/logo-dark.png","contentUrl":"https:\/\/selleetools.com\/wp-content\/uploads\/2021\/10\/logo-dark.png","width":320,"height":76,"caption":"Selleetools"},"image":{"@id":"https:\/\/selleetools.com\/#\/schema\/logo\/image\/"}},{"@type":"WebSite","@id":"https:\/\/selleetools.com\/#website","url":"https:\/\/selleetools.com\/","name":"Selleetools.com","description":"","publisher":{"@id":"https:\/\/selleetools.com\/#organization"},"potentialAction":[{"@type":"SearchAction","target":{"@type":"EntryPoint","urlTemplate":"https:\/\/selleetools.com\/?s={search_term_string}"},"query-input":"required name=search_term_string"}],"inLanguage":"pl-PL"},{"@type":"WebPage","@id":"https:\/\/admincentral.selleetools.com\/pl\/product\/vt-cosmetics-hydrop-reedle-shot-100-hl-50-ml-nawilzajacy-booster-do-twarzy\/","url":"https:\/\/admincentral.selleetools.com\/pl\/product\/vt-cosmetics-hydrop-reedle-shot-100-hl-50-ml-nawilzajacy-booster-do-twarzy\/","name":"VT Cosmetics Hydrop Reedle shot 100 hL 50 ml - Nawil\u017caj\u0105cy booster do twarzy - Selleetools.com","isPartOf":{"@id":"https:\/\/selleetools.com\/#website"},"datePublished":"2025-10-24T11:43:54+00:00","dateModified":"2026-03-03T10:12:38+00:00","breadcrumb":{"@id":"https:\/\/admincentral.selleetools.com\/pl\/product\/vt-cosmetics-hydrop-reedle-shot-100-hl-50-ml-nawilzajacy-booster-do-twarzy\/#breadcrumb"},"inLanguage":"pl-PL","potentialAction":[{"@type":"ReadAction","target":["https:\/\/admincentral.selleetools.com\/pl\/product\/vt-cosmetics-hydrop-reedle-shot-100-hl-50-ml-nawilzajacy-booster-do-twarzy\/"]}]},{"@type":"BreadcrumbList","@id":"https:\/\/admincentral.selleetools.com\/pl\/product\/vt-cosmetics-hydrop-reedle-shot-100-hl-50-ml-nawilzajacy-booster-do-twarzy\/#breadcrumb","itemListElement":[{"@type":"ListItem","position":1,"name":"Home","item":"https:\/\/selleetools.com\/pl\/"},{"@type":"ListItem","position":2,"name":"Katalog","item":"https:\/\/selleetools.com\/pl\/katalog\/"},{"@type":"ListItem","position":3,"name":"VT Cosmetics Hydrop Reedle shot 100 hL 50 ml &#8211; Nawil\u017caj\u0105cy booster do twarzy"}]}]}},"_links":{"self":[{"href":"https:\/\/admincentral.selleetools.com\/pl\/wp-json\/wp\/v2\/product\/605964"}],"collection":[{"href":"https:\/\/admincentral.selleetools.com\/pl\/wp-json\/wp\/v2\/product"}],"about":[{"href":"https:\/\/admincentral.selleetools.com\/pl\/wp-json\/wp\/v2\/types\/product"}],"replies":[{"embeddable":true,"href":"https:\/\/admincentral.selleetools.com\/pl\/wp-json\/wp\/v2\/comments?post=605964"}],"wp:featuredmedia":[{"embeddable":true,"href":"https:\/\/admincentral.selleetools.com\/pl\/wp-json\/wp\/v2\/media\/605962"}],"wp:attachment":[{"href":"https:\/\/admincentral.selleetools.com\/pl\/wp-json\/wp\/v2\/media?parent=605964"}],"curies":[{"name":"wp","href":"https:\/\/api.w.org\/{rel}","templated":true}]}}