{"id":605970,"date":"2025-10-24T13:43:58","date_gmt":"2025-10-24T11:43:58","guid":{"rendered":"https:\/\/selleetools.com\/?post_type=product&#038;p=605970"},"modified":"2026-03-03T11:12:36","modified_gmt":"2026-03-03T10:12:36","slug":"vt-cosmetics-collagen-reedle-shot-100-50-ml-booster-do-twarzy-z-kolagenem","status":"publish","type":"product","link":"https:\/\/admincentral.selleetools.com\/pl\/product\/vt-cosmetics-collagen-reedle-shot-100-50-ml-booster-do-twarzy-z-kolagenem\/","title":{"rendered":"VT Cosmetics Collagen Reedle shot 100 50 ml &#8211; Booster do twarzy z kolagenem"},"content":{"rendered":"<p>VT Cosmetics Collagen Reddle Shot 100 to skoncentrowany booster do twarzy, kt\u00f3ry dostarcza sk\u00f3rze intensywnej dawki kolagenu, przyczyniaj\u0105c si\u0119 do jej widocznej poprawy. Produkt ten jest idealny dla os\u00f3b pragn\u0105cych poprawi\u0107 j\u0119drno\u015b\u0107 oraz elastyczno\u015b\u0107 sk\u00f3ry, a tak\u017ce zredukowa\u0107 widoczno\u015b\u0107 drobnych zmarszczek.<\/p>\n<p>Korzy\u015bci dla sk\u00f3ry:<br \/>\nUj\u0119drnienie i elastyczno\u015b\u0107: Dzi\u0119ki wysokiej zawarto\u015bci kolagenu, booster wspomaga naturaln\u0105 produkcj\u0119 kolagenu w sk\u00f3rze, co prowadzi do jej uj\u0119drnienia i zwi\u0119kszenia elastyczno\u015bci.<br \/>\nWyg\u0142adzenie zmarszczek: Regularne stosowanie produktu przyczynia si\u0119 do wyg\u0142adzenia drobnych zmarszczek i linii, czyni\u0105c sk\u00f3r\u0119 bardziej g\u0142adk\u0105.<br \/>\nNawil\u017cenie: Kolagen ma w\u0142a\u015bciwo\u015bci nawil\u017caj\u0105ce, kt\u00f3re pomagaj\u0105 utrzyma\u0107 odpowiedni poziom wilgoci w sk\u00f3rze.<\/p>\n<p>Spos\u00f3b u\u017cycia: Po oczyszczeniu sk\u00f3ry na\u0142\u00f3\u017c odpowiedni\u0105 ilo\u015b\u0107 produktu bezpo\u015brednio na twarz. Delikatnie wklep w sk\u00f3r\u0119 a\u017c do wch\u0142oni\u0119cia. Stosowa\u0107 w pierwszym kroku codziennej piel\u0119gnacji sk\u00f3ry.<\/p>\n","protected":false},"excerpt":{"rendered":"<p>VT Cosmetics Collagen Reddle Shot 100 to skoncentrowany booster do twarzy, kt\u00f3ry dostarcza sk\u00f3rze intensywnej dawki kolagenu, przyczyniaj\u0105c si\u0119 do jej widocznej poprawy. Produkt ten jest idealny dla os\u00f3b pragn\u0105cych poprawi\u0107 j\u0119drno\u015b\u0107 oraz elastyczno\u015b\u0107 sk\u00f3ry, a tak\u017ce zredukowa\u0107 widoczno\u015b\u0107 drobnych zmarszczek. Korzy\u015bci dla sk\u00f3ry: Uj\u0119drnienie i elastyczno\u015b\u0107: Dzi\u0119ki wysokiej zawarto\u015bci kolagenu, booster wspomaga naturaln\u0105 produkcj\u0119 &#8230; <a title=\"VT Cosmetics Collagen Reedle shot 100 50 ml &#8211; Booster do twarzy z kolagenem\" class=\"read-more\" href=\"https:\/\/admincentral.selleetools.com\/pl\/product\/vt-cosmetics-collagen-reedle-shot-100-50-ml-booster-do-twarzy-z-kolagenem\/\">Read more<span class=\"screen-reader-text\">VT Cosmetics Collagen Reedle shot 100 50 ml &#8211; Booster do twarzy z kolagenem<\/span><\/a><\/p>\n","protected":false},"featured_media":605968,"comment_status":"open","ping_status":"closed","template":"","meta":{"_links_to":"","_links_to_target":""},"yoast_head":"<!-- This site is optimized with the Yoast SEO plugin v19.4 - https:\/\/yoast.com\/wordpress\/plugins\/seo\/ -->\n<title>VT Cosmetics Collagen Reedle shot 100 50 ml - Booster do twarzy z kolagenem - Selleetools.com<\/title>\n<meta name=\"robots\" content=\"index, follow, max-snippet:-1, max-image-preview:large, max-video-preview:-1\" \/>\n<link rel=\"canonical\" href=\"https:\/\/admincentral.selleetools.com\/product\/vt-cosmetics-collagen-reedle-shot-100-50-ml-booster-do-twarzy-z-kolagenem\/\" \/>\n<meta property=\"og:locale\" content=\"pl_PL\" \/>\n<meta property=\"og:type\" content=\"article\" \/>\n<meta property=\"og:title\" content=\"VT Cosmetics Collagen Reedle shot 100 50 ml - Booster do twarzy z kolagenem - Selleetools.com\" \/>\n<meta property=\"og:description\" content=\"VT Cosmetics Collagen Reddle Shot 100 to skoncentrowany booster do twarzy, kt\u00f3ry dostarcza sk\u00f3rze intensywnej dawki kolagenu, przyczyniaj\u0105c si\u0119 do jej widocznej poprawy. Produkt ten jest idealny dla os\u00f3b pragn\u0105cych poprawi\u0107 j\u0119drno\u015b\u0107 oraz elastyczno\u015b\u0107 sk\u00f3ry, a tak\u017ce zredukowa\u0107 widoczno\u015b\u0107 drobnych zmarszczek. Korzy\u015bci dla sk\u00f3ry: Uj\u0119drnienie i elastyczno\u015b\u0107: Dzi\u0119ki wysokiej zawarto\u015bci kolagenu, booster wspomaga naturaln\u0105 produkcj\u0119 ... Read moreVT Cosmetics Collagen Reedle shot 100 50 ml &#8211; Booster do twarzy z kolagenem\" \/>\n<meta property=\"og:url\" content=\"https:\/\/admincentral.selleetools.com\/product\/vt-cosmetics-collagen-reedle-shot-100-50-ml-booster-do-twarzy-z-kolagenem\/\" \/>\n<meta property=\"og:site_name\" content=\"Selleetools.com\" \/>\n<meta property=\"article:modified_time\" content=\"2026-03-03T10:12:36+00:00\" \/>\n<meta property=\"og:image\" content=\"https:\/\/selleetools.com\/wp-content\/uploads\/2025\/10\/1.jpg\" \/>\n\t<meta property=\"og:image:width\" content=\"1200\" \/>\n\t<meta property=\"og:image:height\" content=\"1200\" \/>\n\t<meta property=\"og:image:type\" content=\"image\/jpeg\" \/>\n<meta name=\"twitter:card\" content=\"summary_large_image\" \/>\n<meta name=\"twitter:label1\" content=\"Est. reading time\" \/>\n\t<meta name=\"twitter:data1\" content=\"1 minuta\" \/>\n<!-- \/ Yoast SEO plugin. -->","yoast_head_json":{"title":"VT Cosmetics Collagen Reedle shot 100 50 ml - Booster do twarzy z kolagenem - Selleetools.com","robots":{"index":"index","follow":"follow","max-snippet":"max-snippet:-1","max-image-preview":"max-image-preview:large","max-video-preview":"max-video-preview:-1"},"canonical":"https:\/\/admincentral.selleetools.com\/product\/vt-cosmetics-collagen-reedle-shot-100-50-ml-booster-do-twarzy-z-kolagenem\/","og_locale":"pl_PL","og_type":"article","og_title":"VT Cosmetics Collagen Reedle shot 100 50 ml - Booster do twarzy z kolagenem - Selleetools.com","og_description":"VT Cosmetics Collagen Reddle Shot 100 to skoncentrowany booster do twarzy, kt\u00f3ry dostarcza sk\u00f3rze intensywnej dawki kolagenu, przyczyniaj\u0105c si\u0119 do jej widocznej poprawy. Produkt ten jest idealny dla os\u00f3b pragn\u0105cych poprawi\u0107 j\u0119drno\u015b\u0107 oraz elastyczno\u015b\u0107 sk\u00f3ry, a tak\u017ce zredukowa\u0107 widoczno\u015b\u0107 drobnych zmarszczek. Korzy\u015bci dla sk\u00f3ry: Uj\u0119drnienie i elastyczno\u015b\u0107: Dzi\u0119ki wysokiej zawarto\u015bci kolagenu, booster wspomaga naturaln\u0105 produkcj\u0119 ... Read moreVT Cosmetics Collagen Reedle shot 100 50 ml &#8211; Booster do twarzy z kolagenem","og_url":"https:\/\/admincentral.selleetools.com\/product\/vt-cosmetics-collagen-reedle-shot-100-50-ml-booster-do-twarzy-z-kolagenem\/","og_site_name":"Selleetools.com","article_modified_time":"2026-03-03T10:12:36+00:00","og_image":[{"width":1200,"height":1200,"url":"https:\/\/selleetools.com\/wp-content\/uploads\/2025\/10\/1.jpg","type":"image\/jpeg"}],"twitter_card":"summary_large_image","twitter_misc":{"Est. reading time":"1 minuta"},"schema":{"@context":"https:\/\/schema.org","@graph":[{"@type":"Organization","@id":"https:\/\/selleetools.com\/#organization","name":"Selleetools","url":"https:\/\/selleetools.com\/","sameAs":[],"logo":{"@type":"ImageObject","inLanguage":"pl-PL","@id":"https:\/\/selleetools.com\/#\/schema\/logo\/image\/","url":"https:\/\/selleetools.com\/wp-content\/uploads\/2021\/10\/logo-dark.png","contentUrl":"https:\/\/selleetools.com\/wp-content\/uploads\/2021\/10\/logo-dark.png","width":320,"height":76,"caption":"Selleetools"},"image":{"@id":"https:\/\/selleetools.com\/#\/schema\/logo\/image\/"}},{"@type":"WebSite","@id":"https:\/\/selleetools.com\/#website","url":"https:\/\/selleetools.com\/","name":"Selleetools.com","description":"","publisher":{"@id":"https:\/\/selleetools.com\/#organization"},"potentialAction":[{"@type":"SearchAction","target":{"@type":"EntryPoint","urlTemplate":"https:\/\/selleetools.com\/?s={search_term_string}"},"query-input":"required name=search_term_string"}],"inLanguage":"pl-PL"},{"@type":"WebPage","@id":"https:\/\/admincentral.selleetools.com\/product\/vt-cosmetics-collagen-reedle-shot-100-50-ml-booster-do-twarzy-z-kolagenem\/","url":"https:\/\/admincentral.selleetools.com\/product\/vt-cosmetics-collagen-reedle-shot-100-50-ml-booster-do-twarzy-z-kolagenem\/","name":"VT Cosmetics Collagen Reedle shot 100 50 ml - Booster do twarzy z kolagenem - Selleetools.com","isPartOf":{"@id":"https:\/\/selleetools.com\/#website"},"datePublished":"2025-10-24T11:43:58+00:00","dateModified":"2026-03-03T10:12:36+00:00","breadcrumb":{"@id":"https:\/\/admincentral.selleetools.com\/product\/vt-cosmetics-collagen-reedle-shot-100-50-ml-booster-do-twarzy-z-kolagenem\/#breadcrumb"},"inLanguage":"pl-PL","potentialAction":[{"@type":"ReadAction","target":["https:\/\/admincentral.selleetools.com\/product\/vt-cosmetics-collagen-reedle-shot-100-50-ml-booster-do-twarzy-z-kolagenem\/"]}]},{"@type":"BreadcrumbList","@id":"https:\/\/admincentral.selleetools.com\/product\/vt-cosmetics-collagen-reedle-shot-100-50-ml-booster-do-twarzy-z-kolagenem\/#breadcrumb","itemListElement":[{"@type":"ListItem","position":1,"name":"Home","item":"https:\/\/selleetools.com\/pl\/"},{"@type":"ListItem","position":2,"name":"Katalog","item":"https:\/\/selleetools.com\/pl\/katalog\/"},{"@type":"ListItem","position":3,"name":"VT Cosmetics Collagen Reedle shot 100 50 ml &#8211; Booster do twarzy z kolagenem"}]}]}},"_links":{"self":[{"href":"https:\/\/admincentral.selleetools.com\/pl\/wp-json\/wp\/v2\/product\/605970"}],"collection":[{"href":"https:\/\/admincentral.selleetools.com\/pl\/wp-json\/wp\/v2\/product"}],"about":[{"href":"https:\/\/admincentral.selleetools.com\/pl\/wp-json\/wp\/v2\/types\/product"}],"replies":[{"embeddable":true,"href":"https:\/\/admincentral.selleetools.com\/pl\/wp-json\/wp\/v2\/comments?post=605970"}],"wp:featuredmedia":[{"embeddable":true,"href":"https:\/\/admincentral.selleetools.com\/pl\/wp-json\/wp\/v2\/media\/605968"}],"wp:attachment":[{"href":"https:\/\/admincentral.selleetools.com\/pl\/wp-json\/wp\/v2\/media?parent=605970"}],"curies":[{"name":"wp","href":"https:\/\/api.w.org\/{rel}","templated":true}]}}