{"id":606015,"date":"2025-10-24T13:44:31","date_gmt":"2025-10-24T11:44:31","guid":{"rendered":"https:\/\/selleetools.com\/?post_type=product&#038;p=606015"},"modified":"2025-11-04T20:43:41","modified_gmt":"2025-11-04T19:43:41","slug":"pyunkang-yul-brightening-blemish-care-serum-30-ml-rozjasniajace-serum-do-twarzy","status":"publish","type":"product","link":"https:\/\/admincentral.selleetools.com\/pl\/product\/pyunkang-yul-brightening-blemish-care-serum-30-ml-rozjasniajace-serum-do-twarzy\/","title":{"rendered":"Pyunkang yul Brightening Blemish Care Serum, 30 ml &#8211; rozja\u015bniaj\u0105ce serum do twarzy"},"content":{"rendered":"<p>Pyunkang Yul Brightening Blemish Care Serum to lekkie serum rozja\u015bniaj\u0105ce, stworzone z my\u015bl\u0105 o piel\u0119gnacji sk\u00f3ry z przebarwieniami, nier\u00f3wnym kolorytem i oznakami zm\u0119czenia. Formu\u0142a oparta na niacynamidzie, witaminie C i ekstrakcie z pere\u0142 wspiera rozja\u015bnianie plam pigmentacyjnych i dodaje cerze naturalnego blasku. Serum zapewnia r\u00f3wnowag\u0119 mi\u0119dzy dzia\u0142aniem roz\u015bwietlaj\u0105cym, \u0142agodz\u0105cym i nawil\u017caj\u0105cym, co czyni je odpowiednim nawet dla sk\u00f3ry wra\u017cliwej.<\/p>\n<p>Korzy\u015bci dla sk\u00f3ry:<br \/>\nRozja\u015bnia przebarwienia i ujednolica koloryt cery<br \/>\nWzmacnia naturalny blask i \u015bwie\u017co\u015b\u0107 sk\u00f3ry<br \/>\nDzia\u0142a nawil\u017caj\u0105co i wspiera barier\u0119 ochronn\u0105<br \/>\n\u0141agodzi podra\u017cnienia i wyg\u0142adza struktur\u0119 sk\u00f3ry<br \/>\nPomaga poprawi\u0107 og\u00f3lny wygl\u0105d i tekstur\u0119 cery<\/p>\n<p>Spos\u00f3b u\u017cycia: Po oczyszczeniu i tonizacji na\u0142\u00f3\u017c 2\u20133 krople serum na sk\u00f3r\u0119 twarzy. Delikatnie wklep a\u017c do ca\u0142kowitego wch\u0142oni\u0119cia. Stosuj codziennie rano i\/lub wieczorem. W ci\u0105gu dnia pami\u0119taj o zastosowaniu kremu z filtrem.<\/p>\n","protected":false},"excerpt":{"rendered":"<p>Pyunkang Yul Brightening Blemish Care Serum to lekkie serum rozja\u015bniaj\u0105ce, stworzone z my\u015bl\u0105 o piel\u0119gnacji sk\u00f3ry z przebarwieniami, nier\u00f3wnym kolorytem i oznakami zm\u0119czenia. Formu\u0142a oparta na niacynamidzie, witaminie C i ekstrakcie z pere\u0142 wspiera rozja\u015bnianie plam pigmentacyjnych i dodaje cerze naturalnego blasku. Serum zapewnia r\u00f3wnowag\u0119 mi\u0119dzy dzia\u0142aniem roz\u015bwietlaj\u0105cym, \u0142agodz\u0105cym i nawil\u017caj\u0105cym, co czyni je odpowiednim &#8230; <a title=\"Pyunkang yul Brightening Blemish Care Serum, 30 ml &#8211; rozja\u015bniaj\u0105ce serum do twarzy\" class=\"read-more\" href=\"https:\/\/admincentral.selleetools.com\/pl\/product\/pyunkang-yul-brightening-blemish-care-serum-30-ml-rozjasniajace-serum-do-twarzy\/\">Read more<span class=\"screen-reader-text\">Pyunkang yul Brightening Blemish Care Serum, 30 ml &#8211; rozja\u015bniaj\u0105ce serum do twarzy<\/span><\/a><\/p>\n","protected":false},"featured_media":606013,"comment_status":"open","ping_status":"closed","template":"","meta":{"_links_to":"","_links_to_target":""},"yoast_head":"<!-- This site is optimized with the Yoast SEO plugin v19.4 - https:\/\/yoast.com\/wordpress\/plugins\/seo\/ -->\n<title>Pyunkang yul Brightening Blemish Care Serum, 30 ml - rozja\u015bniaj\u0105ce serum do twarzy - Selleetools.com<\/title>\n<meta name=\"robots\" content=\"index, follow, max-snippet:-1, max-image-preview:large, max-video-preview:-1\" \/>\n<link rel=\"canonical\" href=\"https:\/\/selleetools.com\/pl\/product\/pyunkang-yul-brightening-blemish-care-serum-30-ml-rozjasniajace-serum-do-twarzy\/\" \/>\n<meta property=\"og:locale\" content=\"pl_PL\" \/>\n<meta property=\"og:type\" content=\"article\" \/>\n<meta property=\"og:title\" content=\"Pyunkang yul Brightening Blemish Care Serum, 30 ml - rozja\u015bniaj\u0105ce serum do twarzy - Selleetools.com\" \/>\n<meta property=\"og:description\" content=\"Pyunkang Yul Brightening Blemish Care Serum to lekkie serum rozja\u015bniaj\u0105ce, stworzone z my\u015bl\u0105 o piel\u0119gnacji sk\u00f3ry z przebarwieniami, nier\u00f3wnym kolorytem i oznakami zm\u0119czenia. Formu\u0142a oparta na niacynamidzie, witaminie C i ekstrakcie z pere\u0142 wspiera rozja\u015bnianie plam pigmentacyjnych i dodaje cerze naturalnego blasku. Serum zapewnia r\u00f3wnowag\u0119 mi\u0119dzy dzia\u0142aniem roz\u015bwietlaj\u0105cym, \u0142agodz\u0105cym i nawil\u017caj\u0105cym, co czyni je odpowiednim ... Read morePyunkang yul Brightening Blemish Care Serum, 30 ml &#8211; rozja\u015bniaj\u0105ce serum do twarzy\" \/>\n<meta property=\"og:url\" content=\"https:\/\/selleetools.com\/pl\/product\/pyunkang-yul-brightening-blemish-care-serum-30-ml-rozjasniajace-serum-do-twarzy\/\" \/>\n<meta property=\"og:site_name\" content=\"Selleetools.com\" \/>\n<meta property=\"article:modified_time\" content=\"2025-11-04T19:43:41+00:00\" \/>\n<meta property=\"og:image\" content=\"https:\/\/selleetools.com\/wp-content\/uploads\/2025\/10\/ec3518cb3f65da9a3b4941a8c4bc3ebd.jpg\" \/>\n\t<meta property=\"og:image:width\" content=\"1200\" \/>\n\t<meta property=\"og:image:height\" content=\"1200\" \/>\n\t<meta property=\"og:image:type\" content=\"image\/jpeg\" \/>\n<meta name=\"twitter:card\" content=\"summary_large_image\" \/>\n<meta name=\"twitter:label1\" content=\"Est. reading time\" \/>\n\t<meta name=\"twitter:data1\" content=\"1 minuta\" \/>\n<!-- \/ Yoast SEO plugin. -->","yoast_head_json":{"title":"Pyunkang yul Brightening Blemish Care Serum, 30 ml - rozja\u015bniaj\u0105ce serum do twarzy - Selleetools.com","robots":{"index":"index","follow":"follow","max-snippet":"max-snippet:-1","max-image-preview":"max-image-preview:large","max-video-preview":"max-video-preview:-1"},"canonical":"https:\/\/selleetools.com\/pl\/product\/pyunkang-yul-brightening-blemish-care-serum-30-ml-rozjasniajace-serum-do-twarzy\/","og_locale":"pl_PL","og_type":"article","og_title":"Pyunkang yul Brightening Blemish Care Serum, 30 ml - rozja\u015bniaj\u0105ce serum do twarzy - Selleetools.com","og_description":"Pyunkang Yul Brightening Blemish Care Serum to lekkie serum rozja\u015bniaj\u0105ce, stworzone z my\u015bl\u0105 o piel\u0119gnacji sk\u00f3ry z przebarwieniami, nier\u00f3wnym kolorytem i oznakami zm\u0119czenia. Formu\u0142a oparta na niacynamidzie, witaminie C i ekstrakcie z pere\u0142 wspiera rozja\u015bnianie plam pigmentacyjnych i dodaje cerze naturalnego blasku. Serum zapewnia r\u00f3wnowag\u0119 mi\u0119dzy dzia\u0142aniem roz\u015bwietlaj\u0105cym, \u0142agodz\u0105cym i nawil\u017caj\u0105cym, co czyni je odpowiednim ... Read morePyunkang yul Brightening Blemish Care Serum, 30 ml &#8211; rozja\u015bniaj\u0105ce serum do twarzy","og_url":"https:\/\/selleetools.com\/pl\/product\/pyunkang-yul-brightening-blemish-care-serum-30-ml-rozjasniajace-serum-do-twarzy\/","og_site_name":"Selleetools.com","article_modified_time":"2025-11-04T19:43:41+00:00","og_image":[{"width":1200,"height":1200,"url":"https:\/\/selleetools.com\/wp-content\/uploads\/2025\/10\/ec3518cb3f65da9a3b4941a8c4bc3ebd.jpg","type":"image\/jpeg"}],"twitter_card":"summary_large_image","twitter_misc":{"Est. reading time":"1 minuta"},"schema":{"@context":"https:\/\/schema.org","@graph":[{"@type":"Organization","@id":"https:\/\/selleetools.com\/#organization","name":"Selleetools","url":"https:\/\/selleetools.com\/","sameAs":[],"logo":{"@type":"ImageObject","inLanguage":"pl-PL","@id":"https:\/\/selleetools.com\/#\/schema\/logo\/image\/","url":"https:\/\/selleetools.com\/wp-content\/uploads\/2021\/10\/logo-dark.png","contentUrl":"https:\/\/selleetools.com\/wp-content\/uploads\/2021\/10\/logo-dark.png","width":320,"height":76,"caption":"Selleetools"},"image":{"@id":"https:\/\/selleetools.com\/#\/schema\/logo\/image\/"}},{"@type":"WebSite","@id":"https:\/\/selleetools.com\/#website","url":"https:\/\/selleetools.com\/","name":"Selleetools.com","description":"","publisher":{"@id":"https:\/\/selleetools.com\/#organization"},"potentialAction":[{"@type":"SearchAction","target":{"@type":"EntryPoint","urlTemplate":"https:\/\/selleetools.com\/?s={search_term_string}"},"query-input":"required name=search_term_string"}],"inLanguage":"pl-PL"},{"@type":"WebPage","@id":"https:\/\/selleetools.com\/pl\/product\/pyunkang-yul-brightening-blemish-care-serum-30-ml-rozjasniajace-serum-do-twarzy\/","url":"https:\/\/selleetools.com\/pl\/product\/pyunkang-yul-brightening-blemish-care-serum-30-ml-rozjasniajace-serum-do-twarzy\/","name":"Pyunkang yul Brightening Blemish Care Serum, 30 ml - rozja\u015bniaj\u0105ce serum do twarzy - Selleetools.com","isPartOf":{"@id":"https:\/\/selleetools.com\/#website"},"datePublished":"2025-10-24T11:44:31+00:00","dateModified":"2025-11-04T19:43:41+00:00","breadcrumb":{"@id":"https:\/\/selleetools.com\/pl\/product\/pyunkang-yul-brightening-blemish-care-serum-30-ml-rozjasniajace-serum-do-twarzy\/#breadcrumb"},"inLanguage":"pl-PL","potentialAction":[{"@type":"ReadAction","target":["https:\/\/selleetools.com\/pl\/product\/pyunkang-yul-brightening-blemish-care-serum-30-ml-rozjasniajace-serum-do-twarzy\/"]}]},{"@type":"BreadcrumbList","@id":"https:\/\/selleetools.com\/pl\/product\/pyunkang-yul-brightening-blemish-care-serum-30-ml-rozjasniajace-serum-do-twarzy\/#breadcrumb","itemListElement":[{"@type":"ListItem","position":1,"name":"Home","item":"https:\/\/selleetools.com\/pl\/"},{"@type":"ListItem","position":2,"name":"Katalog","item":"https:\/\/selleetools.com\/pl\/katalog\/"},{"@type":"ListItem","position":3,"name":"Pyunkang yul Brightening Blemish Care Serum, 30 ml &#8211; rozja\u015bniaj\u0105ce serum do twarzy"}]}]}},"_links":{"self":[{"href":"https:\/\/admincentral.selleetools.com\/pl\/wp-json\/wp\/v2\/product\/606015"}],"collection":[{"href":"https:\/\/admincentral.selleetools.com\/pl\/wp-json\/wp\/v2\/product"}],"about":[{"href":"https:\/\/admincentral.selleetools.com\/pl\/wp-json\/wp\/v2\/types\/product"}],"replies":[{"embeddable":true,"href":"https:\/\/admincentral.selleetools.com\/pl\/wp-json\/wp\/v2\/comments?post=606015"}],"wp:featuredmedia":[{"embeddable":true,"href":"https:\/\/admincentral.selleetools.com\/pl\/wp-json\/wp\/v2\/media\/606013"}],"wp:attachment":[{"href":"https:\/\/admincentral.selleetools.com\/pl\/wp-json\/wp\/v2\/media?parent=606015"}],"curies":[{"name":"wp","href":"https:\/\/api.w.org\/{rel}","templated":true}]}}