{"id":606060,"date":"2025-10-24T13:45:13","date_gmt":"2025-10-24T11:45:13","guid":{"rendered":"https:\/\/selleetools.com\/?post_type=product&#038;p=606060"},"modified":"2026-02-25T19:13:19","modified_gmt":"2026-02-25T18:13:19","slug":"nine-less-mela-pro-tranexamic-acid-serum-30-ml-rozjasniajace-serum-do-twarzy","status":"publish","type":"product","link":"https:\/\/admincentral.selleetools.com\/pl\/product\/nine-less-mela-pro-tranexamic-acid-serum-30-ml-rozjasniajace-serum-do-twarzy\/","title":{"rendered":"NINE LESS MELA-PRO Tranexamic Acid Serum 30 ml &#8211; rozja\u015bniaj\u0105ce serum do twarzy"},"content":{"rendered":"<p><b>NINE LESS MELA-PRO Tranexamic Acid Serum, 30ml <\/b>to skoncentrowane serum stworzone z my\u015bl\u0105 o rozja\u015bnieniu przebarwie\u0144 i poprawie og\u00f3lnego kolorytu sk\u00f3ry. G\u0142\u00f3wnym sk\u0142adnikiem serum jest kwas traneksamowy (TXA), znany ze swoich silnych w\u0142a\u015bciwo\u015bci rozja\u015bniaj\u0105cych, kt\u00f3ry pomaga redukowa\u0107 widoczno\u015b\u0107 ciemnych plam i wyr\u00f3wnuje koloryt cery. Serum dzia\u0142a r\u00f3wnie\u017c na zmniejszenie zaczerwienie\u0144 oraz zapobiega powstawaniu nowych przebarwie\u0144, przywracaj\u0105c sk\u00f3rze jej naturalny blask.<\/p>\n<p><strong>Korzy\u015bci dla sk\u00f3ry:<\/strong><\/p>\n<ul>\n<li>Skuteczne rozja\u015bnienie przebarwie\u0144 i plam pigmentacyjnych.<\/li>\n<li>Wyr\u00f3wnanie kolorytu sk\u00f3ry i przywr\u00f3cenie jej zdrowego blasku.<\/li>\n<li>Zmniejszenie zaczerwienie\u0144 oraz zapobieganie powstawaniu nowych przebarwie\u0144.<\/li>\n<li>Skuteczno\u015b\u0107 w piel\u0119gnacji sk\u00f3ry wra\u017cliwej i sk\u0142onnej do przebarwie\u0144.<\/li>\n<\/ul>\n<p><strong>Spos\u00f3b u\u017cycia:<\/strong><\/p>\n<ol>\n<li>Po oczyszczeniu i tonizowaniu sk\u00f3ry, na\u0142\u00f3\u017c kilka kropli serum na twarz.<\/li>\n<li>Delikatnie wmasuj serum w sk\u00f3r\u0119, szczeg\u00f3lnie w obszary z przebarwieniami.<\/li>\n<li>Pozw\u00f3l serum ca\u0142kowicie si\u0119 wch\u0142on\u0105\u0107, a nast\u0119pnie na\u0142\u00f3\u017c krem.<\/li>\n<li>Stosuj serum wieczorem, a w ci\u0105gu dnia pami\u0119taj o ochronie przeciws\u0142onecznej, aby zwi\u0119kszy\u0107 skuteczno\u015b\u0107 dzia\u0142ania i chroni\u0107 sk\u00f3r\u0119 przed promieniowaniem UV.<\/li>\n<\/ol>\n","protected":false},"excerpt":{"rendered":"<p>NINE LESS MELA-PRO Tranexamic Acid Serum, 30ml to skoncentrowane serum stworzone z my\u015bl\u0105 o rozja\u015bnieniu przebarwie\u0144 i poprawie og\u00f3lnego kolorytu sk\u00f3ry. G\u0142\u00f3wnym sk\u0142adnikiem serum jest kwas traneksamowy (TXA), znany ze swoich silnych w\u0142a\u015bciwo\u015bci rozja\u015bniaj\u0105cych, kt\u00f3ry pomaga redukowa\u0107 widoczno\u015b\u0107 ciemnych plam i wyr\u00f3wnuje koloryt cery. Serum dzia\u0142a r\u00f3wnie\u017c na zmniejszenie zaczerwienie\u0144 oraz zapobiega powstawaniu nowych przebarwie\u0144, &#8230; <a title=\"NINE LESS MELA-PRO Tranexamic Acid Serum 30 ml &#8211; rozja\u015bniaj\u0105ce serum do twarzy\" class=\"read-more\" href=\"https:\/\/admincentral.selleetools.com\/pl\/product\/nine-less-mela-pro-tranexamic-acid-serum-30-ml-rozjasniajace-serum-do-twarzy\/\">Read more<span class=\"screen-reader-text\">NINE LESS MELA-PRO Tranexamic Acid Serum 30 ml &#8211; rozja\u015bniaj\u0105ce serum do twarzy<\/span><\/a><\/p>\n","protected":false},"featured_media":606058,"comment_status":"open","ping_status":"closed","template":"","meta":{"_links_to":"","_links_to_target":""},"yoast_head":"<!-- This site is optimized with the Yoast SEO plugin v19.4 - https:\/\/yoast.com\/wordpress\/plugins\/seo\/ -->\n<title>NINE LESS MELA-PRO Tranexamic Acid Serum 30 ml - rozja\u015bniaj\u0105ce serum do twarzy - Selleetools.com<\/title>\n<meta name=\"robots\" content=\"index, follow, max-snippet:-1, max-image-preview:large, max-video-preview:-1\" \/>\n<link rel=\"canonical\" href=\"https:\/\/admincentral.selleetools.com\/pl\/product\/nine-less-mela-pro-tranexamic-acid-serum-30-ml-rozjasniajace-serum-do-twarzy\/\" \/>\n<meta property=\"og:locale\" content=\"pl_PL\" \/>\n<meta property=\"og:type\" content=\"article\" \/>\n<meta property=\"og:title\" content=\"NINE LESS MELA-PRO Tranexamic Acid Serum 30 ml - rozja\u015bniaj\u0105ce serum do twarzy - Selleetools.com\" \/>\n<meta property=\"og:description\" content=\"NINE LESS MELA-PRO Tranexamic Acid Serum, 30ml to skoncentrowane serum stworzone z my\u015bl\u0105 o rozja\u015bnieniu przebarwie\u0144 i poprawie og\u00f3lnego kolorytu sk\u00f3ry. G\u0142\u00f3wnym sk\u0142adnikiem serum jest kwas traneksamowy (TXA), znany ze swoich silnych w\u0142a\u015bciwo\u015bci rozja\u015bniaj\u0105cych, kt\u00f3ry pomaga redukowa\u0107 widoczno\u015b\u0107 ciemnych plam i wyr\u00f3wnuje koloryt cery. Serum dzia\u0142a r\u00f3wnie\u017c na zmniejszenie zaczerwienie\u0144 oraz zapobiega powstawaniu nowych przebarwie\u0144, ... Read moreNINE LESS MELA-PRO Tranexamic Acid Serum 30 ml &#8211; rozja\u015bniaj\u0105ce serum do twarzy\" \/>\n<meta property=\"og:url\" content=\"https:\/\/admincentral.selleetools.com\/pl\/product\/nine-less-mela-pro-tranexamic-acid-serum-30-ml-rozjasniajace-serum-do-twarzy\/\" \/>\n<meta property=\"og:site_name\" content=\"Selleetools.com\" \/>\n<meta property=\"article:modified_time\" content=\"2026-02-25T18:13:19+00:00\" \/>\n<meta property=\"og:image\" content=\"https:\/\/selleetools.com\/wp-content\/uploads\/2025\/10\/3a127ed11717e67543ec887210cda834.jpg\" \/>\n\t<meta property=\"og:image:width\" content=\"1200\" \/>\n\t<meta property=\"og:image:height\" content=\"1200\" \/>\n\t<meta property=\"og:image:type\" content=\"image\/jpeg\" \/>\n<meta name=\"twitter:card\" content=\"summary_large_image\" \/>\n<meta name=\"twitter:label1\" content=\"Est. reading time\" \/>\n\t<meta name=\"twitter:data1\" content=\"1 minuta\" \/>\n<!-- \/ Yoast SEO plugin. -->","yoast_head_json":{"title":"NINE LESS MELA-PRO Tranexamic Acid Serum 30 ml - rozja\u015bniaj\u0105ce serum do twarzy - Selleetools.com","robots":{"index":"index","follow":"follow","max-snippet":"max-snippet:-1","max-image-preview":"max-image-preview:large","max-video-preview":"max-video-preview:-1"},"canonical":"https:\/\/admincentral.selleetools.com\/pl\/product\/nine-less-mela-pro-tranexamic-acid-serum-30-ml-rozjasniajace-serum-do-twarzy\/","og_locale":"pl_PL","og_type":"article","og_title":"NINE LESS MELA-PRO Tranexamic Acid Serum 30 ml - rozja\u015bniaj\u0105ce serum do twarzy - Selleetools.com","og_description":"NINE LESS MELA-PRO Tranexamic Acid Serum, 30ml to skoncentrowane serum stworzone z my\u015bl\u0105 o rozja\u015bnieniu przebarwie\u0144 i poprawie og\u00f3lnego kolorytu sk\u00f3ry. G\u0142\u00f3wnym sk\u0142adnikiem serum jest kwas traneksamowy (TXA), znany ze swoich silnych w\u0142a\u015bciwo\u015bci rozja\u015bniaj\u0105cych, kt\u00f3ry pomaga redukowa\u0107 widoczno\u015b\u0107 ciemnych plam i wyr\u00f3wnuje koloryt cery. Serum dzia\u0142a r\u00f3wnie\u017c na zmniejszenie zaczerwienie\u0144 oraz zapobiega powstawaniu nowych przebarwie\u0144, ... Read moreNINE LESS MELA-PRO Tranexamic Acid Serum 30 ml &#8211; rozja\u015bniaj\u0105ce serum do twarzy","og_url":"https:\/\/admincentral.selleetools.com\/pl\/product\/nine-less-mela-pro-tranexamic-acid-serum-30-ml-rozjasniajace-serum-do-twarzy\/","og_site_name":"Selleetools.com","article_modified_time":"2026-02-25T18:13:19+00:00","og_image":[{"width":1200,"height":1200,"url":"https:\/\/selleetools.com\/wp-content\/uploads\/2025\/10\/3a127ed11717e67543ec887210cda834.jpg","type":"image\/jpeg"}],"twitter_card":"summary_large_image","twitter_misc":{"Est. reading time":"1 minuta"},"schema":{"@context":"https:\/\/schema.org","@graph":[{"@type":"Organization","@id":"https:\/\/selleetools.com\/#organization","name":"Selleetools","url":"https:\/\/selleetools.com\/","sameAs":[],"logo":{"@type":"ImageObject","inLanguage":"pl-PL","@id":"https:\/\/selleetools.com\/#\/schema\/logo\/image\/","url":"https:\/\/selleetools.com\/wp-content\/uploads\/2021\/10\/logo-dark.png","contentUrl":"https:\/\/selleetools.com\/wp-content\/uploads\/2021\/10\/logo-dark.png","width":320,"height":76,"caption":"Selleetools"},"image":{"@id":"https:\/\/selleetools.com\/#\/schema\/logo\/image\/"}},{"@type":"WebSite","@id":"https:\/\/selleetools.com\/#website","url":"https:\/\/selleetools.com\/","name":"Selleetools.com","description":"","publisher":{"@id":"https:\/\/selleetools.com\/#organization"},"potentialAction":[{"@type":"SearchAction","target":{"@type":"EntryPoint","urlTemplate":"https:\/\/selleetools.com\/?s={search_term_string}"},"query-input":"required name=search_term_string"}],"inLanguage":"pl-PL"},{"@type":"WebPage","@id":"https:\/\/admincentral.selleetools.com\/pl\/product\/nine-less-mela-pro-tranexamic-acid-serum-30-ml-rozjasniajace-serum-do-twarzy\/","url":"https:\/\/admincentral.selleetools.com\/pl\/product\/nine-less-mela-pro-tranexamic-acid-serum-30-ml-rozjasniajace-serum-do-twarzy\/","name":"NINE LESS MELA-PRO Tranexamic Acid Serum 30 ml - rozja\u015bniaj\u0105ce serum do twarzy - Selleetools.com","isPartOf":{"@id":"https:\/\/selleetools.com\/#website"},"datePublished":"2025-10-24T11:45:13+00:00","dateModified":"2026-02-25T18:13:19+00:00","breadcrumb":{"@id":"https:\/\/admincentral.selleetools.com\/pl\/product\/nine-less-mela-pro-tranexamic-acid-serum-30-ml-rozjasniajace-serum-do-twarzy\/#breadcrumb"},"inLanguage":"pl-PL","potentialAction":[{"@type":"ReadAction","target":["https:\/\/admincentral.selleetools.com\/pl\/product\/nine-less-mela-pro-tranexamic-acid-serum-30-ml-rozjasniajace-serum-do-twarzy\/"]}]},{"@type":"BreadcrumbList","@id":"https:\/\/admincentral.selleetools.com\/pl\/product\/nine-less-mela-pro-tranexamic-acid-serum-30-ml-rozjasniajace-serum-do-twarzy\/#breadcrumb","itemListElement":[{"@type":"ListItem","position":1,"name":"Home","item":"https:\/\/selleetools.com\/pl\/"},{"@type":"ListItem","position":2,"name":"Katalog","item":"https:\/\/selleetools.com\/pl\/katalog\/"},{"@type":"ListItem","position":3,"name":"NINE LESS MELA-PRO Tranexamic Acid Serum 30 ml &#8211; rozja\u015bniaj\u0105ce serum do twarzy"}]}]}},"_links":{"self":[{"href":"https:\/\/admincentral.selleetools.com\/pl\/wp-json\/wp\/v2\/product\/606060"}],"collection":[{"href":"https:\/\/admincentral.selleetools.com\/pl\/wp-json\/wp\/v2\/product"}],"about":[{"href":"https:\/\/admincentral.selleetools.com\/pl\/wp-json\/wp\/v2\/types\/product"}],"replies":[{"embeddable":true,"href":"https:\/\/admincentral.selleetools.com\/pl\/wp-json\/wp\/v2\/comments?post=606060"}],"wp:featuredmedia":[{"embeddable":true,"href":"https:\/\/admincentral.selleetools.com\/pl\/wp-json\/wp\/v2\/media\/606058"}],"wp:attachment":[{"href":"https:\/\/admincentral.selleetools.com\/pl\/wp-json\/wp\/v2\/media?parent=606060"}],"curies":[{"name":"wp","href":"https:\/\/api.w.org\/{rel}","templated":true}]}}