{"id":606069,"date":"2025-10-24T13:45:20","date_gmt":"2025-10-24T11:45:20","guid":{"rendered":"https:\/\/selleetools.com\/?post_type=product&#038;p=606069"},"modified":"2025-11-04T20:45:26","modified_gmt":"2025-11-04T19:45:26","slug":"vt-cosmetics-reedle-shot-lifting-mask-23-g-liftingujaca-maska-do-twarzy","status":"publish","type":"product","link":"https:\/\/admincentral.selleetools.com\/pl\/product\/vt-cosmetics-reedle-shot-lifting-mask-23-g-liftingujaca-maska-do-twarzy\/","title":{"rendered":"VT Cosmetics Reedle Shot Lifting Mask, 23 g &#8211; liftinguj\u0105ca maska do twarzy"},"content":{"rendered":"<p>VT Cosmetics Reedle Shot Lifting Mask, 23g to zaawansowana maseczka w p\u0142achcie zaprojektowana, aby zapewni\u0107 sk\u00f3rze efekt liftingu i uj\u0119drnienia. Maska zawiera mikroskopijne igie\u0142ki (reedle), kt\u00f3re delikatnie stymuluj\u0105 sk\u00f3r\u0119, umo\u017cliwiaj\u0105c g\u0142\u0119bsze przenikanie sk\u0142adnik\u00f3w aktywnych, takich jak peptydy i kolagen. Te sk\u0142adniki pomagaj\u0105 poprawi\u0107 elastyczno\u015b\u0107 sk\u00f3ry, redukuj\u0105c widoczno\u015b\u0107 drobnych zmarszczek i linii mimicznych, jednocze\u015bnie nadaj\u0105c sk\u00f3rze j\u0119drniejszy i bardziej napi\u0119ty wygl\u0105d.<\/p>\n<p> Korzy\u015bci dla sk\u00f3ry:<br \/>\n Efekt liftingu: Maska pomaga unie\u015b\u0107 i uj\u0119drni\u0107 sk\u00f3r\u0119, przywracaj\u0105c jej m\u0142odszy wygl\u0105d.<br \/>\n Redukcja zmarszczek: Zawarto\u015b\u0107 peptyd\u00f3w i kolagenu dzia\u0142a na wyg\u0142adzenie drobnych zmarszczek i linii mimicznych.<br \/>\n Stymulacja sk\u00f3ry: Mikroskopijne igie\u0142ki wspomagaj\u0105 lepsze wch\u0142anianie sk\u0142adnik\u00f3w od\u017cywczych, poprawiaj\u0105c efektywno\u015b\u0107 maski.<br \/>\n Poprawa elastyczno\u015bci: Sk\u00f3ra staje si\u0119 bardziej spr\u0119\u017cysta, napi\u0119ta i pe\u0142na energii.<br \/>\n Natychmiastowy efekt: Ju\u017c po pierwszym u\u017cyciu sk\u00f3ra wygl\u0105da na bardziej napi\u0119t\u0105 i wyg\u0142adzon\u0105.<\/p>\n<p> Spos\u00f3b u\u017cycia:<br \/>\n Po oczyszczeniu twarzy, wyjmij maseczk\u0119 z opakowania.<br \/>\n Delikatnie na\u0142\u00f3\u017c maseczk\u0119 na twarz, dopasowuj\u0105c j\u0105 do kontur\u00f3w.<br \/>\n Pozostaw na sk\u00f3rze na 15-20 minut, aby sk\u0142adniki aktywne mog\u0142y zadzia\u0142a\u0107.<br \/>\n Po zdj\u0119ciu maski, delikatnie wmasuj pozosta\u0142\u0105 esencj\u0119 w sk\u00f3r\u0119, a\u017c do ca\u0142kowitego wch\u0142oni\u0119cia.<br \/>\n Stosuj mask\u0119 regularnie, aby uzyska\u0107 trwa\u0142e efekty liftinguj\u0105ce i uj\u0119drniaj\u0105ce.<\/p>\n","protected":false},"excerpt":{"rendered":"<p>VT Cosmetics Reedle Shot Lifting Mask, 23g to zaawansowana maseczka w p\u0142achcie zaprojektowana, aby zapewni\u0107 sk\u00f3rze efekt liftingu i uj\u0119drnienia. Maska zawiera mikroskopijne igie\u0142ki (reedle), kt\u00f3re delikatnie stymuluj\u0105 sk\u00f3r\u0119, umo\u017cliwiaj\u0105c g\u0142\u0119bsze przenikanie sk\u0142adnik\u00f3w aktywnych, takich jak peptydy i kolagen. Te sk\u0142adniki pomagaj\u0105 poprawi\u0107 elastyczno\u015b\u0107 sk\u00f3ry, redukuj\u0105c widoczno\u015b\u0107 drobnych zmarszczek i linii mimicznych, jednocze\u015bnie nadaj\u0105c sk\u00f3rze &#8230; <a title=\"VT Cosmetics Reedle Shot Lifting Mask, 23 g &#8211; liftinguj\u0105ca maska do twarzy\" class=\"read-more\" href=\"https:\/\/admincentral.selleetools.com\/pl\/product\/vt-cosmetics-reedle-shot-lifting-mask-23-g-liftingujaca-maska-do-twarzy\/\">Read more<span class=\"screen-reader-text\">VT Cosmetics Reedle Shot Lifting Mask, 23 g &#8211; liftinguj\u0105ca maska do twarzy<\/span><\/a><\/p>\n","protected":false},"featured_media":606067,"comment_status":"open","ping_status":"closed","template":"","meta":{"_links_to":"","_links_to_target":""},"yoast_head":"<!-- This site is optimized with the Yoast SEO plugin v19.4 - https:\/\/yoast.com\/wordpress\/plugins\/seo\/ -->\n<title>VT Cosmetics Reedle Shot Lifting Mask, 23 g - liftinguj\u0105ca maska do twarzy - Selleetools.com<\/title>\n<meta name=\"robots\" content=\"index, follow, max-snippet:-1, max-image-preview:large, max-video-preview:-1\" \/>\n<link rel=\"canonical\" href=\"https:\/\/admincentral.selleetools.com\/pl\/product\/vt-cosmetics-reedle-shot-lifting-mask-23-g-liftingujaca-maska-do-twarzy\/\" \/>\n<meta property=\"og:locale\" content=\"pl_PL\" \/>\n<meta property=\"og:type\" content=\"article\" \/>\n<meta property=\"og:title\" content=\"VT Cosmetics Reedle Shot Lifting Mask, 23 g - liftinguj\u0105ca maska do twarzy - Selleetools.com\" \/>\n<meta property=\"og:description\" content=\"VT Cosmetics Reedle Shot Lifting Mask, 23g to zaawansowana maseczka w p\u0142achcie zaprojektowana, aby zapewni\u0107 sk\u00f3rze efekt liftingu i uj\u0119drnienia. Maska zawiera mikroskopijne igie\u0142ki (reedle), kt\u00f3re delikatnie stymuluj\u0105 sk\u00f3r\u0119, umo\u017cliwiaj\u0105c g\u0142\u0119bsze przenikanie sk\u0142adnik\u00f3w aktywnych, takich jak peptydy i kolagen. Te sk\u0142adniki pomagaj\u0105 poprawi\u0107 elastyczno\u015b\u0107 sk\u00f3ry, redukuj\u0105c widoczno\u015b\u0107 drobnych zmarszczek i linii mimicznych, jednocze\u015bnie nadaj\u0105c sk\u00f3rze ... Read moreVT Cosmetics Reedle Shot Lifting Mask, 23 g &#8211; liftinguj\u0105ca maska do twarzy\" \/>\n<meta property=\"og:url\" content=\"https:\/\/admincentral.selleetools.com\/pl\/product\/vt-cosmetics-reedle-shot-lifting-mask-23-g-liftingujaca-maska-do-twarzy\/\" \/>\n<meta property=\"og:site_name\" content=\"Selleetools.com\" \/>\n<meta property=\"article:modified_time\" content=\"2025-11-04T19:45:26+00:00\" \/>\n<meta property=\"og:image\" content=\"https:\/\/selleetools.com\/wp-content\/uploads\/2025\/10\/41f6f91063817222ae7896adc996037a.jpg\" \/>\n\t<meta property=\"og:image:width\" content=\"1000\" \/>\n\t<meta property=\"og:image:height\" content=\"1000\" \/>\n\t<meta property=\"og:image:type\" content=\"image\/jpeg\" \/>\n<meta name=\"twitter:card\" content=\"summary_large_image\" \/>\n<meta name=\"twitter:label1\" content=\"Est. reading time\" \/>\n\t<meta name=\"twitter:data1\" content=\"1 minuta\" \/>\n<!-- \/ Yoast SEO plugin. -->","yoast_head_json":{"title":"VT Cosmetics Reedle Shot Lifting Mask, 23 g - liftinguj\u0105ca maska do twarzy - Selleetools.com","robots":{"index":"index","follow":"follow","max-snippet":"max-snippet:-1","max-image-preview":"max-image-preview:large","max-video-preview":"max-video-preview:-1"},"canonical":"https:\/\/admincentral.selleetools.com\/pl\/product\/vt-cosmetics-reedle-shot-lifting-mask-23-g-liftingujaca-maska-do-twarzy\/","og_locale":"pl_PL","og_type":"article","og_title":"VT Cosmetics Reedle Shot Lifting Mask, 23 g - liftinguj\u0105ca maska do twarzy - Selleetools.com","og_description":"VT Cosmetics Reedle Shot Lifting Mask, 23g to zaawansowana maseczka w p\u0142achcie zaprojektowana, aby zapewni\u0107 sk\u00f3rze efekt liftingu i uj\u0119drnienia. Maska zawiera mikroskopijne igie\u0142ki (reedle), kt\u00f3re delikatnie stymuluj\u0105 sk\u00f3r\u0119, umo\u017cliwiaj\u0105c g\u0142\u0119bsze przenikanie sk\u0142adnik\u00f3w aktywnych, takich jak peptydy i kolagen. Te sk\u0142adniki pomagaj\u0105 poprawi\u0107 elastyczno\u015b\u0107 sk\u00f3ry, redukuj\u0105c widoczno\u015b\u0107 drobnych zmarszczek i linii mimicznych, jednocze\u015bnie nadaj\u0105c sk\u00f3rze ... Read moreVT Cosmetics Reedle Shot Lifting Mask, 23 g &#8211; liftinguj\u0105ca maska do twarzy","og_url":"https:\/\/admincentral.selleetools.com\/pl\/product\/vt-cosmetics-reedle-shot-lifting-mask-23-g-liftingujaca-maska-do-twarzy\/","og_site_name":"Selleetools.com","article_modified_time":"2025-11-04T19:45:26+00:00","og_image":[{"width":1000,"height":1000,"url":"https:\/\/selleetools.com\/wp-content\/uploads\/2025\/10\/41f6f91063817222ae7896adc996037a.jpg","type":"image\/jpeg"}],"twitter_card":"summary_large_image","twitter_misc":{"Est. reading time":"1 minuta"},"schema":{"@context":"https:\/\/schema.org","@graph":[{"@type":"Organization","@id":"https:\/\/selleetools.com\/#organization","name":"Selleetools","url":"https:\/\/selleetools.com\/","sameAs":[],"logo":{"@type":"ImageObject","inLanguage":"pl-PL","@id":"https:\/\/selleetools.com\/#\/schema\/logo\/image\/","url":"https:\/\/selleetools.com\/wp-content\/uploads\/2021\/10\/logo-dark.png","contentUrl":"https:\/\/selleetools.com\/wp-content\/uploads\/2021\/10\/logo-dark.png","width":320,"height":76,"caption":"Selleetools"},"image":{"@id":"https:\/\/selleetools.com\/#\/schema\/logo\/image\/"}},{"@type":"WebSite","@id":"https:\/\/selleetools.com\/#website","url":"https:\/\/selleetools.com\/","name":"Selleetools.com","description":"","publisher":{"@id":"https:\/\/selleetools.com\/#organization"},"potentialAction":[{"@type":"SearchAction","target":{"@type":"EntryPoint","urlTemplate":"https:\/\/selleetools.com\/?s={search_term_string}"},"query-input":"required name=search_term_string"}],"inLanguage":"pl-PL"},{"@type":"WebPage","@id":"https:\/\/admincentral.selleetools.com\/pl\/product\/vt-cosmetics-reedle-shot-lifting-mask-23-g-liftingujaca-maska-do-twarzy\/","url":"https:\/\/admincentral.selleetools.com\/pl\/product\/vt-cosmetics-reedle-shot-lifting-mask-23-g-liftingujaca-maska-do-twarzy\/","name":"VT Cosmetics Reedle Shot Lifting Mask, 23 g - liftinguj\u0105ca maska do twarzy - Selleetools.com","isPartOf":{"@id":"https:\/\/selleetools.com\/#website"},"datePublished":"2025-10-24T11:45:20+00:00","dateModified":"2025-11-04T19:45:26+00:00","breadcrumb":{"@id":"https:\/\/admincentral.selleetools.com\/pl\/product\/vt-cosmetics-reedle-shot-lifting-mask-23-g-liftingujaca-maska-do-twarzy\/#breadcrumb"},"inLanguage":"pl-PL","potentialAction":[{"@type":"ReadAction","target":["https:\/\/admincentral.selleetools.com\/pl\/product\/vt-cosmetics-reedle-shot-lifting-mask-23-g-liftingujaca-maska-do-twarzy\/"]}]},{"@type":"BreadcrumbList","@id":"https:\/\/admincentral.selleetools.com\/pl\/product\/vt-cosmetics-reedle-shot-lifting-mask-23-g-liftingujaca-maska-do-twarzy\/#breadcrumb","itemListElement":[{"@type":"ListItem","position":1,"name":"Home","item":"https:\/\/selleetools.com\/pl\/"},{"@type":"ListItem","position":2,"name":"Katalog","item":"https:\/\/selleetools.com\/pl\/katalog\/"},{"@type":"ListItem","position":3,"name":"VT Cosmetics Reedle Shot Lifting Mask, 23 g &#8211; liftinguj\u0105ca maska do twarzy"}]}]}},"_links":{"self":[{"href":"https:\/\/admincentral.selleetools.com\/pl\/wp-json\/wp\/v2\/product\/606069"}],"collection":[{"href":"https:\/\/admincentral.selleetools.com\/pl\/wp-json\/wp\/v2\/product"}],"about":[{"href":"https:\/\/admincentral.selleetools.com\/pl\/wp-json\/wp\/v2\/types\/product"}],"replies":[{"embeddable":true,"href":"https:\/\/admincentral.selleetools.com\/pl\/wp-json\/wp\/v2\/comments?post=606069"}],"wp:featuredmedia":[{"embeddable":true,"href":"https:\/\/admincentral.selleetools.com\/pl\/wp-json\/wp\/v2\/media\/606067"}],"wp:attachment":[{"href":"https:\/\/admincentral.selleetools.com\/pl\/wp-json\/wp\/v2\/media?parent=606069"}],"curies":[{"name":"wp","href":"https:\/\/api.w.org\/{rel}","templated":true}]}}