{"id":606096,"date":"2025-10-24T13:45:42","date_gmt":"2025-10-24T11:45:42","guid":{"rendered":"https:\/\/selleetools.com\/?post_type=product&#038;p=606096"},"modified":"2026-03-03T11:17:12","modified_gmt":"2026-03-03T10:17:12","slug":"tirtir-milk-skin-toner-150-ml-mleczny-tonik-do-twarzy","status":"publish","type":"product","link":"https:\/\/admincentral.selleetools.com\/pl\/product\/tirtir-milk-skin-toner-150-ml-mleczny-tonik-do-twarzy\/","title":{"rendered":"TIRTIR Milk Skin Toner, 150 ml &#8211; mleczny tonik do twarzy"},"content":{"rendered":"<p>TIRTIR Milk Skin Toner to delikatny tonik, kt\u00f3ry intensywnie nawil\u017ca i wyg\u0142adza sk\u00f3r\u0119 dzi\u0119ki po\u0142\u0105czeniu ekstrakt\u00f3w z rumianku i otr\u0119b\u00f3w ry\u017cowych. Formu\u0142a wzbogacona o niacynamid oraz beta-glukan pomaga w \u0142agodzeniu podra\u017cnie\u0144, poprawia kondycj\u0119 sk\u00f3ry i przywraca jej zdrowy, promienny wygl\u0105d. Tonik przywraca r\u00f3wnowag\u0119 sk\u00f3rze, wzmacnia jej barier\u0119 ochronn\u0105 i przygotowuje j\u0105 do kolejnych etap\u00f3w piel\u0119gnacji.<\/p>\n<p>Korzy\u015bci dla sk\u00f3ry:<br \/>\nIntensywne nawil\u017cenie i wyg\u0142adzenie sk\u00f3ry<br \/>\n\u0141agodzenie podra\u017cnie\u0144 i zaczerwienie\u0144 dzi\u0119ki ekstraktowi z rumianku i otr\u0119b\u00f3w ry\u017cowych<br \/>\nPoprawa elastyczno\u015bci i j\u0119drno\u015bci sk\u00f3ry<br \/>\nOchrona sk\u00f3ry przed szkodliwymi czynnikami zewn\u0119trznymi i przywracanie jej zdrowego wygl\u0105du<br \/>\nWzmocnienie bariery ochronnej sk\u00f3ry i poprawa jej tekstury<\/p>\n<p>Spos\u00f3b u\u017cycia: Po oczyszczeniu sk\u00f3ry, na\u0142\u00f3\u017c odpowiedni\u0105 ilo\u015b\u0107 toniku na twarz, kieruj\u0105c si\u0119 wzd\u0142u\u017c struktury sk\u00f3ry. Delikatnie wklep, aby produkt si\u0119 wch\u0142on\u0105\u0142.<\/p>\n","protected":false},"excerpt":{"rendered":"<p>TIRTIR Milk Skin Toner to delikatny tonik, kt\u00f3ry intensywnie nawil\u017ca i wyg\u0142adza sk\u00f3r\u0119 dzi\u0119ki po\u0142\u0105czeniu ekstrakt\u00f3w z rumianku i otr\u0119b\u00f3w ry\u017cowych. Formu\u0142a wzbogacona o niacynamid oraz beta-glukan pomaga w \u0142agodzeniu podra\u017cnie\u0144, poprawia kondycj\u0119 sk\u00f3ry i przywraca jej zdrowy, promienny wygl\u0105d. Tonik przywraca r\u00f3wnowag\u0119 sk\u00f3rze, wzmacnia jej barier\u0119 ochronn\u0105 i przygotowuje j\u0105 do kolejnych etap\u00f3w piel\u0119gnacji. &#8230; <a title=\"TIRTIR Milk Skin Toner, 150 ml &#8211; mleczny tonik do twarzy\" class=\"read-more\" href=\"https:\/\/admincentral.selleetools.com\/pl\/product\/tirtir-milk-skin-toner-150-ml-mleczny-tonik-do-twarzy\/\">Read more<span class=\"screen-reader-text\">TIRTIR Milk Skin Toner, 150 ml &#8211; mleczny tonik do twarzy<\/span><\/a><\/p>\n","protected":false},"featured_media":606094,"comment_status":"open","ping_status":"closed","template":"","meta":{"_links_to":"","_links_to_target":""},"yoast_head":"<!-- This site is optimized with the Yoast SEO plugin v19.4 - https:\/\/yoast.com\/wordpress\/plugins\/seo\/ -->\n<title>TIRTIR Milk Skin Toner, 150 ml - mleczny tonik do twarzy - Selleetools.com<\/title>\n<meta name=\"robots\" content=\"index, follow, max-snippet:-1, max-image-preview:large, max-video-preview:-1\" \/>\n<link rel=\"canonical\" href=\"https:\/\/admincentral.selleetools.com\/pl\/product\/tirtir-milk-skin-toner-150-ml-mleczny-tonik-do-twarzy\/\" \/>\n<meta property=\"og:locale\" content=\"pl_PL\" \/>\n<meta property=\"og:type\" content=\"article\" \/>\n<meta property=\"og:title\" content=\"TIRTIR Milk Skin Toner, 150 ml - mleczny tonik do twarzy - Selleetools.com\" \/>\n<meta property=\"og:description\" content=\"TIRTIR Milk Skin Toner to delikatny tonik, kt\u00f3ry intensywnie nawil\u017ca i wyg\u0142adza sk\u00f3r\u0119 dzi\u0119ki po\u0142\u0105czeniu ekstrakt\u00f3w z rumianku i otr\u0119b\u00f3w ry\u017cowych. Formu\u0142a wzbogacona o niacynamid oraz beta-glukan pomaga w \u0142agodzeniu podra\u017cnie\u0144, poprawia kondycj\u0119 sk\u00f3ry i przywraca jej zdrowy, promienny wygl\u0105d. Tonik przywraca r\u00f3wnowag\u0119 sk\u00f3rze, wzmacnia jej barier\u0119 ochronn\u0105 i przygotowuje j\u0105 do kolejnych etap\u00f3w piel\u0119gnacji. ... Read moreTIRTIR Milk Skin Toner, 150 ml &#8211; mleczny tonik do twarzy\" \/>\n<meta property=\"og:url\" content=\"https:\/\/admincentral.selleetools.com\/pl\/product\/tirtir-milk-skin-toner-150-ml-mleczny-tonik-do-twarzy\/\" \/>\n<meta property=\"og:site_name\" content=\"Selleetools.com\" \/>\n<meta property=\"article:modified_time\" content=\"2026-03-03T10:17:12+00:00\" \/>\n<meta property=\"og:image\" content=\"https:\/\/selleetools.com\/wp-content\/uploads\/2025\/10\/1.jpg\" \/>\n\t<meta property=\"og:image:width\" content=\"1200\" \/>\n\t<meta property=\"og:image:height\" content=\"1200\" \/>\n\t<meta property=\"og:image:type\" content=\"image\/jpeg\" \/>\n<meta name=\"twitter:card\" content=\"summary_large_image\" \/>\n<meta name=\"twitter:label1\" content=\"Est. reading time\" \/>\n\t<meta name=\"twitter:data1\" content=\"1 minuta\" \/>\n<!-- \/ Yoast SEO plugin. -->","yoast_head_json":{"title":"TIRTIR Milk Skin Toner, 150 ml - mleczny tonik do twarzy - Selleetools.com","robots":{"index":"index","follow":"follow","max-snippet":"max-snippet:-1","max-image-preview":"max-image-preview:large","max-video-preview":"max-video-preview:-1"},"canonical":"https:\/\/admincentral.selleetools.com\/pl\/product\/tirtir-milk-skin-toner-150-ml-mleczny-tonik-do-twarzy\/","og_locale":"pl_PL","og_type":"article","og_title":"TIRTIR Milk Skin Toner, 150 ml - mleczny tonik do twarzy - Selleetools.com","og_description":"TIRTIR Milk Skin Toner to delikatny tonik, kt\u00f3ry intensywnie nawil\u017ca i wyg\u0142adza sk\u00f3r\u0119 dzi\u0119ki po\u0142\u0105czeniu ekstrakt\u00f3w z rumianku i otr\u0119b\u00f3w ry\u017cowych. Formu\u0142a wzbogacona o niacynamid oraz beta-glukan pomaga w \u0142agodzeniu podra\u017cnie\u0144, poprawia kondycj\u0119 sk\u00f3ry i przywraca jej zdrowy, promienny wygl\u0105d. Tonik przywraca r\u00f3wnowag\u0119 sk\u00f3rze, wzmacnia jej barier\u0119 ochronn\u0105 i przygotowuje j\u0105 do kolejnych etap\u00f3w piel\u0119gnacji. ... Read moreTIRTIR Milk Skin Toner, 150 ml &#8211; mleczny tonik do twarzy","og_url":"https:\/\/admincentral.selleetools.com\/pl\/product\/tirtir-milk-skin-toner-150-ml-mleczny-tonik-do-twarzy\/","og_site_name":"Selleetools.com","article_modified_time":"2026-03-03T10:17:12+00:00","og_image":[{"width":1200,"height":1200,"url":"https:\/\/selleetools.com\/wp-content\/uploads\/2025\/10\/1.jpg","type":"image\/jpeg"}],"twitter_card":"summary_large_image","twitter_misc":{"Est. reading time":"1 minuta"},"schema":{"@context":"https:\/\/schema.org","@graph":[{"@type":"Organization","@id":"https:\/\/selleetools.com\/#organization","name":"Selleetools","url":"https:\/\/selleetools.com\/","sameAs":[],"logo":{"@type":"ImageObject","inLanguage":"pl-PL","@id":"https:\/\/selleetools.com\/#\/schema\/logo\/image\/","url":"https:\/\/selleetools.com\/wp-content\/uploads\/2021\/10\/logo-dark.png","contentUrl":"https:\/\/selleetools.com\/wp-content\/uploads\/2021\/10\/logo-dark.png","width":320,"height":76,"caption":"Selleetools"},"image":{"@id":"https:\/\/selleetools.com\/#\/schema\/logo\/image\/"}},{"@type":"WebSite","@id":"https:\/\/selleetools.com\/#website","url":"https:\/\/selleetools.com\/","name":"Selleetools.com","description":"","publisher":{"@id":"https:\/\/selleetools.com\/#organization"},"potentialAction":[{"@type":"SearchAction","target":{"@type":"EntryPoint","urlTemplate":"https:\/\/selleetools.com\/?s={search_term_string}"},"query-input":"required name=search_term_string"}],"inLanguage":"pl-PL"},{"@type":"WebPage","@id":"https:\/\/admincentral.selleetools.com\/pl\/product\/tirtir-milk-skin-toner-150-ml-mleczny-tonik-do-twarzy\/","url":"https:\/\/admincentral.selleetools.com\/pl\/product\/tirtir-milk-skin-toner-150-ml-mleczny-tonik-do-twarzy\/","name":"TIRTIR Milk Skin Toner, 150 ml - mleczny tonik do twarzy - Selleetools.com","isPartOf":{"@id":"https:\/\/selleetools.com\/#website"},"datePublished":"2025-10-24T11:45:42+00:00","dateModified":"2026-03-03T10:17:12+00:00","breadcrumb":{"@id":"https:\/\/admincentral.selleetools.com\/pl\/product\/tirtir-milk-skin-toner-150-ml-mleczny-tonik-do-twarzy\/#breadcrumb"},"inLanguage":"pl-PL","potentialAction":[{"@type":"ReadAction","target":["https:\/\/admincentral.selleetools.com\/pl\/product\/tirtir-milk-skin-toner-150-ml-mleczny-tonik-do-twarzy\/"]}]},{"@type":"BreadcrumbList","@id":"https:\/\/admincentral.selleetools.com\/pl\/product\/tirtir-milk-skin-toner-150-ml-mleczny-tonik-do-twarzy\/#breadcrumb","itemListElement":[{"@type":"ListItem","position":1,"name":"Home","item":"https:\/\/selleetools.com\/pl\/"},{"@type":"ListItem","position":2,"name":"Katalog","item":"https:\/\/selleetools.com\/pl\/katalog\/"},{"@type":"ListItem","position":3,"name":"TIRTIR Milk Skin Toner, 150 ml &#8211; mleczny tonik do twarzy"}]}]}},"_links":{"self":[{"href":"https:\/\/admincentral.selleetools.com\/pl\/wp-json\/wp\/v2\/product\/606096"}],"collection":[{"href":"https:\/\/admincentral.selleetools.com\/pl\/wp-json\/wp\/v2\/product"}],"about":[{"href":"https:\/\/admincentral.selleetools.com\/pl\/wp-json\/wp\/v2\/types\/product"}],"replies":[{"embeddable":true,"href":"https:\/\/admincentral.selleetools.com\/pl\/wp-json\/wp\/v2\/comments?post=606096"}],"wp:featuredmedia":[{"embeddable":true,"href":"https:\/\/admincentral.selleetools.com\/pl\/wp-json\/wp\/v2\/media\/606094"}],"wp:attachment":[{"href":"https:\/\/admincentral.selleetools.com\/pl\/wp-json\/wp\/v2\/media?parent=606096"}],"curies":[{"name":"wp","href":"https:\/\/api.w.org\/{rel}","templated":true}]}}