{"id":606105,"date":"2025-10-24T13:45:53","date_gmt":"2025-10-24T11:45:53","guid":{"rendered":"https:\/\/selleetools.com\/?post_type=product&#038;p=606105"},"modified":"2025-11-04T20:45:56","modified_gmt":"2025-11-04T19:45:56","slug":"peripera-ink-glasting-lip-gloss-001-clear-45-ml-przezroczysty-blyszczyk-do-ust","status":"publish","type":"product","link":"https:\/\/admincentral.selleetools.com\/pl\/product\/peripera-ink-glasting-lip-gloss-001-clear-45-ml-przezroczysty-blyszczyk-do-ust\/","title":{"rendered":"Peripera Ink Glasting Lip Gloss 001 Clear 4,5 ml &#8211; przezroczysty b\u0142yszczyk do ust"},"content":{"rendered":"<p style=\"color: rgb(78, 86, 95);\"><span style=\"font-weight: 600; color: inherit;\">Peripera Ink Glasting Lip Gloss 001 Clear, 4,5ml<\/span>&nbsp;to transparentny b\u0142yszczyk do ust, kt\u00f3ry nadaje wargom intensywny po\u0142ysk i zdrowy, nawil\u017cony wygl\u0105d. Jego lekka formu\u0142a nie klei si\u0119, a jednocze\u015bnie zapewnia d\u0142ugotrwa\u0142y efekt lustrzanego po\u0142ysku. Idealny do noszenia samodzielnie lub jako top na ulubione pomadki, ten b\u0142yszczyk jest doskona\u0142ym dodatkiem do ka\u017cdej stylizacji, podkre\u015blaj\u0105c naturalny urok ust.<\/p>\n<p style=\"color: rgb(78, 86, 95);\"><span style=\"font-weight: 600;\">Korzy\u015bci dla sk\u00f3ry:<\/span><\/p>\n<ul>\n<li><span style=\"font-weight: 600;\">Intensywny po\u0142ysk:<\/span>&nbsp;Nadaje ustom efekt lustrzanego blasku, kt\u00f3ry przyci\u0105ga uwag\u0119 i dodaje \u015bwie\u017co\u015bci.<\/li>\n<li><span style=\"font-weight: 600;\">Nawil\u017cenie:<\/span>&nbsp;Formu\u0142a b\u0142yszczyka jest wzbogacona o sk\u0142adniki nawil\u017caj\u0105ce, kt\u00f3re dbaj\u0105 o kondycj\u0119 ust, zapobiegaj\u0105c ich wysuszeniu.<\/li>\n<li><span style=\"font-weight: 600;\">Lekka konsystencja:<\/span>&nbsp;Nie klei si\u0119 i jest komfortowy w noszeniu, dzi\u0119ki czemu mo\u017cesz cieszy\u0107 si\u0119 d\u0142ugotrwa\u0142ym blaskiem bez uczucia ci\u0119\u017cko\u015bci.<\/li>\n<li><span style=\"font-weight: 600;\">Wszechstronno\u015b\u0107:<\/span>&nbsp;Mo\u017ce by\u0107 stosowany samodzielnie dla naturalnego wygl\u0105du lub jako top na kolorowe pomadki, dodaj\u0105c im dodatkowego blasku.<\/li>\n<li><span style=\"font-weight: 600;\">Eleganckie opakowanie:<\/span>&nbsp;Praktyczne i estetyczne opakowanie u\u0142atwia aplikacj\u0119 i sprawia, \u017ce b\u0142yszczyk jest wygodny do zabrania w podr\u00f3\u017c.<\/li>\n<\/ul>\n<p style=\"color: rgb(78, 86, 95);\"><span style=\"font-weight: 600;\">Spos\u00f3b u\u017cycia:<\/span><\/p>\n<ol>\n<li>Na\u0142\u00f3\u017c niewielk\u0105 ilo\u015b\u0107 b\u0142yszczyka na usta za pomoc\u0105 aplikatora.<\/li>\n<li>Rozprowad\u017a r\u00f3wnomiernie, aby uzyska\u0107 po\u017c\u0105dany poziom po\u0142ysku.<\/li>\n<li>Mo\u017cesz stosowa\u0107 b\u0142yszczyk samodzielnie lub na\u0142o\u017cony na pomadk\u0119, aby doda\u0107 jej blasku.<\/li>\n<li>Stosuj w ci\u0105gu dnia, aby utrzyma\u0107 efekt nawil\u017conych i l\u015bni\u0105cych ust.<\/li>\n<\/ol>\n","protected":false},"excerpt":{"rendered":"<p>Peripera Ink Glasting Lip Gloss 001 Clear, 4,5ml&nbsp;to transparentny b\u0142yszczyk do ust, kt\u00f3ry nadaje wargom intensywny po\u0142ysk i zdrowy, nawil\u017cony wygl\u0105d. Jego lekka formu\u0142a nie klei si\u0119, a jednocze\u015bnie zapewnia d\u0142ugotrwa\u0142y efekt lustrzanego po\u0142ysku. Idealny do noszenia samodzielnie lub jako top na ulubione pomadki, ten b\u0142yszczyk jest doskona\u0142ym dodatkiem do ka\u017cdej stylizacji, podkre\u015blaj\u0105c naturalny urok &#8230; <a title=\"Peripera Ink Glasting Lip Gloss 001 Clear 4,5 ml &#8211; przezroczysty b\u0142yszczyk do ust\" class=\"read-more\" href=\"https:\/\/admincentral.selleetools.com\/pl\/product\/peripera-ink-glasting-lip-gloss-001-clear-45-ml-przezroczysty-blyszczyk-do-ust\/\">Read more<span class=\"screen-reader-text\">Peripera Ink Glasting Lip Gloss 001 Clear 4,5 ml &#8211; przezroczysty b\u0142yszczyk do ust<\/span><\/a><\/p>\n","protected":false},"featured_media":606103,"comment_status":"open","ping_status":"closed","template":"","meta":{"_links_to":"","_links_to_target":""},"yoast_head":"<!-- This site is optimized with the Yoast SEO plugin v19.4 - https:\/\/yoast.com\/wordpress\/plugins\/seo\/ -->\n<title>Peripera Ink Glasting Lip Gloss 001 Clear 4,5 ml - przezroczysty b\u0142yszczyk do ust - Selleetools.com<\/title>\n<meta name=\"robots\" content=\"index, follow, max-snippet:-1, max-image-preview:large, max-video-preview:-1\" \/>\n<link rel=\"canonical\" href=\"https:\/\/admincentral.selleetools.com\/pl\/product\/peripera-ink-glasting-lip-gloss-001-clear-45-ml-przezroczysty-blyszczyk-do-ust\/\" \/>\n<meta property=\"og:locale\" content=\"pl_PL\" \/>\n<meta property=\"og:type\" content=\"article\" \/>\n<meta property=\"og:title\" content=\"Peripera Ink Glasting Lip Gloss 001 Clear 4,5 ml - przezroczysty b\u0142yszczyk do ust - Selleetools.com\" \/>\n<meta property=\"og:description\" content=\"Peripera Ink Glasting Lip Gloss 001 Clear, 4,5ml&nbsp;to transparentny b\u0142yszczyk do ust, kt\u00f3ry nadaje wargom intensywny po\u0142ysk i zdrowy, nawil\u017cony wygl\u0105d. Jego lekka formu\u0142a nie klei si\u0119, a jednocze\u015bnie zapewnia d\u0142ugotrwa\u0142y efekt lustrzanego po\u0142ysku. Idealny do noszenia samodzielnie lub jako top na ulubione pomadki, ten b\u0142yszczyk jest doskona\u0142ym dodatkiem do ka\u017cdej stylizacji, podkre\u015blaj\u0105c naturalny urok ... Read morePeripera Ink Glasting Lip Gloss 001 Clear 4,5 ml &#8211; przezroczysty b\u0142yszczyk do ust\" \/>\n<meta property=\"og:url\" content=\"https:\/\/admincentral.selleetools.com\/pl\/product\/peripera-ink-glasting-lip-gloss-001-clear-45-ml-przezroczysty-blyszczyk-do-ust\/\" \/>\n<meta property=\"og:site_name\" content=\"Selleetools.com\" \/>\n<meta property=\"article:modified_time\" content=\"2025-11-04T19:45:56+00:00\" \/>\n<meta property=\"og:image\" content=\"https:\/\/selleetools.com\/wp-content\/uploads\/2025\/10\/0c7a6a14db52b55e6875087122abfcd2.jpg\" \/>\n\t<meta property=\"og:image:width\" content=\"1200\" \/>\n\t<meta property=\"og:image:height\" content=\"1200\" \/>\n\t<meta property=\"og:image:type\" content=\"image\/jpeg\" \/>\n<meta name=\"twitter:card\" content=\"summary_large_image\" \/>\n<meta name=\"twitter:label1\" content=\"Est. reading time\" \/>\n\t<meta name=\"twitter:data1\" content=\"1 minuta\" \/>\n<!-- \/ Yoast SEO plugin. -->","yoast_head_json":{"title":"Peripera Ink Glasting Lip Gloss 001 Clear 4,5 ml - przezroczysty b\u0142yszczyk do ust - Selleetools.com","robots":{"index":"index","follow":"follow","max-snippet":"max-snippet:-1","max-image-preview":"max-image-preview:large","max-video-preview":"max-video-preview:-1"},"canonical":"https:\/\/admincentral.selleetools.com\/pl\/product\/peripera-ink-glasting-lip-gloss-001-clear-45-ml-przezroczysty-blyszczyk-do-ust\/","og_locale":"pl_PL","og_type":"article","og_title":"Peripera Ink Glasting Lip Gloss 001 Clear 4,5 ml - przezroczysty b\u0142yszczyk do ust - Selleetools.com","og_description":"Peripera Ink Glasting Lip Gloss 001 Clear, 4,5ml&nbsp;to transparentny b\u0142yszczyk do ust, kt\u00f3ry nadaje wargom intensywny po\u0142ysk i zdrowy, nawil\u017cony wygl\u0105d. Jego lekka formu\u0142a nie klei si\u0119, a jednocze\u015bnie zapewnia d\u0142ugotrwa\u0142y efekt lustrzanego po\u0142ysku. Idealny do noszenia samodzielnie lub jako top na ulubione pomadki, ten b\u0142yszczyk jest doskona\u0142ym dodatkiem do ka\u017cdej stylizacji, podkre\u015blaj\u0105c naturalny urok ... Read morePeripera Ink Glasting Lip Gloss 001 Clear 4,5 ml &#8211; przezroczysty b\u0142yszczyk do ust","og_url":"https:\/\/admincentral.selleetools.com\/pl\/product\/peripera-ink-glasting-lip-gloss-001-clear-45-ml-przezroczysty-blyszczyk-do-ust\/","og_site_name":"Selleetools.com","article_modified_time":"2025-11-04T19:45:56+00:00","og_image":[{"width":1200,"height":1200,"url":"https:\/\/selleetools.com\/wp-content\/uploads\/2025\/10\/0c7a6a14db52b55e6875087122abfcd2.jpg","type":"image\/jpeg"}],"twitter_card":"summary_large_image","twitter_misc":{"Est. reading time":"1 minuta"},"schema":{"@context":"https:\/\/schema.org","@graph":[{"@type":"Organization","@id":"https:\/\/selleetools.com\/#organization","name":"Selleetools","url":"https:\/\/selleetools.com\/","sameAs":[],"logo":{"@type":"ImageObject","inLanguage":"pl-PL","@id":"https:\/\/selleetools.com\/#\/schema\/logo\/image\/","url":"https:\/\/selleetools.com\/wp-content\/uploads\/2021\/10\/logo-dark.png","contentUrl":"https:\/\/selleetools.com\/wp-content\/uploads\/2021\/10\/logo-dark.png","width":320,"height":76,"caption":"Selleetools"},"image":{"@id":"https:\/\/selleetools.com\/#\/schema\/logo\/image\/"}},{"@type":"WebSite","@id":"https:\/\/selleetools.com\/#website","url":"https:\/\/selleetools.com\/","name":"Selleetools.com","description":"","publisher":{"@id":"https:\/\/selleetools.com\/#organization"},"potentialAction":[{"@type":"SearchAction","target":{"@type":"EntryPoint","urlTemplate":"https:\/\/selleetools.com\/?s={search_term_string}"},"query-input":"required name=search_term_string"}],"inLanguage":"pl-PL"},{"@type":"WebPage","@id":"https:\/\/admincentral.selleetools.com\/pl\/product\/peripera-ink-glasting-lip-gloss-001-clear-45-ml-przezroczysty-blyszczyk-do-ust\/","url":"https:\/\/admincentral.selleetools.com\/pl\/product\/peripera-ink-glasting-lip-gloss-001-clear-45-ml-przezroczysty-blyszczyk-do-ust\/","name":"Peripera Ink Glasting Lip Gloss 001 Clear 4,5 ml - przezroczysty b\u0142yszczyk do ust - Selleetools.com","isPartOf":{"@id":"https:\/\/selleetools.com\/#website"},"datePublished":"2025-10-24T11:45:53+00:00","dateModified":"2025-11-04T19:45:56+00:00","breadcrumb":{"@id":"https:\/\/admincentral.selleetools.com\/pl\/product\/peripera-ink-glasting-lip-gloss-001-clear-45-ml-przezroczysty-blyszczyk-do-ust\/#breadcrumb"},"inLanguage":"pl-PL","potentialAction":[{"@type":"ReadAction","target":["https:\/\/admincentral.selleetools.com\/pl\/product\/peripera-ink-glasting-lip-gloss-001-clear-45-ml-przezroczysty-blyszczyk-do-ust\/"]}]},{"@type":"BreadcrumbList","@id":"https:\/\/admincentral.selleetools.com\/pl\/product\/peripera-ink-glasting-lip-gloss-001-clear-45-ml-przezroczysty-blyszczyk-do-ust\/#breadcrumb","itemListElement":[{"@type":"ListItem","position":1,"name":"Home","item":"https:\/\/selleetools.com\/pl\/"},{"@type":"ListItem","position":2,"name":"Katalog","item":"https:\/\/selleetools.com\/pl\/katalog\/"},{"@type":"ListItem","position":3,"name":"Peripera Ink Glasting Lip Gloss 001 Clear 4,5 ml &#8211; przezroczysty b\u0142yszczyk do ust"}]}]}},"_links":{"self":[{"href":"https:\/\/admincentral.selleetools.com\/pl\/wp-json\/wp\/v2\/product\/606105"}],"collection":[{"href":"https:\/\/admincentral.selleetools.com\/pl\/wp-json\/wp\/v2\/product"}],"about":[{"href":"https:\/\/admincentral.selleetools.com\/pl\/wp-json\/wp\/v2\/types\/product"}],"replies":[{"embeddable":true,"href":"https:\/\/admincentral.selleetools.com\/pl\/wp-json\/wp\/v2\/comments?post=606105"}],"wp:featuredmedia":[{"embeddable":true,"href":"https:\/\/admincentral.selleetools.com\/pl\/wp-json\/wp\/v2\/media\/606103"}],"wp:attachment":[{"href":"https:\/\/admincentral.selleetools.com\/pl\/wp-json\/wp\/v2\/media?parent=606105"}],"curies":[{"name":"wp","href":"https:\/\/api.w.org\/{rel}","templated":true}]}}