{"id":606136,"date":"2025-10-24T13:46:20","date_gmt":"2025-10-24T11:46:20","guid":{"rendered":"https:\/\/selleetools.com\/?post_type=product&#038;p=606136"},"modified":"2025-11-03T17:07:32","modified_gmt":"2025-11-03T16:07:32","slug":"tirtir-mask-fit-red-cushion-22c-peach-beige-18-g-podklad-w-formie-cushion","status":"publish","type":"product","link":"https:\/\/admincentral.selleetools.com\/pl\/product\/tirtir-mask-fit-red-cushion-22c-peach-beige-18-g-podklad-w-formie-cushion\/","title":{"rendered":"TIRTIR MASK FIT RED CUSHION 22C Peach Beige 18 g &#8211; Podk\u0142ad w formie cushion"},"content":{"rendered":"<p>TIRTIR MASK FIT RED CUSHION to nowoczesny podk\u0142ad w formie poduszki, idealny dla os\u00f3b szukaj\u0105cych lekkiego, ale d\u0142ugotrwa\u0142ego efektu. Odcie\u0144 22C Peach Beige, brzoskwiniowy be\u017c, doskonale dopasowuje si\u0119 do ch\u0142odnych ton\u00f3w sk\u00f3ry, nadaj\u0105c jej zdrowy i \u015bwie\u017cy wygl\u0105d. Kosmetyk zawiera sk\u0142adniki piel\u0119gnacyjne, kt\u00f3re nie tylko poprawiaj\u0105 wygl\u0105d cery, ale r\u00f3wnie\u017c j\u0105 od\u017cywiaj\u0105 i nawil\u017caj\u0105 przez ca\u0142y dzie\u0144.<\/p>\n<p>Korzy\u015bci dla sk\u00f3ry:<br \/>\nD\u0142ugotrwa\u0142e krycie \u2013 zapewnia naturalne wyko\u0144czenie, kt\u00f3re utrzymuje si\u0119 przez ca\u0142y dzie\u0144, nie tworz\u0105c efektu maski.<br \/>\nLekkie uczucie \u2013 formu\u0142a jest lekka i komfortowa, nie obci\u0105\u017caj\u0105c sk\u00f3ry i pozwalaj\u0105c jej oddycha\u0107.<br \/>\nNawil\u017cenie i piel\u0119gnacja \u2013 zawarte w formule sk\u0142adniki nawil\u017caj\u0105ce dbaj\u0105 o to, aby sk\u00f3ra by\u0142a g\u0142adka i elastyczna przez ca\u0142y dzie\u0144.<br \/>\nNaturalny blask \u2013 produkt nadaje sk\u00f3rze subtelny, promienny wygl\u0105d, maskuj\u0105c niedoskona\u0142o\u015bci, takie jak zaczerwienienia czy rozszerzone pory.<\/p>\n<p>Spos\u00f3b u\u017cycia:<br \/>\nOtw\u00f3rz opakowanie i za pomoc\u0105 aplikatora (puszka) delikatnie wci\u015bnij go w poduszk\u0119, aby nabra\u0107 odpowiedni\u0105 ilo\u015b\u0107 podk\u0142adu.<br \/>\nNa\u0142\u00f3\u017c produkt r\u00f3wnomiernie na sk\u00f3r\u0119, zaczynaj\u0105c od \u015brodka twarzy i rozprowadzaj\u0105c go na zewn\u0105trz.<br \/>\nMo\u017cesz stopniowa\u0107 krycie, nak\u0142adaj\u0105c kolejne warstwy, aby uzyska\u0107 po\u017c\u0105dany efekt.<br \/>\nW razie potrzeby u\u017cyj pudru, aby zmatowi\u0107 cer\u0119 i przed\u0142u\u017cy\u0107 trwa\u0142o\u015b\u0107 makija\u017cu.<\/p>\n","protected":false},"excerpt":{"rendered":"<p>TIRTIR MASK FIT RED CUSHION to nowoczesny podk\u0142ad w formie poduszki, idealny dla os\u00f3b szukaj\u0105cych lekkiego, ale d\u0142ugotrwa\u0142ego efektu. Odcie\u0144 22C Peach Beige, brzoskwiniowy be\u017c, doskonale dopasowuje si\u0119 do ch\u0142odnych ton\u00f3w sk\u00f3ry, nadaj\u0105c jej zdrowy i \u015bwie\u017cy wygl\u0105d. Kosmetyk zawiera sk\u0142adniki piel\u0119gnacyjne, kt\u00f3re nie tylko poprawiaj\u0105 wygl\u0105d cery, ale r\u00f3wnie\u017c j\u0105 od\u017cywiaj\u0105 i nawil\u017caj\u0105 przez &#8230; <a title=\"TIRTIR MASK FIT RED CUSHION 22C Peach Beige 18 g &#8211; Podk\u0142ad w formie cushion\" class=\"read-more\" href=\"https:\/\/admincentral.selleetools.com\/pl\/product\/tirtir-mask-fit-red-cushion-22c-peach-beige-18-g-podklad-w-formie-cushion\/\">Read more<span class=\"screen-reader-text\">TIRTIR MASK FIT RED CUSHION 22C Peach Beige 18 g &#8211; Podk\u0142ad w formie cushion<\/span><\/a><\/p>\n","protected":false},"featured_media":606132,"comment_status":"open","ping_status":"closed","template":"","meta":{"_links_to":"","_links_to_target":""},"yoast_head":"<!-- This site is optimized with the Yoast SEO plugin v19.4 - https:\/\/yoast.com\/wordpress\/plugins\/seo\/ -->\n<title>TIRTIR MASK FIT RED CUSHION 22C Peach Beige 18 g - Podk\u0142ad w formie cushion - Selleetools.com<\/title>\n<meta name=\"robots\" content=\"index, follow, max-snippet:-1, max-image-preview:large, max-video-preview:-1\" \/>\n<link rel=\"canonical\" href=\"https:\/\/admincentral.selleetools.com\/product\/tirtir-mask-fit-red-cushion-22c-peach-beige-18-g-podklad-w-formie-cushion\/\" \/>\n<meta property=\"og:locale\" content=\"pl_PL\" \/>\n<meta property=\"og:type\" content=\"article\" \/>\n<meta property=\"og:title\" content=\"TIRTIR MASK FIT RED CUSHION 22C Peach Beige 18 g - Podk\u0142ad w formie cushion - Selleetools.com\" \/>\n<meta property=\"og:description\" content=\"TIRTIR MASK FIT RED CUSHION to nowoczesny podk\u0142ad w formie poduszki, idealny dla os\u00f3b szukaj\u0105cych lekkiego, ale d\u0142ugotrwa\u0142ego efektu. Odcie\u0144 22C Peach Beige, brzoskwiniowy be\u017c, doskonale dopasowuje si\u0119 do ch\u0142odnych ton\u00f3w sk\u00f3ry, nadaj\u0105c jej zdrowy i \u015bwie\u017cy wygl\u0105d. Kosmetyk zawiera sk\u0142adniki piel\u0119gnacyjne, kt\u00f3re nie tylko poprawiaj\u0105 wygl\u0105d cery, ale r\u00f3wnie\u017c j\u0105 od\u017cywiaj\u0105 i nawil\u017caj\u0105 przez ... Read moreTIRTIR MASK FIT RED CUSHION 22C Peach Beige 18 g &#8211; Podk\u0142ad w formie cushion\" \/>\n<meta property=\"og:url\" content=\"https:\/\/admincentral.selleetools.com\/product\/tirtir-mask-fit-red-cushion-22c-peach-beige-18-g-podklad-w-formie-cushion\/\" \/>\n<meta property=\"og:site_name\" content=\"Selleetools.com\" \/>\n<meta property=\"article:modified_time\" content=\"2025-11-03T16:07:32+00:00\" \/>\n<meta property=\"og:image\" content=\"https:\/\/selleetools.com\/wp-content\/uploads\/2025\/10\/1.jpg\" \/>\n\t<meta property=\"og:image:width\" content=\"425\" \/>\n\t<meta property=\"og:image:height\" content=\"425\" \/>\n\t<meta property=\"og:image:type\" content=\"image\/jpeg\" \/>\n<meta name=\"twitter:card\" content=\"summary_large_image\" \/>\n<meta name=\"twitter:label1\" content=\"Est. reading time\" \/>\n\t<meta name=\"twitter:data1\" content=\"1 minuta\" \/>\n<!-- \/ Yoast SEO plugin. -->","yoast_head_json":{"title":"TIRTIR MASK FIT RED CUSHION 22C Peach Beige 18 g - Podk\u0142ad w formie cushion - Selleetools.com","robots":{"index":"index","follow":"follow","max-snippet":"max-snippet:-1","max-image-preview":"max-image-preview:large","max-video-preview":"max-video-preview:-1"},"canonical":"https:\/\/admincentral.selleetools.com\/product\/tirtir-mask-fit-red-cushion-22c-peach-beige-18-g-podklad-w-formie-cushion\/","og_locale":"pl_PL","og_type":"article","og_title":"TIRTIR MASK FIT RED CUSHION 22C Peach Beige 18 g - Podk\u0142ad w formie cushion - Selleetools.com","og_description":"TIRTIR MASK FIT RED CUSHION to nowoczesny podk\u0142ad w formie poduszki, idealny dla os\u00f3b szukaj\u0105cych lekkiego, ale d\u0142ugotrwa\u0142ego efektu. Odcie\u0144 22C Peach Beige, brzoskwiniowy be\u017c, doskonale dopasowuje si\u0119 do ch\u0142odnych ton\u00f3w sk\u00f3ry, nadaj\u0105c jej zdrowy i \u015bwie\u017cy wygl\u0105d. Kosmetyk zawiera sk\u0142adniki piel\u0119gnacyjne, kt\u00f3re nie tylko poprawiaj\u0105 wygl\u0105d cery, ale r\u00f3wnie\u017c j\u0105 od\u017cywiaj\u0105 i nawil\u017caj\u0105 przez ... Read moreTIRTIR MASK FIT RED CUSHION 22C Peach Beige 18 g &#8211; Podk\u0142ad w formie cushion","og_url":"https:\/\/admincentral.selleetools.com\/product\/tirtir-mask-fit-red-cushion-22c-peach-beige-18-g-podklad-w-formie-cushion\/","og_site_name":"Selleetools.com","article_modified_time":"2025-11-03T16:07:32+00:00","og_image":[{"width":425,"height":425,"url":"https:\/\/selleetools.com\/wp-content\/uploads\/2025\/10\/1.jpg","type":"image\/jpeg"}],"twitter_card":"summary_large_image","twitter_misc":{"Est. reading time":"1 minuta"},"schema":{"@context":"https:\/\/schema.org","@graph":[{"@type":"Organization","@id":"https:\/\/selleetools.com\/#organization","name":"Selleetools","url":"https:\/\/selleetools.com\/","sameAs":[],"logo":{"@type":"ImageObject","inLanguage":"pl-PL","@id":"https:\/\/selleetools.com\/#\/schema\/logo\/image\/","url":"https:\/\/selleetools.com\/wp-content\/uploads\/2021\/10\/logo-dark.png","contentUrl":"https:\/\/selleetools.com\/wp-content\/uploads\/2021\/10\/logo-dark.png","width":320,"height":76,"caption":"Selleetools"},"image":{"@id":"https:\/\/selleetools.com\/#\/schema\/logo\/image\/"}},{"@type":"WebSite","@id":"https:\/\/selleetools.com\/#website","url":"https:\/\/selleetools.com\/","name":"Selleetools.com","description":"","publisher":{"@id":"https:\/\/selleetools.com\/#organization"},"potentialAction":[{"@type":"SearchAction","target":{"@type":"EntryPoint","urlTemplate":"https:\/\/selleetools.com\/?s={search_term_string}"},"query-input":"required name=search_term_string"}],"inLanguage":"pl-PL"},{"@type":"WebPage","@id":"https:\/\/admincentral.selleetools.com\/product\/tirtir-mask-fit-red-cushion-22c-peach-beige-18-g-podklad-w-formie-cushion\/","url":"https:\/\/admincentral.selleetools.com\/product\/tirtir-mask-fit-red-cushion-22c-peach-beige-18-g-podklad-w-formie-cushion\/","name":"TIRTIR MASK FIT RED CUSHION 22C Peach Beige 18 g - Podk\u0142ad w formie cushion - Selleetools.com","isPartOf":{"@id":"https:\/\/selleetools.com\/#website"},"datePublished":"2025-10-24T11:46:20+00:00","dateModified":"2025-11-03T16:07:32+00:00","breadcrumb":{"@id":"https:\/\/admincentral.selleetools.com\/product\/tirtir-mask-fit-red-cushion-22c-peach-beige-18-g-podklad-w-formie-cushion\/#breadcrumb"},"inLanguage":"pl-PL","potentialAction":[{"@type":"ReadAction","target":["https:\/\/admincentral.selleetools.com\/product\/tirtir-mask-fit-red-cushion-22c-peach-beige-18-g-podklad-w-formie-cushion\/"]}]},{"@type":"BreadcrumbList","@id":"https:\/\/admincentral.selleetools.com\/product\/tirtir-mask-fit-red-cushion-22c-peach-beige-18-g-podklad-w-formie-cushion\/#breadcrumb","itemListElement":[{"@type":"ListItem","position":1,"name":"Home","item":"https:\/\/selleetools.com\/pl\/"},{"@type":"ListItem","position":2,"name":"Katalog","item":"https:\/\/selleetools.com\/pl\/katalog\/"},{"@type":"ListItem","position":3,"name":"TIRTIR MASK FIT RED CUSHION 22C Peach Beige 18 g &#8211; Podk\u0142ad w formie cushion"}]}]}},"_links":{"self":[{"href":"https:\/\/admincentral.selleetools.com\/pl\/wp-json\/wp\/v2\/product\/606136"}],"collection":[{"href":"https:\/\/admincentral.selleetools.com\/pl\/wp-json\/wp\/v2\/product"}],"about":[{"href":"https:\/\/admincentral.selleetools.com\/pl\/wp-json\/wp\/v2\/types\/product"}],"replies":[{"embeddable":true,"href":"https:\/\/admincentral.selleetools.com\/pl\/wp-json\/wp\/v2\/comments?post=606136"}],"wp:featuredmedia":[{"embeddable":true,"href":"https:\/\/admincentral.selleetools.com\/pl\/wp-json\/wp\/v2\/media\/606132"}],"wp:attachment":[{"href":"https:\/\/admincentral.selleetools.com\/pl\/wp-json\/wp\/v2\/media?parent=606136"}],"curies":[{"name":"wp","href":"https:\/\/api.w.org\/{rel}","templated":true}]}}