{"id":606201,"date":"2025-10-24T13:47:14","date_gmt":"2025-10-24T11:47:14","guid":{"rendered":"https:\/\/selleetools.com\/?post_type=product&#038;p=606201"},"modified":"2025-11-03T17:07:29","modified_gmt":"2025-11-03T16:07:29","slug":"tirtir-mini-mask-fit-red-mini-cushion-22n-shell-beige-4-5-g-podklad-w-formie-cushion","status":"publish","type":"product","link":"https:\/\/admincentral.selleetools.com\/pl\/product\/tirtir-mini-mask-fit-red-mini-cushion-22n-shell-beige-4-5-g-podklad-w-formie-cushion\/","title":{"rendered":"TIRTIR MINI MASK FIT RED MINI CUSHION 22N SHELL BEIGE 4.5 g &#8211; Podk\u0142ad w formie cushion"},"content":{"rendered":"<p>TIRTIR Mini Mask Fit Red Mini Cushion w odcieniu <strong>22N Shell Beige, 4,5g<\/strong> to kompaktowy kosmetyk do makija\u017cu, kt\u00f3ry \u0142\u0105czy zalety podk\u0142adu oraz korektora. Formu\u0142a produktu jest lekka, ale zapewnia pe\u0142ne krycie, wyg\u0142adzaj\u0105c sk\u00f3r\u0119 i ukrywaj\u0105c niedoskona\u0142o\u015bci, jednocze\u015bnie nadaj\u0105c jej naturalny blask. Cushion \u0142atwo si\u0119 aplikuje i idealnie nadaje si\u0119 do szybkich poprawek w ci\u0105gu dnia.<\/p>\n<p><strong>Korzy\u015bci:<\/strong><\/p>\n<ul>\n<li><strong>Pe\u0142ne krycie<\/strong>: Doskonale maskuje przebarwienia, zaczerwienienia oraz inne niedoskona\u0142o\u015bci sk\u00f3ry.<\/li>\n<li><strong>Naturalne wyko\u0144czenie<\/strong>: Formu\u0142a daje efekt nieskazitelnej, zdrowo wygl\u0105daj\u0105cej sk\u00f3ry, nie tworz\u0105c efektu maski.<\/li>\n<li><strong>Wielofunkcyjno\u015b\u0107<\/strong>: Opr\u00f3cz w\u0142a\u015bciwo\u015bci makija\u017cowych, cushion zawiera sk\u0142adniki piel\u0119gnacyjne wspomagaj\u0105ce nawil\u017cenie i od\u017cywienie sk\u00f3ry.<\/li>\n<li><strong>Wygodna aplikacja<\/strong>: Idealny do stosowania w podr\u00f3\u017cy lub szybkich poprawek w ci\u0105gu dnia.<\/li>\n<\/ul>\n<p><strong>Spos\u00f3b u\u017cycia:<\/strong><br \/>\nDelikatnie wklep produkt w sk\u00f3r\u0119 za pomoc\u0105 do\u0142\u0105czonej g\u0105beczki, koncentruj\u0105c si\u0119 na miejscach wymagaj\u0105cych wi\u0119kszego krycia. Mo\u017cna nak\u0142ada\u0107 warstwowo dla uzyskania intensywniejszego efektu.<\/p>\n","protected":false},"excerpt":{"rendered":"<p>TIRTIR Mini Mask Fit Red Mini Cushion w odcieniu 22N Shell Beige, 4,5g to kompaktowy kosmetyk do makija\u017cu, kt\u00f3ry \u0142\u0105czy zalety podk\u0142adu oraz korektora. Formu\u0142a produktu jest lekka, ale zapewnia pe\u0142ne krycie, wyg\u0142adzaj\u0105c sk\u00f3r\u0119 i ukrywaj\u0105c niedoskona\u0142o\u015bci, jednocze\u015bnie nadaj\u0105c jej naturalny blask. Cushion \u0142atwo si\u0119 aplikuje i idealnie nadaje si\u0119 do szybkich poprawek w ci\u0105gu &#8230; <a title=\"TIRTIR MINI MASK FIT RED MINI CUSHION 22N SHELL BEIGE 4.5 g &#8211; Podk\u0142ad w formie cushion\" class=\"read-more\" href=\"https:\/\/admincentral.selleetools.com\/pl\/product\/tirtir-mini-mask-fit-red-mini-cushion-22n-shell-beige-4-5-g-podklad-w-formie-cushion\/\">Read more<span class=\"screen-reader-text\">TIRTIR MINI MASK FIT RED MINI CUSHION 22N SHELL BEIGE 4.5 g &#8211; Podk\u0142ad w formie cushion<\/span><\/a><\/p>\n","protected":false},"featured_media":606199,"comment_status":"open","ping_status":"closed","template":"","meta":{"_links_to":"","_links_to_target":""},"yoast_head":"<!-- This site is optimized with the Yoast SEO plugin v19.4 - https:\/\/yoast.com\/wordpress\/plugins\/seo\/ -->\n<title>TIRTIR MINI MASK FIT RED MINI CUSHION 22N SHELL BEIGE 4.5 g - Podk\u0142ad w formie cushion - Selleetools.com<\/title>\n<meta name=\"robots\" content=\"index, follow, max-snippet:-1, max-image-preview:large, max-video-preview:-1\" \/>\n<link rel=\"canonical\" href=\"https:\/\/selleetools.com\/pl\/product\/tirtir-mini-mask-fit-red-mini-cushion-22n-shell-beige-4-5-g-podklad-w-formie-cushion\/\" \/>\n<meta property=\"og:locale\" content=\"pl_PL\" \/>\n<meta property=\"og:type\" content=\"article\" \/>\n<meta property=\"og:title\" content=\"TIRTIR MINI MASK FIT RED MINI CUSHION 22N SHELL BEIGE 4.5 g - Podk\u0142ad w formie cushion - Selleetools.com\" \/>\n<meta property=\"og:description\" content=\"TIRTIR Mini Mask Fit Red Mini Cushion w odcieniu 22N Shell Beige, 4,5g to kompaktowy kosmetyk do makija\u017cu, kt\u00f3ry \u0142\u0105czy zalety podk\u0142adu oraz korektora. Formu\u0142a produktu jest lekka, ale zapewnia pe\u0142ne krycie, wyg\u0142adzaj\u0105c sk\u00f3r\u0119 i ukrywaj\u0105c niedoskona\u0142o\u015bci, jednocze\u015bnie nadaj\u0105c jej naturalny blask. Cushion \u0142atwo si\u0119 aplikuje i idealnie nadaje si\u0119 do szybkich poprawek w ci\u0105gu ... Read moreTIRTIR MINI MASK FIT RED MINI CUSHION 22N SHELL BEIGE 4.5 g &#8211; Podk\u0142ad w formie cushion\" \/>\n<meta property=\"og:url\" content=\"https:\/\/selleetools.com\/pl\/product\/tirtir-mini-mask-fit-red-mini-cushion-22n-shell-beige-4-5-g-podklad-w-formie-cushion\/\" \/>\n<meta property=\"og:site_name\" content=\"Selleetools.com\" \/>\n<meta property=\"article:modified_time\" content=\"2025-11-03T16:07:29+00:00\" \/>\n<meta property=\"og:image\" content=\"https:\/\/selleetools.com\/wp-content\/uploads\/2025\/10\/9d2310655dd0648c610b40d4a8cf7b90.jpg\" \/>\n\t<meta property=\"og:image:width\" content=\"1500\" \/>\n\t<meta property=\"og:image:height\" content=\"1500\" \/>\n\t<meta property=\"og:image:type\" content=\"image\/jpeg\" \/>\n<meta name=\"twitter:card\" content=\"summary_large_image\" \/>\n<meta name=\"twitter:label1\" content=\"Est. reading time\" \/>\n\t<meta name=\"twitter:data1\" content=\"1 minuta\" \/>\n<!-- \/ Yoast SEO plugin. -->","yoast_head_json":{"title":"TIRTIR MINI MASK FIT RED MINI CUSHION 22N SHELL BEIGE 4.5 g - Podk\u0142ad w formie cushion - Selleetools.com","robots":{"index":"index","follow":"follow","max-snippet":"max-snippet:-1","max-image-preview":"max-image-preview:large","max-video-preview":"max-video-preview:-1"},"canonical":"https:\/\/selleetools.com\/pl\/product\/tirtir-mini-mask-fit-red-mini-cushion-22n-shell-beige-4-5-g-podklad-w-formie-cushion\/","og_locale":"pl_PL","og_type":"article","og_title":"TIRTIR MINI MASK FIT RED MINI CUSHION 22N SHELL BEIGE 4.5 g - Podk\u0142ad w formie cushion - Selleetools.com","og_description":"TIRTIR Mini Mask Fit Red Mini Cushion w odcieniu 22N Shell Beige, 4,5g to kompaktowy kosmetyk do makija\u017cu, kt\u00f3ry \u0142\u0105czy zalety podk\u0142adu oraz korektora. Formu\u0142a produktu jest lekka, ale zapewnia pe\u0142ne krycie, wyg\u0142adzaj\u0105c sk\u00f3r\u0119 i ukrywaj\u0105c niedoskona\u0142o\u015bci, jednocze\u015bnie nadaj\u0105c jej naturalny blask. Cushion \u0142atwo si\u0119 aplikuje i idealnie nadaje si\u0119 do szybkich poprawek w ci\u0105gu ... Read moreTIRTIR MINI MASK FIT RED MINI CUSHION 22N SHELL BEIGE 4.5 g &#8211; Podk\u0142ad w formie cushion","og_url":"https:\/\/selleetools.com\/pl\/product\/tirtir-mini-mask-fit-red-mini-cushion-22n-shell-beige-4-5-g-podklad-w-formie-cushion\/","og_site_name":"Selleetools.com","article_modified_time":"2025-11-03T16:07:29+00:00","og_image":[{"width":1500,"height":1500,"url":"https:\/\/selleetools.com\/wp-content\/uploads\/2025\/10\/9d2310655dd0648c610b40d4a8cf7b90.jpg","type":"image\/jpeg"}],"twitter_card":"summary_large_image","twitter_misc":{"Est. reading time":"1 minuta"},"schema":{"@context":"https:\/\/schema.org","@graph":[{"@type":"Organization","@id":"https:\/\/selleetools.com\/#organization","name":"Selleetools","url":"https:\/\/selleetools.com\/","sameAs":[],"logo":{"@type":"ImageObject","inLanguage":"pl-PL","@id":"https:\/\/selleetools.com\/#\/schema\/logo\/image\/","url":"https:\/\/selleetools.com\/wp-content\/uploads\/2021\/10\/logo-dark.png","contentUrl":"https:\/\/selleetools.com\/wp-content\/uploads\/2021\/10\/logo-dark.png","width":320,"height":76,"caption":"Selleetools"},"image":{"@id":"https:\/\/selleetools.com\/#\/schema\/logo\/image\/"}},{"@type":"WebSite","@id":"https:\/\/selleetools.com\/#website","url":"https:\/\/selleetools.com\/","name":"Selleetools.com","description":"","publisher":{"@id":"https:\/\/selleetools.com\/#organization"},"potentialAction":[{"@type":"SearchAction","target":{"@type":"EntryPoint","urlTemplate":"https:\/\/selleetools.com\/?s={search_term_string}"},"query-input":"required name=search_term_string"}],"inLanguage":"pl-PL"},{"@type":"WebPage","@id":"https:\/\/selleetools.com\/pl\/product\/tirtir-mini-mask-fit-red-mini-cushion-22n-shell-beige-4-5-g-podklad-w-formie-cushion\/","url":"https:\/\/selleetools.com\/pl\/product\/tirtir-mini-mask-fit-red-mini-cushion-22n-shell-beige-4-5-g-podklad-w-formie-cushion\/","name":"TIRTIR MINI MASK FIT RED MINI CUSHION 22N SHELL BEIGE 4.5 g - Podk\u0142ad w formie cushion - Selleetools.com","isPartOf":{"@id":"https:\/\/selleetools.com\/#website"},"datePublished":"2025-10-24T11:47:14+00:00","dateModified":"2025-11-03T16:07:29+00:00","breadcrumb":{"@id":"https:\/\/selleetools.com\/pl\/product\/tirtir-mini-mask-fit-red-mini-cushion-22n-shell-beige-4-5-g-podklad-w-formie-cushion\/#breadcrumb"},"inLanguage":"pl-PL","potentialAction":[{"@type":"ReadAction","target":["https:\/\/selleetools.com\/pl\/product\/tirtir-mini-mask-fit-red-mini-cushion-22n-shell-beige-4-5-g-podklad-w-formie-cushion\/"]}]},{"@type":"BreadcrumbList","@id":"https:\/\/selleetools.com\/pl\/product\/tirtir-mini-mask-fit-red-mini-cushion-22n-shell-beige-4-5-g-podklad-w-formie-cushion\/#breadcrumb","itemListElement":[{"@type":"ListItem","position":1,"name":"Home","item":"https:\/\/selleetools.com\/pl\/"},{"@type":"ListItem","position":2,"name":"Katalog","item":"https:\/\/selleetools.com\/pl\/katalog\/"},{"@type":"ListItem","position":3,"name":"TIRTIR MINI MASK FIT RED MINI CUSHION 22N SHELL BEIGE 4.5 g &#8211; Podk\u0142ad w formie cushion"}]}]}},"_links":{"self":[{"href":"https:\/\/admincentral.selleetools.com\/pl\/wp-json\/wp\/v2\/product\/606201"}],"collection":[{"href":"https:\/\/admincentral.selleetools.com\/pl\/wp-json\/wp\/v2\/product"}],"about":[{"href":"https:\/\/admincentral.selleetools.com\/pl\/wp-json\/wp\/v2\/types\/product"}],"replies":[{"embeddable":true,"href":"https:\/\/admincentral.selleetools.com\/pl\/wp-json\/wp\/v2\/comments?post=606201"}],"wp:featuredmedia":[{"embeddable":true,"href":"https:\/\/admincentral.selleetools.com\/pl\/wp-json\/wp\/v2\/media\/606199"}],"wp:attachment":[{"href":"https:\/\/admincentral.selleetools.com\/pl\/wp-json\/wp\/v2\/media?parent=606201"}],"curies":[{"name":"wp","href":"https:\/\/api.w.org\/{rel}","templated":true}]}}