{"id":606207,"date":"2025-10-24T13:47:19","date_gmt":"2025-10-24T11:47:19","guid":{"rendered":"https:\/\/selleetools.com\/?post_type=product&#038;p=606207"},"modified":"2025-11-03T17:07:27","modified_gmt":"2025-11-03T16:07:27","slug":"tirtir-mini-mask-fit-red-cushion-27c-cool-beige-18-g-podklad-w-formie-cushion","status":"publish","type":"product","link":"https:\/\/admincentral.selleetools.com\/pl\/product\/tirtir-mini-mask-fit-red-cushion-27c-cool-beige-18-g-podklad-w-formie-cushion\/","title":{"rendered":"TIRTIR Mini Mask Fit Red Cushion 27C Cool Beige 18 g &#8211; Podk\u0142ad w formie cushion"},"content":{"rendered":"<p><b>TIRTIR Mini Mask Fit Red Mini Cushion w odcieniu 27C Cool Beige, 4.5g<\/b> to innowacyjny produkt do makija\u017cu, kt\u00f3ry \u0142\u0105czy w sobie funkcje podk\u0142adu, korektora i piel\u0119gnacji sk\u00f3ry. Dzi\u0119ki lekkiej formule i zaawansowanej technologii, ten mini cushion zapewnia doskona\u0142e krycie, jednocze\u015bnie piel\u0119gnuj\u0105c i nawil\u017caj\u0105c sk\u00f3r\u0119. Odpowiedni dla ka\u017cdego typu cery, sprawdzi si\u0119 zar\u00f3wno na co dzie\u0144, jak i na specjalne okazje.<\/p>\n<p><b>Korzy\u015bci dla sk\u00f3ry:<\/b><\/p>\n<p>Nawil\u017cenie: Formu\u0142a wzbogacona o sk\u0142adniki nawil\u017caj\u0105ce, kt\u00f3re pomagaj\u0105 utrzyma\u0107 odpowiedni poziom wilgoci w sk\u00f3rze przez ca\u0142y dzie\u0144.<\/p>\n<p>Wyg\u0142adzenie: Delikatne mikrosfery sprawiaj\u0105, \u017ce sk\u00f3ra staje si\u0119 g\u0142adka i jednolita, co zapewnia efekt zdrowego wygl\u0105du.<\/p>\n<p>Ochrona: Zawiera sk\u0142adniki chroni\u0105ce sk\u00f3r\u0119 przed szkodliwym dzia\u0142aniem czynnik\u00f3w zewn\u0119trznych, co wspiera jej naturaln\u0105 barier\u0119.<\/p>\n<p>Lekka konsystencja: Nie obci\u0105\u017ca sk\u00f3ry, pozwalaj\u0105c jej oddycha\u0107, co jest szczeg\u00f3lnie wa\u017cne w przypadku codziennego stosowania.<\/p>\n<p><b>Spos\u00f3b u\u017cycia:<\/b><\/p>\n<p>Przygotowanie: Upewnij si\u0119, \u017ce sk\u00f3ra jest czysta i nawil\u017cona. Mo\u017cesz zastosowa\u0107 ulubiony krem na dzie\u0144 lub baz\u0119 pod makija\u017c.<\/p>\n<p>Aplikacja: Nanie\u015b niewielk\u0105 ilo\u015b\u0107 podk\u0142adu na aplikator do\u0142\u0105czony do produktu lub palce. Delikatnie wklepuj produkt w sk\u00f3r\u0119, zaczynaj\u0105c od \u015brodka twarzy i kieruj\u0105c si\u0119 na zewn\u0105trz. Mo\u017cesz doda\u0107 kolejn\u0105 warstw\u0119 w miejscach, kt\u00f3re wymagaj\u0105 lepszego krycia.<\/p>\n<p>Wyko\u0144czenie: Po aplikacji, odczekaj chwil\u0119, aby podk\u0142ad dobrze si\u0119 wch\u0142on\u0105\u0142. Mo\u017cesz wyko\u0144czy\u0107 makija\u017c pudrem matuj\u0105cym lub utrwalaj\u0105cym, je\u015bli chcesz uzyska\u0107 matowy efekt.<\/p>\n<p>TIRTIR Mini Mask Fit Red Mini Cushion 27C Cool Beige to idealny wyb\u00f3r dla os\u00f3b poszukuj\u0105cych skutecznego, wielofunkcyjnego kosmetyku, kt\u00f3ry \u0142\u0105czy makija\u017c z piel\u0119gnacj\u0105.<\/p>\n","protected":false},"excerpt":{"rendered":"<p>TIRTIR Mini Mask Fit Red Mini Cushion w odcieniu 27C Cool Beige, 4.5g to innowacyjny produkt do makija\u017cu, kt\u00f3ry \u0142\u0105czy w sobie funkcje podk\u0142adu, korektora i piel\u0119gnacji sk\u00f3ry. Dzi\u0119ki lekkiej formule i zaawansowanej technologii, ten mini cushion zapewnia doskona\u0142e krycie, jednocze\u015bnie piel\u0119gnuj\u0105c i nawil\u017caj\u0105c sk\u00f3r\u0119. Odpowiedni dla ka\u017cdego typu cery, sprawdzi si\u0119 zar\u00f3wno na co &#8230; <a title=\"TIRTIR Mini Mask Fit Red Cushion 27C Cool Beige 18 g &#8211; Podk\u0142ad w formie cushion\" class=\"read-more\" href=\"https:\/\/admincentral.selleetools.com\/pl\/product\/tirtir-mini-mask-fit-red-cushion-27c-cool-beige-18-g-podklad-w-formie-cushion\/\">Read more<span class=\"screen-reader-text\">TIRTIR Mini Mask Fit Red Cushion 27C Cool Beige 18 g &#8211; Podk\u0142ad w formie cushion<\/span><\/a><\/p>\n","protected":false},"featured_media":606205,"comment_status":"open","ping_status":"closed","template":"","meta":{"_links_to":"","_links_to_target":""},"yoast_head":"<!-- This site is optimized with the Yoast SEO plugin v19.4 - https:\/\/yoast.com\/wordpress\/plugins\/seo\/ -->\n<title>TIRTIR Mini Mask Fit Red Cushion 27C Cool Beige 18 g - Podk\u0142ad w formie cushion - Selleetools.com<\/title>\n<meta name=\"robots\" content=\"index, follow, max-snippet:-1, max-image-preview:large, max-video-preview:-1\" \/>\n<link rel=\"canonical\" href=\"https:\/\/selleetools.com\/pl\/product\/tirtir-mini-mask-fit-red-cushion-27c-cool-beige-18-g-podklad-w-formie-cushion\/\" \/>\n<meta property=\"og:locale\" content=\"pl_PL\" \/>\n<meta property=\"og:type\" content=\"article\" \/>\n<meta property=\"og:title\" content=\"TIRTIR Mini Mask Fit Red Cushion 27C Cool Beige 18 g - Podk\u0142ad w formie cushion - Selleetools.com\" \/>\n<meta property=\"og:description\" content=\"TIRTIR Mini Mask Fit Red Mini Cushion w odcieniu 27C Cool Beige, 4.5g to innowacyjny produkt do makija\u017cu, kt\u00f3ry \u0142\u0105czy w sobie funkcje podk\u0142adu, korektora i piel\u0119gnacji sk\u00f3ry. Dzi\u0119ki lekkiej formule i zaawansowanej technologii, ten mini cushion zapewnia doskona\u0142e krycie, jednocze\u015bnie piel\u0119gnuj\u0105c i nawil\u017caj\u0105c sk\u00f3r\u0119. Odpowiedni dla ka\u017cdego typu cery, sprawdzi si\u0119 zar\u00f3wno na co ... Read moreTIRTIR Mini Mask Fit Red Cushion 27C Cool Beige 18 g &#8211; Podk\u0142ad w formie cushion\" \/>\n<meta property=\"og:url\" content=\"https:\/\/selleetools.com\/pl\/product\/tirtir-mini-mask-fit-red-cushion-27c-cool-beige-18-g-podklad-w-formie-cushion\/\" \/>\n<meta property=\"og:site_name\" content=\"Selleetools.com\" \/>\n<meta property=\"article:modified_time\" content=\"2025-11-03T16:07:27+00:00\" \/>\n<meta property=\"og:image\" content=\"https:\/\/selleetools.com\/wp-content\/uploads\/2025\/10\/1d7bcc0f79f8035a37fd158db9d82500.jpg\" \/>\n\t<meta property=\"og:image:width\" content=\"1500\" \/>\n\t<meta property=\"og:image:height\" content=\"1500\" \/>\n\t<meta property=\"og:image:type\" content=\"image\/jpeg\" \/>\n<meta name=\"twitter:card\" content=\"summary_large_image\" \/>\n<meta name=\"twitter:label1\" content=\"Est. reading time\" \/>\n\t<meta name=\"twitter:data1\" content=\"1 minuta\" \/>\n<!-- \/ Yoast SEO plugin. -->","yoast_head_json":{"title":"TIRTIR Mini Mask Fit Red Cushion 27C Cool Beige 18 g - Podk\u0142ad w formie cushion - Selleetools.com","robots":{"index":"index","follow":"follow","max-snippet":"max-snippet:-1","max-image-preview":"max-image-preview:large","max-video-preview":"max-video-preview:-1"},"canonical":"https:\/\/selleetools.com\/pl\/product\/tirtir-mini-mask-fit-red-cushion-27c-cool-beige-18-g-podklad-w-formie-cushion\/","og_locale":"pl_PL","og_type":"article","og_title":"TIRTIR Mini Mask Fit Red Cushion 27C Cool Beige 18 g - Podk\u0142ad w formie cushion - Selleetools.com","og_description":"TIRTIR Mini Mask Fit Red Mini Cushion w odcieniu 27C Cool Beige, 4.5g to innowacyjny produkt do makija\u017cu, kt\u00f3ry \u0142\u0105czy w sobie funkcje podk\u0142adu, korektora i piel\u0119gnacji sk\u00f3ry. Dzi\u0119ki lekkiej formule i zaawansowanej technologii, ten mini cushion zapewnia doskona\u0142e krycie, jednocze\u015bnie piel\u0119gnuj\u0105c i nawil\u017caj\u0105c sk\u00f3r\u0119. Odpowiedni dla ka\u017cdego typu cery, sprawdzi si\u0119 zar\u00f3wno na co ... Read moreTIRTIR Mini Mask Fit Red Cushion 27C Cool Beige 18 g &#8211; Podk\u0142ad w formie cushion","og_url":"https:\/\/selleetools.com\/pl\/product\/tirtir-mini-mask-fit-red-cushion-27c-cool-beige-18-g-podklad-w-formie-cushion\/","og_site_name":"Selleetools.com","article_modified_time":"2025-11-03T16:07:27+00:00","og_image":[{"width":1500,"height":1500,"url":"https:\/\/selleetools.com\/wp-content\/uploads\/2025\/10\/1d7bcc0f79f8035a37fd158db9d82500.jpg","type":"image\/jpeg"}],"twitter_card":"summary_large_image","twitter_misc":{"Est. reading time":"1 minuta"},"schema":{"@context":"https:\/\/schema.org","@graph":[{"@type":"Organization","@id":"https:\/\/selleetools.com\/#organization","name":"Selleetools","url":"https:\/\/selleetools.com\/","sameAs":[],"logo":{"@type":"ImageObject","inLanguage":"pl-PL","@id":"https:\/\/selleetools.com\/#\/schema\/logo\/image\/","url":"https:\/\/selleetools.com\/wp-content\/uploads\/2021\/10\/logo-dark.png","contentUrl":"https:\/\/selleetools.com\/wp-content\/uploads\/2021\/10\/logo-dark.png","width":320,"height":76,"caption":"Selleetools"},"image":{"@id":"https:\/\/selleetools.com\/#\/schema\/logo\/image\/"}},{"@type":"WebSite","@id":"https:\/\/selleetools.com\/#website","url":"https:\/\/selleetools.com\/","name":"Selleetools.com","description":"","publisher":{"@id":"https:\/\/selleetools.com\/#organization"},"potentialAction":[{"@type":"SearchAction","target":{"@type":"EntryPoint","urlTemplate":"https:\/\/selleetools.com\/?s={search_term_string}"},"query-input":"required name=search_term_string"}],"inLanguage":"pl-PL"},{"@type":"WebPage","@id":"https:\/\/selleetools.com\/pl\/product\/tirtir-mini-mask-fit-red-cushion-27c-cool-beige-18-g-podklad-w-formie-cushion\/","url":"https:\/\/selleetools.com\/pl\/product\/tirtir-mini-mask-fit-red-cushion-27c-cool-beige-18-g-podklad-w-formie-cushion\/","name":"TIRTIR Mini Mask Fit Red Cushion 27C Cool Beige 18 g - Podk\u0142ad w formie cushion - Selleetools.com","isPartOf":{"@id":"https:\/\/selleetools.com\/#website"},"datePublished":"2025-10-24T11:47:19+00:00","dateModified":"2025-11-03T16:07:27+00:00","breadcrumb":{"@id":"https:\/\/selleetools.com\/pl\/product\/tirtir-mini-mask-fit-red-cushion-27c-cool-beige-18-g-podklad-w-formie-cushion\/#breadcrumb"},"inLanguage":"pl-PL","potentialAction":[{"@type":"ReadAction","target":["https:\/\/selleetools.com\/pl\/product\/tirtir-mini-mask-fit-red-cushion-27c-cool-beige-18-g-podklad-w-formie-cushion\/"]}]},{"@type":"BreadcrumbList","@id":"https:\/\/selleetools.com\/pl\/product\/tirtir-mini-mask-fit-red-cushion-27c-cool-beige-18-g-podklad-w-formie-cushion\/#breadcrumb","itemListElement":[{"@type":"ListItem","position":1,"name":"Home","item":"https:\/\/selleetools.com\/pl\/"},{"@type":"ListItem","position":2,"name":"Katalog","item":"https:\/\/selleetools.com\/pl\/katalog\/"},{"@type":"ListItem","position":3,"name":"TIRTIR Mini Mask Fit Red Cushion 27C Cool Beige 18 g &#8211; Podk\u0142ad w formie cushion"}]}]}},"_links":{"self":[{"href":"https:\/\/admincentral.selleetools.com\/pl\/wp-json\/wp\/v2\/product\/606207"}],"collection":[{"href":"https:\/\/admincentral.selleetools.com\/pl\/wp-json\/wp\/v2\/product"}],"about":[{"href":"https:\/\/admincentral.selleetools.com\/pl\/wp-json\/wp\/v2\/types\/product"}],"replies":[{"embeddable":true,"href":"https:\/\/admincentral.selleetools.com\/pl\/wp-json\/wp\/v2\/comments?post=606207"}],"wp:featuredmedia":[{"embeddable":true,"href":"https:\/\/admincentral.selleetools.com\/pl\/wp-json\/wp\/v2\/media\/606205"}],"wp:attachment":[{"href":"https:\/\/admincentral.selleetools.com\/pl\/wp-json\/wp\/v2\/media?parent=606207"}],"curies":[{"name":"wp","href":"https:\/\/api.w.org\/{rel}","templated":true}]}}