{"id":606298,"date":"2025-10-24T13:48:45","date_gmt":"2025-10-24T11:48:45","guid":{"rendered":"https:\/\/selleetools.com\/?post_type=product&#038;p=606298"},"modified":"2025-11-04T20:56:44","modified_gmt":"2025-11-04T19:56:44","slug":"biodance-collagen-cream-50-ml-krem-zmniejszajacy-widocznosc-porow","status":"publish","type":"product","link":"https:\/\/admincentral.selleetools.com\/pl\/product\/biodance-collagen-cream-50-ml-krem-zmniejszajacy-widocznosc-porow\/","title":{"rendered":"BIODANCE Collagen Cream, 50 ml &#8211; krem zmniejszaj\u0105cy widoczno\u015b\u0107 por\u00f3w"},"content":{"rendered":"<p>BIODANCE Collagen Cream to krem, kt\u00f3ry intensywnie regeneruje i poprawia elastyczno\u015b\u0107 sk\u00f3ry, przywracaj\u0105c jej spr\u0119\u017cysto\u015b\u0107 i zdrowy wygl\u0105d. Dzi\u0119ki ekstraktowi z kolagenu, wodzie morskiej, krem dzia\u0142a na popraw\u0119 struktury sk\u00f3ry, a tak\u017ce na redukcj\u0119 widoczno\u015bci por\u00f3w, nadaj\u0105c sk\u00f3rze j\u0119drno\u015b\u0107 i g\u0142adko\u015b\u0107. Syntezowany kolagen oraz elastyna odbudowuj\u0105 barier\u0119 ochronn\u0105 sk\u00f3ry, wspieraj\u0105c jej elastyczno\u015b\u0107 i zmniejszaj\u0105c widoczno\u015b\u0107 zmarszczek. Kwas hialuronowy o r\u00f3\u017cnych cz\u0105steczkach dzia\u0142a nawil\u017caj\u0105co, zapewniaj\u0105c d\u0142ugotrwa\u0142e nawil\u017cenie, a niacynamid (witamina B3) poprawia koloryt sk\u00f3ry, rozja\u015bniaj\u0105c j\u0105 i wyr\u00f3wnuj\u0105c jej tekstur\u0119. Panthenol i witamina E dzia\u0142aj\u0105 \u0142agodz\u0105co i ochronnie, zapobiegaj\u0105c podra\u017cnieniom.<\/p>\n<p>Korzy\u015bci dla sk\u00f3ry:<br \/>\nPoprawa elastyczno\u015bci i j\u0119drno\u015bci sk\u00f3ry<br \/>\nWyg\u0142adzenie i zmniejszenie widoczno\u015bci por\u00f3w<br \/>\nIntensywne nawil\u017cenie i regeneracja<br \/>\nSk\u00f3ra staje si\u0119 g\u0142adka, promienna i pe\u0142na blasku<\/p>\n<p>Spos\u00f3b u\u017cycia: Na oczyszczon\u0105 sk\u00f3r\u0119 twarzy na\u0142\u00f3\u017c odpowiedni\u0105 ilo\u015b\u0107 kremu i delikatnie wmasuj a\u017c do ca\u0142kowitego wch\u0142oni\u0119cia. Stosuj codziennie rano i wieczorem, aby uzyska\u0107 najlepsze efekty.<\/p>\n","protected":false},"excerpt":{"rendered":"<p>BIODANCE Collagen Cream to krem, kt\u00f3ry intensywnie regeneruje i poprawia elastyczno\u015b\u0107 sk\u00f3ry, przywracaj\u0105c jej spr\u0119\u017cysto\u015b\u0107 i zdrowy wygl\u0105d. Dzi\u0119ki ekstraktowi z kolagenu, wodzie morskiej, krem dzia\u0142a na popraw\u0119 struktury sk\u00f3ry, a tak\u017ce na redukcj\u0119 widoczno\u015bci por\u00f3w, nadaj\u0105c sk\u00f3rze j\u0119drno\u015b\u0107 i g\u0142adko\u015b\u0107. Syntezowany kolagen oraz elastyna odbudowuj\u0105 barier\u0119 ochronn\u0105 sk\u00f3ry, wspieraj\u0105c jej elastyczno\u015b\u0107 i zmniejszaj\u0105c widoczno\u015b\u0107 &#8230; <a title=\"BIODANCE Collagen Cream, 50 ml &#8211; krem zmniejszaj\u0105cy widoczno\u015b\u0107 por\u00f3w\" class=\"read-more\" href=\"https:\/\/admincentral.selleetools.com\/pl\/product\/biodance-collagen-cream-50-ml-krem-zmniejszajacy-widocznosc-porow\/\">Read more<span class=\"screen-reader-text\">BIODANCE Collagen Cream, 50 ml &#8211; krem zmniejszaj\u0105cy widoczno\u015b\u0107 por\u00f3w<\/span><\/a><\/p>\n","protected":false},"featured_media":606296,"comment_status":"open","ping_status":"closed","template":"","meta":{"_links_to":"","_links_to_target":""},"yoast_head":"<!-- This site is optimized with the Yoast SEO plugin v19.4 - https:\/\/yoast.com\/wordpress\/plugins\/seo\/ -->\n<title>BIODANCE Collagen Cream, 50 ml - krem zmniejszaj\u0105cy widoczno\u015b\u0107 por\u00f3w - Selleetools.com<\/title>\n<meta name=\"robots\" content=\"index, follow, max-snippet:-1, max-image-preview:large, max-video-preview:-1\" \/>\n<link rel=\"canonical\" href=\"https:\/\/selleetools.com\/pl\/product\/biodance-collagen-cream-50-ml-krem-zmniejszajacy-widocznosc-porow\/\" \/>\n<meta property=\"og:locale\" content=\"pl_PL\" \/>\n<meta property=\"og:type\" content=\"article\" \/>\n<meta property=\"og:title\" content=\"BIODANCE Collagen Cream, 50 ml - krem zmniejszaj\u0105cy widoczno\u015b\u0107 por\u00f3w - Selleetools.com\" \/>\n<meta property=\"og:description\" content=\"BIODANCE Collagen Cream to krem, kt\u00f3ry intensywnie regeneruje i poprawia elastyczno\u015b\u0107 sk\u00f3ry, przywracaj\u0105c jej spr\u0119\u017cysto\u015b\u0107 i zdrowy wygl\u0105d. Dzi\u0119ki ekstraktowi z kolagenu, wodzie morskiej, krem dzia\u0142a na popraw\u0119 struktury sk\u00f3ry, a tak\u017ce na redukcj\u0119 widoczno\u015bci por\u00f3w, nadaj\u0105c sk\u00f3rze j\u0119drno\u015b\u0107 i g\u0142adko\u015b\u0107. Syntezowany kolagen oraz elastyna odbudowuj\u0105 barier\u0119 ochronn\u0105 sk\u00f3ry, wspieraj\u0105c jej elastyczno\u015b\u0107 i zmniejszaj\u0105c widoczno\u015b\u0107 ... Read moreBIODANCE Collagen Cream, 50 ml &#8211; krem zmniejszaj\u0105cy widoczno\u015b\u0107 por\u00f3w\" \/>\n<meta property=\"og:url\" content=\"https:\/\/selleetools.com\/pl\/product\/biodance-collagen-cream-50-ml-krem-zmniejszajacy-widocznosc-porow\/\" \/>\n<meta property=\"og:site_name\" content=\"Selleetools.com\" \/>\n<meta property=\"article:modified_time\" content=\"2025-11-04T19:56:44+00:00\" \/>\n<meta property=\"og:image\" content=\"https:\/\/selleetools.com\/wp-content\/uploads\/2025\/10\/549759d473518aa55d6466bbad934264.png\" \/>\n\t<meta property=\"og:image:width\" content=\"3000\" \/>\n\t<meta property=\"og:image:height\" content=\"3000\" \/>\n\t<meta property=\"og:image:type\" content=\"image\/png\" \/>\n<meta name=\"twitter:card\" content=\"summary_large_image\" \/>\n<meta name=\"twitter:label1\" content=\"Est. reading time\" \/>\n\t<meta name=\"twitter:data1\" content=\"1 minuta\" \/>\n<!-- \/ Yoast SEO plugin. -->","yoast_head_json":{"title":"BIODANCE Collagen Cream, 50 ml - krem zmniejszaj\u0105cy widoczno\u015b\u0107 por\u00f3w - Selleetools.com","robots":{"index":"index","follow":"follow","max-snippet":"max-snippet:-1","max-image-preview":"max-image-preview:large","max-video-preview":"max-video-preview:-1"},"canonical":"https:\/\/selleetools.com\/pl\/product\/biodance-collagen-cream-50-ml-krem-zmniejszajacy-widocznosc-porow\/","og_locale":"pl_PL","og_type":"article","og_title":"BIODANCE Collagen Cream, 50 ml - krem zmniejszaj\u0105cy widoczno\u015b\u0107 por\u00f3w - Selleetools.com","og_description":"BIODANCE Collagen Cream to krem, kt\u00f3ry intensywnie regeneruje i poprawia elastyczno\u015b\u0107 sk\u00f3ry, przywracaj\u0105c jej spr\u0119\u017cysto\u015b\u0107 i zdrowy wygl\u0105d. Dzi\u0119ki ekstraktowi z kolagenu, wodzie morskiej, krem dzia\u0142a na popraw\u0119 struktury sk\u00f3ry, a tak\u017ce na redukcj\u0119 widoczno\u015bci por\u00f3w, nadaj\u0105c sk\u00f3rze j\u0119drno\u015b\u0107 i g\u0142adko\u015b\u0107. Syntezowany kolagen oraz elastyna odbudowuj\u0105 barier\u0119 ochronn\u0105 sk\u00f3ry, wspieraj\u0105c jej elastyczno\u015b\u0107 i zmniejszaj\u0105c widoczno\u015b\u0107 ... Read moreBIODANCE Collagen Cream, 50 ml &#8211; krem zmniejszaj\u0105cy widoczno\u015b\u0107 por\u00f3w","og_url":"https:\/\/selleetools.com\/pl\/product\/biodance-collagen-cream-50-ml-krem-zmniejszajacy-widocznosc-porow\/","og_site_name":"Selleetools.com","article_modified_time":"2025-11-04T19:56:44+00:00","og_image":[{"width":3000,"height":3000,"url":"https:\/\/selleetools.com\/wp-content\/uploads\/2025\/10\/549759d473518aa55d6466bbad934264.png","type":"image\/png"}],"twitter_card":"summary_large_image","twitter_misc":{"Est. reading time":"1 minuta"},"schema":{"@context":"https:\/\/schema.org","@graph":[{"@type":"Organization","@id":"https:\/\/selleetools.com\/#organization","name":"Selleetools","url":"https:\/\/selleetools.com\/","sameAs":[],"logo":{"@type":"ImageObject","inLanguage":"pl-PL","@id":"https:\/\/selleetools.com\/#\/schema\/logo\/image\/","url":"https:\/\/selleetools.com\/wp-content\/uploads\/2021\/10\/logo-dark.png","contentUrl":"https:\/\/selleetools.com\/wp-content\/uploads\/2021\/10\/logo-dark.png","width":320,"height":76,"caption":"Selleetools"},"image":{"@id":"https:\/\/selleetools.com\/#\/schema\/logo\/image\/"}},{"@type":"WebSite","@id":"https:\/\/selleetools.com\/#website","url":"https:\/\/selleetools.com\/","name":"Selleetools.com","description":"","publisher":{"@id":"https:\/\/selleetools.com\/#organization"},"potentialAction":[{"@type":"SearchAction","target":{"@type":"EntryPoint","urlTemplate":"https:\/\/selleetools.com\/?s={search_term_string}"},"query-input":"required name=search_term_string"}],"inLanguage":"pl-PL"},{"@type":"WebPage","@id":"https:\/\/selleetools.com\/pl\/product\/biodance-collagen-cream-50-ml-krem-zmniejszajacy-widocznosc-porow\/","url":"https:\/\/selleetools.com\/pl\/product\/biodance-collagen-cream-50-ml-krem-zmniejszajacy-widocznosc-porow\/","name":"BIODANCE Collagen Cream, 50 ml - krem zmniejszaj\u0105cy widoczno\u015b\u0107 por\u00f3w - Selleetools.com","isPartOf":{"@id":"https:\/\/selleetools.com\/#website"},"datePublished":"2025-10-24T11:48:45+00:00","dateModified":"2025-11-04T19:56:44+00:00","breadcrumb":{"@id":"https:\/\/selleetools.com\/pl\/product\/biodance-collagen-cream-50-ml-krem-zmniejszajacy-widocznosc-porow\/#breadcrumb"},"inLanguage":"pl-PL","potentialAction":[{"@type":"ReadAction","target":["https:\/\/selleetools.com\/pl\/product\/biodance-collagen-cream-50-ml-krem-zmniejszajacy-widocznosc-porow\/"]}]},{"@type":"BreadcrumbList","@id":"https:\/\/selleetools.com\/pl\/product\/biodance-collagen-cream-50-ml-krem-zmniejszajacy-widocznosc-porow\/#breadcrumb","itemListElement":[{"@type":"ListItem","position":1,"name":"Home","item":"https:\/\/selleetools.com\/pl\/"},{"@type":"ListItem","position":2,"name":"Katalog","item":"https:\/\/selleetools.com\/pl\/katalog\/"},{"@type":"ListItem","position":3,"name":"BIODANCE Collagen Cream, 50 ml &#8211; krem zmniejszaj\u0105cy widoczno\u015b\u0107 por\u00f3w"}]}]}},"_links":{"self":[{"href":"https:\/\/admincentral.selleetools.com\/pl\/wp-json\/wp\/v2\/product\/606298"}],"collection":[{"href":"https:\/\/admincentral.selleetools.com\/pl\/wp-json\/wp\/v2\/product"}],"about":[{"href":"https:\/\/admincentral.selleetools.com\/pl\/wp-json\/wp\/v2\/types\/product"}],"replies":[{"embeddable":true,"href":"https:\/\/admincentral.selleetools.com\/pl\/wp-json\/wp\/v2\/comments?post=606298"}],"wp:featuredmedia":[{"embeddable":true,"href":"https:\/\/admincentral.selleetools.com\/pl\/wp-json\/wp\/v2\/media\/606296"}],"wp:attachment":[{"href":"https:\/\/admincentral.selleetools.com\/pl\/wp-json\/wp\/v2\/media?parent=606298"}],"curies":[{"name":"wp","href":"https:\/\/api.w.org\/{rel}","templated":true}]}}