{"id":606310,"date":"2025-10-24T13:49:03","date_gmt":"2025-10-24T11:49:03","guid":{"rendered":"https:\/\/selleetools.com\/?post_type=product&#038;p=606310"},"modified":"2025-12-02T21:15:22","modified_gmt":"2025-12-02T20:15:22","slug":"medi-peel-peptide-9-hyaluronic-volumy-eye-cream-40-ml-krem-pod-oczy-z-peptydami","status":"publish","type":"product","link":"https:\/\/admincentral.selleetools.com\/pl\/product\/medi-peel-peptide-9-hyaluronic-volumy-eye-cream-40-ml-krem-pod-oczy-z-peptydami\/","title":{"rendered":"MEDI-PEEL Peptide 9 Hyaluronic Volumy Eye Cream 40 ml &#8211; Krem pod oczy z peptydami"},"content":{"rendered":"<p>MEDI-PEEL Peptide 9 Hyaluronic Volumy Eye Cream to intensywnie nawil\u017caj\u0105cy krem pod oczy, kt\u00f3ry poprawia elastyczno\u015b\u0107 sk\u00f3ry, dzi\u0119ki zawarto\u015bci 9 rodzaj\u00f3w peptyd\u00f3w oraz kwasu hialuronowego. Krem skutecznie redukuje drobne zmarszczki, poprawiaj\u0105c napi\u0119cie sk\u00f3ry wok\u00f3\u0142 oczu, dzi\u0119ki czemu sk\u00f3ra staje si\u0119 bardziej j\u0119drna i wyg\u0142adzona. Niacynamid i ekstrakty ro\u015blinne, takie jak li\u015b\u0107 oliwki, korze\u0144 rumianku oraz ekstrakt z r\u00f3\u017cy damasce\u0144skiej, wspieraj\u0105 nawil\u017cenie i regeneracj\u0119 sk\u00f3ry, \u0142agodz\u0105c podra\u017cnienia i zaczerwienienia. Peptydy wspomagaj\u0105 procesy odbudowy sk\u00f3ry, przywracaj\u0105c jej zdrowy wygl\u0105d.<\/p>\n<p>Korzy\u015bci dla sk\u00f3ry:<br \/>\nNawil\u017cenie i poprawa elastyczno\u015bci sk\u00f3ry wok\u00f3\u0142 oczu<br \/>\nRedukcja drobnych zmarszczek i oznak starzenia<br \/>\nWyg\u0142adzenie i napi\u0119cie sk\u00f3ry<br \/>\n\u0141agodzenie podra\u017cnie\u0144 i poprawa kolorytu sk\u00f3ry<br \/>\nSk\u00f3ra staje si\u0119 pe\u0142na blasku, g\u0142adka i m\u0142odsza<\/p>\n<p>Spos\u00f3b u\u017cycia: Na oczyszczon\u0105 sk\u00f3r\u0119 wok\u00f3\u0142 oczu na\u0142\u00f3\u017c odpowiedni\u0105 ilo\u015b\u0107 kremu i delikatnie wmasuj, a\u017c do ca\u0142kowitego wch\u0142oni\u0119cia. Stosuj codziennie rano i wieczorem dla najlepszych efekt\u00f3w.<\/p>\n","protected":false},"excerpt":{"rendered":"<p>MEDI-PEEL Peptide 9 Hyaluronic Volumy Eye Cream to intensywnie nawil\u017caj\u0105cy krem pod oczy, kt\u00f3ry poprawia elastyczno\u015b\u0107 sk\u00f3ry, dzi\u0119ki zawarto\u015bci 9 rodzaj\u00f3w peptyd\u00f3w oraz kwasu hialuronowego. Krem skutecznie redukuje drobne zmarszczki, poprawiaj\u0105c napi\u0119cie sk\u00f3ry wok\u00f3\u0142 oczu, dzi\u0119ki czemu sk\u00f3ra staje si\u0119 bardziej j\u0119drna i wyg\u0142adzona. Niacynamid i ekstrakty ro\u015blinne, takie jak li\u015b\u0107 oliwki, korze\u0144 rumianku oraz &#8230; <a title=\"MEDI-PEEL Peptide 9 Hyaluronic Volumy Eye Cream 40 ml &#8211; Krem pod oczy z peptydami\" class=\"read-more\" href=\"https:\/\/admincentral.selleetools.com\/pl\/product\/medi-peel-peptide-9-hyaluronic-volumy-eye-cream-40-ml-krem-pod-oczy-z-peptydami\/\">Read more<span class=\"screen-reader-text\">MEDI-PEEL Peptide 9 Hyaluronic Volumy Eye Cream 40 ml &#8211; Krem pod oczy z peptydami<\/span><\/a><\/p>\n","protected":false},"featured_media":606308,"comment_status":"open","ping_status":"closed","template":"","meta":{"_links_to":"","_links_to_target":""},"yoast_head":"<!-- This site is optimized with the Yoast SEO plugin v19.4 - https:\/\/yoast.com\/wordpress\/plugins\/seo\/ -->\n<title>MEDI-PEEL Peptide 9 Hyaluronic Volumy Eye Cream 40 ml - Krem pod oczy z peptydami - Selleetools.com<\/title>\n<meta name=\"robots\" content=\"index, follow, max-snippet:-1, max-image-preview:large, max-video-preview:-1\" \/>\n<link rel=\"canonical\" href=\"https:\/\/selleetools.com\/pl\/product\/medi-peel-peptide-9-hyaluronic-volumy-eye-cream-40-ml-krem-pod-oczy-z-peptydami\/\" \/>\n<meta property=\"og:locale\" content=\"pl_PL\" \/>\n<meta property=\"og:type\" content=\"article\" \/>\n<meta property=\"og:title\" content=\"MEDI-PEEL Peptide 9 Hyaluronic Volumy Eye Cream 40 ml - Krem pod oczy z peptydami - Selleetools.com\" \/>\n<meta property=\"og:description\" content=\"MEDI-PEEL Peptide 9 Hyaluronic Volumy Eye Cream to intensywnie nawil\u017caj\u0105cy krem pod oczy, kt\u00f3ry poprawia elastyczno\u015b\u0107 sk\u00f3ry, dzi\u0119ki zawarto\u015bci 9 rodzaj\u00f3w peptyd\u00f3w oraz kwasu hialuronowego. Krem skutecznie redukuje drobne zmarszczki, poprawiaj\u0105c napi\u0119cie sk\u00f3ry wok\u00f3\u0142 oczu, dzi\u0119ki czemu sk\u00f3ra staje si\u0119 bardziej j\u0119drna i wyg\u0142adzona. Niacynamid i ekstrakty ro\u015blinne, takie jak li\u015b\u0107 oliwki, korze\u0144 rumianku oraz ... Read moreMEDI-PEEL Peptide 9 Hyaluronic Volumy Eye Cream 40 ml &#8211; Krem pod oczy z peptydami\" \/>\n<meta property=\"og:url\" content=\"https:\/\/selleetools.com\/pl\/product\/medi-peel-peptide-9-hyaluronic-volumy-eye-cream-40-ml-krem-pod-oczy-z-peptydami\/\" \/>\n<meta property=\"og:site_name\" content=\"Selleetools.com\" \/>\n<meta property=\"article:modified_time\" content=\"2025-12-02T20:15:22+00:00\" \/>\n<meta property=\"og:image\" content=\"https:\/\/selleetools.com\/wp-content\/uploads\/2025\/10\/d61fa44af0458faebea890eec46a6542.png\" \/>\n\t<meta property=\"og:image:width\" content=\"3000\" \/>\n\t<meta property=\"og:image:height\" content=\"3000\" \/>\n\t<meta property=\"og:image:type\" content=\"image\/png\" \/>\n<meta name=\"twitter:card\" content=\"summary_large_image\" \/>\n<meta name=\"twitter:label1\" content=\"Est. reading time\" \/>\n\t<meta name=\"twitter:data1\" content=\"1 minuta\" \/>\n<!-- \/ Yoast SEO plugin. -->","yoast_head_json":{"title":"MEDI-PEEL Peptide 9 Hyaluronic Volumy Eye Cream 40 ml - Krem pod oczy z peptydami - Selleetools.com","robots":{"index":"index","follow":"follow","max-snippet":"max-snippet:-1","max-image-preview":"max-image-preview:large","max-video-preview":"max-video-preview:-1"},"canonical":"https:\/\/selleetools.com\/pl\/product\/medi-peel-peptide-9-hyaluronic-volumy-eye-cream-40-ml-krem-pod-oczy-z-peptydami\/","og_locale":"pl_PL","og_type":"article","og_title":"MEDI-PEEL Peptide 9 Hyaluronic Volumy Eye Cream 40 ml - Krem pod oczy z peptydami - Selleetools.com","og_description":"MEDI-PEEL Peptide 9 Hyaluronic Volumy Eye Cream to intensywnie nawil\u017caj\u0105cy krem pod oczy, kt\u00f3ry poprawia elastyczno\u015b\u0107 sk\u00f3ry, dzi\u0119ki zawarto\u015bci 9 rodzaj\u00f3w peptyd\u00f3w oraz kwasu hialuronowego. Krem skutecznie redukuje drobne zmarszczki, poprawiaj\u0105c napi\u0119cie sk\u00f3ry wok\u00f3\u0142 oczu, dzi\u0119ki czemu sk\u00f3ra staje si\u0119 bardziej j\u0119drna i wyg\u0142adzona. Niacynamid i ekstrakty ro\u015blinne, takie jak li\u015b\u0107 oliwki, korze\u0144 rumianku oraz ... Read moreMEDI-PEEL Peptide 9 Hyaluronic Volumy Eye Cream 40 ml &#8211; Krem pod oczy z peptydami","og_url":"https:\/\/selleetools.com\/pl\/product\/medi-peel-peptide-9-hyaluronic-volumy-eye-cream-40-ml-krem-pod-oczy-z-peptydami\/","og_site_name":"Selleetools.com","article_modified_time":"2025-12-02T20:15:22+00:00","og_image":[{"width":3000,"height":3000,"url":"https:\/\/selleetools.com\/wp-content\/uploads\/2025\/10\/d61fa44af0458faebea890eec46a6542.png","type":"image\/png"}],"twitter_card":"summary_large_image","twitter_misc":{"Est. reading time":"1 minuta"},"schema":{"@context":"https:\/\/schema.org","@graph":[{"@type":"Organization","@id":"https:\/\/selleetools.com\/#organization","name":"Selleetools","url":"https:\/\/selleetools.com\/","sameAs":[],"logo":{"@type":"ImageObject","inLanguage":"pl-PL","@id":"https:\/\/selleetools.com\/#\/schema\/logo\/image\/","url":"https:\/\/selleetools.com\/wp-content\/uploads\/2021\/10\/logo-dark.png","contentUrl":"https:\/\/selleetools.com\/wp-content\/uploads\/2021\/10\/logo-dark.png","width":320,"height":76,"caption":"Selleetools"},"image":{"@id":"https:\/\/selleetools.com\/#\/schema\/logo\/image\/"}},{"@type":"WebSite","@id":"https:\/\/selleetools.com\/#website","url":"https:\/\/selleetools.com\/","name":"Selleetools.com","description":"","publisher":{"@id":"https:\/\/selleetools.com\/#organization"},"potentialAction":[{"@type":"SearchAction","target":{"@type":"EntryPoint","urlTemplate":"https:\/\/selleetools.com\/?s={search_term_string}"},"query-input":"required name=search_term_string"}],"inLanguage":"pl-PL"},{"@type":"WebPage","@id":"https:\/\/selleetools.com\/pl\/product\/medi-peel-peptide-9-hyaluronic-volumy-eye-cream-40-ml-krem-pod-oczy-z-peptydami\/","url":"https:\/\/selleetools.com\/pl\/product\/medi-peel-peptide-9-hyaluronic-volumy-eye-cream-40-ml-krem-pod-oczy-z-peptydami\/","name":"MEDI-PEEL Peptide 9 Hyaluronic Volumy Eye Cream 40 ml - Krem pod oczy z peptydami - Selleetools.com","isPartOf":{"@id":"https:\/\/selleetools.com\/#website"},"datePublished":"2025-10-24T11:49:03+00:00","dateModified":"2025-12-02T20:15:22+00:00","breadcrumb":{"@id":"https:\/\/selleetools.com\/pl\/product\/medi-peel-peptide-9-hyaluronic-volumy-eye-cream-40-ml-krem-pod-oczy-z-peptydami\/#breadcrumb"},"inLanguage":"pl-PL","potentialAction":[{"@type":"ReadAction","target":["https:\/\/selleetools.com\/pl\/product\/medi-peel-peptide-9-hyaluronic-volumy-eye-cream-40-ml-krem-pod-oczy-z-peptydami\/"]}]},{"@type":"BreadcrumbList","@id":"https:\/\/selleetools.com\/pl\/product\/medi-peel-peptide-9-hyaluronic-volumy-eye-cream-40-ml-krem-pod-oczy-z-peptydami\/#breadcrumb","itemListElement":[{"@type":"ListItem","position":1,"name":"Home","item":"https:\/\/selleetools.com\/pl\/"},{"@type":"ListItem","position":2,"name":"Katalog","item":"https:\/\/selleetools.com\/pl\/katalog\/"},{"@type":"ListItem","position":3,"name":"MEDI-PEEL Peptide 9 Hyaluronic Volumy Eye Cream 40 ml &#8211; Krem pod oczy z peptydami"}]}]}},"_links":{"self":[{"href":"https:\/\/admincentral.selleetools.com\/pl\/wp-json\/wp\/v2\/product\/606310"}],"collection":[{"href":"https:\/\/admincentral.selleetools.com\/pl\/wp-json\/wp\/v2\/product"}],"about":[{"href":"https:\/\/admincentral.selleetools.com\/pl\/wp-json\/wp\/v2\/types\/product"}],"replies":[{"embeddable":true,"href":"https:\/\/admincentral.selleetools.com\/pl\/wp-json\/wp\/v2\/comments?post=606310"}],"wp:featuredmedia":[{"embeddable":true,"href":"https:\/\/admincentral.selleetools.com\/pl\/wp-json\/wp\/v2\/media\/606308"}],"wp:attachment":[{"href":"https:\/\/admincentral.selleetools.com\/pl\/wp-json\/wp\/v2\/media?parent=606310"}],"curies":[{"name":"wp","href":"https:\/\/api.w.org\/{rel}","templated":true}]}}