{"id":606316,"date":"2025-10-24T13:49:07","date_gmt":"2025-10-24T11:49:07","guid":{"rendered":"https:\/\/selleetools.com\/?post_type=product&#038;p=606316"},"modified":"2026-03-22T14:44:23","modified_gmt":"2026-03-22T13:44:23","slug":"medi-peel-peptide-9-volume-and-tension-tox-cream-pro-50-ml-krem-przeciwzmarszczkowy","status":"publish","type":"product","link":"https:\/\/admincentral.selleetools.com\/pl\/product\/medi-peel-peptide-9-volume-and-tension-tox-cream-pro-50-ml-krem-przeciwzmarszczkowy\/","title":{"rendered":"MEDI-PEEL Peptide 9 Volume And Tension Tox Cream Pro 50 ml &#8211; krem przeciwzmarszczkowy"},"content":{"rendered":"<p>MEDI-PEEL Peptide 9 Volume And Tension Tox Cream Pro 50 ml to luksusowy krem przeciwzmarszczkowy, kt\u00f3ry \u0142\u0105czy w sobie innowacyjne technologie z zaawansowan\u0105 piel\u0119gnacj\u0105 sk\u00f3ry. Zawiera a\u017c 9 r\u00f3\u017cnych peptyd\u00f3w, kt\u00f3re s\u0105 znane ze swoich w\u0142a\u015bciwo\u015bci regeneruj\u0105cych i przeciwstarzeniowych. Produkt ten nie tylko wyg\u0142adza sk\u00f3r\u0119, ale tak\u017ce poprawia jej elastyczno\u015b\u0107, nadaj\u0105c twarzy m\u0142odzie\u0144czy wygl\u0105d i zdrowy blask.<\/p>\n<p>Korzy\u015bci dla sk\u00f3ry:<br \/>\nRedukcja zmarszczek i linii mimicznych: Peptydy stymuluj\u0105 produkcj\u0119 kolagenu, co pomaga zredukowa\u0107 widoczno\u015b\u0107 zmarszczek i drobnych linii.<br \/>\nPoprawa elastyczno\u015bci i napi\u0119cia sk\u00f3ry: Krem dzia\u0142a liftinguj\u0105co, poprawiaj\u0105c napi\u0119cie sk\u00f3ry, co prowadzi do bardziej j\u0119drnej i spr\u0119\u017cystej cery.<br \/>\nG\u0142\u0119bokie nawil\u017cenie: Formu\u0142a bogata w sk\u0142adniki nawil\u017caj\u0105ce zapewnia d\u0142ugotrwa\u0142e nawodnienie sk\u00f3ry, co sprawia, \u017ce staje si\u0119 ona g\u0142adka i mi\u0119kka w dotyku.<br \/>\nEfekt wype\u0142nienia: Dzi\u0119ki specjalnym sk\u0142adnikom o w\u0142a\u015bciwo\u015bciach wype\u0142niaj\u0105cych, krem przyczynia si\u0119 do przywr\u00f3cenia obj\u0119to\u015bci sk\u00f3ry, nadaj\u0105c jej pe\u0142niejszy i bardziej m\u0142odzie\u0144czy wygl\u0105d.<br \/>\nPoprawa struktury sk\u00f3ry: Regularne stosowanie kremu wspomaga proces regeneracji kom\u00f3rek sk\u00f3ry, co poprawia jej og\u00f3lny wygl\u0105d i tekstur\u0119.<\/p>\n<p>Spos\u00f3b u\u017cycia:<br \/>\nOczyszczanie: Przed na\u0142o\u017ceniem kremu dok\u0142adnie oczy\u015b\u0107 twarz, usuwaj\u0105c wszelkie zanieczyszczenia i makija\u017c.<br \/>\nTonizowanie: Na\u0142\u00f3\u017c tonik, aby przygotowa\u0107 sk\u00f3r\u0119 na lepsze wch\u0142anianie sk\u0142adnik\u00f3w aktywnych z kremu.<br \/>\nAplikacja kremu: Niewielk\u0105 ilo\u015b\u0107 kremu na\u0142\u00f3\u017c na twarz i szyj\u0119, delikatnie wmasowuj\u0105c kolistymi ruchami. Szczeg\u00f3ln\u0105 uwag\u0119 zwr\u00f3\u0107 na obszary z widocznymi zmarszczkami i liniami mimicznymi.<br \/>\nCodzienne stosowanie: Krem mo\u017cna stosowa\u0107 zar\u00f3wno rano, jak i wieczorem. Na dzie\u0144 zaleca si\u0119 stosowanie go razem z kremem z filtrem SPF.<\/p>\n<p>Krem MEDI-PEEL Peptide 9 Volume And Tension Tox Cream Pro to idealne rozwi\u0105zanie dla os\u00f3b, kt\u00f3re chc\u0105 kompleksowo zadba\u0107 o swoj\u0105 sk\u00f3r\u0119, przeciwdzia\u0142aj\u0105c oznakom starzenia i przywracaj\u0105c jej m\u0142odzie\u0144cz\u0105 witalno\u015b\u0107.<\/p>\n","protected":false},"excerpt":{"rendered":"<p>MEDI-PEEL Peptide 9 Volume And Tension Tox Cream Pro 50 ml to luksusowy krem przeciwzmarszczkowy, kt\u00f3ry \u0142\u0105czy w sobie innowacyjne technologie z zaawansowan\u0105 piel\u0119gnacj\u0105 sk\u00f3ry. Zawiera a\u017c 9 r\u00f3\u017cnych peptyd\u00f3w, kt\u00f3re s\u0105 znane ze swoich w\u0142a\u015bciwo\u015bci regeneruj\u0105cych i przeciwstarzeniowych. Produkt ten nie tylko wyg\u0142adza sk\u00f3r\u0119, ale tak\u017ce poprawia jej elastyczno\u015b\u0107, nadaj\u0105c twarzy m\u0142odzie\u0144czy wygl\u0105d i &#8230; <a title=\"MEDI-PEEL Peptide 9 Volume And Tension Tox Cream Pro 50 ml &#8211; krem przeciwzmarszczkowy\" class=\"read-more\" href=\"https:\/\/admincentral.selleetools.com\/pl\/product\/medi-peel-peptide-9-volume-and-tension-tox-cream-pro-50-ml-krem-przeciwzmarszczkowy\/\">Read more<span class=\"screen-reader-text\">MEDI-PEEL Peptide 9 Volume And Tension Tox Cream Pro 50 ml &#8211; krem przeciwzmarszczkowy<\/span><\/a><\/p>\n","protected":false},"featured_media":606314,"comment_status":"open","ping_status":"closed","template":"","meta":{"_links_to":"","_links_to_target":""},"yoast_head":"<!-- This site is optimized with the Yoast SEO plugin v19.4 - https:\/\/yoast.com\/wordpress\/plugins\/seo\/ -->\n<title>MEDI-PEEL Peptide 9 Volume And Tension Tox Cream Pro 50 ml - krem przeciwzmarszczkowy - Selleetools.com<\/title>\n<meta name=\"robots\" content=\"index, follow, max-snippet:-1, max-image-preview:large, max-video-preview:-1\" \/>\n<link rel=\"canonical\" href=\"https:\/\/admincentral.selleetools.com\/pl\/product\/medi-peel-peptide-9-volume-and-tension-tox-cream-pro-50-ml-krem-przeciwzmarszczkowy\/\" \/>\n<meta property=\"og:locale\" content=\"pl_PL\" \/>\n<meta property=\"og:type\" content=\"article\" \/>\n<meta property=\"og:title\" content=\"MEDI-PEEL Peptide 9 Volume And Tension Tox Cream Pro 50 ml - krem przeciwzmarszczkowy - Selleetools.com\" \/>\n<meta property=\"og:description\" content=\"MEDI-PEEL Peptide 9 Volume And Tension Tox Cream Pro 50 ml to luksusowy krem przeciwzmarszczkowy, kt\u00f3ry \u0142\u0105czy w sobie innowacyjne technologie z zaawansowan\u0105 piel\u0119gnacj\u0105 sk\u00f3ry. Zawiera a\u017c 9 r\u00f3\u017cnych peptyd\u00f3w, kt\u00f3re s\u0105 znane ze swoich w\u0142a\u015bciwo\u015bci regeneruj\u0105cych i przeciwstarzeniowych. Produkt ten nie tylko wyg\u0142adza sk\u00f3r\u0119, ale tak\u017ce poprawia jej elastyczno\u015b\u0107, nadaj\u0105c twarzy m\u0142odzie\u0144czy wygl\u0105d i ... Read moreMEDI-PEEL Peptide 9 Volume And Tension Tox Cream Pro 50 ml &#8211; krem przeciwzmarszczkowy\" \/>\n<meta property=\"og:url\" content=\"https:\/\/admincentral.selleetools.com\/pl\/product\/medi-peel-peptide-9-volume-and-tension-tox-cream-pro-50-ml-krem-przeciwzmarszczkowy\/\" \/>\n<meta property=\"og:site_name\" content=\"Selleetools.com\" \/>\n<meta property=\"article:modified_time\" content=\"2026-03-22T13:44:23+00:00\" \/>\n<meta property=\"og:image\" content=\"https:\/\/selleetools.com\/wp-content\/uploads\/2025\/10\/f0538efc1c7d9f50fe454bf4de936acf.jpg\" \/>\n\t<meta property=\"og:image:width\" content=\"1000\" \/>\n\t<meta property=\"og:image:height\" content=\"1000\" \/>\n\t<meta property=\"og:image:type\" content=\"image\/jpeg\" \/>\n<meta name=\"twitter:card\" content=\"summary_large_image\" \/>\n<meta name=\"twitter:label1\" content=\"Est. reading time\" \/>\n\t<meta name=\"twitter:data1\" content=\"2 minuty\" \/>\n<!-- \/ Yoast SEO plugin. -->","yoast_head_json":{"title":"MEDI-PEEL Peptide 9 Volume And Tension Tox Cream Pro 50 ml - krem przeciwzmarszczkowy - Selleetools.com","robots":{"index":"index","follow":"follow","max-snippet":"max-snippet:-1","max-image-preview":"max-image-preview:large","max-video-preview":"max-video-preview:-1"},"canonical":"https:\/\/admincentral.selleetools.com\/pl\/product\/medi-peel-peptide-9-volume-and-tension-tox-cream-pro-50-ml-krem-przeciwzmarszczkowy\/","og_locale":"pl_PL","og_type":"article","og_title":"MEDI-PEEL Peptide 9 Volume And Tension Tox Cream Pro 50 ml - krem przeciwzmarszczkowy - Selleetools.com","og_description":"MEDI-PEEL Peptide 9 Volume And Tension Tox Cream Pro 50 ml to luksusowy krem przeciwzmarszczkowy, kt\u00f3ry \u0142\u0105czy w sobie innowacyjne technologie z zaawansowan\u0105 piel\u0119gnacj\u0105 sk\u00f3ry. Zawiera a\u017c 9 r\u00f3\u017cnych peptyd\u00f3w, kt\u00f3re s\u0105 znane ze swoich w\u0142a\u015bciwo\u015bci regeneruj\u0105cych i przeciwstarzeniowych. Produkt ten nie tylko wyg\u0142adza sk\u00f3r\u0119, ale tak\u017ce poprawia jej elastyczno\u015b\u0107, nadaj\u0105c twarzy m\u0142odzie\u0144czy wygl\u0105d i ... Read moreMEDI-PEEL Peptide 9 Volume And Tension Tox Cream Pro 50 ml &#8211; krem przeciwzmarszczkowy","og_url":"https:\/\/admincentral.selleetools.com\/pl\/product\/medi-peel-peptide-9-volume-and-tension-tox-cream-pro-50-ml-krem-przeciwzmarszczkowy\/","og_site_name":"Selleetools.com","article_modified_time":"2026-03-22T13:44:23+00:00","og_image":[{"width":1000,"height":1000,"url":"https:\/\/selleetools.com\/wp-content\/uploads\/2025\/10\/f0538efc1c7d9f50fe454bf4de936acf.jpg","type":"image\/jpeg"}],"twitter_card":"summary_large_image","twitter_misc":{"Est. reading time":"2 minuty"},"schema":{"@context":"https:\/\/schema.org","@graph":[{"@type":"Organization","@id":"https:\/\/selleetools.com\/#organization","name":"Selleetools","url":"https:\/\/selleetools.com\/","sameAs":[],"logo":{"@type":"ImageObject","inLanguage":"pl-PL","@id":"https:\/\/selleetools.com\/#\/schema\/logo\/image\/","url":"https:\/\/selleetools.com\/wp-content\/uploads\/2021\/10\/logo-dark.png","contentUrl":"https:\/\/selleetools.com\/wp-content\/uploads\/2021\/10\/logo-dark.png","width":320,"height":76,"caption":"Selleetools"},"image":{"@id":"https:\/\/selleetools.com\/#\/schema\/logo\/image\/"}},{"@type":"WebSite","@id":"https:\/\/selleetools.com\/#website","url":"https:\/\/selleetools.com\/","name":"Selleetools.com","description":"","publisher":{"@id":"https:\/\/selleetools.com\/#organization"},"potentialAction":[{"@type":"SearchAction","target":{"@type":"EntryPoint","urlTemplate":"https:\/\/selleetools.com\/?s={search_term_string}"},"query-input":"required name=search_term_string"}],"inLanguage":"pl-PL"},{"@type":"WebPage","@id":"https:\/\/admincentral.selleetools.com\/pl\/product\/medi-peel-peptide-9-volume-and-tension-tox-cream-pro-50-ml-krem-przeciwzmarszczkowy\/","url":"https:\/\/admincentral.selleetools.com\/pl\/product\/medi-peel-peptide-9-volume-and-tension-tox-cream-pro-50-ml-krem-przeciwzmarszczkowy\/","name":"MEDI-PEEL Peptide 9 Volume And Tension Tox Cream Pro 50 ml - krem przeciwzmarszczkowy - Selleetools.com","isPartOf":{"@id":"https:\/\/selleetools.com\/#website"},"datePublished":"2025-10-24T11:49:07+00:00","dateModified":"2026-03-22T13:44:23+00:00","breadcrumb":{"@id":"https:\/\/admincentral.selleetools.com\/pl\/product\/medi-peel-peptide-9-volume-and-tension-tox-cream-pro-50-ml-krem-przeciwzmarszczkowy\/#breadcrumb"},"inLanguage":"pl-PL","potentialAction":[{"@type":"ReadAction","target":["https:\/\/admincentral.selleetools.com\/pl\/product\/medi-peel-peptide-9-volume-and-tension-tox-cream-pro-50-ml-krem-przeciwzmarszczkowy\/"]}]},{"@type":"BreadcrumbList","@id":"https:\/\/admincentral.selleetools.com\/pl\/product\/medi-peel-peptide-9-volume-and-tension-tox-cream-pro-50-ml-krem-przeciwzmarszczkowy\/#breadcrumb","itemListElement":[{"@type":"ListItem","position":1,"name":"Home","item":"https:\/\/selleetools.com\/pl\/"},{"@type":"ListItem","position":2,"name":"Katalog","item":"https:\/\/selleetools.com\/pl\/katalog\/"},{"@type":"ListItem","position":3,"name":"MEDI-PEEL Peptide 9 Volume And Tension Tox Cream Pro 50 ml &#8211; krem przeciwzmarszczkowy"}]}]}},"_links":{"self":[{"href":"https:\/\/admincentral.selleetools.com\/pl\/wp-json\/wp\/v2\/product\/606316"}],"collection":[{"href":"https:\/\/admincentral.selleetools.com\/pl\/wp-json\/wp\/v2\/product"}],"about":[{"href":"https:\/\/admincentral.selleetools.com\/pl\/wp-json\/wp\/v2\/types\/product"}],"replies":[{"embeddable":true,"href":"https:\/\/admincentral.selleetools.com\/pl\/wp-json\/wp\/v2\/comments?post=606316"}],"wp:featuredmedia":[{"embeddable":true,"href":"https:\/\/admincentral.selleetools.com\/pl\/wp-json\/wp\/v2\/media\/606314"}],"wp:attachment":[{"href":"https:\/\/admincentral.selleetools.com\/pl\/wp-json\/wp\/v2\/media?parent=606316"}],"curies":[{"name":"wp","href":"https:\/\/api.w.org\/{rel}","templated":true}]}}