{"id":606322,"date":"2025-10-24T13:49:15","date_gmt":"2025-10-24T11:49:15","guid":{"rendered":"https:\/\/selleetools.com\/?post_type=product&#038;p=606322"},"modified":"2025-11-04T20:50:48","modified_gmt":"2025-11-04T19:50:48","slug":"fwee-lipcheek-blurry-pudding-pot-cr04-seventeen-5-g-2w1-pomadka-i-roz-do-policzkow","status":"publish","type":"product","link":"https:\/\/admincentral.selleetools.com\/pl\/product\/fwee-lipcheek-blurry-pudding-pot-cr04-seventeen-5-g-2w1-pomadka-i-roz-do-policzkow\/","title":{"rendered":"FWEE Lip&#038;Cheek Blurry Pudding Pot CR04 Seventeen 5 g &#8211; 2w1 pomadka i r\u00f3\u017c do policzk\u00f3w"},"content":{"rendered":"<p>FWEE Lip&#038;Cheek Blurry Pudding Pot to innowacyjny kosmetyk typu 2 w 1, kt\u00f3ry doskonale sprawdzi si\u0119 zar\u00f3wno jako pomadka do ust, jak i r\u00f3\u017c do policzk\u00f3w. Odcie\u0144 CR04 Seventeen to elegancki, ciep\u0142y koralowy kolor, kt\u00f3ry doda \u015bwie\u017co\u015bci ka\u017cdemu makija\u017cowi, podkre\u015blaj\u0105c naturalne pi\u0119kno cery.<\/p>\n<p>Korzy\u015bci dla sk\u00f3ry:<br \/>\nWielofunkcyjno\u015b\u0107: Produkt mo\u017cna stosowa\u0107 zar\u00f3wno na usta, jak i na policzki, co u\u0142atwia codzienn\u0105 rutyn\u0119 makija\u017cow\u0105.<br \/>\nNaturalne wyko\u0144czenie: Lekka, kremowa konsystencja pozwala na uzyskanie delikatnego efektu &#8220;blur&#8221;, kt\u00f3ry subtelnie wyg\u0142adza i zmi\u0119kcza rysy twarzy, daj\u0105c efekt promiennej i zdrowo wygl\u0105daj\u0105cej sk\u00f3ry.<br \/>\nNawil\u017cenie i piel\u0119gnacja: Formu\u0142a wzbogacona sk\u0142adnikami nawil\u017caj\u0105cymi zapewnia d\u0142ugotrwa\u0142y komfort bez przesuszania, dzi\u0119ki czemu Twoja sk\u00f3ra i usta b\u0119d\u0105 wygl\u0105da\u0107 \u015bwie\u017co przez ca\u0142y dzie\u0144.<br \/>\nD\u0142ugotrwa\u0142y efekt: Blurry Pudding Pot zapewnia wyrazisty kolor, kt\u00f3ry utrzymuje si\u0119 na sk\u00f3rze i ustach przez wiele godzin, nie wymagaj\u0105c cz\u0119stych poprawek.<\/p>\n<p>Spos\u00f3b u\u017cycia:<br \/>\nNa policzki: Na\u0142\u00f3\u017c niewielk\u0105 ilo\u015b\u0107 produktu na opuszki palc\u00f3w i delikatnie wklep go na policzki. Mo\u017cesz stopniowa\u0107 intensywno\u015b\u0107 koloru, dodaj\u0105c wi\u0119cej produktu, a\u017c do uzyskania po\u017c\u0105danego efektu. Idealnie nadaje si\u0119 do uzyskania naturalnego, rumianego blasku.<br \/>\nNa usta: W przypadku ust, aplikuj produkt bezpo\u015brednio na wargi lub za pomoc\u0105 p\u0119dzelka, aby uzyska\u0107 precyzyjniejszy efekt. Produkt mo\u017cna warstwowa\u0107, co pozwala uzyska\u0107 bardziej wyrazisty kolor lub delikatne, subtelne wyko\u0144czenie.<\/p>\n<p>Blurry Pudding Pot to idealne rozwi\u0105zanie dla os\u00f3b poszukuj\u0105cych kosmetyku, kt\u00f3ry pozwala na szybki, wielozadaniowy makija\u017c o pi\u0119knym wyko\u0144czeniu i d\u0142ugotrwa\u0142ym efekcie.<\/p>\n","protected":false},"excerpt":{"rendered":"<p>FWEE Lip&#038;Cheek Blurry Pudding Pot to innowacyjny kosmetyk typu 2 w 1, kt\u00f3ry doskonale sprawdzi si\u0119 zar\u00f3wno jako pomadka do ust, jak i r\u00f3\u017c do policzk\u00f3w. Odcie\u0144 CR04 Seventeen to elegancki, ciep\u0142y koralowy kolor, kt\u00f3ry doda \u015bwie\u017co\u015bci ka\u017cdemu makija\u017cowi, podkre\u015blaj\u0105c naturalne pi\u0119kno cery. Korzy\u015bci dla sk\u00f3ry: Wielofunkcyjno\u015b\u0107: Produkt mo\u017cna stosowa\u0107 zar\u00f3wno na usta, jak i &#8230; <a title=\"FWEE Lip&#038;Cheek Blurry Pudding Pot CR04 Seventeen 5 g &#8211; 2w1 pomadka i r\u00f3\u017c do policzk\u00f3w\" class=\"read-more\" href=\"https:\/\/admincentral.selleetools.com\/pl\/product\/fwee-lipcheek-blurry-pudding-pot-cr04-seventeen-5-g-2w1-pomadka-i-roz-do-policzkow\/\">Read more<span class=\"screen-reader-text\">FWEE Lip&#038;Cheek Blurry Pudding Pot CR04 Seventeen 5 g &#8211; 2w1 pomadka i r\u00f3\u017c do policzk\u00f3w<\/span><\/a><\/p>\n","protected":false},"featured_media":606320,"comment_status":"open","ping_status":"closed","template":"","meta":{"_links_to":"","_links_to_target":""},"yoast_head":"<!-- This site is optimized with the Yoast SEO plugin v19.4 - https:\/\/yoast.com\/wordpress\/plugins\/seo\/ -->\n<title>FWEE Lip&amp;Cheek Blurry Pudding Pot CR04 Seventeen 5 g - 2w1 pomadka i r\u00f3\u017c do policzk\u00f3w - Selleetools.com<\/title>\n<meta name=\"robots\" content=\"index, follow, max-snippet:-1, max-image-preview:large, max-video-preview:-1\" \/>\n<link rel=\"canonical\" href=\"https:\/\/selleetools.com\/pl\/product\/fwee-lipcheek-blurry-pudding-pot-cr04-seventeen-5-g-2w1-pomadka-i-roz-do-policzkow\/\" \/>\n<meta property=\"og:locale\" content=\"pl_PL\" \/>\n<meta property=\"og:type\" content=\"article\" \/>\n<meta property=\"og:title\" content=\"FWEE Lip&amp;Cheek Blurry Pudding Pot CR04 Seventeen 5 g - 2w1 pomadka i r\u00f3\u017c do policzk\u00f3w - Selleetools.com\" \/>\n<meta property=\"og:description\" content=\"FWEE Lip&#038;Cheek Blurry Pudding Pot to innowacyjny kosmetyk typu 2 w 1, kt\u00f3ry doskonale sprawdzi si\u0119 zar\u00f3wno jako pomadka do ust, jak i r\u00f3\u017c do policzk\u00f3w. Odcie\u0144 CR04 Seventeen to elegancki, ciep\u0142y koralowy kolor, kt\u00f3ry doda \u015bwie\u017co\u015bci ka\u017cdemu makija\u017cowi, podkre\u015blaj\u0105c naturalne pi\u0119kno cery. Korzy\u015bci dla sk\u00f3ry: Wielofunkcyjno\u015b\u0107: Produkt mo\u017cna stosowa\u0107 zar\u00f3wno na usta, jak i ... Read moreFWEE Lip&#038;Cheek Blurry Pudding Pot CR04 Seventeen 5 g &#8211; 2w1 pomadka i r\u00f3\u017c do policzk\u00f3w\" \/>\n<meta property=\"og:url\" content=\"https:\/\/selleetools.com\/pl\/product\/fwee-lipcheek-blurry-pudding-pot-cr04-seventeen-5-g-2w1-pomadka-i-roz-do-policzkow\/\" \/>\n<meta property=\"og:site_name\" content=\"Selleetools.com\" \/>\n<meta property=\"article:modified_time\" content=\"2025-11-04T19:50:48+00:00\" \/>\n<meta property=\"og:image\" content=\"https:\/\/selleetools.com\/wp-content\/uploads\/2025\/10\/1c4770894933c1ed5ca95a91f8bb2028.jpg\" \/>\n\t<meta property=\"og:image:width\" content=\"1500\" \/>\n\t<meta property=\"og:image:height\" content=\"1500\" \/>\n\t<meta property=\"og:image:type\" content=\"image\/jpeg\" \/>\n<meta name=\"twitter:card\" content=\"summary_large_image\" \/>\n<meta name=\"twitter:label1\" content=\"Est. reading time\" \/>\n\t<meta name=\"twitter:data1\" content=\"1 minuta\" \/>\n<!-- \/ Yoast SEO plugin. -->","yoast_head_json":{"title":"FWEE Lip&Cheek Blurry Pudding Pot CR04 Seventeen 5 g - 2w1 pomadka i r\u00f3\u017c do policzk\u00f3w - Selleetools.com","robots":{"index":"index","follow":"follow","max-snippet":"max-snippet:-1","max-image-preview":"max-image-preview:large","max-video-preview":"max-video-preview:-1"},"canonical":"https:\/\/selleetools.com\/pl\/product\/fwee-lipcheek-blurry-pudding-pot-cr04-seventeen-5-g-2w1-pomadka-i-roz-do-policzkow\/","og_locale":"pl_PL","og_type":"article","og_title":"FWEE Lip&Cheek Blurry Pudding Pot CR04 Seventeen 5 g - 2w1 pomadka i r\u00f3\u017c do policzk\u00f3w - Selleetools.com","og_description":"FWEE Lip&#038;Cheek Blurry Pudding Pot to innowacyjny kosmetyk typu 2 w 1, kt\u00f3ry doskonale sprawdzi si\u0119 zar\u00f3wno jako pomadka do ust, jak i r\u00f3\u017c do policzk\u00f3w. Odcie\u0144 CR04 Seventeen to elegancki, ciep\u0142y koralowy kolor, kt\u00f3ry doda \u015bwie\u017co\u015bci ka\u017cdemu makija\u017cowi, podkre\u015blaj\u0105c naturalne pi\u0119kno cery. Korzy\u015bci dla sk\u00f3ry: Wielofunkcyjno\u015b\u0107: Produkt mo\u017cna stosowa\u0107 zar\u00f3wno na usta, jak i ... Read moreFWEE Lip&#038;Cheek Blurry Pudding Pot CR04 Seventeen 5 g &#8211; 2w1 pomadka i r\u00f3\u017c do policzk\u00f3w","og_url":"https:\/\/selleetools.com\/pl\/product\/fwee-lipcheek-blurry-pudding-pot-cr04-seventeen-5-g-2w1-pomadka-i-roz-do-policzkow\/","og_site_name":"Selleetools.com","article_modified_time":"2025-11-04T19:50:48+00:00","og_image":[{"width":1500,"height":1500,"url":"https:\/\/selleetools.com\/wp-content\/uploads\/2025\/10\/1c4770894933c1ed5ca95a91f8bb2028.jpg","type":"image\/jpeg"}],"twitter_card":"summary_large_image","twitter_misc":{"Est. reading time":"1 minuta"},"schema":{"@context":"https:\/\/schema.org","@graph":[{"@type":"Organization","@id":"https:\/\/selleetools.com\/#organization","name":"Selleetools","url":"https:\/\/selleetools.com\/","sameAs":[],"logo":{"@type":"ImageObject","inLanguage":"pl-PL","@id":"https:\/\/selleetools.com\/#\/schema\/logo\/image\/","url":"https:\/\/selleetools.com\/wp-content\/uploads\/2021\/10\/logo-dark.png","contentUrl":"https:\/\/selleetools.com\/wp-content\/uploads\/2021\/10\/logo-dark.png","width":320,"height":76,"caption":"Selleetools"},"image":{"@id":"https:\/\/selleetools.com\/#\/schema\/logo\/image\/"}},{"@type":"WebSite","@id":"https:\/\/selleetools.com\/#website","url":"https:\/\/selleetools.com\/","name":"Selleetools.com","description":"","publisher":{"@id":"https:\/\/selleetools.com\/#organization"},"potentialAction":[{"@type":"SearchAction","target":{"@type":"EntryPoint","urlTemplate":"https:\/\/selleetools.com\/?s={search_term_string}"},"query-input":"required name=search_term_string"}],"inLanguage":"pl-PL"},{"@type":"WebPage","@id":"https:\/\/selleetools.com\/pl\/product\/fwee-lipcheek-blurry-pudding-pot-cr04-seventeen-5-g-2w1-pomadka-i-roz-do-policzkow\/","url":"https:\/\/selleetools.com\/pl\/product\/fwee-lipcheek-blurry-pudding-pot-cr04-seventeen-5-g-2w1-pomadka-i-roz-do-policzkow\/","name":"FWEE Lip&Cheek Blurry Pudding Pot CR04 Seventeen 5 g - 2w1 pomadka i r\u00f3\u017c do policzk\u00f3w - Selleetools.com","isPartOf":{"@id":"https:\/\/selleetools.com\/#website"},"datePublished":"2025-10-24T11:49:15+00:00","dateModified":"2025-11-04T19:50:48+00:00","breadcrumb":{"@id":"https:\/\/selleetools.com\/pl\/product\/fwee-lipcheek-blurry-pudding-pot-cr04-seventeen-5-g-2w1-pomadka-i-roz-do-policzkow\/#breadcrumb"},"inLanguage":"pl-PL","potentialAction":[{"@type":"ReadAction","target":["https:\/\/selleetools.com\/pl\/product\/fwee-lipcheek-blurry-pudding-pot-cr04-seventeen-5-g-2w1-pomadka-i-roz-do-policzkow\/"]}]},{"@type":"BreadcrumbList","@id":"https:\/\/selleetools.com\/pl\/product\/fwee-lipcheek-blurry-pudding-pot-cr04-seventeen-5-g-2w1-pomadka-i-roz-do-policzkow\/#breadcrumb","itemListElement":[{"@type":"ListItem","position":1,"name":"Home","item":"https:\/\/selleetools.com\/pl\/"},{"@type":"ListItem","position":2,"name":"Katalog","item":"https:\/\/selleetools.com\/pl\/katalog\/"},{"@type":"ListItem","position":3,"name":"FWEE Lip&#038;Cheek Blurry Pudding Pot CR04 Seventeen 5 g &#8211; 2w1 pomadka i r\u00f3\u017c do policzk\u00f3w"}]}]}},"_links":{"self":[{"href":"https:\/\/admincentral.selleetools.com\/pl\/wp-json\/wp\/v2\/product\/606322"}],"collection":[{"href":"https:\/\/admincentral.selleetools.com\/pl\/wp-json\/wp\/v2\/product"}],"about":[{"href":"https:\/\/admincentral.selleetools.com\/pl\/wp-json\/wp\/v2\/types\/product"}],"replies":[{"embeddable":true,"href":"https:\/\/admincentral.selleetools.com\/pl\/wp-json\/wp\/v2\/comments?post=606322"}],"wp:featuredmedia":[{"embeddable":true,"href":"https:\/\/admincentral.selleetools.com\/pl\/wp-json\/wp\/v2\/media\/606320"}],"wp:attachment":[{"href":"https:\/\/admincentral.selleetools.com\/pl\/wp-json\/wp\/v2\/media?parent=606322"}],"curies":[{"name":"wp","href":"https:\/\/api.w.org\/{rel}","templated":true}]}}