{"id":606412,"date":"2025-10-24T13:50:34","date_gmt":"2025-10-24T11:50:34","guid":{"rendered":"https:\/\/selleetools.com\/?post_type=product&#038;p=606412"},"modified":"2025-11-04T21:01:46","modified_gmt":"2025-11-04T20:01:46","slug":"fwee-more-mood-eyeshadow-palette-06-more-than-rose-14-6-g-paleta-15-cieni-do-powiek","status":"publish","type":"product","link":"https:\/\/admincentral.selleetools.com\/pl\/product\/fwee-more-mood-eyeshadow-palette-06-more-than-rose-14-6-g-paleta-15-cieni-do-powiek\/","title":{"rendered":"FWEE More mood eyeshadow palette 06 MORE THAN ROSE 14.6 g &#8211; Paleta 15 cieni do powiek"},"content":{"rendered":"<p>Paleta FWEE More Mood Eyeshadow 06 More Than Rose to zestaw 15 starannie dobranych odcieni, kt\u00f3re idealnie sprawdz\u0105 si\u0119 do stworzenia zar\u00f3wno delikatnych, jak i bardziej wyrazistych makija\u017cy. Kolorystyka utrzymana w r\u00f3\u017cach, odcieniach nude oraz subtelnych be\u017cach pozwala na dowolne eksperymentowanie z makija\u017cem dziennym i wieczorowym. Cienie maj\u0105 aksamitn\u0105 konsystencj\u0119, kt\u00f3ra \u0142atwo si\u0119 rozprowadza i blenduje, zapewniaj\u0105c doskona\u0142\u0105 pigmentacj\u0119 oraz d\u0142ugotrwa\u0142y efekt.<\/p>\n<p>Korzy\u015bci dla sk\u00f3ry:<br \/>\nFormu\u0142a przyjazna sk\u00f3rze \u2013 cienie zosta\u0142y wzbogacone o nawil\u017caj\u0105ce sk\u0142adniki, kt\u00f3re dbaj\u0105 o delikatn\u0105 sk\u00f3r\u0119 powiek, zapobiegaj\u0105c ich przesuszeniu.<br \/>\nD\u0142ugotrwa\u0142y efekt \u2013 specjalna formu\u0142a zapewnia intensywne kolory przez ca\u0142y dzie\u0144 bez osypywania si\u0119 i zbierania w za\u0142amaniach powiek.<br \/>\nWysoka pigmentacja \u2013 ju\u017c przy pierwszej aplikacji uzyskujesz intensywny kolor, co minimalizuje konieczno\u015b\u0107 nak\u0142adania wielu warstw.<br \/>\nBezpieczny sk\u0142ad \u2013 cienie nie zawieraj\u0105 paraben\u00f3w, co sprawia, \u017ce s\u0105 odpowiednie nawet dla wra\u017cliwej sk\u00f3ry.<br \/>\nEfekt soft-focus \u2013 delikatne, odbijaj\u0105ce \u015bwiat\u0142o drobinki pomagaj\u0105 uzyska\u0107 efekt wyg\u0142adzonej sk\u00f3ry, optycznie redukuj\u0105c drobne zmarszczki.<\/p>\n<p>Spos\u00f3b u\u017cycia:<br \/>\nNa\u0142\u00f3\u017c baz\u0119 pod cienie na powieki, aby przed\u0142u\u017cy\u0107 trwa\u0142o\u015b\u0107 makija\u017cu i wzmocni\u0107 intensywno\u015b\u0107 kolor\u00f3w.<br \/>\nZa pomoc\u0105 p\u0119dzla na\u0142\u00f3\u017c ja\u015bniejsze odcienie na ca\u0142\u0105 powiek\u0119 jako baz\u0119.<br \/>\nWewn\u0119trzny k\u0105cik oka podkre\u015bl roz\u015bwietlaj\u0105cym cieniem, aby optycznie powi\u0119kszy\u0107 oczy.<br \/>\nNa\u0142\u00f3\u017c ciemniejsze odcienie w zewn\u0119trznym k\u0105ciku oka, blenduj\u0105c je ku g\u00f3rze, aby stworzy\u0107 efekt przydymionego oka.<br \/>\nDo wyko\u0144czenia makija\u017cu u\u017cyj cienia z brokatem lub satynowym wyko\u0144czeniem na \u015brodkowej cz\u0119\u015bci powieki.<\/p>\n<p>Paleta FWEE More Mood Eyeshadow 06 More Than Rose to nie tylko zestaw kolor\u00f3w, ale tak\u017ce narz\u0119dzie do wyra\u017cania siebie, kt\u00f3re pozwoli Ci bawi\u0107 si\u0119 makija\u017cem, tworz\u0105c r\u00f3\u017cnorodne stylizacje na ka\u017cd\u0105 okazj\u0119.<\/p>\n","protected":false},"excerpt":{"rendered":"<p>Paleta FWEE More Mood Eyeshadow 06 More Than Rose to zestaw 15 starannie dobranych odcieni, kt\u00f3re idealnie sprawdz\u0105 si\u0119 do stworzenia zar\u00f3wno delikatnych, jak i bardziej wyrazistych makija\u017cy. Kolorystyka utrzymana w r\u00f3\u017cach, odcieniach nude oraz subtelnych be\u017cach pozwala na dowolne eksperymentowanie z makija\u017cem dziennym i wieczorowym. Cienie maj\u0105 aksamitn\u0105 konsystencj\u0119, kt\u00f3ra \u0142atwo si\u0119 rozprowadza i &#8230; <a title=\"FWEE More mood eyeshadow palette 06 MORE THAN ROSE 14.6 g &#8211; Paleta 15 cieni do powiek\" class=\"read-more\" href=\"https:\/\/admincentral.selleetools.com\/pl\/product\/fwee-more-mood-eyeshadow-palette-06-more-than-rose-14-6-g-paleta-15-cieni-do-powiek\/\">Read more<span class=\"screen-reader-text\">FWEE More mood eyeshadow palette 06 MORE THAN ROSE 14.6 g &#8211; Paleta 15 cieni do powiek<\/span><\/a><\/p>\n","protected":false},"featured_media":606408,"comment_status":"open","ping_status":"closed","template":"","meta":{"_links_to":"","_links_to_target":""},"yoast_head":"<!-- This site is optimized with the Yoast SEO plugin v19.4 - https:\/\/yoast.com\/wordpress\/plugins\/seo\/ -->\n<title>FWEE More mood eyeshadow palette 06 MORE THAN ROSE 14.6 g - Paleta 15 cieni do powiek - Selleetools.com<\/title>\n<meta name=\"robots\" content=\"index, follow, max-snippet:-1, max-image-preview:large, max-video-preview:-1\" \/>\n<link rel=\"canonical\" href=\"https:\/\/selleetools.com\/pl\/product\/fwee-more-mood-eyeshadow-palette-06-more-than-rose-14-6-g-paleta-15-cieni-do-powiek\/\" \/>\n<meta property=\"og:locale\" content=\"pl_PL\" \/>\n<meta property=\"og:type\" content=\"article\" \/>\n<meta property=\"og:title\" content=\"FWEE More mood eyeshadow palette 06 MORE THAN ROSE 14.6 g - Paleta 15 cieni do powiek - Selleetools.com\" \/>\n<meta property=\"og:description\" content=\"Paleta FWEE More Mood Eyeshadow 06 More Than Rose to zestaw 15 starannie dobranych odcieni, kt\u00f3re idealnie sprawdz\u0105 si\u0119 do stworzenia zar\u00f3wno delikatnych, jak i bardziej wyrazistych makija\u017cy. Kolorystyka utrzymana w r\u00f3\u017cach, odcieniach nude oraz subtelnych be\u017cach pozwala na dowolne eksperymentowanie z makija\u017cem dziennym i wieczorowym. Cienie maj\u0105 aksamitn\u0105 konsystencj\u0119, kt\u00f3ra \u0142atwo si\u0119 rozprowadza i ... Read moreFWEE More mood eyeshadow palette 06 MORE THAN ROSE 14.6 g &#8211; Paleta 15 cieni do powiek\" \/>\n<meta property=\"og:url\" content=\"https:\/\/selleetools.com\/pl\/product\/fwee-more-mood-eyeshadow-palette-06-more-than-rose-14-6-g-paleta-15-cieni-do-powiek\/\" \/>\n<meta property=\"og:site_name\" content=\"Selleetools.com\" \/>\n<meta property=\"article:modified_time\" content=\"2025-11-04T20:01:46+00:00\" \/>\n<meta property=\"og:image\" content=\"https:\/\/selleetools.com\/wp-content\/uploads\/2025\/10\/8387324e0ef1c0a70d5989e05d965c2b.jpg\" \/>\n\t<meta property=\"og:image:width\" content=\"1000\" \/>\n\t<meta property=\"og:image:height\" content=\"1000\" \/>\n\t<meta property=\"og:image:type\" content=\"image\/jpeg\" \/>\n<meta name=\"twitter:card\" content=\"summary_large_image\" \/>\n<meta name=\"twitter:label1\" content=\"Est. reading time\" \/>\n\t<meta name=\"twitter:data1\" content=\"2 minuty\" \/>\n<!-- \/ Yoast SEO plugin. -->","yoast_head_json":{"title":"FWEE More mood eyeshadow palette 06 MORE THAN ROSE 14.6 g - Paleta 15 cieni do powiek - Selleetools.com","robots":{"index":"index","follow":"follow","max-snippet":"max-snippet:-1","max-image-preview":"max-image-preview:large","max-video-preview":"max-video-preview:-1"},"canonical":"https:\/\/selleetools.com\/pl\/product\/fwee-more-mood-eyeshadow-palette-06-more-than-rose-14-6-g-paleta-15-cieni-do-powiek\/","og_locale":"pl_PL","og_type":"article","og_title":"FWEE More mood eyeshadow palette 06 MORE THAN ROSE 14.6 g - Paleta 15 cieni do powiek - Selleetools.com","og_description":"Paleta FWEE More Mood Eyeshadow 06 More Than Rose to zestaw 15 starannie dobranych odcieni, kt\u00f3re idealnie sprawdz\u0105 si\u0119 do stworzenia zar\u00f3wno delikatnych, jak i bardziej wyrazistych makija\u017cy. Kolorystyka utrzymana w r\u00f3\u017cach, odcieniach nude oraz subtelnych be\u017cach pozwala na dowolne eksperymentowanie z makija\u017cem dziennym i wieczorowym. Cienie maj\u0105 aksamitn\u0105 konsystencj\u0119, kt\u00f3ra \u0142atwo si\u0119 rozprowadza i ... Read moreFWEE More mood eyeshadow palette 06 MORE THAN ROSE 14.6 g &#8211; Paleta 15 cieni do powiek","og_url":"https:\/\/selleetools.com\/pl\/product\/fwee-more-mood-eyeshadow-palette-06-more-than-rose-14-6-g-paleta-15-cieni-do-powiek\/","og_site_name":"Selleetools.com","article_modified_time":"2025-11-04T20:01:46+00:00","og_image":[{"width":1000,"height":1000,"url":"https:\/\/selleetools.com\/wp-content\/uploads\/2025\/10\/8387324e0ef1c0a70d5989e05d965c2b.jpg","type":"image\/jpeg"}],"twitter_card":"summary_large_image","twitter_misc":{"Est. reading time":"2 minuty"},"schema":{"@context":"https:\/\/schema.org","@graph":[{"@type":"Organization","@id":"https:\/\/selleetools.com\/#organization","name":"Selleetools","url":"https:\/\/selleetools.com\/","sameAs":[],"logo":{"@type":"ImageObject","inLanguage":"pl-PL","@id":"https:\/\/selleetools.com\/#\/schema\/logo\/image\/","url":"https:\/\/selleetools.com\/wp-content\/uploads\/2021\/10\/logo-dark.png","contentUrl":"https:\/\/selleetools.com\/wp-content\/uploads\/2021\/10\/logo-dark.png","width":320,"height":76,"caption":"Selleetools"},"image":{"@id":"https:\/\/selleetools.com\/#\/schema\/logo\/image\/"}},{"@type":"WebSite","@id":"https:\/\/selleetools.com\/#website","url":"https:\/\/selleetools.com\/","name":"Selleetools.com","description":"","publisher":{"@id":"https:\/\/selleetools.com\/#organization"},"potentialAction":[{"@type":"SearchAction","target":{"@type":"EntryPoint","urlTemplate":"https:\/\/selleetools.com\/?s={search_term_string}"},"query-input":"required name=search_term_string"}],"inLanguage":"pl-PL"},{"@type":"WebPage","@id":"https:\/\/selleetools.com\/pl\/product\/fwee-more-mood-eyeshadow-palette-06-more-than-rose-14-6-g-paleta-15-cieni-do-powiek\/","url":"https:\/\/selleetools.com\/pl\/product\/fwee-more-mood-eyeshadow-palette-06-more-than-rose-14-6-g-paleta-15-cieni-do-powiek\/","name":"FWEE More mood eyeshadow palette 06 MORE THAN ROSE 14.6 g - Paleta 15 cieni do powiek - Selleetools.com","isPartOf":{"@id":"https:\/\/selleetools.com\/#website"},"datePublished":"2025-10-24T11:50:34+00:00","dateModified":"2025-11-04T20:01:46+00:00","breadcrumb":{"@id":"https:\/\/selleetools.com\/pl\/product\/fwee-more-mood-eyeshadow-palette-06-more-than-rose-14-6-g-paleta-15-cieni-do-powiek\/#breadcrumb"},"inLanguage":"pl-PL","potentialAction":[{"@type":"ReadAction","target":["https:\/\/selleetools.com\/pl\/product\/fwee-more-mood-eyeshadow-palette-06-more-than-rose-14-6-g-paleta-15-cieni-do-powiek\/"]}]},{"@type":"BreadcrumbList","@id":"https:\/\/selleetools.com\/pl\/product\/fwee-more-mood-eyeshadow-palette-06-more-than-rose-14-6-g-paleta-15-cieni-do-powiek\/#breadcrumb","itemListElement":[{"@type":"ListItem","position":1,"name":"Home","item":"https:\/\/selleetools.com\/pl\/"},{"@type":"ListItem","position":2,"name":"Katalog","item":"https:\/\/selleetools.com\/pl\/katalog\/"},{"@type":"ListItem","position":3,"name":"FWEE More mood eyeshadow palette 06 MORE THAN ROSE 14.6 g &#8211; Paleta 15 cieni do powiek"}]}]}},"_links":{"self":[{"href":"https:\/\/admincentral.selleetools.com\/pl\/wp-json\/wp\/v2\/product\/606412"}],"collection":[{"href":"https:\/\/admincentral.selleetools.com\/pl\/wp-json\/wp\/v2\/product"}],"about":[{"href":"https:\/\/admincentral.selleetools.com\/pl\/wp-json\/wp\/v2\/types\/product"}],"replies":[{"embeddable":true,"href":"https:\/\/admincentral.selleetools.com\/pl\/wp-json\/wp\/v2\/comments?post=606412"}],"wp:featuredmedia":[{"embeddable":true,"href":"https:\/\/admincentral.selleetools.com\/pl\/wp-json\/wp\/v2\/media\/606408"}],"wp:attachment":[{"href":"https:\/\/admincentral.selleetools.com\/pl\/wp-json\/wp\/v2\/media?parent=606412"}],"curies":[{"name":"wp","href":"https:\/\/api.w.org\/{rel}","templated":true}]}}