{"id":606418,"date":"2025-10-24T13:50:44","date_gmt":"2025-10-24T11:50:44","guid":{"rendered":"https:\/\/selleetools.com\/?post_type=product&#038;p=606418"},"modified":"2025-12-10T09:45:28","modified_gmt":"2025-12-10T08:45:28","slug":"heimish-rx-retinol-bakuchiol-hydrogel-eye-patch-60-ea-hydrozelowe-platki-pod-oczy","status":"publish","type":"product","link":"https:\/\/admincentral.selleetools.com\/pl\/product\/heimish-rx-retinol-bakuchiol-hydrogel-eye-patch-60-ea-hydrozelowe-platki-pod-oczy\/","title":{"rendered":"Heimish RX RETINOL Bakuchiol hydrogel eye patch 60 ea &#8211; Hydro\u017celowe p\u0142atki pod oczy"},"content":{"rendered":"<p>Heimish RX RETINOL Bakuchiol Hydrogel Eye Patch to innowacyjny produkt piel\u0119gnacyjny, zaprojektowany specjalnie z my\u015bl\u0105 o delikatnej sk\u00f3rze wok\u00f3\u0142 oczu. Hydro\u017celowe p\u0142atki s\u0105 nas\u0105czone esencj\u0105 zawieraj\u0105c\u0105 retinol oraz bakuchiol \u2013 naturalny, ro\u015blinny odpowiednik retinolu, kt\u00f3ry dzia\u0142a \u0142agodniej, ale r\u00f3wnie skutecznie. Produkt ten skutecznie dzia\u0142a przeciwstarzeniowo, rozja\u015bnia cienie pod oczami oraz poprawia elastyczno\u015b\u0107 sk\u00f3ry, jednocze\u015bnie j\u0105 nawil\u017caj\u0105c i regeneruj\u0105c.<\/p>\n<p>Korzy\u015bci dla sk\u00f3ry:<br \/>\nRedukcja zmarszczek i linii mimicznych: Retinol i bakuchiol pomagaj\u0105 stymulowa\u0107 produkcj\u0119 kolagenu, co prowadzi do widocznej poprawy struktury sk\u00f3ry i zmniejszenia oznak starzenia.<br \/>\nRozja\u015bnienie cieni pod oczami: Produkt dzia\u0142a na przebarwienia i zmniejsza widoczno\u015b\u0107 cieni, co nadaje spojrzeniu \u015bwie\u017cy i wypocz\u0119ty wygl\u0105d.<br \/>\nNawil\u017cenie i regeneracja: Sk\u0142adniki aktywne oraz formu\u0142a hydro\u017celowa pomagaj\u0105 intensywnie nawil\u017cy\u0107 sk\u00f3r\u0119, co jest kluczowe dla jej zdrowego wygl\u0105du i odnowy.<br \/>\n\u0141agodno\u015b\u0107 dla sk\u00f3ry: Dzi\u0119ki bakuchiolowi, p\u0142atki mog\u0105 by\u0107 stosowane r\u00f3wnie\u017c na wra\u017cliwej sk\u00f3rze, bez ryzyka podra\u017cnie\u0144, jakie mog\u0105 powodowa\u0107 tradycyjne produkty z retinolem.<\/p>\n<p>Poprawa elastyczno\u015bci sk\u00f3ry: Regularne stosowanie p\u0142atk\u00f3w poprawia spr\u0119\u017cysto\u015b\u0107 sk\u00f3ry, zapobiegaj\u0105c jej wiotczeniu.<br \/>\nSpos\u00f3b u\u017cycia:<br \/>\nDok\u0142adnie oczy\u015b\u0107 sk\u00f3r\u0119 twarzy, zw\u0142aszcza wok\u00f3\u0142 oczu.<br \/>\nWyjmij dwa hydro\u017celowe p\u0142atki za pomoc\u0105 do\u0142\u0105czonej szpatu\u0142ki i na\u0142\u00f3\u017c je na sk\u00f3r\u0119 pod oczami.<br \/>\nPozostaw na sk\u00f3rze przez oko\u0142o 20-30 minut, aby sk\u0142adniki aktywne mog\u0142y si\u0119 wch\u0142on\u0105\u0107.<br \/>\nPo zdj\u0119ciu p\u0142atk\u00f3w delikatnie wmasuj pozosta\u0142o\u015bci esencji w sk\u00f3r\u0119, a\u017c do pe\u0142nego wch\u0142oni\u0119cia.<\/p>\n<p>Dla uzyskania najlepszych efekt\u00f3w, stosuj p\u0142atki 2-3 razy w tygodniu lub cz\u0119\u015bciej, w zale\u017cno\u015bci od potrzeb sk\u00f3ry.<\/p>\n","protected":false},"excerpt":{"rendered":"<p>Heimish RX RETINOL Bakuchiol Hydrogel Eye Patch to innowacyjny produkt piel\u0119gnacyjny, zaprojektowany specjalnie z my\u015bl\u0105 o delikatnej sk\u00f3rze wok\u00f3\u0142 oczu. Hydro\u017celowe p\u0142atki s\u0105 nas\u0105czone esencj\u0105 zawieraj\u0105c\u0105 retinol oraz bakuchiol \u2013 naturalny, ro\u015blinny odpowiednik retinolu, kt\u00f3ry dzia\u0142a \u0142agodniej, ale r\u00f3wnie skutecznie. Produkt ten skutecznie dzia\u0142a przeciwstarzeniowo, rozja\u015bnia cienie pod oczami oraz poprawia elastyczno\u015b\u0107 sk\u00f3ry, jednocze\u015bnie j\u0105 &#8230; <a title=\"Heimish RX RETINOL Bakuchiol hydrogel eye patch 60 ea &#8211; Hydro\u017celowe p\u0142atki pod oczy\" class=\"read-more\" href=\"https:\/\/admincentral.selleetools.com\/pl\/product\/heimish-rx-retinol-bakuchiol-hydrogel-eye-patch-60-ea-hydrozelowe-platki-pod-oczy\/\">Read more<span class=\"screen-reader-text\">Heimish RX RETINOL Bakuchiol hydrogel eye patch 60 ea &#8211; Hydro\u017celowe p\u0142atki pod oczy<\/span><\/a><\/p>\n","protected":false},"featured_media":606416,"comment_status":"open","ping_status":"closed","template":"","meta":{"_links_to":"","_links_to_target":""},"yoast_head":"<!-- This site is optimized with the Yoast SEO plugin v19.4 - https:\/\/yoast.com\/wordpress\/plugins\/seo\/ -->\n<title>Heimish RX RETINOL Bakuchiol hydrogel eye patch 60 ea - Hydro\u017celowe p\u0142atki pod oczy - Selleetools.com<\/title>\n<meta name=\"robots\" content=\"index, follow, max-snippet:-1, max-image-preview:large, max-video-preview:-1\" \/>\n<link rel=\"canonical\" href=\"https:\/\/admincentral.selleetools.com\/pl\/product\/heimish-rx-retinol-bakuchiol-hydrogel-eye-patch-60-ea-hydrozelowe-platki-pod-oczy\/\" \/>\n<meta property=\"og:locale\" content=\"pl_PL\" \/>\n<meta property=\"og:type\" content=\"article\" \/>\n<meta property=\"og:title\" content=\"Heimish RX RETINOL Bakuchiol hydrogel eye patch 60 ea - Hydro\u017celowe p\u0142atki pod oczy - Selleetools.com\" \/>\n<meta property=\"og:description\" content=\"Heimish RX RETINOL Bakuchiol Hydrogel Eye Patch to innowacyjny produkt piel\u0119gnacyjny, zaprojektowany specjalnie z my\u015bl\u0105 o delikatnej sk\u00f3rze wok\u00f3\u0142 oczu. Hydro\u017celowe p\u0142atki s\u0105 nas\u0105czone esencj\u0105 zawieraj\u0105c\u0105 retinol oraz bakuchiol \u2013 naturalny, ro\u015blinny odpowiednik retinolu, kt\u00f3ry dzia\u0142a \u0142agodniej, ale r\u00f3wnie skutecznie. Produkt ten skutecznie dzia\u0142a przeciwstarzeniowo, rozja\u015bnia cienie pod oczami oraz poprawia elastyczno\u015b\u0107 sk\u00f3ry, jednocze\u015bnie j\u0105 ... Read moreHeimish RX RETINOL Bakuchiol hydrogel eye patch 60 ea &#8211; Hydro\u017celowe p\u0142atki pod oczy\" \/>\n<meta property=\"og:url\" content=\"https:\/\/admincentral.selleetools.com\/pl\/product\/heimish-rx-retinol-bakuchiol-hydrogel-eye-patch-60-ea-hydrozelowe-platki-pod-oczy\/\" \/>\n<meta property=\"og:site_name\" content=\"Selleetools.com\" \/>\n<meta property=\"article:modified_time\" content=\"2025-12-10T08:45:28+00:00\" \/>\n<meta property=\"og:image\" content=\"https:\/\/selleetools.com\/wp-content\/uploads\/2025\/10\/9d3b0cba4c0229fa3ce5681d134cb364.png\" \/>\n\t<meta property=\"og:image:width\" content=\"3000\" \/>\n\t<meta property=\"og:image:height\" content=\"3000\" \/>\n\t<meta property=\"og:image:type\" content=\"image\/png\" \/>\n<meta name=\"twitter:card\" content=\"summary_large_image\" \/>\n<meta name=\"twitter:label1\" content=\"Est. reading time\" \/>\n\t<meta name=\"twitter:data1\" content=\"2 minuty\" \/>\n<!-- \/ Yoast SEO plugin. -->","yoast_head_json":{"title":"Heimish RX RETINOL Bakuchiol hydrogel eye patch 60 ea - Hydro\u017celowe p\u0142atki pod oczy - Selleetools.com","robots":{"index":"index","follow":"follow","max-snippet":"max-snippet:-1","max-image-preview":"max-image-preview:large","max-video-preview":"max-video-preview:-1"},"canonical":"https:\/\/admincentral.selleetools.com\/pl\/product\/heimish-rx-retinol-bakuchiol-hydrogel-eye-patch-60-ea-hydrozelowe-platki-pod-oczy\/","og_locale":"pl_PL","og_type":"article","og_title":"Heimish RX RETINOL Bakuchiol hydrogel eye patch 60 ea - Hydro\u017celowe p\u0142atki pod oczy - Selleetools.com","og_description":"Heimish RX RETINOL Bakuchiol Hydrogel Eye Patch to innowacyjny produkt piel\u0119gnacyjny, zaprojektowany specjalnie z my\u015bl\u0105 o delikatnej sk\u00f3rze wok\u00f3\u0142 oczu. Hydro\u017celowe p\u0142atki s\u0105 nas\u0105czone esencj\u0105 zawieraj\u0105c\u0105 retinol oraz bakuchiol \u2013 naturalny, ro\u015blinny odpowiednik retinolu, kt\u00f3ry dzia\u0142a \u0142agodniej, ale r\u00f3wnie skutecznie. Produkt ten skutecznie dzia\u0142a przeciwstarzeniowo, rozja\u015bnia cienie pod oczami oraz poprawia elastyczno\u015b\u0107 sk\u00f3ry, jednocze\u015bnie j\u0105 ... Read moreHeimish RX RETINOL Bakuchiol hydrogel eye patch 60 ea &#8211; Hydro\u017celowe p\u0142atki pod oczy","og_url":"https:\/\/admincentral.selleetools.com\/pl\/product\/heimish-rx-retinol-bakuchiol-hydrogel-eye-patch-60-ea-hydrozelowe-platki-pod-oczy\/","og_site_name":"Selleetools.com","article_modified_time":"2025-12-10T08:45:28+00:00","og_image":[{"width":3000,"height":3000,"url":"https:\/\/selleetools.com\/wp-content\/uploads\/2025\/10\/9d3b0cba4c0229fa3ce5681d134cb364.png","type":"image\/png"}],"twitter_card":"summary_large_image","twitter_misc":{"Est. reading time":"2 minuty"},"schema":{"@context":"https:\/\/schema.org","@graph":[{"@type":"Organization","@id":"https:\/\/selleetools.com\/#organization","name":"Selleetools","url":"https:\/\/selleetools.com\/","sameAs":[],"logo":{"@type":"ImageObject","inLanguage":"pl-PL","@id":"https:\/\/selleetools.com\/#\/schema\/logo\/image\/","url":"https:\/\/selleetools.com\/wp-content\/uploads\/2021\/10\/logo-dark.png","contentUrl":"https:\/\/selleetools.com\/wp-content\/uploads\/2021\/10\/logo-dark.png","width":320,"height":76,"caption":"Selleetools"},"image":{"@id":"https:\/\/selleetools.com\/#\/schema\/logo\/image\/"}},{"@type":"WebSite","@id":"https:\/\/selleetools.com\/#website","url":"https:\/\/selleetools.com\/","name":"Selleetools.com","description":"","publisher":{"@id":"https:\/\/selleetools.com\/#organization"},"potentialAction":[{"@type":"SearchAction","target":{"@type":"EntryPoint","urlTemplate":"https:\/\/selleetools.com\/?s={search_term_string}"},"query-input":"required name=search_term_string"}],"inLanguage":"pl-PL"},{"@type":"WebPage","@id":"https:\/\/admincentral.selleetools.com\/pl\/product\/heimish-rx-retinol-bakuchiol-hydrogel-eye-patch-60-ea-hydrozelowe-platki-pod-oczy\/","url":"https:\/\/admincentral.selleetools.com\/pl\/product\/heimish-rx-retinol-bakuchiol-hydrogel-eye-patch-60-ea-hydrozelowe-platki-pod-oczy\/","name":"Heimish RX RETINOL Bakuchiol hydrogel eye patch 60 ea - Hydro\u017celowe p\u0142atki pod oczy - Selleetools.com","isPartOf":{"@id":"https:\/\/selleetools.com\/#website"},"datePublished":"2025-10-24T11:50:44+00:00","dateModified":"2025-12-10T08:45:28+00:00","breadcrumb":{"@id":"https:\/\/admincentral.selleetools.com\/pl\/product\/heimish-rx-retinol-bakuchiol-hydrogel-eye-patch-60-ea-hydrozelowe-platki-pod-oczy\/#breadcrumb"},"inLanguage":"pl-PL","potentialAction":[{"@type":"ReadAction","target":["https:\/\/admincentral.selleetools.com\/pl\/product\/heimish-rx-retinol-bakuchiol-hydrogel-eye-patch-60-ea-hydrozelowe-platki-pod-oczy\/"]}]},{"@type":"BreadcrumbList","@id":"https:\/\/admincentral.selleetools.com\/pl\/product\/heimish-rx-retinol-bakuchiol-hydrogel-eye-patch-60-ea-hydrozelowe-platki-pod-oczy\/#breadcrumb","itemListElement":[{"@type":"ListItem","position":1,"name":"Home","item":"https:\/\/selleetools.com\/pl\/"},{"@type":"ListItem","position":2,"name":"Katalog","item":"https:\/\/selleetools.com\/pl\/katalog\/"},{"@type":"ListItem","position":3,"name":"Heimish RX RETINOL Bakuchiol hydrogel eye patch 60 ea &#8211; Hydro\u017celowe p\u0142atki pod oczy"}]}]}},"_links":{"self":[{"href":"https:\/\/admincentral.selleetools.com\/pl\/wp-json\/wp\/v2\/product\/606418"}],"collection":[{"href":"https:\/\/admincentral.selleetools.com\/pl\/wp-json\/wp\/v2\/product"}],"about":[{"href":"https:\/\/admincentral.selleetools.com\/pl\/wp-json\/wp\/v2\/types\/product"}],"replies":[{"embeddable":true,"href":"https:\/\/admincentral.selleetools.com\/pl\/wp-json\/wp\/v2\/comments?post=606418"}],"wp:featuredmedia":[{"embeddable":true,"href":"https:\/\/admincentral.selleetools.com\/pl\/wp-json\/wp\/v2\/media\/606416"}],"wp:attachment":[{"href":"https:\/\/admincentral.selleetools.com\/pl\/wp-json\/wp\/v2\/media?parent=606418"}],"curies":[{"name":"wp","href":"https:\/\/api.w.org\/{rel}","templated":true}]}}